{"id":7929,"date":"2026-02-17T21:13:18","date_gmt":"2026-02-17T20:13:18","guid":{"rendered":"https:\/\/sombramadrid.com\/?page_id=7929"},"modified":"2026-03-02T20:22:51","modified_gmt":"2026-03-02T19:22:51","slug":"aneleh-cortometraje-a-concurso","status":"publish","type":"page","link":"https:\/\/sombramadrid.com\/en\/programacion-sombra-madrid-2026\/cortometrajes-2026\/aneleh-cortometraje-a-concurso\/","title":{"rendered":"Aneleh | Cortometraje a concurso"},"content":{"rendered":"<ul>\n<li><strong>Fecha:<\/strong> Viernes, 6 de marzo<\/li>\n<li><strong>Hora:<\/strong> 16:00<\/li>\n<li><strong>Lugar:<\/strong> Sala Berlanga (Fundaci\u00f3n SGAE)<\/li>\n<\/ul>\n<p style=\"text-align: center;\"><a href=\"https:\/\/cine.entradas.com\/cine\/madrid\/sala-berlanga\/evento\/3487?_gl=1*11q2f2z*_up*MQ..*_ga*MTQzNjYyNjk1Ny4xNzcwNzU0OTEw*_ga_FBK0001*czE3NzA3NTQ5MTAkbzEkZzAkdDE3NzA3NTQ5MTAkajYwJGwwJGgxNTc4NDU2MjU2*_ga_ADS0001*czE3NzA3NTQ5MTAkbzEkZzAkdDE3NzA3NTQ5MTAkajYwJGwwJGgxOTI2NTczOTgz*_ga_TLL4VK4BDK*czE3NzA3NTQ5MTAkbzEkZzAkdDE3NzA3NTQ5MTAkajYwJGwwJGgxMjE3MTczMzg4\"><span class=\"td_btn td_btn_lg td_default_btn\">COMPRAR ENTRADAS<\/span><\/a><\/p>\n<h3>Sinopsis<\/h3>\n<p>Ana est\u00e1 dispuesta a todo para proteger a Aneleh, su hija de diez a\u00f1os, en un mundo plagado de peligros zombies.<\/p>\n<p><img loading=\"lazy\" decoding=\"async\" class=\"aligncenter size-full wp-image-8153\" src=\"https:\/\/sombrafestival.com\/wp-content\/uploads\/2026\/02\/Aneleh.jpg\" alt=\"\" width=\"757\" height=\"1000\" \/><\/p>\n<p>&nbsp;<\/p>\n<ul>\n<li class=\"whitespace-normal break-words pl-2\"><strong>T\u00edtulo original:<\/strong> Aneleh<\/li>\n<li class=\"whitespace-normal break-words pl-2\"><strong>A\u00f1o:<\/strong> 2026<\/li>\n<li class=\"whitespace-normal break-words pl-2\"><strong>Duraci\u00f3n:<\/strong> 20 min. (aprox.)<\/li>\n<li class=\"whitespace-normal break-words pl-2\"><strong>Pa\u00eds:<\/strong> (No especificado en la informaci\u00f3n proporcionada)<\/li>\n<li class=\"whitespace-normal break-words pl-2\"><strong>Direcci\u00f3n:<\/strong> Carlos Grau<\/li>\n<li class=\"whitespace-normal break-words pl-2\"><strong>Guion:<\/strong> Carlos Grau, V\u00edctor Conde<\/li>\n<li class=\"whitespace-normal break-words pl-2\"><strong>Reparto:<\/strong> Candela Serrat, Luc\u00eda Gonz\u00e1lez, \u00c1ngel Solo<\/li>\n<li class=\"whitespace-normal break-words pl-2\"><strong>M\u00fasica:<\/strong> (No especificada en la informaci\u00f3n proporcionada)<\/li>\n<li class=\"whitespace-normal break-words pl-2\"><strong>Fotograf\u00eda:<\/strong> (No especificada en la informaci\u00f3n proporcionada)<\/li>\n<li class=\"whitespace-normal break-words pl-2\"><strong>Compa\u00f1\u00edas:<\/strong> (No especificadas en la informaci\u00f3n proporcionada)<\/li>\n<li class=\"whitespace-normal break-words pl-2\"><strong>G\u00e9nero:<\/strong> Terror | Zombis. Cortometraje<\/li>\n<\/ul>","protected":false},"excerpt":{"rendered":"<p>Fecha: Viernes, 6 de marzo Hora: 16:00 Lugar: Sala Berlanga (Fundaci\u00f3n SGAE) COMPRAR ENTRADAS Sinopsis Ana est\u00e1 dispuesta a todo para proteger a Aneleh, su hija de diez a\u00f1os, en un mundo plagado de peligros zombies. &nbsp; T\u00edtulo original: Aneleh A\u00f1o: 2026 Duraci\u00f3n: 20 min. (aprox.) Pa\u00eds: (No especificado en la informaci\u00f3n proporcionada) Direcci\u00f3n: Carlos [&hellip;]<\/p>","protected":false},"author":2,"featured_media":7930,"parent":7812,"menu_order":0,"comment_status":"closed","ping_status":"closed","template":"","meta":{"footnotes":""},"class_list":["post-7929","page","type-page","status-publish","has-post-thumbnail"],"yoast_head":"<!-- This site is optimized with the Yoast SEO plugin v24.3 - https:\/\/yoast.com\/wordpress\/plugins\/seo\/ -->\n<title>Aneleh | Cortometraje a concurso - Sombra Festival<\/title>\n<meta name=\"robots\" content=\"index, follow, max-snippet:-1, max-image-preview:large, max-video-preview:-1\" \/>\n<link rel=\"canonical\" href=\"https:\/\/sombramadrid.com\/en\/programacion-sombra-madrid-2026\/cortometrajes-2026\/aneleh-cortometraje-a-concurso\/\" \/>\n<meta property=\"og:locale\" content=\"en_GB\" \/>\n<meta property=\"og:type\" content=\"article\" \/>\n<meta property=\"og:title\" content=\"Aneleh | Cortometraje a concurso - Sombra Festival\" \/>\n<meta property=\"og:description\" content=\"Fecha: Viernes, 6 de marzo Hora: 16:00 Lugar: Sala Berlanga (Fundaci\u00f3n SGAE) COMPRAR ENTRADAS Sinopsis Ana est\u00e1 dispuesta a todo para proteger a Aneleh, su hija de diez a\u00f1os, en un mundo plagado de peligros zombies. &nbsp; T\u00edtulo original: Aneleh A\u00f1o: 2026 Duraci\u00f3n: 20 min. (aprox.) Pa\u00eds: (No especificado en la informaci\u00f3n proporcionada) Direcci\u00f3n: Carlos [&hellip;]\" \/>\n<meta property=\"og:url\" content=\"https:\/\/sombramadrid.com\/en\/programacion-sombra-madrid-2026\/cortometrajes-2026\/aneleh-cortometraje-a-concurso\/\" \/>\n<meta property=\"og:site_name\" content=\"Sombra Festival\" \/>\n<meta property=\"article:publisher\" content=\"https:\/\/www.facebook.com\/Sombra-Festival-De-CINE-Fantastico-Europeo-De-Murcia-175337032531429\/\" \/>\n<meta property=\"article:modified_time\" content=\"2026-03-02T19:22:51+00:00\" \/>\n<meta property=\"og:image\" content=\"https:\/\/sombramadrid.com\/wp-content\/uploads\/2026\/02\/Aneleh.jpg\" \/>\n\t<meta property=\"og:image:width\" content=\"757\" \/>\n\t<meta property=\"og:image:height\" content=\"1000\" \/>\n\t<meta property=\"og:image:type\" content=\"image\/jpeg\" \/>\n<meta name=\"twitter:card\" content=\"summary_large_image\" \/>\n<meta name=\"twitter:site\" content=\"@SombraFestival\" \/>\n<meta name=\"twitter:label1\" content=\"Est. reading time\" \/>\n\t<meta name=\"twitter:data1\" content=\"1 minute\" \/>\n<script type=\"application\/ld+json\" class=\"yoast-schema-graph\">{\"@context\":\"https:\/\/schema.org\",\"@graph\":[{\"@type\":\"WebPage\",\"@id\":\"https:\/\/sombramadrid.com\/programacion-sombra-madrid-2026\/cortometrajes-2026\/aneleh-cortometraje-a-concurso\/\",\"url\":\"https:\/\/sombramadrid.com\/programacion-sombra-madrid-2026\/cortometrajes-2026\/aneleh-cortometraje-a-concurso\/\",\"name\":\"Aneleh | Cortometraje a concurso - Sombra Festival\",\"isPartOf\":{\"@id\":\"https:\/\/sombramadrid.com\/#website\"},\"primaryImageOfPage\":{\"@id\":\"https:\/\/sombramadrid.com\/programacion-sombra-madrid-2026\/cortometrajes-2026\/aneleh-cortometraje-a-concurso\/#primaryimage\"},\"image\":{\"@id\":\"https:\/\/sombramadrid.com\/programacion-sombra-madrid-2026\/cortometrajes-2026\/aneleh-cortometraje-a-concurso\/#primaryimage\"},\"thumbnailUrl\":\"https:\/\/sombramadrid.com\/wp-content\/uploads\/2026\/02\/Aneleh.jpg\",\"datePublished\":\"2026-02-17T20:13:18+00:00\",\"dateModified\":\"2026-03-02T19:22:51+00:00\",\"breadcrumb\":{\"@id\":\"https:\/\/sombramadrid.com\/programacion-sombra-madrid-2026\/cortometrajes-2026\/aneleh-cortometraje-a-concurso\/#breadcrumb\"},\"inLanguage\":\"en-GB\",\"potentialAction\":[{\"@type\":\"ReadAction\",\"target\":[\"https:\/\/sombramadrid.com\/programacion-sombra-madrid-2026\/cortometrajes-2026\/aneleh-cortometraje-a-concurso\/\"]}]},{\"@type\":\"ImageObject\",\"inLanguage\":\"en-GB\",\"@id\":\"https:\/\/sombramadrid.com\/programacion-sombra-madrid-2026\/cortometrajes-2026\/aneleh-cortometraje-a-concurso\/#primaryimage\",\"url\":\"https:\/\/sombramadrid.com\/wp-content\/uploads\/2026\/02\/Aneleh.jpg\",\"contentUrl\":\"https:\/\/sombramadrid.com\/wp-content\/uploads\/2026\/02\/Aneleh.jpg\",\"width\":757,\"height\":1000},{\"@type\":\"BreadcrumbList\",\"@id\":\"https:\/\/sombramadrid.com\/programacion-sombra-madrid-2026\/cortometrajes-2026\/aneleh-cortometraje-a-concurso\/#breadcrumb\",\"itemListElement\":[{\"@type\":\"ListItem\",\"position\":1,\"name\":\"Portada\",\"item\":\"https:\/\/sombramadrid.com\/\"},{\"@type\":\"ListItem\",\"position\":2,\"name\":\"PROGRAMACI\u00d3N SOMBRA MADRID 2026\",\"item\":\"https:\/\/sombramadrid.com\/programacion-sombra-madrid-2026\/\"},{\"@type\":\"ListItem\",\"position\":3,\"name\":\"Cortometrajes 2026\",\"item\":\"https:\/\/sombramadrid.com\/programacion-sombra-madrid-2026\/cortometrajes-2026\/\"},{\"@type\":\"ListItem\",\"position\":4,\"name\":\"Aneleh | Cortometraje a concurso\"}]},{\"@type\":\"WebSite\",\"@id\":\"https:\/\/sombramadrid.com\/#website\",\"url\":\"https:\/\/sombramadrid.com\/\",\"name\":\"Sombra Festival\",\"description\":\"XIII Festival de Cine Fant\u00e1stico Europeo de Murcia, 8-17 MARZO 2024\",\"publisher\":{\"@id\":\"https:\/\/sombramadrid.com\/#organization\"},\"potentialAction\":[{\"@type\":\"SearchAction\",\"target\":{\"@type\":\"EntryPoint\",\"urlTemplate\":\"https:\/\/sombramadrid.com\/?s={search_term_string}\"},\"query-input\":{\"@type\":\"PropertyValueSpecification\",\"valueRequired\":true,\"valueName\":\"search_term_string\"}}],\"inLanguage\":\"en-GB\"},{\"@type\":\"Organization\",\"@id\":\"https:\/\/sombramadrid.com\/#organization\",\"name\":\"SOMBRA, IX FESTIVAL DE CINE FANTASTICO EUROPEO DE MURCIA\",\"url\":\"https:\/\/sombramadrid.com\/\",\"logo\":{\"@type\":\"ImageObject\",\"inLanguage\":\"en-GB\",\"@id\":\"https:\/\/sombramadrid.com\/#\/schema\/logo\/image\/\",\"url\":\"https:\/\/sombramadrid.com\/wp-content\/uploads\/2019\/10\/Sombra-LogoIdentificador-Negativo.jpg\",\"contentUrl\":\"https:\/\/sombramadrid.com\/wp-content\/uploads\/2019\/10\/Sombra-LogoIdentificador-Negativo.jpg\",\"width\":400,\"height\":400,\"caption\":\"SOMBRA, IX FESTIVAL DE CINE FANTASTICO EUROPEO DE MURCIA\"},\"image\":{\"@id\":\"https:\/\/sombramadrid.com\/#\/schema\/logo\/image\/\"},\"sameAs\":[\"https:\/\/www.facebook.com\/Sombra-Festival-De-CINE-Fantastico-Europeo-De-Murcia-175337032531429\/\",\"https:\/\/x.com\/SombraFestival\",\"https:\/\/www.instagram.com\/sombrafestival\/\",\"https:\/\/www.youtube.com\/channel\/UCBdSJni9V30Tq4cGf4Lj0Ug?view_as=subscriber\"]}]}<\/script>\n<!-- \/ Yoast SEO plugin. -->","yoast_head_json":{"title":"Aneleh | Cortometraje a concurso - Sombra Festival","robots":{"index":"index","follow":"follow","max-snippet":"max-snippet:-1","max-image-preview":"max-image-preview:large","max-video-preview":"max-video-preview:-1"},"canonical":"https:\/\/sombramadrid.com\/en\/programacion-sombra-madrid-2026\/cortometrajes-2026\/aneleh-cortometraje-a-concurso\/","og_locale":"en_GB","og_type":"article","og_title":"Aneleh | Cortometraje a concurso - Sombra Festival","og_description":"Fecha: Viernes, 6 de marzo Hora: 16:00 Lugar: Sala Berlanga (Fundaci\u00f3n SGAE) COMPRAR ENTRADAS Sinopsis Ana est\u00e1 dispuesta a todo para proteger a Aneleh, su hija de diez a\u00f1os, en un mundo plagado de peligros zombies. &nbsp; T\u00edtulo original: Aneleh A\u00f1o: 2026 Duraci\u00f3n: 20 min. (aprox.) Pa\u00eds: (No especificado en la informaci\u00f3n proporcionada) Direcci\u00f3n: Carlos [&hellip;]","og_url":"https:\/\/sombramadrid.com\/en\/programacion-sombra-madrid-2026\/cortometrajes-2026\/aneleh-cortometraje-a-concurso\/","og_site_name":"Sombra Festival","article_publisher":"https:\/\/www.facebook.com\/Sombra-Festival-De-CINE-Fantastico-Europeo-De-Murcia-175337032531429\/","article_modified_time":"2026-03-02T19:22:51+00:00","og_image":[{"width":757,"height":1000,"url":"https:\/\/sombramadrid.com\/wp-content\/uploads\/2026\/02\/Aneleh.jpg","type":"image\/jpeg"}],"twitter_card":"summary_large_image","twitter_site":"@SombraFestival","twitter_misc":{"Est. reading time":"1 minute"},"schema":{"@context":"https:\/\/schema.org","@graph":[{"@type":"WebPage","@id":"https:\/\/sombramadrid.com\/programacion-sombra-madrid-2026\/cortometrajes-2026\/aneleh-cortometraje-a-concurso\/","url":"https:\/\/sombramadrid.com\/programacion-sombra-madrid-2026\/cortometrajes-2026\/aneleh-cortometraje-a-concurso\/","name":"Aneleh | Cortometraje a concurso - Sombra Festival","isPartOf":{"@id":"https:\/\/sombramadrid.com\/#website"},"primaryImageOfPage":{"@id":"https:\/\/sombramadrid.com\/programacion-sombra-madrid-2026\/cortometrajes-2026\/aneleh-cortometraje-a-concurso\/#primaryimage"},"image":{"@id":"https:\/\/sombramadrid.com\/programacion-sombra-madrid-2026\/cortometrajes-2026\/aneleh-cortometraje-a-concurso\/#primaryimage"},"thumbnailUrl":"https:\/\/sombramadrid.com\/wp-content\/uploads\/2026\/02\/Aneleh.jpg","datePublished":"2026-02-17T20:13:18+00:00","dateModified":"2026-03-02T19:22:51+00:00","breadcrumb":{"@id":"https:\/\/sombramadrid.com\/programacion-sombra-madrid-2026\/cortometrajes-2026\/aneleh-cortometraje-a-concurso\/#breadcrumb"},"inLanguage":"en-GB","potentialAction":[{"@type":"ReadAction","target":["https:\/\/sombramadrid.com\/programacion-sombra-madrid-2026\/cortometrajes-2026\/aneleh-cortometraje-a-concurso\/"]}]},{"@type":"ImageObject","inLanguage":"en-GB","@id":"https:\/\/sombramadrid.com\/programacion-sombra-madrid-2026\/cortometrajes-2026\/aneleh-cortometraje-a-concurso\/#primaryimage","url":"https:\/\/sombramadrid.com\/wp-content\/uploads\/2026\/02\/Aneleh.jpg","contentUrl":"https:\/\/sombramadrid.com\/wp-content\/uploads\/2026\/02\/Aneleh.jpg","width":757,"height":1000},{"@type":"BreadcrumbList","@id":"https:\/\/sombramadrid.com\/programacion-sombra-madrid-2026\/cortometrajes-2026\/aneleh-cortometraje-a-concurso\/#breadcrumb","itemListElement":[{"@type":"ListItem","position":1,"name":"Portada","item":"https:\/\/sombramadrid.com\/"},{"@type":"ListItem","position":2,"name":"PROGRAMACI\u00d3N SOMBRA MADRID 2026","item":"https:\/\/sombramadrid.com\/programacion-sombra-madrid-2026\/"},{"@type":"ListItem","position":3,"name":"Cortometrajes 2026","item":"https:\/\/sombramadrid.com\/programacion-sombra-madrid-2026\/cortometrajes-2026\/"},{"@type":"ListItem","position":4,"name":"Aneleh | Cortometraje a concurso"}]},{"@type":"WebSite","@id":"https:\/\/sombramadrid.com\/#website","url":"https:\/\/sombramadrid.com\/","name":"Sombra Festival","description":"XIII Festival de Cine Fant\u00e1stico Europeo de Murcia, 8-17 MARZO 2024","publisher":{"@id":"https:\/\/sombramadrid.com\/#organization"},"potentialAction":[{"@type":"SearchAction","target":{"@type":"EntryPoint","urlTemplate":"https:\/\/sombramadrid.com\/?s={search_term_string}"},"query-input":{"@type":"PropertyValueSpecification","valueRequired":true,"valueName":"search_term_string"}}],"inLanguage":"en-GB"},{"@type":"Organization","@id":"https:\/\/sombramadrid.com\/#organization","name":"SOMBRA, IX FESTIVAL DE CINE FANTASTICO EUROPEO DE MURCIA","url":"https:\/\/sombramadrid.com\/","logo":{"@type":"ImageObject","inLanguage":"en-GB","@id":"https:\/\/sombramadrid.com\/#\/schema\/logo\/image\/","url":"https:\/\/sombramadrid.com\/wp-content\/uploads\/2019\/10\/Sombra-LogoIdentificador-Negativo.jpg","contentUrl":"https:\/\/sombramadrid.com\/wp-content\/uploads\/2019\/10\/Sombra-LogoIdentificador-Negativo.jpg","width":400,"height":400,"caption":"SOMBRA, IX FESTIVAL DE CINE FANTASTICO EUROPEO DE MURCIA"},"image":{"@id":"https:\/\/sombramadrid.com\/#\/schema\/logo\/image\/"},"sameAs":["https:\/\/www.facebook.com\/Sombra-Festival-De-CINE-Fantastico-Europeo-De-Murcia-175337032531429\/","https:\/\/x.com\/SombraFestival","https:\/\/www.instagram.com\/sombrafestival\/","https:\/\/www.youtube.com\/channel\/UCBdSJni9V30Tq4cGf4Lj0Ug?view_as=subscriber"]}]}},"_links":{"self":[{"href":"https:\/\/sombramadrid.com\/en\/wp-json\/wp\/v2\/pages\/7929","targetHints":{"allow":["GET"]}}],"collection":[{"href":"https:\/\/sombramadrid.com\/en\/wp-json\/wp\/v2\/pages"}],"about":[{"href":"https:\/\/sombramadrid.com\/en\/wp-json\/wp\/v2\/types\/page"}],"author":[{"embeddable":true,"href":"https:\/\/sombramadrid.com\/en\/wp-json\/wp\/v2\/users\/2"}],"replies":[{"embeddable":true,"href":"https:\/\/sombramadrid.com\/en\/wp-json\/wp\/v2\/comments?post=7929"}],"version-history":[{"count":3,"href":"https:\/\/sombramadrid.com\/en\/wp-json\/wp\/v2\/pages\/7929\/revisions"}],"predecessor-version":[{"id":8002,"href":"https:\/\/sombramadrid.com\/en\/wp-json\/wp\/v2\/pages\/7929\/revisions\/8002"}],"up":[{"embeddable":true,"href":"https:\/\/sombramadrid.com\/en\/wp-json\/wp\/v2\/pages\/7812"}],"wp:featuredmedia":[{"embeddable":true,"href":"https:\/\/sombramadrid.com\/en\/wp-json\/wp\/v2\/media\/7930"}],"wp:attachment":[{"href":"https:\/\/sombramadrid.com\/en\/wp-json\/wp\/v2\/media?parent=7929"}],"curies":[{"name":"wp","href":"https:\/\/api.w.org\/{rel}","templated":true}]}}