{"id":7791,"date":"2026-02-08T21:01:39","date_gmt":"2026-02-08T20:01:39","guid":{"rendered":"https:\/\/sombramadrid.com\/?page_id=7791"},"modified":"2026-03-02T20:20:43","modified_gmt":"2026-03-02T19:20:43","slug":"actividades-2026-esad-ribic-marvel-dc-vs-aneke-marvel-dc","status":"publish","type":"page","link":"https:\/\/sombramadrid.com\/en\/programacion-sombra-madrid-2026\/actividades-2026\/actividades-2026-esad-ribic-marvel-dc-vs-aneke-marvel-dc\/","title":{"rendered":"Actividades 2026 | Esad Ribic (Marvel\/DC) vs Aneke (Marvel\/DC)"},"content":{"rendered":"<ul>\n<li><strong>Fecha:<\/strong> Viernes, 6 de marzo<\/li>\n<li><strong>Hora:<\/strong>\u00a019:00<\/li>\n<li><strong>Lugar:<\/strong> Sala Berlanga (Fundaci\u00f3n SGAE)<\/li>\n<\/ul>\n<p>La sesi\u00f3n ESAD RIBIC pone el foco en uno de los grandes nombres del c\u00f3mic internacional: Esad Ribi\u0107. Su trazo pict\u00f3rico y su capacidad para convertir cada vi\u00f1eta en una imagen monumental lo han situado como referencia imprescindible del c\u00f3mic contempor\u00e1neo. En este encuentro exploraremos su proceso creativo, su aproximaci\u00f3n a la \u00e9pica y su forma de construir personajes que parecen esculpidos en luz y sombra.<\/p>\n<p>Junto a \u00e9l, en di\u00e1logo y contrapunto, estar\u00e1 Aneke, aportando mirada, ritmo y sensibilidad propia a la conversaci\u00f3n. Un intercambio que permitir\u00e1 contrastar estilos y m\u00e9todos desde la experiencia de dos trayectorias distintas, pero conectadas por la pasi\u00f3n por la narrativa gr\u00e1fica y el impacto visual.<\/p>\n<p><img loading=\"lazy\" decoding=\"async\" class=\"size-full wp-image-7707 aligncenter\" src=\"https:\/\/sombramadrid.com\/wp-content\/uploads\/2026\/02\/ESAD-VS-ANEKE.jpg\" alt=\"\" width=\"700\" height=\"1000\" srcset=\"https:\/\/sombramadrid.com\/wp-content\/uploads\/2026\/02\/ESAD-VS-ANEKE.jpg 700w, https:\/\/sombramadrid.com\/wp-content\/uploads\/2026\/02\/ESAD-VS-ANEKE-210x300.jpg 210w, https:\/\/sombramadrid.com\/wp-content\/uploads\/2026\/02\/ESAD-VS-ANEKE-8x12.jpg 8w, https:\/\/sombramadrid.com\/wp-content\/uploads\/2026\/02\/ESAD-VS-ANEKE-294x420.jpg 294w, https:\/\/sombramadrid.com\/wp-content\/uploads\/2026\/02\/ESAD-VS-ANEKE-696x994.jpg 696w\" sizes=\"auto, (max-width: 700px) 100vw, 700px\" \/><\/p>","protected":false},"excerpt":{"rendered":"<p>Fecha: Viernes, 6 de marzo Hora:\u00a019:00 Lugar: Sala Berlanga (Fundaci\u00f3n SGAE) La sesi\u00f3n ESAD RIBIC pone el foco en uno de los grandes nombres del c\u00f3mic internacional: Esad Ribi\u0107. Su trazo pict\u00f3rico y su capacidad para convertir cada vi\u00f1eta en una imagen monumental lo han situado como referencia imprescindible del c\u00f3mic contempor\u00e1neo. En este encuentro [&hellip;]<\/p>","protected":false},"author":2,"featured_media":7707,"parent":7772,"menu_order":0,"comment_status":"closed","ping_status":"closed","template":"","meta":{"footnotes":""},"class_list":["post-7791","page","type-page","status-publish","has-post-thumbnail"],"yoast_head":"<!-- This site is optimized with the Yoast SEO plugin v24.3 - https:\/\/yoast.com\/wordpress\/plugins\/seo\/ -->\n<title>Actividades 2026 | Esad Ribic (Marvel\/DC) vs Aneke (Marvel\/DC) - Sombra Festival<\/title>\n<meta name=\"robots\" content=\"index, follow, max-snippet:-1, max-image-preview:large, max-video-preview:-1\" \/>\n<link rel=\"canonical\" href=\"https:\/\/sombramadrid.com\/en\/programacion-sombra-madrid-2026\/actividades-2026\/actividades-2026-esad-ribic-marvel-dc-vs-aneke-marvel-dc\/\" \/>\n<meta property=\"og:locale\" content=\"en_GB\" \/>\n<meta property=\"og:type\" content=\"article\" \/>\n<meta property=\"og:title\" content=\"Actividades 2026 | Esad Ribic (Marvel\/DC) vs Aneke (Marvel\/DC) - Sombra Festival\" \/>\n<meta property=\"og:description\" content=\"Fecha: Viernes, 6 de marzo Hora:\u00a019:00 Lugar: Sala Berlanga (Fundaci\u00f3n SGAE) La sesi\u00f3n ESAD RIBIC pone el foco en uno de los grandes nombres del c\u00f3mic internacional: Esad Ribi\u0107. Su trazo pict\u00f3rico y su capacidad para convertir cada vi\u00f1eta en una imagen monumental lo han situado como referencia imprescindible del c\u00f3mic contempor\u00e1neo. En este encuentro [&hellip;]\" \/>\n<meta property=\"og:url\" content=\"https:\/\/sombramadrid.com\/en\/programacion-sombra-madrid-2026\/actividades-2026\/actividades-2026-esad-ribic-marvel-dc-vs-aneke-marvel-dc\/\" \/>\n<meta property=\"og:site_name\" content=\"Sombra Festival\" \/>\n<meta property=\"article:publisher\" content=\"https:\/\/www.facebook.com\/Sombra-Festival-De-CINE-Fantastico-Europeo-De-Murcia-175337032531429\/\" \/>\n<meta property=\"article:modified_time\" content=\"2026-03-02T19:20:43+00:00\" \/>\n<meta property=\"og:image\" content=\"https:\/\/sombramadrid.com\/wp-content\/uploads\/2026\/02\/ESAD-VS-ANEKE.jpg\" \/>\n\t<meta property=\"og:image:width\" content=\"700\" \/>\n\t<meta property=\"og:image:height\" content=\"1000\" \/>\n\t<meta property=\"og:image:type\" content=\"image\/jpeg\" \/>\n<meta name=\"twitter:card\" content=\"summary_large_image\" \/>\n<meta name=\"twitter:site\" content=\"@SombraFestival\" \/>\n<meta name=\"twitter:label1\" content=\"Est. reading time\" \/>\n\t<meta name=\"twitter:data1\" content=\"1 minute\" \/>\n<script type=\"application\/ld+json\" class=\"yoast-schema-graph\">{\"@context\":\"https:\/\/schema.org\",\"@graph\":[{\"@type\":\"WebPage\",\"@id\":\"https:\/\/sombramadrid.com\/programacion-sombra-madrid-2026\/actividades-2026\/actividades-2026-esad-ribic-marvel-dc-vs-aneke-marvel-dc\/\",\"url\":\"https:\/\/sombramadrid.com\/programacion-sombra-madrid-2026\/actividades-2026\/actividades-2026-esad-ribic-marvel-dc-vs-aneke-marvel-dc\/\",\"name\":\"Actividades 2026 | Esad Ribic (Marvel\/DC) vs Aneke (Marvel\/DC) - Sombra Festival\",\"isPartOf\":{\"@id\":\"https:\/\/sombramadrid.com\/#website\"},\"primaryImageOfPage\":{\"@id\":\"https:\/\/sombramadrid.com\/programacion-sombra-madrid-2026\/actividades-2026\/actividades-2026-esad-ribic-marvel-dc-vs-aneke-marvel-dc\/#primaryimage\"},\"image\":{\"@id\":\"https:\/\/sombramadrid.com\/programacion-sombra-madrid-2026\/actividades-2026\/actividades-2026-esad-ribic-marvel-dc-vs-aneke-marvel-dc\/#primaryimage\"},\"thumbnailUrl\":\"https:\/\/sombramadrid.com\/wp-content\/uploads\/2026\/02\/ESAD-VS-ANEKE.jpg\",\"datePublished\":\"2026-02-08T20:01:39+00:00\",\"dateModified\":\"2026-03-02T19:20:43+00:00\",\"breadcrumb\":{\"@id\":\"https:\/\/sombramadrid.com\/programacion-sombra-madrid-2026\/actividades-2026\/actividades-2026-esad-ribic-marvel-dc-vs-aneke-marvel-dc\/#breadcrumb\"},\"inLanguage\":\"en-GB\",\"potentialAction\":[{\"@type\":\"ReadAction\",\"target\":[\"https:\/\/sombramadrid.com\/programacion-sombra-madrid-2026\/actividades-2026\/actividades-2026-esad-ribic-marvel-dc-vs-aneke-marvel-dc\/\"]}]},{\"@type\":\"ImageObject\",\"inLanguage\":\"en-GB\",\"@id\":\"https:\/\/sombramadrid.com\/programacion-sombra-madrid-2026\/actividades-2026\/actividades-2026-esad-ribic-marvel-dc-vs-aneke-marvel-dc\/#primaryimage\",\"url\":\"https:\/\/sombramadrid.com\/wp-content\/uploads\/2026\/02\/ESAD-VS-ANEKE.jpg\",\"contentUrl\":\"https:\/\/sombramadrid.com\/wp-content\/uploads\/2026\/02\/ESAD-VS-ANEKE.jpg\",\"width\":700,\"height\":1000},{\"@type\":\"BreadcrumbList\",\"@id\":\"https:\/\/sombramadrid.com\/programacion-sombra-madrid-2026\/actividades-2026\/actividades-2026-esad-ribic-marvel-dc-vs-aneke-marvel-dc\/#breadcrumb\",\"itemListElement\":[{\"@type\":\"ListItem\",\"position\":1,\"name\":\"Portada\",\"item\":\"https:\/\/sombramadrid.com\/\"},{\"@type\":\"ListItem\",\"position\":2,\"name\":\"PROGRAMACI\u00d3N SOMBRA MADRID 2026\",\"item\":\"https:\/\/sombramadrid.com\/programacion-sombra-madrid-2026\/\"},{\"@type\":\"ListItem\",\"position\":3,\"name\":\"Actividades 2026\",\"item\":\"https:\/\/sombramadrid.com\/programacion-sombra-madrid-2026\/actividades-2026\/\"},{\"@type\":\"ListItem\",\"position\":4,\"name\":\"Actividades 2026 | Esad Ribic (Marvel\/DC) vs Aneke (Marvel\/DC)\"}]},{\"@type\":\"WebSite\",\"@id\":\"https:\/\/sombramadrid.com\/#website\",\"url\":\"https:\/\/sombramadrid.com\/\",\"name\":\"Sombra Festival\",\"description\":\"XIII Festival de Cine Fant\u00e1stico Europeo de Murcia, 8-17 MARZO 2024\",\"publisher\":{\"@id\":\"https:\/\/sombramadrid.com\/#organization\"},\"potentialAction\":[{\"@type\":\"SearchAction\",\"target\":{\"@type\":\"EntryPoint\",\"urlTemplate\":\"https:\/\/sombramadrid.com\/?s={search_term_string}\"},\"query-input\":{\"@type\":\"PropertyValueSpecification\",\"valueRequired\":true,\"valueName\":\"search_term_string\"}}],\"inLanguage\":\"en-GB\"},{\"@type\":\"Organization\",\"@id\":\"https:\/\/sombramadrid.com\/#organization\",\"name\":\"SOMBRA, IX FESTIVAL DE CINE FANTASTICO EUROPEO DE MURCIA\",\"url\":\"https:\/\/sombramadrid.com\/\",\"logo\":{\"@type\":\"ImageObject\",\"inLanguage\":\"en-GB\",\"@id\":\"https:\/\/sombramadrid.com\/#\/schema\/logo\/image\/\",\"url\":\"https:\/\/sombramadrid.com\/wp-content\/uploads\/2019\/10\/Sombra-LogoIdentificador-Negativo.jpg\",\"contentUrl\":\"https:\/\/sombramadrid.com\/wp-content\/uploads\/2019\/10\/Sombra-LogoIdentificador-Negativo.jpg\",\"width\":400,\"height\":400,\"caption\":\"SOMBRA, IX FESTIVAL DE CINE FANTASTICO EUROPEO DE MURCIA\"},\"image\":{\"@id\":\"https:\/\/sombramadrid.com\/#\/schema\/logo\/image\/\"},\"sameAs\":[\"https:\/\/www.facebook.com\/Sombra-Festival-De-CINE-Fantastico-Europeo-De-Murcia-175337032531429\/\",\"https:\/\/x.com\/SombraFestival\",\"https:\/\/www.instagram.com\/sombrafestival\/\",\"https:\/\/www.youtube.com\/channel\/UCBdSJni9V30Tq4cGf4Lj0Ug?view_as=subscriber\"]}]}<\/script>\n<!-- \/ Yoast SEO plugin. -->","yoast_head_json":{"title":"Actividades 2026 | Esad Ribic (Marvel\/DC) vs Aneke (Marvel\/DC) - Sombra Festival","robots":{"index":"index","follow":"follow","max-snippet":"max-snippet:-1","max-image-preview":"max-image-preview:large","max-video-preview":"max-video-preview:-1"},"canonical":"https:\/\/sombramadrid.com\/en\/programacion-sombra-madrid-2026\/actividades-2026\/actividades-2026-esad-ribic-marvel-dc-vs-aneke-marvel-dc\/","og_locale":"en_GB","og_type":"article","og_title":"Actividades 2026 | Esad Ribic (Marvel\/DC) vs Aneke (Marvel\/DC) - Sombra Festival","og_description":"Fecha: Viernes, 6 de marzo Hora:\u00a019:00 Lugar: Sala Berlanga (Fundaci\u00f3n SGAE) La sesi\u00f3n ESAD RIBIC pone el foco en uno de los grandes nombres del c\u00f3mic internacional: Esad Ribi\u0107. Su trazo pict\u00f3rico y su capacidad para convertir cada vi\u00f1eta en una imagen monumental lo han situado como referencia imprescindible del c\u00f3mic contempor\u00e1neo. En este encuentro [&hellip;]","og_url":"https:\/\/sombramadrid.com\/en\/programacion-sombra-madrid-2026\/actividades-2026\/actividades-2026-esad-ribic-marvel-dc-vs-aneke-marvel-dc\/","og_site_name":"Sombra Festival","article_publisher":"https:\/\/www.facebook.com\/Sombra-Festival-De-CINE-Fantastico-Europeo-De-Murcia-175337032531429\/","article_modified_time":"2026-03-02T19:20:43+00:00","og_image":[{"width":700,"height":1000,"url":"https:\/\/sombramadrid.com\/wp-content\/uploads\/2026\/02\/ESAD-VS-ANEKE.jpg","type":"image\/jpeg"}],"twitter_card":"summary_large_image","twitter_site":"@SombraFestival","twitter_misc":{"Est. reading time":"1 minute"},"schema":{"@context":"https:\/\/schema.org","@graph":[{"@type":"WebPage","@id":"https:\/\/sombramadrid.com\/programacion-sombra-madrid-2026\/actividades-2026\/actividades-2026-esad-ribic-marvel-dc-vs-aneke-marvel-dc\/","url":"https:\/\/sombramadrid.com\/programacion-sombra-madrid-2026\/actividades-2026\/actividades-2026-esad-ribic-marvel-dc-vs-aneke-marvel-dc\/","name":"Actividades 2026 | Esad Ribic (Marvel\/DC) vs Aneke (Marvel\/DC) - Sombra Festival","isPartOf":{"@id":"https:\/\/sombramadrid.com\/#website"},"primaryImageOfPage":{"@id":"https:\/\/sombramadrid.com\/programacion-sombra-madrid-2026\/actividades-2026\/actividades-2026-esad-ribic-marvel-dc-vs-aneke-marvel-dc\/#primaryimage"},"image":{"@id":"https:\/\/sombramadrid.com\/programacion-sombra-madrid-2026\/actividades-2026\/actividades-2026-esad-ribic-marvel-dc-vs-aneke-marvel-dc\/#primaryimage"},"thumbnailUrl":"https:\/\/sombramadrid.com\/wp-content\/uploads\/2026\/02\/ESAD-VS-ANEKE.jpg","datePublished":"2026-02-08T20:01:39+00:00","dateModified":"2026-03-02T19:20:43+00:00","breadcrumb":{"@id":"https:\/\/sombramadrid.com\/programacion-sombra-madrid-2026\/actividades-2026\/actividades-2026-esad-ribic-marvel-dc-vs-aneke-marvel-dc\/#breadcrumb"},"inLanguage":"en-GB","potentialAction":[{"@type":"ReadAction","target":["https:\/\/sombramadrid.com\/programacion-sombra-madrid-2026\/actividades-2026\/actividades-2026-esad-ribic-marvel-dc-vs-aneke-marvel-dc\/"]}]},{"@type":"ImageObject","inLanguage":"en-GB","@id":"https:\/\/sombramadrid.com\/programacion-sombra-madrid-2026\/actividades-2026\/actividades-2026-esad-ribic-marvel-dc-vs-aneke-marvel-dc\/#primaryimage","url":"https:\/\/sombramadrid.com\/wp-content\/uploads\/2026\/02\/ESAD-VS-ANEKE.jpg","contentUrl":"https:\/\/sombramadrid.com\/wp-content\/uploads\/2026\/02\/ESAD-VS-ANEKE.jpg","width":700,"height":1000},{"@type":"BreadcrumbList","@id":"https:\/\/sombramadrid.com\/programacion-sombra-madrid-2026\/actividades-2026\/actividades-2026-esad-ribic-marvel-dc-vs-aneke-marvel-dc\/#breadcrumb","itemListElement":[{"@type":"ListItem","position":1,"name":"Portada","item":"https:\/\/sombramadrid.com\/"},{"@type":"ListItem","position":2,"name":"PROGRAMACI\u00d3N SOMBRA MADRID 2026","item":"https:\/\/sombramadrid.com\/programacion-sombra-madrid-2026\/"},{"@type":"ListItem","position":3,"name":"Actividades 2026","item":"https:\/\/sombramadrid.com\/programacion-sombra-madrid-2026\/actividades-2026\/"},{"@type":"ListItem","position":4,"name":"Actividades 2026 | Esad Ribic (Marvel\/DC) vs Aneke (Marvel\/DC)"}]},{"@type":"WebSite","@id":"https:\/\/sombramadrid.com\/#website","url":"https:\/\/sombramadrid.com\/","name":"Sombra Festival","description":"XIII Festival de Cine Fant\u00e1stico Europeo de Murcia, 8-17 MARZO 2024","publisher":{"@id":"https:\/\/sombramadrid.com\/#organization"},"potentialAction":[{"@type":"SearchAction","target":{"@type":"EntryPoint","urlTemplate":"https:\/\/sombramadrid.com\/?s={search_term_string}"},"query-input":{"@type":"PropertyValueSpecification","valueRequired":true,"valueName":"search_term_string"}}],"inLanguage":"en-GB"},{"@type":"Organization","@id":"https:\/\/sombramadrid.com\/#organization","name":"SOMBRA, IX FESTIVAL DE CINE FANTASTICO EUROPEO DE MURCIA","url":"https:\/\/sombramadrid.com\/","logo":{"@type":"ImageObject","inLanguage":"en-GB","@id":"https:\/\/sombramadrid.com\/#\/schema\/logo\/image\/","url":"https:\/\/sombramadrid.com\/wp-content\/uploads\/2019\/10\/Sombra-LogoIdentificador-Negativo.jpg","contentUrl":"https:\/\/sombramadrid.com\/wp-content\/uploads\/2019\/10\/Sombra-LogoIdentificador-Negativo.jpg","width":400,"height":400,"caption":"SOMBRA, IX FESTIVAL DE CINE FANTASTICO EUROPEO DE MURCIA"},"image":{"@id":"https:\/\/sombramadrid.com\/#\/schema\/logo\/image\/"},"sameAs":["https:\/\/www.facebook.com\/Sombra-Festival-De-CINE-Fantastico-Europeo-De-Murcia-175337032531429\/","https:\/\/x.com\/SombraFestival","https:\/\/www.instagram.com\/sombrafestival\/","https:\/\/www.youtube.com\/channel\/UCBdSJni9V30Tq4cGf4Lj0Ug?view_as=subscriber"]}]}},"_links":{"self":[{"href":"https:\/\/sombramadrid.com\/en\/wp-json\/wp\/v2\/pages\/7791","targetHints":{"allow":["GET"]}}],"collection":[{"href":"https:\/\/sombramadrid.com\/en\/wp-json\/wp\/v2\/pages"}],"about":[{"href":"https:\/\/sombramadrid.com\/en\/wp-json\/wp\/v2\/types\/page"}],"author":[{"embeddable":true,"href":"https:\/\/sombramadrid.com\/en\/wp-json\/wp\/v2\/users\/2"}],"replies":[{"embeddable":true,"href":"https:\/\/sombramadrid.com\/en\/wp-json\/wp\/v2\/comments?post=7791"}],"version-history":[{"count":4,"href":"https:\/\/sombramadrid.com\/en\/wp-json\/wp\/v2\/pages\/7791\/revisions"}],"predecessor-version":[{"id":7996,"href":"https:\/\/sombramadrid.com\/en\/wp-json\/wp\/v2\/pages\/7791\/revisions\/7996"}],"up":[{"embeddable":true,"href":"https:\/\/sombramadrid.com\/en\/wp-json\/wp\/v2\/pages\/7772"}],"wp:featuredmedia":[{"embeddable":true,"href":"https:\/\/sombramadrid.com\/en\/wp-json\/wp\/v2\/media\/7707"}],"wp:attachment":[{"href":"https:\/\/sombramadrid.com\/en\/wp-json\/wp\/v2\/media?parent=7791"}],"curies":[{"name":"wp","href":"https:\/\/api.w.org\/{rel}","templated":true}]}}