{"id":7788,"date":"2026-02-08T20:56:34","date_gmt":"2026-02-08T19:56:34","guid":{"rendered":"https:\/\/sombramadrid.com\/?page_id=7788"},"modified":"2026-03-02T20:20:08","modified_gmt":"2026-03-02T19:20:08","slug":"actividades-2026-podcast-cinegua-con-javier-botet-y-lisa-justice","status":"publish","type":"page","link":"https:\/\/sombramadrid.com\/en\/programacion-sombra-madrid-2026\/actividades-2026\/actividades-2026-podcast-cinegua-con-javier-botet-y-lisa-justice\/","title":{"rendered":"Actividades 2026 | Podcast Cinegua con Javier Botet y Lisa Justice"},"content":{"rendered":"<ul>\n<li><strong>Fecha:<\/strong> Jueves, 5 de marzo<\/li>\n<li><strong>Hora:<\/strong>\u00a019:00<\/li>\n<li><strong>Lugar:<\/strong> Sala Berlanga (Fundaci\u00f3n SGAE)<\/li>\n<li><span style=\"color: #ffff00;\"><strong>Invitado:<\/strong> Paco Plaza<\/span><\/li>\n<\/ul>\n<p>Cineg\u00fc\u00e1 es es cine y cosas, es decir un programa sobre el s\u00e9ptimo arte protagonizado por Javier Botet, actor en pel\u00edculas como Mam\u00e1, Slenderman, Alien o Las Brujas de Zugarramurdi y Lisa Justice, influencer especializada en cine.<\/p>\n<p>Por el programa, que puede verse y escucharse en Youtube y Spotify, han pasado directores, actores e incluso creadores de contenido como Carlos Areces, Soyunapringada, Claudio Serrano, Brais Efe, Paco Cabezas, Joaqu\u00edn Reyes e Ingrid Garc\u00eda Jonsson.<\/p>\n<p><img loading=\"lazy\" decoding=\"async\" class=\"size-full wp-image-7699 aligncenter\" src=\"https:\/\/sombramadrid.com\/wp-content\/uploads\/2026\/02\/podcast-cinegua.jpg\" alt=\"\" width=\"490\" height=\"775\" srcset=\"https:\/\/sombramadrid.com\/wp-content\/uploads\/2026\/02\/podcast-cinegua.jpg 490w, https:\/\/sombramadrid.com\/wp-content\/uploads\/2026\/02\/podcast-cinegua-190x300.jpg 190w, https:\/\/sombramadrid.com\/wp-content\/uploads\/2026\/02\/podcast-cinegua-8x12.jpg 8w, https:\/\/sombramadrid.com\/wp-content\/uploads\/2026\/02\/podcast-cinegua-266x420.jpg 266w\" sizes=\"auto, (max-width: 490px) 100vw, 490px\" \/><\/p>","protected":false},"excerpt":{"rendered":"<p>Fecha: Jueves, 5 de marzo Hora:\u00a019:00 Lugar: Sala Berlanga (Fundaci\u00f3n SGAE) Invitado: Paco Plaza Cineg\u00fc\u00e1 es es cine y cosas, es decir un programa sobre el s\u00e9ptimo arte protagonizado por Javier Botet, actor en pel\u00edculas como Mam\u00e1, Slenderman, Alien o Las Brujas de Zugarramurdi y Lisa Justice, influencer especializada en cine. Por el programa, que [&hellip;]<\/p>","protected":false},"author":2,"featured_media":7786,"parent":7772,"menu_order":0,"comment_status":"closed","ping_status":"closed","template":"","meta":{"footnotes":""},"class_list":["post-7788","page","type-page","status-publish","has-post-thumbnail"],"yoast_head":"<!-- This site is optimized with the Yoast SEO plugin v24.3 - https:\/\/yoast.com\/wordpress\/plugins\/seo\/ -->\n<title>Actividades 2026 | Podcast Cinegua con Javier Botet y Lisa Justice - Sombra Festival<\/title>\n<meta name=\"robots\" content=\"index, follow, max-snippet:-1, max-image-preview:large, max-video-preview:-1\" \/>\n<link rel=\"canonical\" href=\"https:\/\/sombramadrid.com\/en\/programacion-sombra-madrid-2026\/actividades-2026\/actividades-2026-podcast-cinegua-con-javier-botet-y-lisa-justice\/\" \/>\n<meta property=\"og:locale\" content=\"en_GB\" \/>\n<meta property=\"og:type\" content=\"article\" \/>\n<meta property=\"og:title\" content=\"Actividades 2026 | Podcast Cinegua con Javier Botet y Lisa Justice - Sombra Festival\" \/>\n<meta property=\"og:description\" content=\"Fecha: Jueves, 5 de marzo Hora:\u00a019:00 Lugar: Sala Berlanga (Fundaci\u00f3n SGAE) Invitado: Paco Plaza Cineg\u00fc\u00e1 es es cine y cosas, es decir un programa sobre el s\u00e9ptimo arte protagonizado por Javier Botet, actor en pel\u00edculas como Mam\u00e1, Slenderman, Alien o Las Brujas de Zugarramurdi y Lisa Justice, influencer especializada en cine. Por el programa, que [&hellip;]\" \/>\n<meta property=\"og:url\" content=\"https:\/\/sombramadrid.com\/en\/programacion-sombra-madrid-2026\/actividades-2026\/actividades-2026-podcast-cinegua-con-javier-botet-y-lisa-justice\/\" \/>\n<meta property=\"og:site_name\" content=\"Sombra Festival\" \/>\n<meta property=\"article:publisher\" content=\"https:\/\/www.facebook.com\/Sombra-Festival-De-CINE-Fantastico-Europeo-De-Murcia-175337032531429\/\" \/>\n<meta property=\"article:modified_time\" content=\"2026-03-02T19:20:08+00:00\" \/>\n<meta property=\"og:image\" content=\"https:\/\/sombramadrid.com\/wp-content\/uploads\/2026\/02\/cinegua.jpg\" \/>\n\t<meta property=\"og:image:width\" content=\"410\" \/>\n\t<meta property=\"og:image:height\" content=\"379\" \/>\n\t<meta property=\"og:image:type\" content=\"image\/jpeg\" \/>\n<meta name=\"twitter:card\" content=\"summary_large_image\" \/>\n<meta name=\"twitter:site\" content=\"@SombraFestival\" \/>\n<meta name=\"twitter:label1\" content=\"Est. reading time\" \/>\n\t<meta name=\"twitter:data1\" content=\"1 minute\" \/>\n<script type=\"application\/ld+json\" class=\"yoast-schema-graph\">{\"@context\":\"https:\/\/schema.org\",\"@graph\":[{\"@type\":\"WebPage\",\"@id\":\"https:\/\/sombramadrid.com\/programacion-sombra-madrid-2026\/actividades-2026\/actividades-2026-podcast-cinegua-con-javier-botet-y-lisa-justice\/\",\"url\":\"https:\/\/sombramadrid.com\/programacion-sombra-madrid-2026\/actividades-2026\/actividades-2026-podcast-cinegua-con-javier-botet-y-lisa-justice\/\",\"name\":\"Actividades 2026 | Podcast Cinegua con Javier Botet y Lisa Justice - Sombra Festival\",\"isPartOf\":{\"@id\":\"https:\/\/sombramadrid.com\/#website\"},\"primaryImageOfPage\":{\"@id\":\"https:\/\/sombramadrid.com\/programacion-sombra-madrid-2026\/actividades-2026\/actividades-2026-podcast-cinegua-con-javier-botet-y-lisa-justice\/#primaryimage\"},\"image\":{\"@id\":\"https:\/\/sombramadrid.com\/programacion-sombra-madrid-2026\/actividades-2026\/actividades-2026-podcast-cinegua-con-javier-botet-y-lisa-justice\/#primaryimage\"},\"thumbnailUrl\":\"https:\/\/sombramadrid.com\/wp-content\/uploads\/2026\/02\/cinegua.jpg\",\"datePublished\":\"2026-02-08T19:56:34+00:00\",\"dateModified\":\"2026-03-02T19:20:08+00:00\",\"breadcrumb\":{\"@id\":\"https:\/\/sombramadrid.com\/programacion-sombra-madrid-2026\/actividades-2026\/actividades-2026-podcast-cinegua-con-javier-botet-y-lisa-justice\/#breadcrumb\"},\"inLanguage\":\"en-GB\",\"potentialAction\":[{\"@type\":\"ReadAction\",\"target\":[\"https:\/\/sombramadrid.com\/programacion-sombra-madrid-2026\/actividades-2026\/actividades-2026-podcast-cinegua-con-javier-botet-y-lisa-justice\/\"]}]},{\"@type\":\"ImageObject\",\"inLanguage\":\"en-GB\",\"@id\":\"https:\/\/sombramadrid.com\/programacion-sombra-madrid-2026\/actividades-2026\/actividades-2026-podcast-cinegua-con-javier-botet-y-lisa-justice\/#primaryimage\",\"url\":\"https:\/\/sombramadrid.com\/wp-content\/uploads\/2026\/02\/cinegua.jpg\",\"contentUrl\":\"https:\/\/sombramadrid.com\/wp-content\/uploads\/2026\/02\/cinegua.jpg\",\"width\":410,\"height\":379},{\"@type\":\"BreadcrumbList\",\"@id\":\"https:\/\/sombramadrid.com\/programacion-sombra-madrid-2026\/actividades-2026\/actividades-2026-podcast-cinegua-con-javier-botet-y-lisa-justice\/#breadcrumb\",\"itemListElement\":[{\"@type\":\"ListItem\",\"position\":1,\"name\":\"Portada\",\"item\":\"https:\/\/sombramadrid.com\/\"},{\"@type\":\"ListItem\",\"position\":2,\"name\":\"PROGRAMACI\u00d3N SOMBRA MADRID 2026\",\"item\":\"https:\/\/sombramadrid.com\/programacion-sombra-madrid-2026\/\"},{\"@type\":\"ListItem\",\"position\":3,\"name\":\"Actividades 2026\",\"item\":\"https:\/\/sombramadrid.com\/programacion-sombra-madrid-2026\/actividades-2026\/\"},{\"@type\":\"ListItem\",\"position\":4,\"name\":\"Actividades 2026 | Podcast Cinegua con Javier Botet y Lisa Justice\"}]},{\"@type\":\"WebSite\",\"@id\":\"https:\/\/sombramadrid.com\/#website\",\"url\":\"https:\/\/sombramadrid.com\/\",\"name\":\"Sombra Festival\",\"description\":\"XIII Festival de Cine Fant\u00e1stico Europeo de Murcia, 8-17 MARZO 2024\",\"publisher\":{\"@id\":\"https:\/\/sombramadrid.com\/#organization\"},\"potentialAction\":[{\"@type\":\"SearchAction\",\"target\":{\"@type\":\"EntryPoint\",\"urlTemplate\":\"https:\/\/sombramadrid.com\/?s={search_term_string}\"},\"query-input\":{\"@type\":\"PropertyValueSpecification\",\"valueRequired\":true,\"valueName\":\"search_term_string\"}}],\"inLanguage\":\"en-GB\"},{\"@type\":\"Organization\",\"@id\":\"https:\/\/sombramadrid.com\/#organization\",\"name\":\"SOMBRA, IX FESTIVAL DE CINE FANTASTICO EUROPEO DE MURCIA\",\"url\":\"https:\/\/sombramadrid.com\/\",\"logo\":{\"@type\":\"ImageObject\",\"inLanguage\":\"en-GB\",\"@id\":\"https:\/\/sombramadrid.com\/#\/schema\/logo\/image\/\",\"url\":\"https:\/\/sombramadrid.com\/wp-content\/uploads\/2019\/10\/Sombra-LogoIdentificador-Negativo.jpg\",\"contentUrl\":\"https:\/\/sombramadrid.com\/wp-content\/uploads\/2019\/10\/Sombra-LogoIdentificador-Negativo.jpg\",\"width\":400,\"height\":400,\"caption\":\"SOMBRA, IX FESTIVAL DE CINE FANTASTICO EUROPEO DE MURCIA\"},\"image\":{\"@id\":\"https:\/\/sombramadrid.com\/#\/schema\/logo\/image\/\"},\"sameAs\":[\"https:\/\/www.facebook.com\/Sombra-Festival-De-CINE-Fantastico-Europeo-De-Murcia-175337032531429\/\",\"https:\/\/x.com\/SombraFestival\",\"https:\/\/www.instagram.com\/sombrafestival\/\",\"https:\/\/www.youtube.com\/channel\/UCBdSJni9V30Tq4cGf4Lj0Ug?view_as=subscriber\"]}]}<\/script>\n<!-- \/ Yoast SEO plugin. -->","yoast_head_json":{"title":"Actividades 2026 | Podcast Cinegua con Javier Botet y Lisa Justice - Sombra Festival","robots":{"index":"index","follow":"follow","max-snippet":"max-snippet:-1","max-image-preview":"max-image-preview:large","max-video-preview":"max-video-preview:-1"},"canonical":"https:\/\/sombramadrid.com\/en\/programacion-sombra-madrid-2026\/actividades-2026\/actividades-2026-podcast-cinegua-con-javier-botet-y-lisa-justice\/","og_locale":"en_GB","og_type":"article","og_title":"Actividades 2026 | Podcast Cinegua con Javier Botet y Lisa Justice - Sombra Festival","og_description":"Fecha: Jueves, 5 de marzo Hora:\u00a019:00 Lugar: Sala Berlanga (Fundaci\u00f3n SGAE) Invitado: Paco Plaza Cineg\u00fc\u00e1 es es cine y cosas, es decir un programa sobre el s\u00e9ptimo arte protagonizado por Javier Botet, actor en pel\u00edculas como Mam\u00e1, Slenderman, Alien o Las Brujas de Zugarramurdi y Lisa Justice, influencer especializada en cine. Por el programa, que [&hellip;]","og_url":"https:\/\/sombramadrid.com\/en\/programacion-sombra-madrid-2026\/actividades-2026\/actividades-2026-podcast-cinegua-con-javier-botet-y-lisa-justice\/","og_site_name":"Sombra Festival","article_publisher":"https:\/\/www.facebook.com\/Sombra-Festival-De-CINE-Fantastico-Europeo-De-Murcia-175337032531429\/","article_modified_time":"2026-03-02T19:20:08+00:00","og_image":[{"width":410,"height":379,"url":"https:\/\/sombramadrid.com\/wp-content\/uploads\/2026\/02\/cinegua.jpg","type":"image\/jpeg"}],"twitter_card":"summary_large_image","twitter_site":"@SombraFestival","twitter_misc":{"Est. reading time":"1 minute"},"schema":{"@context":"https:\/\/schema.org","@graph":[{"@type":"WebPage","@id":"https:\/\/sombramadrid.com\/programacion-sombra-madrid-2026\/actividades-2026\/actividades-2026-podcast-cinegua-con-javier-botet-y-lisa-justice\/","url":"https:\/\/sombramadrid.com\/programacion-sombra-madrid-2026\/actividades-2026\/actividades-2026-podcast-cinegua-con-javier-botet-y-lisa-justice\/","name":"Actividades 2026 | Podcast Cinegua con Javier Botet y Lisa Justice - Sombra Festival","isPartOf":{"@id":"https:\/\/sombramadrid.com\/#website"},"primaryImageOfPage":{"@id":"https:\/\/sombramadrid.com\/programacion-sombra-madrid-2026\/actividades-2026\/actividades-2026-podcast-cinegua-con-javier-botet-y-lisa-justice\/#primaryimage"},"image":{"@id":"https:\/\/sombramadrid.com\/programacion-sombra-madrid-2026\/actividades-2026\/actividades-2026-podcast-cinegua-con-javier-botet-y-lisa-justice\/#primaryimage"},"thumbnailUrl":"https:\/\/sombramadrid.com\/wp-content\/uploads\/2026\/02\/cinegua.jpg","datePublished":"2026-02-08T19:56:34+00:00","dateModified":"2026-03-02T19:20:08+00:00","breadcrumb":{"@id":"https:\/\/sombramadrid.com\/programacion-sombra-madrid-2026\/actividades-2026\/actividades-2026-podcast-cinegua-con-javier-botet-y-lisa-justice\/#breadcrumb"},"inLanguage":"en-GB","potentialAction":[{"@type":"ReadAction","target":["https:\/\/sombramadrid.com\/programacion-sombra-madrid-2026\/actividades-2026\/actividades-2026-podcast-cinegua-con-javier-botet-y-lisa-justice\/"]}]},{"@type":"ImageObject","inLanguage":"en-GB","@id":"https:\/\/sombramadrid.com\/programacion-sombra-madrid-2026\/actividades-2026\/actividades-2026-podcast-cinegua-con-javier-botet-y-lisa-justice\/#primaryimage","url":"https:\/\/sombramadrid.com\/wp-content\/uploads\/2026\/02\/cinegua.jpg","contentUrl":"https:\/\/sombramadrid.com\/wp-content\/uploads\/2026\/02\/cinegua.jpg","width":410,"height":379},{"@type":"BreadcrumbList","@id":"https:\/\/sombramadrid.com\/programacion-sombra-madrid-2026\/actividades-2026\/actividades-2026-podcast-cinegua-con-javier-botet-y-lisa-justice\/#breadcrumb","itemListElement":[{"@type":"ListItem","position":1,"name":"Portada","item":"https:\/\/sombramadrid.com\/"},{"@type":"ListItem","position":2,"name":"PROGRAMACI\u00d3N SOMBRA MADRID 2026","item":"https:\/\/sombramadrid.com\/programacion-sombra-madrid-2026\/"},{"@type":"ListItem","position":3,"name":"Actividades 2026","item":"https:\/\/sombramadrid.com\/programacion-sombra-madrid-2026\/actividades-2026\/"},{"@type":"ListItem","position":4,"name":"Actividades 2026 | Podcast Cinegua con Javier Botet y Lisa Justice"}]},{"@type":"WebSite","@id":"https:\/\/sombramadrid.com\/#website","url":"https:\/\/sombramadrid.com\/","name":"Sombra Festival","description":"XIII Festival de Cine Fant\u00e1stico Europeo de Murcia, 8-17 MARZO 2024","publisher":{"@id":"https:\/\/sombramadrid.com\/#organization"},"potentialAction":[{"@type":"SearchAction","target":{"@type":"EntryPoint","urlTemplate":"https:\/\/sombramadrid.com\/?s={search_term_string}"},"query-input":{"@type":"PropertyValueSpecification","valueRequired":true,"valueName":"search_term_string"}}],"inLanguage":"en-GB"},{"@type":"Organization","@id":"https:\/\/sombramadrid.com\/#organization","name":"SOMBRA, IX FESTIVAL DE CINE FANTASTICO EUROPEO DE MURCIA","url":"https:\/\/sombramadrid.com\/","logo":{"@type":"ImageObject","inLanguage":"en-GB","@id":"https:\/\/sombramadrid.com\/#\/schema\/logo\/image\/","url":"https:\/\/sombramadrid.com\/wp-content\/uploads\/2019\/10\/Sombra-LogoIdentificador-Negativo.jpg","contentUrl":"https:\/\/sombramadrid.com\/wp-content\/uploads\/2019\/10\/Sombra-LogoIdentificador-Negativo.jpg","width":400,"height":400,"caption":"SOMBRA, IX FESTIVAL DE CINE FANTASTICO EUROPEO DE MURCIA"},"image":{"@id":"https:\/\/sombramadrid.com\/#\/schema\/logo\/image\/"},"sameAs":["https:\/\/www.facebook.com\/Sombra-Festival-De-CINE-Fantastico-Europeo-De-Murcia-175337032531429\/","https:\/\/x.com\/SombraFestival","https:\/\/www.instagram.com\/sombrafestival\/","https:\/\/www.youtube.com\/channel\/UCBdSJni9V30Tq4cGf4Lj0Ug?view_as=subscriber"]}]}},"_links":{"self":[{"href":"https:\/\/sombramadrid.com\/en\/wp-json\/wp\/v2\/pages\/7788","targetHints":{"allow":["GET"]}}],"collection":[{"href":"https:\/\/sombramadrid.com\/en\/wp-json\/wp\/v2\/pages"}],"about":[{"href":"https:\/\/sombramadrid.com\/en\/wp-json\/wp\/v2\/types\/page"}],"author":[{"embeddable":true,"href":"https:\/\/sombramadrid.com\/en\/wp-json\/wp\/v2\/users\/2"}],"replies":[{"embeddable":true,"href":"https:\/\/sombramadrid.com\/en\/wp-json\/wp\/v2\/comments?post=7788"}],"version-history":[{"count":8,"href":"https:\/\/sombramadrid.com\/en\/wp-json\/wp\/v2\/pages\/7788\/revisions"}],"predecessor-version":[{"id":7991,"href":"https:\/\/sombramadrid.com\/en\/wp-json\/wp\/v2\/pages\/7788\/revisions\/7991"}],"up":[{"embeddable":true,"href":"https:\/\/sombramadrid.com\/en\/wp-json\/wp\/v2\/pages\/7772"}],"wp:featuredmedia":[{"embeddable":true,"href":"https:\/\/sombramadrid.com\/en\/wp-json\/wp\/v2\/media\/7786"}],"wp:attachment":[{"href":"https:\/\/sombramadrid.com\/en\/wp-json\/wp\/v2\/media?parent=7788"}],"curies":[{"name":"wp","href":"https:\/\/api.w.org\/{rel}","templated":true}]}}