{"id":7774,"date":"2026-02-08T20:49:00","date_gmt":"2026-02-08T19:49:00","guid":{"rendered":"https:\/\/sombramadrid.com\/?page_id=7774"},"modified":"2026-03-02T20:19:59","modified_gmt":"2026-03-02T19:19:59","slug":"actividades-2026-sesion-alterego-angel-gomez-vs-ana-asensio-charla-sobre-espanoles-en-usa","status":"publish","type":"page","link":"https:\/\/sombramadrid.com\/en\/programacion-sombra-madrid-2026\/actividades-2026\/actividades-2026-sesion-alterego-angel-gomez-vs-ana-asensio-charla-sobre-espanoles-en-usa\/","title":{"rendered":"Actividades 2026 | Sesi\u00f3n Alterego. \u00c1ngel G\u00f3mez vs Ana Asensio. Charla sobre espa\u00f1oles en USA"},"content":{"rendered":"<ul>\n<li><strong>Fecha:<\/strong>\u00a0Mi\u00e9rcoles, 4 de marzo<\/li>\n<li><strong>Hora:<\/strong> 19:00<\/li>\n<li><strong>Lugar:<\/strong> Sala Berlanga (Fundaci\u00f3n SGAE)<\/li>\n<\/ul>\n<p>La sesi\u00f3n ALTER EGO re\u00fane a \u00c1ngel G\u00f3mez y Ana Asensio en una conversaci\u00f3n directa y sin filtros sobre lo que significa crear cine a ambos lados del Atl\u00e1ntico. Desde sus experiencias profesionales en Espa\u00f1a y Estados Unidos, abordar\u00e1n las diferencias culturales, industriales y creativas que marcan el proceso: presupuestos, jerarqu\u00edas, libertad autoral, relaci\u00f3n con los productores y manera de entender el riesgo.<\/p>\n<p>Un di\u00e1logo honesto sobre c\u00f3mo cambia la mirada cuando cambian las reglas del juego. \u00bfSe rueda distinto? \u00bfSe piensa distinto? ALTER EGO pone frente a frente dos trayectorias internacionales para analizar qu\u00e9 se gana, qu\u00e9 se pierde y qu\u00e9 se transforma cuando el cine cruza fronteras.<\/p>\n<p><img loading=\"lazy\" decoding=\"async\" class=\"alignnone size-full wp-image-7775\" src=\"https:\/\/sombramadrid.com\/wp-content\/uploads\/2026\/02\/alterego.jpg\" alt=\"\" width=\"800\" height=\"800\" srcset=\"https:\/\/sombramadrid.com\/wp-content\/uploads\/2026\/02\/alterego.jpg 800w, https:\/\/sombramadrid.com\/wp-content\/uploads\/2026\/02\/alterego-300x300.jpg 300w, https:\/\/sombramadrid.com\/wp-content\/uploads\/2026\/02\/alterego-150x150.jpg 150w, https:\/\/sombramadrid.com\/wp-content\/uploads\/2026\/02\/alterego-768x768.jpg 768w, https:\/\/sombramadrid.com\/wp-content\/uploads\/2026\/02\/alterego-12x12.jpg 12w, https:\/\/sombramadrid.com\/wp-content\/uploads\/2026\/02\/alterego-420x420.jpg 420w, https:\/\/sombramadrid.com\/wp-content\/uploads\/2026\/02\/alterego-696x696.jpg 696w\" sizes=\"auto, (max-width: 800px) 100vw, 800px\" \/><\/p>","protected":false},"excerpt":{"rendered":"<p>Fecha:\u00a0Mi\u00e9rcoles, 4 de marzo Hora: 19:00 Lugar: Sala Berlanga (Fundaci\u00f3n SGAE) La sesi\u00f3n ALTER EGO re\u00fane a \u00c1ngel G\u00f3mez y Ana Asensio en una conversaci\u00f3n directa y sin filtros sobre lo que significa crear cine a ambos lados del Atl\u00e1ntico. Desde sus experiencias profesionales en Espa\u00f1a y Estados Unidos, abordar\u00e1n las diferencias culturales, industriales y [&hellip;]<\/p>","protected":false},"author":2,"featured_media":7775,"parent":7772,"menu_order":0,"comment_status":"closed","ping_status":"closed","template":"","meta":{"footnotes":""},"class_list":["post-7774","page","type-page","status-publish","has-post-thumbnail"],"yoast_head":"<!-- This site is optimized with the Yoast SEO plugin v24.3 - https:\/\/yoast.com\/wordpress\/plugins\/seo\/ -->\n<title>Actividades 2026 | Sesi\u00f3n Alterego. \u00c1ngel G\u00f3mez vs Ana Asensio. Charla sobre espa\u00f1oles en USA - Sombra Festival<\/title>\n<meta name=\"robots\" content=\"index, follow, max-snippet:-1, max-image-preview:large, max-video-preview:-1\" \/>\n<link rel=\"canonical\" href=\"https:\/\/sombramadrid.com\/en\/programacion-sombra-madrid-2026\/actividades-2026\/actividades-2026-sesion-alterego-angel-gomez-vs-ana-asensio-charla-sobre-espanoles-en-usa\/\" \/>\n<meta property=\"og:locale\" content=\"en_GB\" \/>\n<meta property=\"og:type\" content=\"article\" \/>\n<meta property=\"og:title\" content=\"Actividades 2026 | Sesi\u00f3n Alterego. \u00c1ngel G\u00f3mez vs Ana Asensio. Charla sobre espa\u00f1oles en USA - Sombra Festival\" \/>\n<meta property=\"og:description\" content=\"Fecha:\u00a0Mi\u00e9rcoles, 4 de marzo Hora: 19:00 Lugar: Sala Berlanga (Fundaci\u00f3n SGAE) La sesi\u00f3n ALTER EGO re\u00fane a \u00c1ngel G\u00f3mez y Ana Asensio en una conversaci\u00f3n directa y sin filtros sobre lo que significa crear cine a ambos lados del Atl\u00e1ntico. Desde sus experiencias profesionales en Espa\u00f1a y Estados Unidos, abordar\u00e1n las diferencias culturales, industriales y [&hellip;]\" \/>\n<meta property=\"og:url\" content=\"https:\/\/sombramadrid.com\/en\/programacion-sombra-madrid-2026\/actividades-2026\/actividades-2026-sesion-alterego-angel-gomez-vs-ana-asensio-charla-sobre-espanoles-en-usa\/\" \/>\n<meta property=\"og:site_name\" content=\"Sombra Festival\" \/>\n<meta property=\"article:publisher\" content=\"https:\/\/www.facebook.com\/Sombra-Festival-De-CINE-Fantastico-Europeo-De-Murcia-175337032531429\/\" \/>\n<meta property=\"article:modified_time\" content=\"2026-03-02T19:19:59+00:00\" \/>\n<meta property=\"og:image\" content=\"https:\/\/sombramadrid.com\/wp-content\/uploads\/2026\/02\/alterego.jpg\" \/>\n\t<meta property=\"og:image:width\" content=\"800\" \/>\n\t<meta property=\"og:image:height\" content=\"800\" \/>\n\t<meta property=\"og:image:type\" content=\"image\/jpeg\" \/>\n<meta name=\"twitter:card\" content=\"summary_large_image\" \/>\n<meta name=\"twitter:site\" content=\"@SombraFestival\" \/>\n<meta name=\"twitter:label1\" content=\"Est. reading time\" \/>\n\t<meta name=\"twitter:data1\" content=\"1 minute\" \/>\n<script type=\"application\/ld+json\" class=\"yoast-schema-graph\">{\"@context\":\"https:\/\/schema.org\",\"@graph\":[{\"@type\":\"WebPage\",\"@id\":\"https:\/\/sombramadrid.com\/programacion-sombra-madrid-2026\/actividades-2026\/actividades-2026-sesion-alterego-angel-gomez-vs-ana-asensio-charla-sobre-espanoles-en-usa\/\",\"url\":\"https:\/\/sombramadrid.com\/programacion-sombra-madrid-2026\/actividades-2026\/actividades-2026-sesion-alterego-angel-gomez-vs-ana-asensio-charla-sobre-espanoles-en-usa\/\",\"name\":\"Actividades 2026 | Sesi\u00f3n Alterego. \u00c1ngel G\u00f3mez vs Ana Asensio. Charla sobre espa\u00f1oles en USA - Sombra Festival\",\"isPartOf\":{\"@id\":\"https:\/\/sombramadrid.com\/#website\"},\"primaryImageOfPage\":{\"@id\":\"https:\/\/sombramadrid.com\/programacion-sombra-madrid-2026\/actividades-2026\/actividades-2026-sesion-alterego-angel-gomez-vs-ana-asensio-charla-sobre-espanoles-en-usa\/#primaryimage\"},\"image\":{\"@id\":\"https:\/\/sombramadrid.com\/programacion-sombra-madrid-2026\/actividades-2026\/actividades-2026-sesion-alterego-angel-gomez-vs-ana-asensio-charla-sobre-espanoles-en-usa\/#primaryimage\"},\"thumbnailUrl\":\"https:\/\/sombramadrid.com\/wp-content\/uploads\/2026\/02\/alterego.jpg\",\"datePublished\":\"2026-02-08T19:49:00+00:00\",\"dateModified\":\"2026-03-02T19:19:59+00:00\",\"breadcrumb\":{\"@id\":\"https:\/\/sombramadrid.com\/programacion-sombra-madrid-2026\/actividades-2026\/actividades-2026-sesion-alterego-angel-gomez-vs-ana-asensio-charla-sobre-espanoles-en-usa\/#breadcrumb\"},\"inLanguage\":\"en-GB\",\"potentialAction\":[{\"@type\":\"ReadAction\",\"target\":[\"https:\/\/sombramadrid.com\/programacion-sombra-madrid-2026\/actividades-2026\/actividades-2026-sesion-alterego-angel-gomez-vs-ana-asensio-charla-sobre-espanoles-en-usa\/\"]}]},{\"@type\":\"ImageObject\",\"inLanguage\":\"en-GB\",\"@id\":\"https:\/\/sombramadrid.com\/programacion-sombra-madrid-2026\/actividades-2026\/actividades-2026-sesion-alterego-angel-gomez-vs-ana-asensio-charla-sobre-espanoles-en-usa\/#primaryimage\",\"url\":\"https:\/\/sombramadrid.com\/wp-content\/uploads\/2026\/02\/alterego.jpg\",\"contentUrl\":\"https:\/\/sombramadrid.com\/wp-content\/uploads\/2026\/02\/alterego.jpg\",\"width\":800,\"height\":800},{\"@type\":\"BreadcrumbList\",\"@id\":\"https:\/\/sombramadrid.com\/programacion-sombra-madrid-2026\/actividades-2026\/actividades-2026-sesion-alterego-angel-gomez-vs-ana-asensio-charla-sobre-espanoles-en-usa\/#breadcrumb\",\"itemListElement\":[{\"@type\":\"ListItem\",\"position\":1,\"name\":\"Portada\",\"item\":\"https:\/\/sombramadrid.com\/\"},{\"@type\":\"ListItem\",\"position\":2,\"name\":\"PROGRAMACI\u00d3N SOMBRA MADRID 2026\",\"item\":\"https:\/\/sombramadrid.com\/programacion-sombra-madrid-2026\/\"},{\"@type\":\"ListItem\",\"position\":3,\"name\":\"Actividades 2026\",\"item\":\"https:\/\/sombramadrid.com\/programacion-sombra-madrid-2026\/actividades-2026\/\"},{\"@type\":\"ListItem\",\"position\":4,\"name\":\"Actividades 2026 | Sesi\u00f3n Alterego. \u00c1ngel G\u00f3mez vs Ana Asensio. Charla sobre espa\u00f1oles en USA\"}]},{\"@type\":\"WebSite\",\"@id\":\"https:\/\/sombramadrid.com\/#website\",\"url\":\"https:\/\/sombramadrid.com\/\",\"name\":\"Sombra Festival\",\"description\":\"XIII Festival de Cine Fant\u00e1stico Europeo de Murcia, 8-17 MARZO 2024\",\"publisher\":{\"@id\":\"https:\/\/sombramadrid.com\/#organization\"},\"potentialAction\":[{\"@type\":\"SearchAction\",\"target\":{\"@type\":\"EntryPoint\",\"urlTemplate\":\"https:\/\/sombramadrid.com\/?s={search_term_string}\"},\"query-input\":{\"@type\":\"PropertyValueSpecification\",\"valueRequired\":true,\"valueName\":\"search_term_string\"}}],\"inLanguage\":\"en-GB\"},{\"@type\":\"Organization\",\"@id\":\"https:\/\/sombramadrid.com\/#organization\",\"name\":\"SOMBRA, IX FESTIVAL DE CINE FANTASTICO EUROPEO DE MURCIA\",\"url\":\"https:\/\/sombramadrid.com\/\",\"logo\":{\"@type\":\"ImageObject\",\"inLanguage\":\"en-GB\",\"@id\":\"https:\/\/sombramadrid.com\/#\/schema\/logo\/image\/\",\"url\":\"https:\/\/sombramadrid.com\/wp-content\/uploads\/2019\/10\/Sombra-LogoIdentificador-Negativo.jpg\",\"contentUrl\":\"https:\/\/sombramadrid.com\/wp-content\/uploads\/2019\/10\/Sombra-LogoIdentificador-Negativo.jpg\",\"width\":400,\"height\":400,\"caption\":\"SOMBRA, IX FESTIVAL DE CINE FANTASTICO EUROPEO DE MURCIA\"},\"image\":{\"@id\":\"https:\/\/sombramadrid.com\/#\/schema\/logo\/image\/\"},\"sameAs\":[\"https:\/\/www.facebook.com\/Sombra-Festival-De-CINE-Fantastico-Europeo-De-Murcia-175337032531429\/\",\"https:\/\/x.com\/SombraFestival\",\"https:\/\/www.instagram.com\/sombrafestival\/\",\"https:\/\/www.youtube.com\/channel\/UCBdSJni9V30Tq4cGf4Lj0Ug?view_as=subscriber\"]}]}<\/script>\n<!-- \/ Yoast SEO plugin. -->","yoast_head_json":{"title":"Actividades 2026 | Sesi\u00f3n Alterego. \u00c1ngel G\u00f3mez vs Ana Asensio. Charla sobre espa\u00f1oles en USA - Sombra Festival","robots":{"index":"index","follow":"follow","max-snippet":"max-snippet:-1","max-image-preview":"max-image-preview:large","max-video-preview":"max-video-preview:-1"},"canonical":"https:\/\/sombramadrid.com\/en\/programacion-sombra-madrid-2026\/actividades-2026\/actividades-2026-sesion-alterego-angel-gomez-vs-ana-asensio-charla-sobre-espanoles-en-usa\/","og_locale":"en_GB","og_type":"article","og_title":"Actividades 2026 | Sesi\u00f3n Alterego. \u00c1ngel G\u00f3mez vs Ana Asensio. Charla sobre espa\u00f1oles en USA - Sombra Festival","og_description":"Fecha:\u00a0Mi\u00e9rcoles, 4 de marzo Hora: 19:00 Lugar: Sala Berlanga (Fundaci\u00f3n SGAE) La sesi\u00f3n ALTER EGO re\u00fane a \u00c1ngel G\u00f3mez y Ana Asensio en una conversaci\u00f3n directa y sin filtros sobre lo que significa crear cine a ambos lados del Atl\u00e1ntico. Desde sus experiencias profesionales en Espa\u00f1a y Estados Unidos, abordar\u00e1n las diferencias culturales, industriales y [&hellip;]","og_url":"https:\/\/sombramadrid.com\/en\/programacion-sombra-madrid-2026\/actividades-2026\/actividades-2026-sesion-alterego-angel-gomez-vs-ana-asensio-charla-sobre-espanoles-en-usa\/","og_site_name":"Sombra Festival","article_publisher":"https:\/\/www.facebook.com\/Sombra-Festival-De-CINE-Fantastico-Europeo-De-Murcia-175337032531429\/","article_modified_time":"2026-03-02T19:19:59+00:00","og_image":[{"width":800,"height":800,"url":"https:\/\/sombramadrid.com\/wp-content\/uploads\/2026\/02\/alterego.jpg","type":"image\/jpeg"}],"twitter_card":"summary_large_image","twitter_site":"@SombraFestival","twitter_misc":{"Est. reading time":"1 minute"},"schema":{"@context":"https:\/\/schema.org","@graph":[{"@type":"WebPage","@id":"https:\/\/sombramadrid.com\/programacion-sombra-madrid-2026\/actividades-2026\/actividades-2026-sesion-alterego-angel-gomez-vs-ana-asensio-charla-sobre-espanoles-en-usa\/","url":"https:\/\/sombramadrid.com\/programacion-sombra-madrid-2026\/actividades-2026\/actividades-2026-sesion-alterego-angel-gomez-vs-ana-asensio-charla-sobre-espanoles-en-usa\/","name":"Actividades 2026 | Sesi\u00f3n Alterego. \u00c1ngel G\u00f3mez vs Ana Asensio. Charla sobre espa\u00f1oles en USA - Sombra Festival","isPartOf":{"@id":"https:\/\/sombramadrid.com\/#website"},"primaryImageOfPage":{"@id":"https:\/\/sombramadrid.com\/programacion-sombra-madrid-2026\/actividades-2026\/actividades-2026-sesion-alterego-angel-gomez-vs-ana-asensio-charla-sobre-espanoles-en-usa\/#primaryimage"},"image":{"@id":"https:\/\/sombramadrid.com\/programacion-sombra-madrid-2026\/actividades-2026\/actividades-2026-sesion-alterego-angel-gomez-vs-ana-asensio-charla-sobre-espanoles-en-usa\/#primaryimage"},"thumbnailUrl":"https:\/\/sombramadrid.com\/wp-content\/uploads\/2026\/02\/alterego.jpg","datePublished":"2026-02-08T19:49:00+00:00","dateModified":"2026-03-02T19:19:59+00:00","breadcrumb":{"@id":"https:\/\/sombramadrid.com\/programacion-sombra-madrid-2026\/actividades-2026\/actividades-2026-sesion-alterego-angel-gomez-vs-ana-asensio-charla-sobre-espanoles-en-usa\/#breadcrumb"},"inLanguage":"en-GB","potentialAction":[{"@type":"ReadAction","target":["https:\/\/sombramadrid.com\/programacion-sombra-madrid-2026\/actividades-2026\/actividades-2026-sesion-alterego-angel-gomez-vs-ana-asensio-charla-sobre-espanoles-en-usa\/"]}]},{"@type":"ImageObject","inLanguage":"en-GB","@id":"https:\/\/sombramadrid.com\/programacion-sombra-madrid-2026\/actividades-2026\/actividades-2026-sesion-alterego-angel-gomez-vs-ana-asensio-charla-sobre-espanoles-en-usa\/#primaryimage","url":"https:\/\/sombramadrid.com\/wp-content\/uploads\/2026\/02\/alterego.jpg","contentUrl":"https:\/\/sombramadrid.com\/wp-content\/uploads\/2026\/02\/alterego.jpg","width":800,"height":800},{"@type":"BreadcrumbList","@id":"https:\/\/sombramadrid.com\/programacion-sombra-madrid-2026\/actividades-2026\/actividades-2026-sesion-alterego-angel-gomez-vs-ana-asensio-charla-sobre-espanoles-en-usa\/#breadcrumb","itemListElement":[{"@type":"ListItem","position":1,"name":"Portada","item":"https:\/\/sombramadrid.com\/"},{"@type":"ListItem","position":2,"name":"PROGRAMACI\u00d3N SOMBRA MADRID 2026","item":"https:\/\/sombramadrid.com\/programacion-sombra-madrid-2026\/"},{"@type":"ListItem","position":3,"name":"Actividades 2026","item":"https:\/\/sombramadrid.com\/programacion-sombra-madrid-2026\/actividades-2026\/"},{"@type":"ListItem","position":4,"name":"Actividades 2026 | Sesi\u00f3n Alterego. \u00c1ngel G\u00f3mez vs Ana Asensio. Charla sobre espa\u00f1oles en USA"}]},{"@type":"WebSite","@id":"https:\/\/sombramadrid.com\/#website","url":"https:\/\/sombramadrid.com\/","name":"Sombra Festival","description":"XIII Festival de Cine Fant\u00e1stico Europeo de Murcia, 8-17 MARZO 2024","publisher":{"@id":"https:\/\/sombramadrid.com\/#organization"},"potentialAction":[{"@type":"SearchAction","target":{"@type":"EntryPoint","urlTemplate":"https:\/\/sombramadrid.com\/?s={search_term_string}"},"query-input":{"@type":"PropertyValueSpecification","valueRequired":true,"valueName":"search_term_string"}}],"inLanguage":"en-GB"},{"@type":"Organization","@id":"https:\/\/sombramadrid.com\/#organization","name":"SOMBRA, IX FESTIVAL DE CINE FANTASTICO EUROPEO DE MURCIA","url":"https:\/\/sombramadrid.com\/","logo":{"@type":"ImageObject","inLanguage":"en-GB","@id":"https:\/\/sombramadrid.com\/#\/schema\/logo\/image\/","url":"https:\/\/sombramadrid.com\/wp-content\/uploads\/2019\/10\/Sombra-LogoIdentificador-Negativo.jpg","contentUrl":"https:\/\/sombramadrid.com\/wp-content\/uploads\/2019\/10\/Sombra-LogoIdentificador-Negativo.jpg","width":400,"height":400,"caption":"SOMBRA, IX FESTIVAL DE CINE FANTASTICO EUROPEO DE MURCIA"},"image":{"@id":"https:\/\/sombramadrid.com\/#\/schema\/logo\/image\/"},"sameAs":["https:\/\/www.facebook.com\/Sombra-Festival-De-CINE-Fantastico-Europeo-De-Murcia-175337032531429\/","https:\/\/x.com\/SombraFestival","https:\/\/www.instagram.com\/sombrafestival\/","https:\/\/www.youtube.com\/channel\/UCBdSJni9V30Tq4cGf4Lj0Ug?view_as=subscriber"]}]}},"_links":{"self":[{"href":"https:\/\/sombramadrid.com\/en\/wp-json\/wp\/v2\/pages\/7774","targetHints":{"allow":["GET"]}}],"collection":[{"href":"https:\/\/sombramadrid.com\/en\/wp-json\/wp\/v2\/pages"}],"about":[{"href":"https:\/\/sombramadrid.com\/en\/wp-json\/wp\/v2\/types\/page"}],"author":[{"embeddable":true,"href":"https:\/\/sombramadrid.com\/en\/wp-json\/wp\/v2\/users\/2"}],"replies":[{"embeddable":true,"href":"https:\/\/sombramadrid.com\/en\/wp-json\/wp\/v2\/comments?post=7774"}],"version-history":[{"count":7,"href":"https:\/\/sombramadrid.com\/en\/wp-json\/wp\/v2\/pages\/7774\/revisions"}],"predecessor-version":[{"id":7990,"href":"https:\/\/sombramadrid.com\/en\/wp-json\/wp\/v2\/pages\/7774\/revisions\/7990"}],"up":[{"embeddable":true,"href":"https:\/\/sombramadrid.com\/en\/wp-json\/wp\/v2\/pages\/7772"}],"wp:featuredmedia":[{"embeddable":true,"href":"https:\/\/sombramadrid.com\/en\/wp-json\/wp\/v2\/media\/7775"}],"wp:attachment":[{"href":"https:\/\/sombramadrid.com\/en\/wp-json\/wp\/v2\/media?parent=7774"}],"curies":[{"name":"wp","href":"https:\/\/api.w.org\/{rel}","templated":true}]}}