{"id":7772,"date":"2026-02-08T20:43:54","date_gmt":"2026-02-08T19:43:54","guid":{"rendered":"https:\/\/sombramadrid.com\/?page_id=7772"},"modified":"2026-02-08T23:14:17","modified_gmt":"2026-02-08T22:14:17","slug":"actividades-2026","status":"publish","type":"page","link":"https:\/\/sombramadrid.com\/en\/programacion-sombra-madrid-2026\/actividades-2026\/","title":{"rendered":"Actividades 2026"},"content":{"rendered":"<div class=\"wp-block-columns is-layout-flex wp-container-core-columns-is-layout-1 wp-block-columns-is-layout-flex\">\n<div class=\"wp-block-column is-vertically-aligned-bottom is-layout-flow wp-block-column-is-layout-flow\">\n<h2 class=\"wp-block-heading has-text-align-center\">Charla sobre espa\u00f1oles en USA<\/h2>\n\n\n\n<figure class=\"wp-block-image size-full\"><a href=\"https:\/\/sombramadrid.com\/en\/programacion-sombra-madrid-2026\/actividades-2026\/actividades-2026-sesion-alterego-angel-gomez-vs-ana-asensio-charla-sobre-espanoles-en-usa\/\"><img loading=\"lazy\" decoding=\"async\" width=\"410\" height=\"379\" src=\"https:\/\/sombramadrid.com\/wp-content\/uploads\/2026\/02\/alterego_.jpg\" alt=\"\" class=\"wp-image-7779\" srcset=\"https:\/\/sombramadrid.com\/wp-content\/uploads\/2026\/02\/alterego_.jpg 410w, https:\/\/sombramadrid.com\/wp-content\/uploads\/2026\/02\/alterego_-300x277.jpg 300w, https:\/\/sombramadrid.com\/wp-content\/uploads\/2026\/02\/alterego_-13x12.jpg 13w\" sizes=\"auto, (max-width: 410px) 100vw, 410px\" \/><\/a><\/figure>\n<\/div>\n\n\n\n<div class=\"wp-block-column is-vertically-aligned-bottom is-layout-flow wp-block-column-is-layout-flow\">\n<h2 class=\"wp-block-heading has-text-align-center\">Madd Film Market<\/h2>\n\n\n\n<figure class=\"wp-block-image size-full\"><a href=\"https:\/\/filmmarket.sombramadrid.com\/\"><img loading=\"lazy\" decoding=\"async\" width=\"410\" height=\"379\" src=\"https:\/\/sombramadrid.com\/wp-content\/uploads\/2026\/02\/madmarket.jpg\" alt=\"\" class=\"wp-image-7783\" srcset=\"https:\/\/sombramadrid.com\/wp-content\/uploads\/2026\/02\/madmarket.jpg 410w, https:\/\/sombramadrid.com\/wp-content\/uploads\/2026\/02\/madmarket-300x277.jpg 300w, https:\/\/sombramadrid.com\/wp-content\/uploads\/2026\/02\/madmarket-13x12.jpg 13w\" sizes=\"auto, (max-width: 410px) 100vw, 410px\" \/><\/a><\/figure>\n<\/div>\n\n\n\n<div class=\"wp-block-column is-vertically-aligned-bottom is-layout-flow wp-block-column-is-layout-flow\">\n<h2 class=\"wp-block-heading has-text-align-center\">Podcast Cinegua con Javier Botet y Lisa Justice<\/h2>\n\n\n\n<figure class=\"wp-block-image size-full\"><a href=\"https:\/\/sombramadrid.com\/en\/programacion-sombra-madrid-2026\/actividades-2026\/actividades-2026-podcast-cinegua-con-javier-botet-y-lisa-justice\/\"><img loading=\"lazy\" decoding=\"async\" width=\"410\" height=\"379\" src=\"https:\/\/sombramadrid.com\/wp-content\/uploads\/2026\/02\/cinegua.jpg\" alt=\"\" class=\"wp-image-7786\" srcset=\"https:\/\/sombramadrid.com\/wp-content\/uploads\/2026\/02\/cinegua.jpg 410w, https:\/\/sombramadrid.com\/wp-content\/uploads\/2026\/02\/cinegua-300x277.jpg 300w, https:\/\/sombramadrid.com\/wp-content\/uploads\/2026\/02\/cinegua-13x12.jpg 13w\" sizes=\"auto, (max-width: 410px) 100vw, 410px\" \/><\/a><\/figure>\n<\/div>\n<\/div>\n\n\n\n<div class=\"wp-block-columns is-layout-flex wp-container-core-columns-is-layout-2 wp-block-columns-is-layout-flex\">\n<div class=\"wp-block-column is-vertically-aligned-bottom is-layout-flow wp-block-column-is-layout-flow\">\n<h2 class=\"wp-block-heading has-text-align-center\">Charla y sesi\u00f3n de firmas. Esad Ribic vs Aneke<\/h2>\n\n\n\n<figure class=\"wp-block-image size-full\"><a href=\"https:\/\/sombramadrid.com\/en\/programacion-sombra-madrid-2026\/actividades-2026\/actividades-2026-esad-ribic-marvel-dc-vs-aneke-marvel-dc\/\"><img loading=\"lazy\" decoding=\"async\" width=\"410\" height=\"379\" src=\"https:\/\/sombramadrid.com\/wp-content\/uploads\/2026\/02\/ribic-vs-aneke.jpg\" alt=\"\" class=\"wp-image-7792\" srcset=\"https:\/\/sombramadrid.com\/wp-content\/uploads\/2026\/02\/ribic-vs-aneke.jpg 410w, https:\/\/sombramadrid.com\/wp-content\/uploads\/2026\/02\/ribic-vs-aneke-300x277.jpg 300w, https:\/\/sombramadrid.com\/wp-content\/uploads\/2026\/02\/ribic-vs-aneke-13x12.jpg 13w\" sizes=\"auto, (max-width: 410px) 100vw, 410px\" \/><\/a><\/figure>\n<\/div>\n\n\n\n<div class=\"wp-block-column is-vertically-aligned-bottom is-layout-flow wp-block-column-is-layout-flow\">\n<h2 class=\"wp-block-heading has-text-align-center\">Presentaci\u00f3n del libro de Paco Saez<\/h2>\n\n\n\n<figure class=\"wp-block-image size-full\"><a href=\"https:\/\/sombramadrid.com\/en\/programacion-sombra-madrid-2026\/actividades-2026\/actividades-sombra-2026-presentacion-del-libro-de-paco-saez-diario-de-un-dibujante-cinematografico\/\"><img loading=\"lazy\" decoding=\"async\" width=\"410\" height=\"379\" src=\"https:\/\/sombramadrid.com\/wp-content\/uploads\/2026\/02\/libropacosaez.jpg\" alt=\"\" class=\"wp-image-7795\" srcset=\"https:\/\/sombramadrid.com\/wp-content\/uploads\/2026\/02\/libropacosaez.jpg 410w, https:\/\/sombramadrid.com\/wp-content\/uploads\/2026\/02\/libropacosaez-300x277.jpg 300w, https:\/\/sombramadrid.com\/wp-content\/uploads\/2026\/02\/libropacosaez-13x12.jpg 13w\" sizes=\"auto, (max-width: 410px) 100vw, 410px\" \/><\/a><\/figure>\n<\/div>\n\n\n\n<div class=\"wp-block-column is-vertically-aligned-bottom is-layout-flow wp-block-column-is-layout-flow\">\n<h2 class=\"wp-block-heading has-text-align-center\"><\/h2>\n<\/div>\n<\/div>","protected":false},"excerpt":{"rendered":"<p>Charla sobre espa\u00f1oles en USA Madd Film Market Podcast Cinegua con Javier Botet y Lisa Justice Charla y sesi\u00f3n de firmas. Esad Ribic vs Aneke Presentaci\u00f3n del libro de Paco Saez<\/p>","protected":false},"author":2,"featured_media":0,"parent":7622,"menu_order":0,"comment_status":"closed","ping_status":"closed","template":"","meta":{"footnotes":""},"class_list":["post-7772","page","type-page","status-publish"],"yoast_head":"<!-- This site is optimized with the Yoast SEO plugin v24.3 - https:\/\/yoast.com\/wordpress\/plugins\/seo\/ -->\n<title>Actividades 2026 - Sombra Festival<\/title>\n<meta name=\"robots\" content=\"index, follow, max-snippet:-1, max-image-preview:large, max-video-preview:-1\" \/>\n<link rel=\"canonical\" href=\"https:\/\/sombramadrid.com\/en\/programacion-sombra-madrid-2026\/actividades-2026\/\" \/>\n<meta property=\"og:locale\" content=\"en_GB\" \/>\n<meta property=\"og:type\" content=\"article\" \/>\n<meta property=\"og:title\" content=\"Actividades 2026 - Sombra Festival\" \/>\n<meta property=\"og:description\" content=\"Charla sobre espa\u00f1oles en USA Madd Film Market Podcast Cinegua con Javier Botet y Lisa Justice Charla y sesi\u00f3n de firmas. Esad Ribic vs Aneke Presentaci\u00f3n del libro de Paco Saez\" \/>\n<meta property=\"og:url\" content=\"https:\/\/sombramadrid.com\/en\/programacion-sombra-madrid-2026\/actividades-2026\/\" \/>\n<meta property=\"og:site_name\" content=\"Sombra Festival\" \/>\n<meta property=\"article:publisher\" content=\"https:\/\/www.facebook.com\/Sombra-Festival-De-CINE-Fantastico-Europeo-De-Murcia-175337032531429\/\" \/>\n<meta property=\"article:modified_time\" content=\"2026-02-08T22:14:17+00:00\" \/>\n<meta property=\"og:image\" content=\"https:\/\/sombramadrid.com\/wp-content\/uploads\/2026\/02\/alterego_.jpg\" \/>\n\t<meta property=\"og:image:width\" content=\"410\" \/>\n\t<meta property=\"og:image:height\" content=\"379\" \/>\n\t<meta property=\"og:image:type\" content=\"image\/jpeg\" \/>\n<meta name=\"twitter:card\" content=\"summary_large_image\" \/>\n<meta name=\"twitter:site\" content=\"@SombraFestival\" \/>\n<meta name=\"twitter:label1\" content=\"Est. reading time\" \/>\n\t<meta name=\"twitter:data1\" content=\"2 minutes\" \/>\n<script type=\"application\/ld+json\" class=\"yoast-schema-graph\">{\"@context\":\"https:\/\/schema.org\",\"@graph\":[{\"@type\":\"WebPage\",\"@id\":\"https:\/\/sombramadrid.com\/programacion-sombra-madrid-2026\/actividades-2026\/\",\"url\":\"https:\/\/sombramadrid.com\/programacion-sombra-madrid-2026\/actividades-2026\/\",\"name\":\"Actividades 2026 - Sombra Festival\",\"isPartOf\":{\"@id\":\"https:\/\/sombramadrid.com\/#website\"},\"primaryImageOfPage\":{\"@id\":\"https:\/\/sombramadrid.com\/programacion-sombra-madrid-2026\/actividades-2026\/#primaryimage\"},\"image\":{\"@id\":\"https:\/\/sombramadrid.com\/programacion-sombra-madrid-2026\/actividades-2026\/#primaryimage\"},\"thumbnailUrl\":\"https:\/\/sombramadrid.com\/wp-content\/uploads\/2026\/02\/alterego_.jpg\",\"datePublished\":\"2026-02-08T19:43:54+00:00\",\"dateModified\":\"2026-02-08T22:14:17+00:00\",\"breadcrumb\":{\"@id\":\"https:\/\/sombramadrid.com\/programacion-sombra-madrid-2026\/actividades-2026\/#breadcrumb\"},\"inLanguage\":\"en-GB\",\"potentialAction\":[{\"@type\":\"ReadAction\",\"target\":[\"https:\/\/sombramadrid.com\/programacion-sombra-madrid-2026\/actividades-2026\/\"]}]},{\"@type\":\"ImageObject\",\"inLanguage\":\"en-GB\",\"@id\":\"https:\/\/sombramadrid.com\/programacion-sombra-madrid-2026\/actividades-2026\/#primaryimage\",\"url\":\"https:\/\/sombramadrid.com\/wp-content\/uploads\/2026\/02\/alterego_.jpg\",\"contentUrl\":\"https:\/\/sombramadrid.com\/wp-content\/uploads\/2026\/02\/alterego_.jpg\"},{\"@type\":\"BreadcrumbList\",\"@id\":\"https:\/\/sombramadrid.com\/programacion-sombra-madrid-2026\/actividades-2026\/#breadcrumb\",\"itemListElement\":[{\"@type\":\"ListItem\",\"position\":1,\"name\":\"Portada\",\"item\":\"https:\/\/sombramadrid.com\/\"},{\"@type\":\"ListItem\",\"position\":2,\"name\":\"PROGRAMACI\u00d3N SOMBRA MADRID 2026\",\"item\":\"https:\/\/sombramadrid.com\/programacion-sombra-madrid-2026\/\"},{\"@type\":\"ListItem\",\"position\":3,\"name\":\"Actividades 2026\"}]},{\"@type\":\"WebSite\",\"@id\":\"https:\/\/sombramadrid.com\/#website\",\"url\":\"https:\/\/sombramadrid.com\/\",\"name\":\"Sombra Festival\",\"description\":\"XIII Festival de Cine Fant\u00e1stico Europeo de Murcia, 8-17 MARZO 2024\",\"publisher\":{\"@id\":\"https:\/\/sombramadrid.com\/#organization\"},\"potentialAction\":[{\"@type\":\"SearchAction\",\"target\":{\"@type\":\"EntryPoint\",\"urlTemplate\":\"https:\/\/sombramadrid.com\/?s={search_term_string}\"},\"query-input\":{\"@type\":\"PropertyValueSpecification\",\"valueRequired\":true,\"valueName\":\"search_term_string\"}}],\"inLanguage\":\"en-GB\"},{\"@type\":\"Organization\",\"@id\":\"https:\/\/sombramadrid.com\/#organization\",\"name\":\"SOMBRA, IX FESTIVAL DE CINE FANTASTICO EUROPEO DE MURCIA\",\"url\":\"https:\/\/sombramadrid.com\/\",\"logo\":{\"@type\":\"ImageObject\",\"inLanguage\":\"en-GB\",\"@id\":\"https:\/\/sombramadrid.com\/#\/schema\/logo\/image\/\",\"url\":\"https:\/\/sombramadrid.com\/wp-content\/uploads\/2019\/10\/Sombra-LogoIdentificador-Negativo.jpg\",\"contentUrl\":\"https:\/\/sombramadrid.com\/wp-content\/uploads\/2019\/10\/Sombra-LogoIdentificador-Negativo.jpg\",\"width\":400,\"height\":400,\"caption\":\"SOMBRA, IX FESTIVAL DE CINE FANTASTICO EUROPEO DE MURCIA\"},\"image\":{\"@id\":\"https:\/\/sombramadrid.com\/#\/schema\/logo\/image\/\"},\"sameAs\":[\"https:\/\/www.facebook.com\/Sombra-Festival-De-CINE-Fantastico-Europeo-De-Murcia-175337032531429\/\",\"https:\/\/x.com\/SombraFestival\",\"https:\/\/www.instagram.com\/sombrafestival\/\",\"https:\/\/www.youtube.com\/channel\/UCBdSJni9V30Tq4cGf4Lj0Ug?view_as=subscriber\"]}]}<\/script>\n<!-- \/ Yoast SEO plugin. -->","yoast_head_json":{"title":"Actividades 2026 - Sombra Festival","robots":{"index":"index","follow":"follow","max-snippet":"max-snippet:-1","max-image-preview":"max-image-preview:large","max-video-preview":"max-video-preview:-1"},"canonical":"https:\/\/sombramadrid.com\/en\/programacion-sombra-madrid-2026\/actividades-2026\/","og_locale":"en_GB","og_type":"article","og_title":"Actividades 2026 - Sombra Festival","og_description":"Charla sobre espa\u00f1oles en USA Madd Film Market Podcast Cinegua con Javier Botet y Lisa Justice Charla y sesi\u00f3n de firmas. Esad Ribic vs Aneke Presentaci\u00f3n del libro de Paco Saez","og_url":"https:\/\/sombramadrid.com\/en\/programacion-sombra-madrid-2026\/actividades-2026\/","og_site_name":"Sombra Festival","article_publisher":"https:\/\/www.facebook.com\/Sombra-Festival-De-CINE-Fantastico-Europeo-De-Murcia-175337032531429\/","article_modified_time":"2026-02-08T22:14:17+00:00","og_image":[{"width":410,"height":379,"url":"https:\/\/sombramadrid.com\/wp-content\/uploads\/2026\/02\/alterego_.jpg","type":"image\/jpeg"}],"twitter_card":"summary_large_image","twitter_site":"@SombraFestival","twitter_misc":{"Est. reading time":"2 minutes"},"schema":{"@context":"https:\/\/schema.org","@graph":[{"@type":"WebPage","@id":"https:\/\/sombramadrid.com\/programacion-sombra-madrid-2026\/actividades-2026\/","url":"https:\/\/sombramadrid.com\/programacion-sombra-madrid-2026\/actividades-2026\/","name":"Actividades 2026 - Sombra Festival","isPartOf":{"@id":"https:\/\/sombramadrid.com\/#website"},"primaryImageOfPage":{"@id":"https:\/\/sombramadrid.com\/programacion-sombra-madrid-2026\/actividades-2026\/#primaryimage"},"image":{"@id":"https:\/\/sombramadrid.com\/programacion-sombra-madrid-2026\/actividades-2026\/#primaryimage"},"thumbnailUrl":"https:\/\/sombramadrid.com\/wp-content\/uploads\/2026\/02\/alterego_.jpg","datePublished":"2026-02-08T19:43:54+00:00","dateModified":"2026-02-08T22:14:17+00:00","breadcrumb":{"@id":"https:\/\/sombramadrid.com\/programacion-sombra-madrid-2026\/actividades-2026\/#breadcrumb"},"inLanguage":"en-GB","potentialAction":[{"@type":"ReadAction","target":["https:\/\/sombramadrid.com\/programacion-sombra-madrid-2026\/actividades-2026\/"]}]},{"@type":"ImageObject","inLanguage":"en-GB","@id":"https:\/\/sombramadrid.com\/programacion-sombra-madrid-2026\/actividades-2026\/#primaryimage","url":"https:\/\/sombramadrid.com\/wp-content\/uploads\/2026\/02\/alterego_.jpg","contentUrl":"https:\/\/sombramadrid.com\/wp-content\/uploads\/2026\/02\/alterego_.jpg"},{"@type":"BreadcrumbList","@id":"https:\/\/sombramadrid.com\/programacion-sombra-madrid-2026\/actividades-2026\/#breadcrumb","itemListElement":[{"@type":"ListItem","position":1,"name":"Portada","item":"https:\/\/sombramadrid.com\/"},{"@type":"ListItem","position":2,"name":"PROGRAMACI\u00d3N SOMBRA MADRID 2026","item":"https:\/\/sombramadrid.com\/programacion-sombra-madrid-2026\/"},{"@type":"ListItem","position":3,"name":"Actividades 2026"}]},{"@type":"WebSite","@id":"https:\/\/sombramadrid.com\/#website","url":"https:\/\/sombramadrid.com\/","name":"Sombra Festival","description":"XIII Festival de Cine Fant\u00e1stico Europeo de Murcia, 8-17 MARZO 2024","publisher":{"@id":"https:\/\/sombramadrid.com\/#organization"},"potentialAction":[{"@type":"SearchAction","target":{"@type":"EntryPoint","urlTemplate":"https:\/\/sombramadrid.com\/?s={search_term_string}"},"query-input":{"@type":"PropertyValueSpecification","valueRequired":true,"valueName":"search_term_string"}}],"inLanguage":"en-GB"},{"@type":"Organization","@id":"https:\/\/sombramadrid.com\/#organization","name":"SOMBRA, IX FESTIVAL DE CINE FANTASTICO EUROPEO DE MURCIA","url":"https:\/\/sombramadrid.com\/","logo":{"@type":"ImageObject","inLanguage":"en-GB","@id":"https:\/\/sombramadrid.com\/#\/schema\/logo\/image\/","url":"https:\/\/sombramadrid.com\/wp-content\/uploads\/2019\/10\/Sombra-LogoIdentificador-Negativo.jpg","contentUrl":"https:\/\/sombramadrid.com\/wp-content\/uploads\/2019\/10\/Sombra-LogoIdentificador-Negativo.jpg","width":400,"height":400,"caption":"SOMBRA, IX FESTIVAL DE CINE FANTASTICO EUROPEO DE MURCIA"},"image":{"@id":"https:\/\/sombramadrid.com\/#\/schema\/logo\/image\/"},"sameAs":["https:\/\/www.facebook.com\/Sombra-Festival-De-CINE-Fantastico-Europeo-De-Murcia-175337032531429\/","https:\/\/x.com\/SombraFestival","https:\/\/www.instagram.com\/sombrafestival\/","https:\/\/www.youtube.com\/channel\/UCBdSJni9V30Tq4cGf4Lj0Ug?view_as=subscriber"]}]}},"_links":{"self":[{"href":"https:\/\/sombramadrid.com\/en\/wp-json\/wp\/v2\/pages\/7772","targetHints":{"allow":["GET"]}}],"collection":[{"href":"https:\/\/sombramadrid.com\/en\/wp-json\/wp\/v2\/pages"}],"about":[{"href":"https:\/\/sombramadrid.com\/en\/wp-json\/wp\/v2\/types\/page"}],"author":[{"embeddable":true,"href":"https:\/\/sombramadrid.com\/en\/wp-json\/wp\/v2\/users\/2"}],"replies":[{"embeddable":true,"href":"https:\/\/sombramadrid.com\/en\/wp-json\/wp\/v2\/comments?post=7772"}],"version-history":[{"count":8,"href":"https:\/\/sombramadrid.com\/en\/wp-json\/wp\/v2\/pages\/7772\/revisions"}],"predecessor-version":[{"id":7860,"href":"https:\/\/sombramadrid.com\/en\/wp-json\/wp\/v2\/pages\/7772\/revisions\/7860"}],"up":[{"embeddable":true,"href":"https:\/\/sombramadrid.com\/en\/wp-json\/wp\/v2\/pages\/7622"}],"wp:attachment":[{"href":"https:\/\/sombramadrid.com\/en\/wp-json\/wp\/v2\/media?parent=7772"}],"curies":[{"name":"wp","href":"https:\/\/api.w.org\/{rel}","templated":true}]}}