{"id":7700,"date":"2026-02-08T20:25:42","date_gmt":"2026-02-08T19:25:42","guid":{"rendered":"https:\/\/sombramadrid.com\/?page_id=7700"},"modified":"2026-02-08T20:26:32","modified_gmt":"2026-02-08T19:26:32","slug":"invitados-sombra-madrid-2026-aneke","status":"publish","type":"page","link":"https:\/\/sombramadrid.com\/en\/programacion-sombra-madrid-2026\/invitados-sombra-madrid-2026\/invitados-sombra-madrid-2026-aneke\/","title":{"rendered":"Invitados Sombra Madrid 2026 | Aneke"},"content":{"rendered":"<p>Aneke es una de las dibujantes de c\u00f3mic espa\u00f1olas que ha entrado con m\u00e1s fuerza en el mercado americano en los \u00faltimos a\u00f1os, demostrando que puede dibujar pr\u00e1cticamente cualquier g\u00e9nero.<\/p>\n<p>A lo largo de su carrera ha firmado t\u00edtulos para las editoriales m\u00e1s potentes del panorama internacional, como DC Comics, MARVEL, Dynamite, etc; adem\u00e1s del mercado europeo, entre cuyos \u00faltimos trabajos, destaca el final de \u201cLas nuevas Aventuras de Esther. La boda\u201d.<\/p>\n<p>Nacida en Madrid, entre sus \u00faltimos trabajos sobresalen su labor como cocreadora y artista de la novela gr\u00e1fica de misterio noir Bylines In Blood con Erica Schultz y Van Jensen para Aftershock; su trabajo en Carmen, la novela gr\u00e1fica, junto a Alek Shrader y Craig\u2019s Russell, y sus colaboraciones m\u00e1s recientes para las majors DC Comics y Marvel Comics.<\/p>\n<p>Durante su carrera como dibujante de c\u00f3mics, Aneke ha trabajado para DC Comics en t\u00edtulos como Bombshells, BS Suicide Squad, Gotham City Garage, The house of whispers, Wonder Woman (taller de talentos 2018), Poison Ivy (cuento de Navidad), Wonder Woman Giant, Catwoman, Batgirls Future State, RWBY\/Justice League y muchos m\u00e1s.<\/p>\n<p>Aneke tambi\u00e9n ha ilustrado numerosos t\u00edtulos de \u00e9xito para Marvel, como Age Of Conan: Valeria, y ha entintado varias portadas junto a gran amigo Carlos Pacheco, en Conan o Aliens, entre otros.<\/p>\n<p>Otros t\u00edtulos en la bibliograf\u00eda de Aneke incluyen 2000AD, Venus Bluegenes, Judge Anderson, Vampirella, Red Sonja, Psi-Division, Damsels, Battlestar Galactica 1880 para Dynamite.<\/p>\n<p>Dibujante, entintadora, colorista, entusiasta de la m\u00fasica, el cine, el arte y la ciencia; Aneke (tambi\u00e9n conocida por su nombre \u201cde paisano\u201d Ana Murillo) es una gran amante de los c\u00f3mics y de la capacidad humana para crear belleza y significado.<\/p>\n<p>Actualmente, compagina su trabajo en la miniserie RIPCORD junto al webtoon Taste of Justice para DC<\/p>\n<p><img loading=\"lazy\" decoding=\"async\" class=\"alignnone size-full wp-image-7703\" src=\"https:\/\/sombramadrid.com\/wp-content\/uploads\/2026\/02\/Aneke-1.jpg\" alt=\"\" width=\"784\" height=\"784\" srcset=\"https:\/\/sombramadrid.com\/wp-content\/uploads\/2026\/02\/Aneke-1.jpg 784w, https:\/\/sombramadrid.com\/wp-content\/uploads\/2026\/02\/Aneke-1-300x300.jpg 300w, https:\/\/sombramadrid.com\/wp-content\/uploads\/2026\/02\/Aneke-1-150x150.jpg 150w, https:\/\/sombramadrid.com\/wp-content\/uploads\/2026\/02\/Aneke-1-768x768.jpg 768w, https:\/\/sombramadrid.com\/wp-content\/uploads\/2026\/02\/Aneke-1-12x12.jpg 12w, https:\/\/sombramadrid.com\/wp-content\/uploads\/2026\/02\/Aneke-1-420x420.jpg 420w, https:\/\/sombramadrid.com\/wp-content\/uploads\/2026\/02\/Aneke-1-696x696.jpg 696w\" sizes=\"auto, (max-width: 784px) 100vw, 784px\" \/><\/p>","protected":false},"excerpt":{"rendered":"<p>Aneke es una de las dibujantes de c\u00f3mic espa\u00f1olas que ha entrado con m\u00e1s fuerza en el mercado americano en los \u00faltimos a\u00f1os, demostrando que puede dibujar pr\u00e1cticamente cualquier g\u00e9nero. A lo largo de su carrera ha firmado t\u00edtulos para las editoriales m\u00e1s potentes del panorama internacional, como DC Comics, MARVEL, Dynamite, etc; adem\u00e1s del [&hellip;]<\/p>","protected":false},"author":2,"featured_media":7703,"parent":7710,"menu_order":0,"comment_status":"closed","ping_status":"closed","template":"","meta":{"footnotes":""},"class_list":["post-7700","page","type-page","status-publish","has-post-thumbnail"],"yoast_head":"<!-- This site is optimized with the Yoast SEO plugin v24.3 - https:\/\/yoast.com\/wordpress\/plugins\/seo\/ -->\n<title>Invitados Sombra Madrid 2026 | Aneke - Sombra Festival<\/title>\n<meta name=\"robots\" content=\"index, follow, max-snippet:-1, max-image-preview:large, max-video-preview:-1\" \/>\n<link rel=\"canonical\" href=\"https:\/\/sombramadrid.com\/en\/programacion-sombra-madrid-2026\/invitados-sombra-madrid-2026\/invitados-sombra-madrid-2026-aneke\/\" \/>\n<meta property=\"og:locale\" content=\"en_GB\" \/>\n<meta property=\"og:type\" content=\"article\" \/>\n<meta property=\"og:title\" content=\"Invitados Sombra Madrid 2026 | Aneke - Sombra Festival\" \/>\n<meta property=\"og:description\" content=\"Aneke es una de las dibujantes de c\u00f3mic espa\u00f1olas que ha entrado con m\u00e1s fuerza en el mercado americano en los \u00faltimos a\u00f1os, demostrando que puede dibujar pr\u00e1cticamente cualquier g\u00e9nero. A lo largo de su carrera ha firmado t\u00edtulos para las editoriales m\u00e1s potentes del panorama internacional, como DC Comics, MARVEL, Dynamite, etc; adem\u00e1s del [&hellip;]\" \/>\n<meta property=\"og:url\" content=\"https:\/\/sombramadrid.com\/en\/programacion-sombra-madrid-2026\/invitados-sombra-madrid-2026\/invitados-sombra-madrid-2026-aneke\/\" \/>\n<meta property=\"og:site_name\" content=\"Sombra Festival\" \/>\n<meta property=\"article:publisher\" content=\"https:\/\/www.facebook.com\/Sombra-Festival-De-CINE-Fantastico-Europeo-De-Murcia-175337032531429\/\" \/>\n<meta property=\"article:modified_time\" content=\"2026-02-08T19:26:32+00:00\" \/>\n<meta property=\"og:image\" content=\"https:\/\/sombramadrid.com\/wp-content\/uploads\/2026\/02\/Aneke-1.jpg\" \/>\n\t<meta property=\"og:image:width\" content=\"784\" \/>\n\t<meta property=\"og:image:height\" content=\"784\" \/>\n\t<meta property=\"og:image:type\" content=\"image\/jpeg\" \/>\n<meta name=\"twitter:card\" content=\"summary_large_image\" \/>\n<meta name=\"twitter:site\" content=\"@SombraFestival\" \/>\n<meta name=\"twitter:label1\" content=\"Est. reading time\" \/>\n\t<meta name=\"twitter:data1\" content=\"2 minutes\" \/>\n<script type=\"application\/ld+json\" class=\"yoast-schema-graph\">{\"@context\":\"https:\/\/schema.org\",\"@graph\":[{\"@type\":\"WebPage\",\"@id\":\"https:\/\/sombramadrid.com\/programacion-sombra-madrid-2026\/invitados-sombra-madrid-2026\/invitados-sombra-madrid-2026-aneke\/\",\"url\":\"https:\/\/sombramadrid.com\/programacion-sombra-madrid-2026\/invitados-sombra-madrid-2026\/invitados-sombra-madrid-2026-aneke\/\",\"name\":\"Invitados Sombra Madrid 2026 | Aneke - Sombra Festival\",\"isPartOf\":{\"@id\":\"https:\/\/sombramadrid.com\/#website\"},\"primaryImageOfPage\":{\"@id\":\"https:\/\/sombramadrid.com\/programacion-sombra-madrid-2026\/invitados-sombra-madrid-2026\/invitados-sombra-madrid-2026-aneke\/#primaryimage\"},\"image\":{\"@id\":\"https:\/\/sombramadrid.com\/programacion-sombra-madrid-2026\/invitados-sombra-madrid-2026\/invitados-sombra-madrid-2026-aneke\/#primaryimage\"},\"thumbnailUrl\":\"https:\/\/sombramadrid.com\/wp-content\/uploads\/2026\/02\/Aneke-1.jpg\",\"datePublished\":\"2026-02-08T19:25:42+00:00\",\"dateModified\":\"2026-02-08T19:26:32+00:00\",\"breadcrumb\":{\"@id\":\"https:\/\/sombramadrid.com\/programacion-sombra-madrid-2026\/invitados-sombra-madrid-2026\/invitados-sombra-madrid-2026-aneke\/#breadcrumb\"},\"inLanguage\":\"en-GB\",\"potentialAction\":[{\"@type\":\"ReadAction\",\"target\":[\"https:\/\/sombramadrid.com\/programacion-sombra-madrid-2026\/invitados-sombra-madrid-2026\/invitados-sombra-madrid-2026-aneke\/\"]}]},{\"@type\":\"ImageObject\",\"inLanguage\":\"en-GB\",\"@id\":\"https:\/\/sombramadrid.com\/programacion-sombra-madrid-2026\/invitados-sombra-madrid-2026\/invitados-sombra-madrid-2026-aneke\/#primaryimage\",\"url\":\"https:\/\/sombramadrid.com\/wp-content\/uploads\/2026\/02\/Aneke-1.jpg\",\"contentUrl\":\"https:\/\/sombramadrid.com\/wp-content\/uploads\/2026\/02\/Aneke-1.jpg\",\"width\":784,\"height\":784},{\"@type\":\"BreadcrumbList\",\"@id\":\"https:\/\/sombramadrid.com\/programacion-sombra-madrid-2026\/invitados-sombra-madrid-2026\/invitados-sombra-madrid-2026-aneke\/#breadcrumb\",\"itemListElement\":[{\"@type\":\"ListItem\",\"position\":1,\"name\":\"Portada\",\"item\":\"https:\/\/sombramadrid.com\/\"},{\"@type\":\"ListItem\",\"position\":2,\"name\":\"PROGRAMACI\u00d3N SOMBRA MADRID 2026\",\"item\":\"https:\/\/sombramadrid.com\/programacion-sombra-madrid-2026\/\"},{\"@type\":\"ListItem\",\"position\":3,\"name\":\"Invitados Sombra Madrid 2026\",\"item\":\"https:\/\/sombramadrid.com\/programacion-sombra-madrid-2026\/invitados-sombra-madrid-2026\/\"},{\"@type\":\"ListItem\",\"position\":4,\"name\":\"Invitados Sombra Madrid 2026 | Aneke\"}]},{\"@type\":\"WebSite\",\"@id\":\"https:\/\/sombramadrid.com\/#website\",\"url\":\"https:\/\/sombramadrid.com\/\",\"name\":\"Sombra Festival\",\"description\":\"XIII Festival de Cine Fant\u00e1stico Europeo de Murcia, 8-17 MARZO 2024\",\"publisher\":{\"@id\":\"https:\/\/sombramadrid.com\/#organization\"},\"potentialAction\":[{\"@type\":\"SearchAction\",\"target\":{\"@type\":\"EntryPoint\",\"urlTemplate\":\"https:\/\/sombramadrid.com\/?s={search_term_string}\"},\"query-input\":{\"@type\":\"PropertyValueSpecification\",\"valueRequired\":true,\"valueName\":\"search_term_string\"}}],\"inLanguage\":\"en-GB\"},{\"@type\":\"Organization\",\"@id\":\"https:\/\/sombramadrid.com\/#organization\",\"name\":\"SOMBRA, IX FESTIVAL DE CINE FANTASTICO EUROPEO DE MURCIA\",\"url\":\"https:\/\/sombramadrid.com\/\",\"logo\":{\"@type\":\"ImageObject\",\"inLanguage\":\"en-GB\",\"@id\":\"https:\/\/sombramadrid.com\/#\/schema\/logo\/image\/\",\"url\":\"https:\/\/sombramadrid.com\/wp-content\/uploads\/2019\/10\/Sombra-LogoIdentificador-Negativo.jpg\",\"contentUrl\":\"https:\/\/sombramadrid.com\/wp-content\/uploads\/2019\/10\/Sombra-LogoIdentificador-Negativo.jpg\",\"width\":400,\"height\":400,\"caption\":\"SOMBRA, IX FESTIVAL DE CINE FANTASTICO EUROPEO DE MURCIA\"},\"image\":{\"@id\":\"https:\/\/sombramadrid.com\/#\/schema\/logo\/image\/\"},\"sameAs\":[\"https:\/\/www.facebook.com\/Sombra-Festival-De-CINE-Fantastico-Europeo-De-Murcia-175337032531429\/\",\"https:\/\/x.com\/SombraFestival\",\"https:\/\/www.instagram.com\/sombrafestival\/\",\"https:\/\/www.youtube.com\/channel\/UCBdSJni9V30Tq4cGf4Lj0Ug?view_as=subscriber\"]}]}<\/script>\n<!-- \/ Yoast SEO plugin. -->","yoast_head_json":{"title":"Invitados Sombra Madrid 2026 | Aneke - Sombra Festival","robots":{"index":"index","follow":"follow","max-snippet":"max-snippet:-1","max-image-preview":"max-image-preview:large","max-video-preview":"max-video-preview:-1"},"canonical":"https:\/\/sombramadrid.com\/en\/programacion-sombra-madrid-2026\/invitados-sombra-madrid-2026\/invitados-sombra-madrid-2026-aneke\/","og_locale":"en_GB","og_type":"article","og_title":"Invitados Sombra Madrid 2026 | Aneke - Sombra Festival","og_description":"Aneke es una de las dibujantes de c\u00f3mic espa\u00f1olas que ha entrado con m\u00e1s fuerza en el mercado americano en los \u00faltimos a\u00f1os, demostrando que puede dibujar pr\u00e1cticamente cualquier g\u00e9nero. A lo largo de su carrera ha firmado t\u00edtulos para las editoriales m\u00e1s potentes del panorama internacional, como DC Comics, MARVEL, Dynamite, etc; adem\u00e1s del [&hellip;]","og_url":"https:\/\/sombramadrid.com\/en\/programacion-sombra-madrid-2026\/invitados-sombra-madrid-2026\/invitados-sombra-madrid-2026-aneke\/","og_site_name":"Sombra Festival","article_publisher":"https:\/\/www.facebook.com\/Sombra-Festival-De-CINE-Fantastico-Europeo-De-Murcia-175337032531429\/","article_modified_time":"2026-02-08T19:26:32+00:00","og_image":[{"width":784,"height":784,"url":"https:\/\/sombramadrid.com\/wp-content\/uploads\/2026\/02\/Aneke-1.jpg","type":"image\/jpeg"}],"twitter_card":"summary_large_image","twitter_site":"@SombraFestival","twitter_misc":{"Est. reading time":"2 minutes"},"schema":{"@context":"https:\/\/schema.org","@graph":[{"@type":"WebPage","@id":"https:\/\/sombramadrid.com\/programacion-sombra-madrid-2026\/invitados-sombra-madrid-2026\/invitados-sombra-madrid-2026-aneke\/","url":"https:\/\/sombramadrid.com\/programacion-sombra-madrid-2026\/invitados-sombra-madrid-2026\/invitados-sombra-madrid-2026-aneke\/","name":"Invitados Sombra Madrid 2026 | Aneke - Sombra Festival","isPartOf":{"@id":"https:\/\/sombramadrid.com\/#website"},"primaryImageOfPage":{"@id":"https:\/\/sombramadrid.com\/programacion-sombra-madrid-2026\/invitados-sombra-madrid-2026\/invitados-sombra-madrid-2026-aneke\/#primaryimage"},"image":{"@id":"https:\/\/sombramadrid.com\/programacion-sombra-madrid-2026\/invitados-sombra-madrid-2026\/invitados-sombra-madrid-2026-aneke\/#primaryimage"},"thumbnailUrl":"https:\/\/sombramadrid.com\/wp-content\/uploads\/2026\/02\/Aneke-1.jpg","datePublished":"2026-02-08T19:25:42+00:00","dateModified":"2026-02-08T19:26:32+00:00","breadcrumb":{"@id":"https:\/\/sombramadrid.com\/programacion-sombra-madrid-2026\/invitados-sombra-madrid-2026\/invitados-sombra-madrid-2026-aneke\/#breadcrumb"},"inLanguage":"en-GB","potentialAction":[{"@type":"ReadAction","target":["https:\/\/sombramadrid.com\/programacion-sombra-madrid-2026\/invitados-sombra-madrid-2026\/invitados-sombra-madrid-2026-aneke\/"]}]},{"@type":"ImageObject","inLanguage":"en-GB","@id":"https:\/\/sombramadrid.com\/programacion-sombra-madrid-2026\/invitados-sombra-madrid-2026\/invitados-sombra-madrid-2026-aneke\/#primaryimage","url":"https:\/\/sombramadrid.com\/wp-content\/uploads\/2026\/02\/Aneke-1.jpg","contentUrl":"https:\/\/sombramadrid.com\/wp-content\/uploads\/2026\/02\/Aneke-1.jpg","width":784,"height":784},{"@type":"BreadcrumbList","@id":"https:\/\/sombramadrid.com\/programacion-sombra-madrid-2026\/invitados-sombra-madrid-2026\/invitados-sombra-madrid-2026-aneke\/#breadcrumb","itemListElement":[{"@type":"ListItem","position":1,"name":"Portada","item":"https:\/\/sombramadrid.com\/"},{"@type":"ListItem","position":2,"name":"PROGRAMACI\u00d3N SOMBRA MADRID 2026","item":"https:\/\/sombramadrid.com\/programacion-sombra-madrid-2026\/"},{"@type":"ListItem","position":3,"name":"Invitados Sombra Madrid 2026","item":"https:\/\/sombramadrid.com\/programacion-sombra-madrid-2026\/invitados-sombra-madrid-2026\/"},{"@type":"ListItem","position":4,"name":"Invitados Sombra Madrid 2026 | Aneke"}]},{"@type":"WebSite","@id":"https:\/\/sombramadrid.com\/#website","url":"https:\/\/sombramadrid.com\/","name":"Sombra Festival","description":"XIII Festival de Cine Fant\u00e1stico Europeo de Murcia, 8-17 MARZO 2024","publisher":{"@id":"https:\/\/sombramadrid.com\/#organization"},"potentialAction":[{"@type":"SearchAction","target":{"@type":"EntryPoint","urlTemplate":"https:\/\/sombramadrid.com\/?s={search_term_string}"},"query-input":{"@type":"PropertyValueSpecification","valueRequired":true,"valueName":"search_term_string"}}],"inLanguage":"en-GB"},{"@type":"Organization","@id":"https:\/\/sombramadrid.com\/#organization","name":"SOMBRA, IX FESTIVAL DE CINE FANTASTICO EUROPEO DE MURCIA","url":"https:\/\/sombramadrid.com\/","logo":{"@type":"ImageObject","inLanguage":"en-GB","@id":"https:\/\/sombramadrid.com\/#\/schema\/logo\/image\/","url":"https:\/\/sombramadrid.com\/wp-content\/uploads\/2019\/10\/Sombra-LogoIdentificador-Negativo.jpg","contentUrl":"https:\/\/sombramadrid.com\/wp-content\/uploads\/2019\/10\/Sombra-LogoIdentificador-Negativo.jpg","width":400,"height":400,"caption":"SOMBRA, IX FESTIVAL DE CINE FANTASTICO EUROPEO DE MURCIA"},"image":{"@id":"https:\/\/sombramadrid.com\/#\/schema\/logo\/image\/"},"sameAs":["https:\/\/www.facebook.com\/Sombra-Festival-De-CINE-Fantastico-Europeo-De-Murcia-175337032531429\/","https:\/\/x.com\/SombraFestival","https:\/\/www.instagram.com\/sombrafestival\/","https:\/\/www.youtube.com\/channel\/UCBdSJni9V30Tq4cGf4Lj0Ug?view_as=subscriber"]}]}},"_links":{"self":[{"href":"https:\/\/sombramadrid.com\/en\/wp-json\/wp\/v2\/pages\/7700","targetHints":{"allow":["GET"]}}],"collection":[{"href":"https:\/\/sombramadrid.com\/en\/wp-json\/wp\/v2\/pages"}],"about":[{"href":"https:\/\/sombramadrid.com\/en\/wp-json\/wp\/v2\/types\/page"}],"author":[{"embeddable":true,"href":"https:\/\/sombramadrid.com\/en\/wp-json\/wp\/v2\/users\/2"}],"replies":[{"embeddable":true,"href":"https:\/\/sombramadrid.com\/en\/wp-json\/wp\/v2\/comments?post=7700"}],"version-history":[{"count":2,"href":"https:\/\/sombramadrid.com\/en\/wp-json\/wp\/v2\/pages\/7700\/revisions"}],"predecessor-version":[{"id":7704,"href":"https:\/\/sombramadrid.com\/en\/wp-json\/wp\/v2\/pages\/7700\/revisions\/7704"}],"up":[{"embeddable":true,"href":"https:\/\/sombramadrid.com\/en\/wp-json\/wp\/v2\/pages\/7710"}],"wp:featuredmedia":[{"embeddable":true,"href":"https:\/\/sombramadrid.com\/en\/wp-json\/wp\/v2\/media\/7703"}],"wp:attachment":[{"href":"https:\/\/sombramadrid.com\/en\/wp-json\/wp\/v2\/media?parent=7700"}],"curies":[{"name":"wp","href":"https:\/\/api.w.org\/{rel}","templated":true}]}}