{"id":7666,"date":"2026-02-08T20:27:26","date_gmt":"2026-02-08T19:27:26","guid":{"rendered":"https:\/\/sombramadrid.com\/?page_id=7666"},"modified":"2026-02-08T20:27:26","modified_gmt":"2026-02-08T19:27:26","slug":"invitados-sombra-madrid-2026-essad-ribic","status":"publish","type":"page","link":"https:\/\/sombramadrid.com\/en\/programacion-sombra-madrid-2026\/invitados-sombra-madrid-2026\/invitados-sombra-madrid-2026-essad-ribic\/","title":{"rendered":"Invitados Sombra Madrid 2026 | Essad Ribic"},"content":{"rendered":"<p>Autor croata caracterizado por un estilo realista y muy h\u00e1bil en las semblanzas pict\u00f3ricas. Ha trabajado en los c\u00f3mics desde los primeros a\u00f1os de la d\u00e9cada de los noventa, sobre todo en Marvel, cuyas participaciones m\u00e1s recordadas son: Loki, Silver Surfer: Requiem o Sub-Mariner: Dephts.<\/p>\n<p><img loading=\"lazy\" decoding=\"async\" class=\"size-full wp-image-7667 aligncenter\" src=\"https:\/\/sombramadrid.com\/wp-content\/uploads\/2026\/02\/10.12.12EsadRibicByLuigiNovi1.jpg\" alt=\"\" width=\"960\" height=\"934\" srcset=\"https:\/\/sombramadrid.com\/wp-content\/uploads\/2026\/02\/10.12.12EsadRibicByLuigiNovi1.jpg 960w, https:\/\/sombramadrid.com\/wp-content\/uploads\/2026\/02\/10.12.12EsadRibicByLuigiNovi1-300x292.jpg 300w, https:\/\/sombramadrid.com\/wp-content\/uploads\/2026\/02\/10.12.12EsadRibicByLuigiNovi1-768x747.jpg 768w, https:\/\/sombramadrid.com\/wp-content\/uploads\/2026\/02\/10.12.12EsadRibicByLuigiNovi1-12x12.jpg 12w, https:\/\/sombramadrid.com\/wp-content\/uploads\/2026\/02\/10.12.12EsadRibicByLuigiNovi1-432x420.jpg 432w, https:\/\/sombramadrid.com\/wp-content\/uploads\/2026\/02\/10.12.12EsadRibicByLuigiNovi1-696x677.jpg 696w\" sizes=\"auto, (max-width: 960px) 100vw, 960px\" \/><\/p>","protected":false},"excerpt":{"rendered":"<p>Autor croata caracterizado por un estilo realista y muy h\u00e1bil en las semblanzas pict\u00f3ricas. Ha trabajado en los c\u00f3mics desde los primeros a\u00f1os de la d\u00e9cada de los noventa, sobre todo en Marvel, cuyas participaciones m\u00e1s recordadas son: Loki, Silver Surfer: Requiem o Sub-Mariner: Dephts.<\/p>","protected":false},"author":2,"featured_media":7667,"parent":7710,"menu_order":0,"comment_status":"closed","ping_status":"closed","template":"","meta":{"footnotes":""},"class_list":["post-7666","page","type-page","status-publish","has-post-thumbnail"],"yoast_head":"<!-- This site is optimized with the Yoast SEO plugin v24.3 - https:\/\/yoast.com\/wordpress\/plugins\/seo\/ -->\n<title>Invitados Sombra Madrid 2026 | Essad Ribic - Sombra Festival<\/title>\n<meta name=\"robots\" content=\"index, follow, max-snippet:-1, max-image-preview:large, max-video-preview:-1\" \/>\n<link rel=\"canonical\" href=\"https:\/\/sombramadrid.com\/en\/programacion-sombra-madrid-2026\/invitados-sombra-madrid-2026\/invitados-sombra-madrid-2026-essad-ribic\/\" \/>\n<meta property=\"og:locale\" content=\"en_GB\" \/>\n<meta property=\"og:type\" content=\"article\" \/>\n<meta property=\"og:title\" content=\"Invitados Sombra Madrid 2026 | Essad Ribic - Sombra Festival\" \/>\n<meta property=\"og:description\" content=\"Autor croata caracterizado por un estilo realista y muy h\u00e1bil en las semblanzas pict\u00f3ricas. Ha trabajado en los c\u00f3mics desde los primeros a\u00f1os de la d\u00e9cada de los noventa, sobre todo en Marvel, cuyas participaciones m\u00e1s recordadas son: Loki, Silver Surfer: Requiem o Sub-Mariner: Dephts.\" \/>\n<meta property=\"og:url\" content=\"https:\/\/sombramadrid.com\/en\/programacion-sombra-madrid-2026\/invitados-sombra-madrid-2026\/invitados-sombra-madrid-2026-essad-ribic\/\" \/>\n<meta property=\"og:site_name\" content=\"Sombra Festival\" \/>\n<meta property=\"article:publisher\" content=\"https:\/\/www.facebook.com\/Sombra-Festival-De-CINE-Fantastico-Europeo-De-Murcia-175337032531429\/\" \/>\n<meta property=\"og:image\" content=\"https:\/\/sombramadrid.com\/wp-content\/uploads\/2026\/02\/10.12.12EsadRibicByLuigiNovi1.jpg\" \/>\n\t<meta property=\"og:image:width\" content=\"960\" \/>\n\t<meta property=\"og:image:height\" content=\"934\" \/>\n\t<meta property=\"og:image:type\" content=\"image\/jpeg\" \/>\n<meta name=\"twitter:card\" content=\"summary_large_image\" \/>\n<meta name=\"twitter:site\" content=\"@SombraFestival\" \/>\n<meta name=\"twitter:label1\" content=\"Est. reading time\" \/>\n\t<meta name=\"twitter:data1\" content=\"1 minute\" \/>\n<script type=\"application\/ld+json\" class=\"yoast-schema-graph\">{\"@context\":\"https:\/\/schema.org\",\"@graph\":[{\"@type\":\"WebPage\",\"@id\":\"https:\/\/sombramadrid.com\/programacion-sombra-madrid-2026\/invitados-sombra-madrid-2026\/invitados-sombra-madrid-2026-essad-ribic\/\",\"url\":\"https:\/\/sombramadrid.com\/programacion-sombra-madrid-2026\/invitados-sombra-madrid-2026\/invitados-sombra-madrid-2026-essad-ribic\/\",\"name\":\"Invitados Sombra Madrid 2026 | Essad Ribic - Sombra Festival\",\"isPartOf\":{\"@id\":\"https:\/\/sombramadrid.com\/#website\"},\"primaryImageOfPage\":{\"@id\":\"https:\/\/sombramadrid.com\/programacion-sombra-madrid-2026\/invitados-sombra-madrid-2026\/invitados-sombra-madrid-2026-essad-ribic\/#primaryimage\"},\"image\":{\"@id\":\"https:\/\/sombramadrid.com\/programacion-sombra-madrid-2026\/invitados-sombra-madrid-2026\/invitados-sombra-madrid-2026-essad-ribic\/#primaryimage\"},\"thumbnailUrl\":\"https:\/\/sombramadrid.com\/wp-content\/uploads\/2026\/02\/10.12.12EsadRibicByLuigiNovi1.jpg\",\"datePublished\":\"2026-02-08T19:27:26+00:00\",\"dateModified\":\"2026-02-08T19:27:26+00:00\",\"breadcrumb\":{\"@id\":\"https:\/\/sombramadrid.com\/programacion-sombra-madrid-2026\/invitados-sombra-madrid-2026\/invitados-sombra-madrid-2026-essad-ribic\/#breadcrumb\"},\"inLanguage\":\"en-GB\",\"potentialAction\":[{\"@type\":\"ReadAction\",\"target\":[\"https:\/\/sombramadrid.com\/programacion-sombra-madrid-2026\/invitados-sombra-madrid-2026\/invitados-sombra-madrid-2026-essad-ribic\/\"]}]},{\"@type\":\"ImageObject\",\"inLanguage\":\"en-GB\",\"@id\":\"https:\/\/sombramadrid.com\/programacion-sombra-madrid-2026\/invitados-sombra-madrid-2026\/invitados-sombra-madrid-2026-essad-ribic\/#primaryimage\",\"url\":\"https:\/\/sombramadrid.com\/wp-content\/uploads\/2026\/02\/10.12.12EsadRibicByLuigiNovi1.jpg\",\"contentUrl\":\"https:\/\/sombramadrid.com\/wp-content\/uploads\/2026\/02\/10.12.12EsadRibicByLuigiNovi1.jpg\",\"width\":960,\"height\":934},{\"@type\":\"BreadcrumbList\",\"@id\":\"https:\/\/sombramadrid.com\/programacion-sombra-madrid-2026\/invitados-sombra-madrid-2026\/invitados-sombra-madrid-2026-essad-ribic\/#breadcrumb\",\"itemListElement\":[{\"@type\":\"ListItem\",\"position\":1,\"name\":\"Portada\",\"item\":\"https:\/\/sombramadrid.com\/\"},{\"@type\":\"ListItem\",\"position\":2,\"name\":\"PROGRAMACI\u00d3N SOMBRA MADRID 2026\",\"item\":\"https:\/\/sombramadrid.com\/programacion-sombra-madrid-2026\/\"},{\"@type\":\"ListItem\",\"position\":3,\"name\":\"Invitados Sombra Madrid 2026\",\"item\":\"https:\/\/sombramadrid.com\/programacion-sombra-madrid-2026\/invitados-sombra-madrid-2026\/\"},{\"@type\":\"ListItem\",\"position\":4,\"name\":\"Invitados Sombra Madrid 2026 | Essad Ribic\"}]},{\"@type\":\"WebSite\",\"@id\":\"https:\/\/sombramadrid.com\/#website\",\"url\":\"https:\/\/sombramadrid.com\/\",\"name\":\"Sombra Festival\",\"description\":\"XIII Festival de Cine Fant\u00e1stico Europeo de Murcia, 8-17 MARZO 2024\",\"publisher\":{\"@id\":\"https:\/\/sombramadrid.com\/#organization\"},\"potentialAction\":[{\"@type\":\"SearchAction\",\"target\":{\"@type\":\"EntryPoint\",\"urlTemplate\":\"https:\/\/sombramadrid.com\/?s={search_term_string}\"},\"query-input\":{\"@type\":\"PropertyValueSpecification\",\"valueRequired\":true,\"valueName\":\"search_term_string\"}}],\"inLanguage\":\"en-GB\"},{\"@type\":\"Organization\",\"@id\":\"https:\/\/sombramadrid.com\/#organization\",\"name\":\"SOMBRA, IX FESTIVAL DE CINE FANTASTICO EUROPEO DE MURCIA\",\"url\":\"https:\/\/sombramadrid.com\/\",\"logo\":{\"@type\":\"ImageObject\",\"inLanguage\":\"en-GB\",\"@id\":\"https:\/\/sombramadrid.com\/#\/schema\/logo\/image\/\",\"url\":\"https:\/\/sombramadrid.com\/wp-content\/uploads\/2019\/10\/Sombra-LogoIdentificador-Negativo.jpg\",\"contentUrl\":\"https:\/\/sombramadrid.com\/wp-content\/uploads\/2019\/10\/Sombra-LogoIdentificador-Negativo.jpg\",\"width\":400,\"height\":400,\"caption\":\"SOMBRA, IX FESTIVAL DE CINE FANTASTICO EUROPEO DE MURCIA\"},\"image\":{\"@id\":\"https:\/\/sombramadrid.com\/#\/schema\/logo\/image\/\"},\"sameAs\":[\"https:\/\/www.facebook.com\/Sombra-Festival-De-CINE-Fantastico-Europeo-De-Murcia-175337032531429\/\",\"https:\/\/x.com\/SombraFestival\",\"https:\/\/www.instagram.com\/sombrafestival\/\",\"https:\/\/www.youtube.com\/channel\/UCBdSJni9V30Tq4cGf4Lj0Ug?view_as=subscriber\"]}]}<\/script>\n<!-- \/ Yoast SEO plugin. -->","yoast_head_json":{"title":"Invitados Sombra Madrid 2026 | Essad Ribic - Sombra Festival","robots":{"index":"index","follow":"follow","max-snippet":"max-snippet:-1","max-image-preview":"max-image-preview:large","max-video-preview":"max-video-preview:-1"},"canonical":"https:\/\/sombramadrid.com\/en\/programacion-sombra-madrid-2026\/invitados-sombra-madrid-2026\/invitados-sombra-madrid-2026-essad-ribic\/","og_locale":"en_GB","og_type":"article","og_title":"Invitados Sombra Madrid 2026 | Essad Ribic - Sombra Festival","og_description":"Autor croata caracterizado por un estilo realista y muy h\u00e1bil en las semblanzas pict\u00f3ricas. Ha trabajado en los c\u00f3mics desde los primeros a\u00f1os de la d\u00e9cada de los noventa, sobre todo en Marvel, cuyas participaciones m\u00e1s recordadas son: Loki, Silver Surfer: Requiem o Sub-Mariner: Dephts.","og_url":"https:\/\/sombramadrid.com\/en\/programacion-sombra-madrid-2026\/invitados-sombra-madrid-2026\/invitados-sombra-madrid-2026-essad-ribic\/","og_site_name":"Sombra Festival","article_publisher":"https:\/\/www.facebook.com\/Sombra-Festival-De-CINE-Fantastico-Europeo-De-Murcia-175337032531429\/","og_image":[{"width":960,"height":934,"url":"https:\/\/sombramadrid.com\/wp-content\/uploads\/2026\/02\/10.12.12EsadRibicByLuigiNovi1.jpg","type":"image\/jpeg"}],"twitter_card":"summary_large_image","twitter_site":"@SombraFestival","twitter_misc":{"Est. reading time":"1 minute"},"schema":{"@context":"https:\/\/schema.org","@graph":[{"@type":"WebPage","@id":"https:\/\/sombramadrid.com\/programacion-sombra-madrid-2026\/invitados-sombra-madrid-2026\/invitados-sombra-madrid-2026-essad-ribic\/","url":"https:\/\/sombramadrid.com\/programacion-sombra-madrid-2026\/invitados-sombra-madrid-2026\/invitados-sombra-madrid-2026-essad-ribic\/","name":"Invitados Sombra Madrid 2026 | Essad Ribic - Sombra Festival","isPartOf":{"@id":"https:\/\/sombramadrid.com\/#website"},"primaryImageOfPage":{"@id":"https:\/\/sombramadrid.com\/programacion-sombra-madrid-2026\/invitados-sombra-madrid-2026\/invitados-sombra-madrid-2026-essad-ribic\/#primaryimage"},"image":{"@id":"https:\/\/sombramadrid.com\/programacion-sombra-madrid-2026\/invitados-sombra-madrid-2026\/invitados-sombra-madrid-2026-essad-ribic\/#primaryimage"},"thumbnailUrl":"https:\/\/sombramadrid.com\/wp-content\/uploads\/2026\/02\/10.12.12EsadRibicByLuigiNovi1.jpg","datePublished":"2026-02-08T19:27:26+00:00","dateModified":"2026-02-08T19:27:26+00:00","breadcrumb":{"@id":"https:\/\/sombramadrid.com\/programacion-sombra-madrid-2026\/invitados-sombra-madrid-2026\/invitados-sombra-madrid-2026-essad-ribic\/#breadcrumb"},"inLanguage":"en-GB","potentialAction":[{"@type":"ReadAction","target":["https:\/\/sombramadrid.com\/programacion-sombra-madrid-2026\/invitados-sombra-madrid-2026\/invitados-sombra-madrid-2026-essad-ribic\/"]}]},{"@type":"ImageObject","inLanguage":"en-GB","@id":"https:\/\/sombramadrid.com\/programacion-sombra-madrid-2026\/invitados-sombra-madrid-2026\/invitados-sombra-madrid-2026-essad-ribic\/#primaryimage","url":"https:\/\/sombramadrid.com\/wp-content\/uploads\/2026\/02\/10.12.12EsadRibicByLuigiNovi1.jpg","contentUrl":"https:\/\/sombramadrid.com\/wp-content\/uploads\/2026\/02\/10.12.12EsadRibicByLuigiNovi1.jpg","width":960,"height":934},{"@type":"BreadcrumbList","@id":"https:\/\/sombramadrid.com\/programacion-sombra-madrid-2026\/invitados-sombra-madrid-2026\/invitados-sombra-madrid-2026-essad-ribic\/#breadcrumb","itemListElement":[{"@type":"ListItem","position":1,"name":"Portada","item":"https:\/\/sombramadrid.com\/"},{"@type":"ListItem","position":2,"name":"PROGRAMACI\u00d3N SOMBRA MADRID 2026","item":"https:\/\/sombramadrid.com\/programacion-sombra-madrid-2026\/"},{"@type":"ListItem","position":3,"name":"Invitados Sombra Madrid 2026","item":"https:\/\/sombramadrid.com\/programacion-sombra-madrid-2026\/invitados-sombra-madrid-2026\/"},{"@type":"ListItem","position":4,"name":"Invitados Sombra Madrid 2026 | Essad Ribic"}]},{"@type":"WebSite","@id":"https:\/\/sombramadrid.com\/#website","url":"https:\/\/sombramadrid.com\/","name":"Sombra Festival","description":"XIII Festival de Cine Fant\u00e1stico Europeo de Murcia, 8-17 MARZO 2024","publisher":{"@id":"https:\/\/sombramadrid.com\/#organization"},"potentialAction":[{"@type":"SearchAction","target":{"@type":"EntryPoint","urlTemplate":"https:\/\/sombramadrid.com\/?s={search_term_string}"},"query-input":{"@type":"PropertyValueSpecification","valueRequired":true,"valueName":"search_term_string"}}],"inLanguage":"en-GB"},{"@type":"Organization","@id":"https:\/\/sombramadrid.com\/#organization","name":"SOMBRA, IX FESTIVAL DE CINE FANTASTICO EUROPEO DE MURCIA","url":"https:\/\/sombramadrid.com\/","logo":{"@type":"ImageObject","inLanguage":"en-GB","@id":"https:\/\/sombramadrid.com\/#\/schema\/logo\/image\/","url":"https:\/\/sombramadrid.com\/wp-content\/uploads\/2019\/10\/Sombra-LogoIdentificador-Negativo.jpg","contentUrl":"https:\/\/sombramadrid.com\/wp-content\/uploads\/2019\/10\/Sombra-LogoIdentificador-Negativo.jpg","width":400,"height":400,"caption":"SOMBRA, IX FESTIVAL DE CINE FANTASTICO EUROPEO DE MURCIA"},"image":{"@id":"https:\/\/sombramadrid.com\/#\/schema\/logo\/image\/"},"sameAs":["https:\/\/www.facebook.com\/Sombra-Festival-De-CINE-Fantastico-Europeo-De-Murcia-175337032531429\/","https:\/\/x.com\/SombraFestival","https:\/\/www.instagram.com\/sombrafestival\/","https:\/\/www.youtube.com\/channel\/UCBdSJni9V30Tq4cGf4Lj0Ug?view_as=subscriber"]}]}},"_links":{"self":[{"href":"https:\/\/sombramadrid.com\/en\/wp-json\/wp\/v2\/pages\/7666","targetHints":{"allow":["GET"]}}],"collection":[{"href":"https:\/\/sombramadrid.com\/en\/wp-json\/wp\/v2\/pages"}],"about":[{"href":"https:\/\/sombramadrid.com\/en\/wp-json\/wp\/v2\/types\/page"}],"author":[{"embeddable":true,"href":"https:\/\/sombramadrid.com\/en\/wp-json\/wp\/v2\/users\/2"}],"replies":[{"embeddable":true,"href":"https:\/\/sombramadrid.com\/en\/wp-json\/wp\/v2\/comments?post=7666"}],"version-history":[{"count":1,"href":"https:\/\/sombramadrid.com\/en\/wp-json\/wp\/v2\/pages\/7666\/revisions"}],"predecessor-version":[{"id":7668,"href":"https:\/\/sombramadrid.com\/en\/wp-json\/wp\/v2\/pages\/7666\/revisions\/7668"}],"up":[{"embeddable":true,"href":"https:\/\/sombramadrid.com\/en\/wp-json\/wp\/v2\/pages\/7710"}],"wp:featuredmedia":[{"embeddable":true,"href":"https:\/\/sombramadrid.com\/en\/wp-json\/wp\/v2\/media\/7667"}],"wp:attachment":[{"href":"https:\/\/sombramadrid.com\/en\/wp-json\/wp\/v2\/media?parent=7666"}],"curies":[{"name":"wp","href":"https:\/\/api.w.org\/{rel}","templated":true}]}}