{"id":7654,"date":"2026-02-08T19:47:22","date_gmt":"2026-02-08T18:47:22","guid":{"rendered":"https:\/\/sombramadrid.com\/?page_id=7654"},"modified":"2026-03-02T20:20:10","modified_gmt":"2026-03-02T19:20:10","slug":"el-viaje-fantastico-de-simbad-homenaje-a-caroline-munro-premio-sombra-leyenda","status":"publish","type":"page","link":"https:\/\/sombramadrid.com\/en\/programacion-sombra-madrid-2026\/largometrajes-2026\/el-viaje-fantastico-de-simbad-homenaje-a-caroline-munro-premio-sombra-leyenda\/","title":{"rendered":"El viaje fant\u00e1stico de Simbad (Homenaje a Caroline Munro) | Premio Sombra Leyenda"},"content":{"rendered":"<ul>\n<li><strong>Fecha:<\/strong> Mi\u00e9rcoles, 4 de marzo<\/li>\n<li><strong>Hora:<\/strong> 20:30<\/li>\n<li><strong>Lugar:<\/strong> Sala Berlanga (Fundaci\u00f3n SGAE)<\/li>\n<li><span style=\"color: #ffff00;\"><strong>Entrega del Sombra de Leyenda a Caroline Munro. Q&amp;A<\/strong><\/span><\/li>\n<\/ul>\n<p style=\"text-align: center;\"><a href=\"https:\/\/cine.entradas.com\/cine\/madrid\/sala-berlanga\/sesiones?ref=770&amp;showAllDates=true&amp;showGroups=el-viaje-fantastico-de-simbad-homenaje-a-caroline-munro-premio-sombra-de-leyenda-y-sesion-de-preguntas-y-respuestas\"><span class=\"td_btn td_btn_lg td_default_btn\">COMPRAR ENTRADAS<\/span><\/a><\/p>\n<p><iframe loading=\"lazy\" title=\"The Golden Voyage of Sinbad (1973) ORIGINAL TRAILER [HD 1080p]\" width=\"696\" height=\"392\" src=\"https:\/\/www.youtube.com\/embed\/UMIqWzTCQxE?feature=oembed\" frameborder=\"0\" allow=\"accelerometer; autoplay; clipboard-write; encrypted-media; gyroscope; picture-in-picture; web-share\" referrerpolicy=\"strict-origin-when-cross-origin\" allowfullscreen><\/iframe><\/p>\n<h3>Sinopsis<\/h3>\n<p>Simbad, Pr\u00edncipe de Bagdad y marino legendario, encuentra un curioso mapa y con \u00e9l se embarca rumbo a la isla de Lemuria junto a una bella esclava, Margiana, y al Gran Visir de Marabia. El Pr\u00edncipe Koura, un mago oscuro que intenta hacerse con el poder en Marabia manipulando a esp\u00edritus del mal, los persigue, tratando de detener a Simbad en su b\u00fasqueda.<\/p>\n<p><img loading=\"lazy\" decoding=\"async\" class=\"aligncenter size-large wp-image-7779\" src=\"https:\/\/sombrafestival.com\/wp-content\/uploads\/2026\/01\/viajefantasticosimbad73002-679x1024.jpg\" alt=\"\" width=\"679\" height=\"1024\" \/><\/p>\n<ul>\n<li class=\"whitespace-normal break-words pl-2\"><strong>T\u00edtulo original:<\/strong> The Golden Voyage of Sinbad<\/li>\n<li class=\"whitespace-normal break-words pl-2\"><strong>A\u00f1o:<\/strong> 1973<\/li>\n<li class=\"whitespace-normal break-words pl-2\"><strong>Duraci\u00f3n:<\/strong> 100 min.<\/li>\n<li class=\"whitespace-normal break-words pl-2\"><strong>Pa\u00eds:<\/strong> Reino Unido<\/li>\n<li class=\"whitespace-normal break-words pl-2\"><strong>Direcci\u00f3n:<\/strong> Gordon Hessler<\/li>\n<li class=\"whitespace-normal break-words pl-2\"><strong>Guion:<\/strong> Brian Clemens<\/li>\n<li class=\"whitespace-normal break-words pl-2\"><strong>Reparto:<\/strong> John Phillip Law, Caroline Munro, Tom Baker, Douglas Wilmer, Martin Shaw, Gr\u00e9goire Aslan, Kurt Christian, Takis Emmanuel, David Garfield, Ferdinando Poggi, Aldo Sambrell, Robert Shaw&#8230;<\/li>\n<li class=\"whitespace-normal break-words pl-2\"><strong>M\u00fasica:<\/strong> Mikl\u00f3s R\u00f3zsa<\/li>\n<li class=\"whitespace-normal break-words pl-2\"><strong>Fotograf\u00eda:<\/strong> Ted Moore<\/li>\n<li class=\"whitespace-normal break-words pl-2\"><strong>Compa\u00f1\u00edas:<\/strong> Columbia Pictures<\/li>\n<li class=\"whitespace-normal break-words pl-2\"><strong>G\u00e9nero:<\/strong> Aventuras. Fant\u00e1stico | Aventuras marinas. Antigua Arabia. Stop Motion<\/li>\n<\/ul>","protected":false},"excerpt":{"rendered":"<p>Fecha: Mi\u00e9rcoles, 4 de marzo Hora: 20:30 Lugar: Sala Berlanga (Fundaci\u00f3n SGAE) Entrega del Sombra de Leyenda a Caroline Munro. Q&amp;A COMPRAR ENTRADAS Sinopsis Simbad, Pr\u00edncipe de Bagdad y marino legendario, encuentra un curioso mapa y con \u00e9l se embarca rumbo a la isla de Lemuria junto a una bella esclava, Margiana, y al Gran [&hellip;]<\/p>","protected":false},"author":2,"featured_media":7655,"parent":7721,"menu_order":0,"comment_status":"closed","ping_status":"closed","template":"","meta":{"footnotes":""},"class_list":["post-7654","page","type-page","status-publish","has-post-thumbnail"],"yoast_head":"<!-- This site is optimized with the Yoast SEO plugin v24.3 - https:\/\/yoast.com\/wordpress\/plugins\/seo\/ -->\n<title>El viaje fant\u00e1stico de Simbad (Homenaje a Caroline Munro) | Premio Sombra Leyenda - Sombra Festival<\/title>\n<meta name=\"robots\" content=\"index, follow, max-snippet:-1, max-image-preview:large, max-video-preview:-1\" \/>\n<link rel=\"canonical\" href=\"https:\/\/sombramadrid.com\/en\/programacion-sombra-madrid-2026\/largometrajes-2026\/el-viaje-fantastico-de-simbad-homenaje-a-caroline-munro-premio-sombra-leyenda\/\" \/>\n<meta property=\"og:locale\" content=\"en_GB\" \/>\n<meta property=\"og:type\" content=\"article\" \/>\n<meta property=\"og:title\" content=\"El viaje fant\u00e1stico de Simbad (Homenaje a Caroline Munro) | Premio Sombra Leyenda - Sombra Festival\" \/>\n<meta property=\"og:description\" content=\"Fecha: Mi\u00e9rcoles, 4 de marzo Hora: 20:30 Lugar: Sala Berlanga (Fundaci\u00f3n SGAE) Entrega del Sombra de Leyenda a Caroline Munro. Q&amp;A COMPRAR ENTRADAS Sinopsis Simbad, Pr\u00edncipe de Bagdad y marino legendario, encuentra un curioso mapa y con \u00e9l se embarca rumbo a la isla de Lemuria junto a una bella esclava, Margiana, y al Gran [&hellip;]\" \/>\n<meta property=\"og:url\" content=\"https:\/\/sombramadrid.com\/en\/programacion-sombra-madrid-2026\/largometrajes-2026\/el-viaje-fantastico-de-simbad-homenaje-a-caroline-munro-premio-sombra-leyenda\/\" \/>\n<meta property=\"og:site_name\" content=\"Sombra Festival\" \/>\n<meta property=\"article:publisher\" content=\"https:\/\/www.facebook.com\/Sombra-Festival-De-CINE-Fantastico-Europeo-De-Murcia-175337032531429\/\" \/>\n<meta property=\"article:modified_time\" content=\"2026-03-02T19:20:10+00:00\" \/>\n<meta property=\"og:image\" content=\"https:\/\/sombramadrid.com\/wp-content\/uploads\/2026\/02\/viajefantasticosimbad73002-scaled.jpg\" \/>\n\t<meta property=\"og:image:width\" content=\"1698\" \/>\n\t<meta property=\"og:image:height\" content=\"2560\" \/>\n\t<meta property=\"og:image:type\" content=\"image\/jpeg\" \/>\n<meta name=\"twitter:card\" content=\"summary_large_image\" \/>\n<meta name=\"twitter:site\" content=\"@SombraFestival\" \/>\n<meta name=\"twitter:label1\" content=\"Est. reading time\" \/>\n\t<meta name=\"twitter:data1\" content=\"2 minutes\" \/>\n<script type=\"application\/ld+json\" class=\"yoast-schema-graph\">{\"@context\":\"https:\/\/schema.org\",\"@graph\":[{\"@type\":\"WebPage\",\"@id\":\"https:\/\/sombramadrid.com\/programacion-sombra-madrid-2026\/largometrajes-2026\/el-viaje-fantastico-de-simbad-homenaje-a-caroline-munro-premio-sombra-leyenda\/\",\"url\":\"https:\/\/sombramadrid.com\/programacion-sombra-madrid-2026\/largometrajes-2026\/el-viaje-fantastico-de-simbad-homenaje-a-caroline-munro-premio-sombra-leyenda\/\",\"name\":\"El viaje fant\u00e1stico de Simbad (Homenaje a Caroline Munro) | Premio Sombra Leyenda - Sombra Festival\",\"isPartOf\":{\"@id\":\"https:\/\/sombramadrid.com\/#website\"},\"primaryImageOfPage\":{\"@id\":\"https:\/\/sombramadrid.com\/programacion-sombra-madrid-2026\/largometrajes-2026\/el-viaje-fantastico-de-simbad-homenaje-a-caroline-munro-premio-sombra-leyenda\/#primaryimage\"},\"image\":{\"@id\":\"https:\/\/sombramadrid.com\/programacion-sombra-madrid-2026\/largometrajes-2026\/el-viaje-fantastico-de-simbad-homenaje-a-caroline-munro-premio-sombra-leyenda\/#primaryimage\"},\"thumbnailUrl\":\"https:\/\/sombramadrid.com\/wp-content\/uploads\/2026\/02\/viajefantasticosimbad73002-scaled.jpg\",\"datePublished\":\"2026-02-08T18:47:22+00:00\",\"dateModified\":\"2026-03-02T19:20:10+00:00\",\"breadcrumb\":{\"@id\":\"https:\/\/sombramadrid.com\/programacion-sombra-madrid-2026\/largometrajes-2026\/el-viaje-fantastico-de-simbad-homenaje-a-caroline-munro-premio-sombra-leyenda\/#breadcrumb\"},\"inLanguage\":\"en-GB\",\"potentialAction\":[{\"@type\":\"ReadAction\",\"target\":[\"https:\/\/sombramadrid.com\/programacion-sombra-madrid-2026\/largometrajes-2026\/el-viaje-fantastico-de-simbad-homenaje-a-caroline-munro-premio-sombra-leyenda\/\"]}]},{\"@type\":\"ImageObject\",\"inLanguage\":\"en-GB\",\"@id\":\"https:\/\/sombramadrid.com\/programacion-sombra-madrid-2026\/largometrajes-2026\/el-viaje-fantastico-de-simbad-homenaje-a-caroline-munro-premio-sombra-leyenda\/#primaryimage\",\"url\":\"https:\/\/sombramadrid.com\/wp-content\/uploads\/2026\/02\/viajefantasticosimbad73002-scaled.jpg\",\"contentUrl\":\"https:\/\/sombramadrid.com\/wp-content\/uploads\/2026\/02\/viajefantasticosimbad73002-scaled.jpg\",\"width\":1698,\"height\":2560},{\"@type\":\"BreadcrumbList\",\"@id\":\"https:\/\/sombramadrid.com\/programacion-sombra-madrid-2026\/largometrajes-2026\/el-viaje-fantastico-de-simbad-homenaje-a-caroline-munro-premio-sombra-leyenda\/#breadcrumb\",\"itemListElement\":[{\"@type\":\"ListItem\",\"position\":1,\"name\":\"Portada\",\"item\":\"https:\/\/sombramadrid.com\/\"},{\"@type\":\"ListItem\",\"position\":2,\"name\":\"PROGRAMACI\u00d3N SOMBRA MADRID 2026\",\"item\":\"https:\/\/sombramadrid.com\/programacion-sombra-madrid-2026\/\"},{\"@type\":\"ListItem\",\"position\":3,\"name\":\"Largometrajes 2026\",\"item\":\"https:\/\/sombramadrid.com\/programacion-sombra-madrid-2026\/largometrajes-2026\/\"},{\"@type\":\"ListItem\",\"position\":4,\"name\":\"El viaje fant\u00e1stico de Simbad (Homenaje a Caroline Munro) | Premio Sombra Leyenda\"}]},{\"@type\":\"WebSite\",\"@id\":\"https:\/\/sombramadrid.com\/#website\",\"url\":\"https:\/\/sombramadrid.com\/\",\"name\":\"Sombra Festival\",\"description\":\"XIII Festival de Cine Fant\u00e1stico Europeo de Murcia, 8-17 MARZO 2024\",\"publisher\":{\"@id\":\"https:\/\/sombramadrid.com\/#organization\"},\"potentialAction\":[{\"@type\":\"SearchAction\",\"target\":{\"@type\":\"EntryPoint\",\"urlTemplate\":\"https:\/\/sombramadrid.com\/?s={search_term_string}\"},\"query-input\":{\"@type\":\"PropertyValueSpecification\",\"valueRequired\":true,\"valueName\":\"search_term_string\"}}],\"inLanguage\":\"en-GB\"},{\"@type\":\"Organization\",\"@id\":\"https:\/\/sombramadrid.com\/#organization\",\"name\":\"SOMBRA, IX FESTIVAL DE CINE FANTASTICO EUROPEO DE MURCIA\",\"url\":\"https:\/\/sombramadrid.com\/\",\"logo\":{\"@type\":\"ImageObject\",\"inLanguage\":\"en-GB\",\"@id\":\"https:\/\/sombramadrid.com\/#\/schema\/logo\/image\/\",\"url\":\"https:\/\/sombramadrid.com\/wp-content\/uploads\/2019\/10\/Sombra-LogoIdentificador-Negativo.jpg\",\"contentUrl\":\"https:\/\/sombramadrid.com\/wp-content\/uploads\/2019\/10\/Sombra-LogoIdentificador-Negativo.jpg\",\"width\":400,\"height\":400,\"caption\":\"SOMBRA, IX FESTIVAL DE CINE FANTASTICO EUROPEO DE MURCIA\"},\"image\":{\"@id\":\"https:\/\/sombramadrid.com\/#\/schema\/logo\/image\/\"},\"sameAs\":[\"https:\/\/www.facebook.com\/Sombra-Festival-De-CINE-Fantastico-Europeo-De-Murcia-175337032531429\/\",\"https:\/\/x.com\/SombraFestival\",\"https:\/\/www.instagram.com\/sombrafestival\/\",\"https:\/\/www.youtube.com\/channel\/UCBdSJni9V30Tq4cGf4Lj0Ug?view_as=subscriber\"]}]}<\/script>\n<!-- \/ Yoast SEO plugin. -->","yoast_head_json":{"title":"El viaje fant\u00e1stico de Simbad (Homenaje a Caroline Munro) | Premio Sombra Leyenda - Sombra Festival","robots":{"index":"index","follow":"follow","max-snippet":"max-snippet:-1","max-image-preview":"max-image-preview:large","max-video-preview":"max-video-preview:-1"},"canonical":"https:\/\/sombramadrid.com\/en\/programacion-sombra-madrid-2026\/largometrajes-2026\/el-viaje-fantastico-de-simbad-homenaje-a-caroline-munro-premio-sombra-leyenda\/","og_locale":"en_GB","og_type":"article","og_title":"El viaje fant\u00e1stico de Simbad (Homenaje a Caroline Munro) | Premio Sombra Leyenda - Sombra Festival","og_description":"Fecha: Mi\u00e9rcoles, 4 de marzo Hora: 20:30 Lugar: Sala Berlanga (Fundaci\u00f3n SGAE) Entrega del Sombra de Leyenda a Caroline Munro. Q&amp;A COMPRAR ENTRADAS Sinopsis Simbad, Pr\u00edncipe de Bagdad y marino legendario, encuentra un curioso mapa y con \u00e9l se embarca rumbo a la isla de Lemuria junto a una bella esclava, Margiana, y al Gran [&hellip;]","og_url":"https:\/\/sombramadrid.com\/en\/programacion-sombra-madrid-2026\/largometrajes-2026\/el-viaje-fantastico-de-simbad-homenaje-a-caroline-munro-premio-sombra-leyenda\/","og_site_name":"Sombra Festival","article_publisher":"https:\/\/www.facebook.com\/Sombra-Festival-De-CINE-Fantastico-Europeo-De-Murcia-175337032531429\/","article_modified_time":"2026-03-02T19:20:10+00:00","og_image":[{"width":1698,"height":2560,"url":"https:\/\/sombramadrid.com\/wp-content\/uploads\/2026\/02\/viajefantasticosimbad73002-scaled.jpg","type":"image\/jpeg"}],"twitter_card":"summary_large_image","twitter_site":"@SombraFestival","twitter_misc":{"Est. reading time":"2 minutes"},"schema":{"@context":"https:\/\/schema.org","@graph":[{"@type":"WebPage","@id":"https:\/\/sombramadrid.com\/programacion-sombra-madrid-2026\/largometrajes-2026\/el-viaje-fantastico-de-simbad-homenaje-a-caroline-munro-premio-sombra-leyenda\/","url":"https:\/\/sombramadrid.com\/programacion-sombra-madrid-2026\/largometrajes-2026\/el-viaje-fantastico-de-simbad-homenaje-a-caroline-munro-premio-sombra-leyenda\/","name":"El viaje fant\u00e1stico de Simbad (Homenaje a Caroline Munro) | Premio Sombra Leyenda - Sombra Festival","isPartOf":{"@id":"https:\/\/sombramadrid.com\/#website"},"primaryImageOfPage":{"@id":"https:\/\/sombramadrid.com\/programacion-sombra-madrid-2026\/largometrajes-2026\/el-viaje-fantastico-de-simbad-homenaje-a-caroline-munro-premio-sombra-leyenda\/#primaryimage"},"image":{"@id":"https:\/\/sombramadrid.com\/programacion-sombra-madrid-2026\/largometrajes-2026\/el-viaje-fantastico-de-simbad-homenaje-a-caroline-munro-premio-sombra-leyenda\/#primaryimage"},"thumbnailUrl":"https:\/\/sombramadrid.com\/wp-content\/uploads\/2026\/02\/viajefantasticosimbad73002-scaled.jpg","datePublished":"2026-02-08T18:47:22+00:00","dateModified":"2026-03-02T19:20:10+00:00","breadcrumb":{"@id":"https:\/\/sombramadrid.com\/programacion-sombra-madrid-2026\/largometrajes-2026\/el-viaje-fantastico-de-simbad-homenaje-a-caroline-munro-premio-sombra-leyenda\/#breadcrumb"},"inLanguage":"en-GB","potentialAction":[{"@type":"ReadAction","target":["https:\/\/sombramadrid.com\/programacion-sombra-madrid-2026\/largometrajes-2026\/el-viaje-fantastico-de-simbad-homenaje-a-caroline-munro-premio-sombra-leyenda\/"]}]},{"@type":"ImageObject","inLanguage":"en-GB","@id":"https:\/\/sombramadrid.com\/programacion-sombra-madrid-2026\/largometrajes-2026\/el-viaje-fantastico-de-simbad-homenaje-a-caroline-munro-premio-sombra-leyenda\/#primaryimage","url":"https:\/\/sombramadrid.com\/wp-content\/uploads\/2026\/02\/viajefantasticosimbad73002-scaled.jpg","contentUrl":"https:\/\/sombramadrid.com\/wp-content\/uploads\/2026\/02\/viajefantasticosimbad73002-scaled.jpg","width":1698,"height":2560},{"@type":"BreadcrumbList","@id":"https:\/\/sombramadrid.com\/programacion-sombra-madrid-2026\/largometrajes-2026\/el-viaje-fantastico-de-simbad-homenaje-a-caroline-munro-premio-sombra-leyenda\/#breadcrumb","itemListElement":[{"@type":"ListItem","position":1,"name":"Portada","item":"https:\/\/sombramadrid.com\/"},{"@type":"ListItem","position":2,"name":"PROGRAMACI\u00d3N SOMBRA MADRID 2026","item":"https:\/\/sombramadrid.com\/programacion-sombra-madrid-2026\/"},{"@type":"ListItem","position":3,"name":"Largometrajes 2026","item":"https:\/\/sombramadrid.com\/programacion-sombra-madrid-2026\/largometrajes-2026\/"},{"@type":"ListItem","position":4,"name":"El viaje fant\u00e1stico de Simbad (Homenaje a Caroline Munro) | Premio Sombra Leyenda"}]},{"@type":"WebSite","@id":"https:\/\/sombramadrid.com\/#website","url":"https:\/\/sombramadrid.com\/","name":"Sombra Festival","description":"XIII Festival de Cine Fant\u00e1stico Europeo de Murcia, 8-17 MARZO 2024","publisher":{"@id":"https:\/\/sombramadrid.com\/#organization"},"potentialAction":[{"@type":"SearchAction","target":{"@type":"EntryPoint","urlTemplate":"https:\/\/sombramadrid.com\/?s={search_term_string}"},"query-input":{"@type":"PropertyValueSpecification","valueRequired":true,"valueName":"search_term_string"}}],"inLanguage":"en-GB"},{"@type":"Organization","@id":"https:\/\/sombramadrid.com\/#organization","name":"SOMBRA, IX FESTIVAL DE CINE FANTASTICO EUROPEO DE MURCIA","url":"https:\/\/sombramadrid.com\/","logo":{"@type":"ImageObject","inLanguage":"en-GB","@id":"https:\/\/sombramadrid.com\/#\/schema\/logo\/image\/","url":"https:\/\/sombramadrid.com\/wp-content\/uploads\/2019\/10\/Sombra-LogoIdentificador-Negativo.jpg","contentUrl":"https:\/\/sombramadrid.com\/wp-content\/uploads\/2019\/10\/Sombra-LogoIdentificador-Negativo.jpg","width":400,"height":400,"caption":"SOMBRA, IX FESTIVAL DE CINE FANTASTICO EUROPEO DE MURCIA"},"image":{"@id":"https:\/\/sombramadrid.com\/#\/schema\/logo\/image\/"},"sameAs":["https:\/\/www.facebook.com\/Sombra-Festival-De-CINE-Fantastico-Europeo-De-Murcia-175337032531429\/","https:\/\/x.com\/SombraFestival","https:\/\/www.instagram.com\/sombrafestival\/","https:\/\/www.youtube.com\/channel\/UCBdSJni9V30Tq4cGf4Lj0Ug?view_as=subscriber"]}]}},"_links":{"self":[{"href":"https:\/\/sombramadrid.com\/en\/wp-json\/wp\/v2\/pages\/7654","targetHints":{"allow":["GET"]}}],"collection":[{"href":"https:\/\/sombramadrid.com\/en\/wp-json\/wp\/v2\/pages"}],"about":[{"href":"https:\/\/sombramadrid.com\/en\/wp-json\/wp\/v2\/types\/page"}],"author":[{"embeddable":true,"href":"https:\/\/sombramadrid.com\/en\/wp-json\/wp\/v2\/users\/2"}],"replies":[{"embeddable":true,"href":"https:\/\/sombramadrid.com\/en\/wp-json\/wp\/v2\/comments?post=7654"}],"version-history":[{"count":7,"href":"https:\/\/sombramadrid.com\/en\/wp-json\/wp\/v2\/pages\/7654\/revisions"}],"predecessor-version":[{"id":7992,"href":"https:\/\/sombramadrid.com\/en\/wp-json\/wp\/v2\/pages\/7654\/revisions\/7992"}],"up":[{"embeddable":true,"href":"https:\/\/sombramadrid.com\/en\/wp-json\/wp\/v2\/pages\/7721"}],"wp:featuredmedia":[{"embeddable":true,"href":"https:\/\/sombramadrid.com\/en\/wp-json\/wp\/v2\/media\/7655"}],"wp:attachment":[{"href":"https:\/\/sombramadrid.com\/en\/wp-json\/wp\/v2\/media?parent=7654"}],"curies":[{"name":"wp","href":"https:\/\/api.w.org\/{rel}","templated":true}]}}