{"id":7651,"date":"2026-02-08T19:56:14","date_gmt":"2026-02-08T18:56:14","guid":{"rendered":"https:\/\/sombramadrid.com\/?page_id=7651"},"modified":"2026-03-02T20:20:14","modified_gmt":"2026-03-02T19:20:14","slug":"el-laberinto-del-fauno-veinte-aniversario","status":"publish","type":"page","link":"https:\/\/sombramadrid.com\/en\/programacion-sombra-madrid-2026\/largometrajes-2026\/el-laberinto-del-fauno-veinte-aniversario\/","title":{"rendered":"El Laberinto del Fauno | Veinte aniversario"},"content":{"rendered":"<ul>\n<li><strong>Fecha:<\/strong> Jueves, 5 de marzo<\/li>\n<li><strong>Hora:<\/strong> 20:30<\/li>\n<li><strong>Lugar:<\/strong> Sala Berlanga (Fundaci\u00f3n SGAE)<\/li>\n<li><span style=\"color: #ffff00;\"><strong>Entrega premio Serial Killer a Ivana Baquero + Q&amp;A<\/strong><\/span><\/li>\n<\/ul>\n<p style=\"text-align: center;\"><a href=\"https:\/\/cine.entradas.com\/cine\/madrid\/sala-berlanga\/evento\/3483?_gl=1*v149rf*_up*MQ..*_ga*MTQzNjYyNjk1Ny4xNzcwNzU0OTEw*_ga_FBK0001*czE3NzA3NTQ5MTAkbzEkZzAkdDE3NzA3NTQ5MTAkajYwJGwwJGgxNTc4NDU2MjU2*_ga_ADS0001*czE3NzA3NTQ5MTAkbzEkZzAkdDE3NzA3NTQ5MTAkajYwJGwwJGgxOTI2NTczOTgz*_ga_TLL4VK4BDK*czE3NzA3NTQ5MTAkbzEkZzAkdDE3NzA3NTQ5MTAkajYwJGwwJGgxMjE3MTczMzg4\"><span class=\"td_btn td_btn_lg td_default_btn\">COMPRAR ENTRADAS<\/span><\/a><\/p>\n<p><iframe loading=\"lazy\" title=\"El Laberinto del Fauno # Trailer Espa\u00f1ol\" width=\"696\" height=\"522\" src=\"https:\/\/www.youtube.com\/embed\/gpEh4O8Hb5Y?feature=oembed\" frameborder=\"0\" allow=\"accelerometer; autoplay; clipboard-write; encrypted-media; gyroscope; picture-in-picture; web-share\" referrerpolicy=\"strict-origin-when-cross-origin\" allowfullscreen><\/iframe><\/p>\n<p><strong>Sinopsis<\/strong><\/p>\n<p>A\u00f1o 1944, posguerra espa\u00f1ola. Ofelia (Ivana Baquero) y su madre, Carmen (Ariadna Gil), que est\u00e1 embarazada, se trasladan a un peque\u00f1o pueblo al que ha sido destinado el nuevo marido de Carmen, Vidal (Sergi L\u00f3pez), un cruel capit\u00e1n del ej\u00e9rcito franquista por el que la ni\u00f1a no siente ning\u00fan afecto. La misi\u00f3n de Vidal es acabar con los \u00faltimos miembros de la resistencia republicana que permanecen escondidos en los montes de la zona. En la zona viven Mercedes (Maribel Verd\u00fa), el ama de llaves, y el m\u00e9dico (\u00c1lex Angulo) que se hace cargo de Carmen. Una noche, Ofelia descubre las ruinas de un laberinto, y all\u00ed se encuentra con un fauno (Doug Jones), una extra\u00f1a criatura que le hace una sorprendente revelaci\u00f3n: ella es en realidad una princesa, la \u00faltima de su estirpe, y los suyos la esperan desde hace mucho tiempo. Para poder regresar a su m\u00e1gico reino, la ni\u00f1a deber\u00e1 enfrentarse a tres pruebas.<\/p>\n<p><img loading=\"lazy\" decoding=\"async\" class=\"aligncenter size-large wp-image-7942\" src=\"https:\/\/sombrafestival.com\/wp-content\/uploads\/2026\/02\/El_laberinto_del_fauno-222302534-large-742x1024.jpg\" alt=\"\" width=\"696\" height=\"961\" \/><\/p>\n<ul>\n<li class=\"whitespace-normal break-words pl-2\"><strong>T\u00edtulo original:<\/strong> El laberinto del fauno<\/li>\n<li class=\"whitespace-normal break-words pl-2\"><strong>A\u00f1o:<\/strong> 2006<\/li>\n<li class=\"whitespace-normal break-words pl-2\"><strong>Duraci\u00f3n:<\/strong> 112 min.<\/li>\n<li class=\"whitespace-normal break-words pl-2\"><strong>Pa\u00eds:<\/strong> Espa\u00f1a<\/li>\n<li class=\"whitespace-normal break-words pl-2\"><strong>Direcci\u00f3n:<\/strong> Guillermo del Toro<\/li>\n<li class=\"whitespace-normal break-words pl-2\"><strong>Guion:<\/strong> Guillermo del Toro<\/li>\n<li class=\"whitespace-normal break-words pl-2\"><strong>Reparto:<\/strong> Ivana Baquero, Sergi L\u00f3pez, Maribel Verd\u00fa, Doug Jones, Ariadna Gil, \u00c1lex Angulo, Manolo Solo, C\u00e9sar Vea, Roger Casamajor, Iv\u00e1n Massagu\u00e9, Gonzalo Uriarte, Eusebio L\u00e1zaro, Francisco Vidal, Juanjo Cucal\u00f3n, Lina Mira, Sebasti\u00e1n Haro, Mario Zorrilla&#8230;<\/li>\n<li class=\"whitespace-normal break-words pl-2\"><strong>M\u00fasica:<\/strong> Javier Navarrete<\/li>\n<li class=\"whitespace-normal break-words pl-2\"><strong>Fotograf\u00eda:<\/strong> Guillermo Navarro<\/li>\n<li class=\"whitespace-normal break-words pl-2\"><strong>Compa\u00f1\u00edas:<\/strong> Coproducci\u00f3n Espa\u00f1a-M\u00e9xico-Estados Unidos; Estudios Picasso, Tequila Gang, Telecinco, Sententia Entertainment, Esperanto Filmoj, Wild Bunch. Productor: Guillermo del Toro, Bel\u00e9n Atienza<\/li>\n<li class=\"whitespace-normal break-words pl-2\"><strong>G\u00e9nero:<\/strong> Fant\u00e1stico. Drama. Thriller | Vida rural. A\u00f1os 40. Posguerra espa\u00f1ola. Franquismo. Monstruos. Cuentos. Pel\u00edcula de culto<\/li>\n<\/ul>","protected":false},"excerpt":{"rendered":"<p>Fecha: Jueves, 5 de marzo Hora: 20:30 Lugar: Sala Berlanga (Fundaci\u00f3n SGAE) Entrega premio Serial Killer a Ivana Baquero + Q&amp;A COMPRAR ENTRADAS Sinopsis A\u00f1o 1944, posguerra espa\u00f1ola. Ofelia (Ivana Baquero) y su madre, Carmen (Ariadna Gil), que est\u00e1 embarazada, se trasladan a un peque\u00f1o pueblo al que ha sido destinado el nuevo marido de [&hellip;]<\/p>","protected":false},"author":2,"featured_media":7653,"parent":7721,"menu_order":0,"comment_status":"closed","ping_status":"closed","template":"","meta":{"footnotes":""},"class_list":["post-7651","page","type-page","status-publish","has-post-thumbnail"],"yoast_head":"<!-- This site is optimized with the Yoast SEO plugin v24.3 - https:\/\/yoast.com\/wordpress\/plugins\/seo\/ -->\n<title>El Laberinto del Fauno | Veinte aniversario - Sombra Festival<\/title>\n<meta name=\"robots\" content=\"index, follow, max-snippet:-1, max-image-preview:large, max-video-preview:-1\" \/>\n<link rel=\"canonical\" href=\"https:\/\/sombramadrid.com\/en\/programacion-sombra-madrid-2026\/largometrajes-2026\/el-laberinto-del-fauno-veinte-aniversario\/\" \/>\n<meta property=\"og:locale\" content=\"en_GB\" \/>\n<meta property=\"og:type\" content=\"article\" \/>\n<meta property=\"og:title\" content=\"El Laberinto del Fauno | Veinte aniversario - Sombra Festival\" \/>\n<meta property=\"og:description\" content=\"Fecha: Jueves, 5 de marzo Hora: 20:30 Lugar: Sala Berlanga (Fundaci\u00f3n SGAE) Entrega premio Serial Killer a Ivana Baquero + Q&amp;A COMPRAR ENTRADAS Sinopsis A\u00f1o 1944, posguerra espa\u00f1ola. Ofelia (Ivana Baquero) y su madre, Carmen (Ariadna Gil), que est\u00e1 embarazada, se trasladan a un peque\u00f1o pueblo al que ha sido destinado el nuevo marido de [&hellip;]\" \/>\n<meta property=\"og:url\" content=\"https:\/\/sombramadrid.com\/en\/programacion-sombra-madrid-2026\/largometrajes-2026\/el-laberinto-del-fauno-veinte-aniversario\/\" \/>\n<meta property=\"og:site_name\" content=\"Sombra Festival\" \/>\n<meta property=\"article:publisher\" content=\"https:\/\/www.facebook.com\/Sombra-Festival-De-CINE-Fantastico-Europeo-De-Murcia-175337032531429\/\" \/>\n<meta property=\"article:modified_time\" content=\"2026-03-02T19:20:14+00:00\" \/>\n<meta property=\"og:image\" content=\"https:\/\/sombramadrid.com\/wp-content\/uploads\/2026\/02\/El_laberinto_del_fauno-222302534-large.jpg\" \/>\n\t<meta property=\"og:image:width\" content=\"870\" \/>\n\t<meta property=\"og:image:height\" content=\"1200\" \/>\n\t<meta property=\"og:image:type\" content=\"image\/jpeg\" \/>\n<meta name=\"twitter:card\" content=\"summary_large_image\" \/>\n<meta name=\"twitter:site\" content=\"@SombraFestival\" \/>\n<meta name=\"twitter:label1\" content=\"Est. reading time\" \/>\n\t<meta name=\"twitter:data1\" content=\"2 minutes\" \/>\n<script type=\"application\/ld+json\" class=\"yoast-schema-graph\">{\"@context\":\"https:\/\/schema.org\",\"@graph\":[{\"@type\":\"WebPage\",\"@id\":\"https:\/\/sombramadrid.com\/programacion-sombra-madrid-2026\/largometrajes-2026\/el-laberinto-del-fauno-veinte-aniversario\/\",\"url\":\"https:\/\/sombramadrid.com\/programacion-sombra-madrid-2026\/largometrajes-2026\/el-laberinto-del-fauno-veinte-aniversario\/\",\"name\":\"El Laberinto del Fauno | Veinte aniversario - Sombra Festival\",\"isPartOf\":{\"@id\":\"https:\/\/sombramadrid.com\/#website\"},\"primaryImageOfPage\":{\"@id\":\"https:\/\/sombramadrid.com\/programacion-sombra-madrid-2026\/largometrajes-2026\/el-laberinto-del-fauno-veinte-aniversario\/#primaryimage\"},\"image\":{\"@id\":\"https:\/\/sombramadrid.com\/programacion-sombra-madrid-2026\/largometrajes-2026\/el-laberinto-del-fauno-veinte-aniversario\/#primaryimage\"},\"thumbnailUrl\":\"https:\/\/sombramadrid.com\/wp-content\/uploads\/2026\/02\/El_laberinto_del_fauno-222302534-large.jpg\",\"datePublished\":\"2026-02-08T18:56:14+00:00\",\"dateModified\":\"2026-03-02T19:20:14+00:00\",\"breadcrumb\":{\"@id\":\"https:\/\/sombramadrid.com\/programacion-sombra-madrid-2026\/largometrajes-2026\/el-laberinto-del-fauno-veinte-aniversario\/#breadcrumb\"},\"inLanguage\":\"en-GB\",\"potentialAction\":[{\"@type\":\"ReadAction\",\"target\":[\"https:\/\/sombramadrid.com\/programacion-sombra-madrid-2026\/largometrajes-2026\/el-laberinto-del-fauno-veinte-aniversario\/\"]}]},{\"@type\":\"ImageObject\",\"inLanguage\":\"en-GB\",\"@id\":\"https:\/\/sombramadrid.com\/programacion-sombra-madrid-2026\/largometrajes-2026\/el-laberinto-del-fauno-veinte-aniversario\/#primaryimage\",\"url\":\"https:\/\/sombramadrid.com\/wp-content\/uploads\/2026\/02\/El_laberinto_del_fauno-222302534-large.jpg\",\"contentUrl\":\"https:\/\/sombramadrid.com\/wp-content\/uploads\/2026\/02\/El_laberinto_del_fauno-222302534-large.jpg\",\"width\":870,\"height\":1200},{\"@type\":\"BreadcrumbList\",\"@id\":\"https:\/\/sombramadrid.com\/programacion-sombra-madrid-2026\/largometrajes-2026\/el-laberinto-del-fauno-veinte-aniversario\/#breadcrumb\",\"itemListElement\":[{\"@type\":\"ListItem\",\"position\":1,\"name\":\"Portada\",\"item\":\"https:\/\/sombramadrid.com\/\"},{\"@type\":\"ListItem\",\"position\":2,\"name\":\"PROGRAMACI\u00d3N SOMBRA MADRID 2026\",\"item\":\"https:\/\/sombramadrid.com\/programacion-sombra-madrid-2026\/\"},{\"@type\":\"ListItem\",\"position\":3,\"name\":\"Largometrajes 2026\",\"item\":\"https:\/\/sombramadrid.com\/programacion-sombra-madrid-2026\/largometrajes-2026\/\"},{\"@type\":\"ListItem\",\"position\":4,\"name\":\"El Laberinto del Fauno | Veinte aniversario\"}]},{\"@type\":\"WebSite\",\"@id\":\"https:\/\/sombramadrid.com\/#website\",\"url\":\"https:\/\/sombramadrid.com\/\",\"name\":\"Sombra Festival\",\"description\":\"XIII Festival de Cine Fant\u00e1stico Europeo de Murcia, 8-17 MARZO 2024\",\"publisher\":{\"@id\":\"https:\/\/sombramadrid.com\/#organization\"},\"potentialAction\":[{\"@type\":\"SearchAction\",\"target\":{\"@type\":\"EntryPoint\",\"urlTemplate\":\"https:\/\/sombramadrid.com\/?s={search_term_string}\"},\"query-input\":{\"@type\":\"PropertyValueSpecification\",\"valueRequired\":true,\"valueName\":\"search_term_string\"}}],\"inLanguage\":\"en-GB\"},{\"@type\":\"Organization\",\"@id\":\"https:\/\/sombramadrid.com\/#organization\",\"name\":\"SOMBRA, IX FESTIVAL DE CINE FANTASTICO EUROPEO DE MURCIA\",\"url\":\"https:\/\/sombramadrid.com\/\",\"logo\":{\"@type\":\"ImageObject\",\"inLanguage\":\"en-GB\",\"@id\":\"https:\/\/sombramadrid.com\/#\/schema\/logo\/image\/\",\"url\":\"https:\/\/sombramadrid.com\/wp-content\/uploads\/2019\/10\/Sombra-LogoIdentificador-Negativo.jpg\",\"contentUrl\":\"https:\/\/sombramadrid.com\/wp-content\/uploads\/2019\/10\/Sombra-LogoIdentificador-Negativo.jpg\",\"width\":400,\"height\":400,\"caption\":\"SOMBRA, IX FESTIVAL DE CINE FANTASTICO EUROPEO DE MURCIA\"},\"image\":{\"@id\":\"https:\/\/sombramadrid.com\/#\/schema\/logo\/image\/\"},\"sameAs\":[\"https:\/\/www.facebook.com\/Sombra-Festival-De-CINE-Fantastico-Europeo-De-Murcia-175337032531429\/\",\"https:\/\/x.com\/SombraFestival\",\"https:\/\/www.instagram.com\/sombrafestival\/\",\"https:\/\/www.youtube.com\/channel\/UCBdSJni9V30Tq4cGf4Lj0Ug?view_as=subscriber\"]}]}<\/script>\n<!-- \/ Yoast SEO plugin. -->","yoast_head_json":{"title":"El Laberinto del Fauno | Veinte aniversario - Sombra Festival","robots":{"index":"index","follow":"follow","max-snippet":"max-snippet:-1","max-image-preview":"max-image-preview:large","max-video-preview":"max-video-preview:-1"},"canonical":"https:\/\/sombramadrid.com\/en\/programacion-sombra-madrid-2026\/largometrajes-2026\/el-laberinto-del-fauno-veinte-aniversario\/","og_locale":"en_GB","og_type":"article","og_title":"El Laberinto del Fauno | Veinte aniversario - Sombra Festival","og_description":"Fecha: Jueves, 5 de marzo Hora: 20:30 Lugar: Sala Berlanga (Fundaci\u00f3n SGAE) Entrega premio Serial Killer a Ivana Baquero + Q&amp;A COMPRAR ENTRADAS Sinopsis A\u00f1o 1944, posguerra espa\u00f1ola. Ofelia (Ivana Baquero) y su madre, Carmen (Ariadna Gil), que est\u00e1 embarazada, se trasladan a un peque\u00f1o pueblo al que ha sido destinado el nuevo marido de [&hellip;]","og_url":"https:\/\/sombramadrid.com\/en\/programacion-sombra-madrid-2026\/largometrajes-2026\/el-laberinto-del-fauno-veinte-aniversario\/","og_site_name":"Sombra Festival","article_publisher":"https:\/\/www.facebook.com\/Sombra-Festival-De-CINE-Fantastico-Europeo-De-Murcia-175337032531429\/","article_modified_time":"2026-03-02T19:20:14+00:00","og_image":[{"width":870,"height":1200,"url":"https:\/\/sombramadrid.com\/wp-content\/uploads\/2026\/02\/El_laberinto_del_fauno-222302534-large.jpg","type":"image\/jpeg"}],"twitter_card":"summary_large_image","twitter_site":"@SombraFestival","twitter_misc":{"Est. reading time":"2 minutes"},"schema":{"@context":"https:\/\/schema.org","@graph":[{"@type":"WebPage","@id":"https:\/\/sombramadrid.com\/programacion-sombra-madrid-2026\/largometrajes-2026\/el-laberinto-del-fauno-veinte-aniversario\/","url":"https:\/\/sombramadrid.com\/programacion-sombra-madrid-2026\/largometrajes-2026\/el-laberinto-del-fauno-veinte-aniversario\/","name":"El Laberinto del Fauno | Veinte aniversario - Sombra Festival","isPartOf":{"@id":"https:\/\/sombramadrid.com\/#website"},"primaryImageOfPage":{"@id":"https:\/\/sombramadrid.com\/programacion-sombra-madrid-2026\/largometrajes-2026\/el-laberinto-del-fauno-veinte-aniversario\/#primaryimage"},"image":{"@id":"https:\/\/sombramadrid.com\/programacion-sombra-madrid-2026\/largometrajes-2026\/el-laberinto-del-fauno-veinte-aniversario\/#primaryimage"},"thumbnailUrl":"https:\/\/sombramadrid.com\/wp-content\/uploads\/2026\/02\/El_laberinto_del_fauno-222302534-large.jpg","datePublished":"2026-02-08T18:56:14+00:00","dateModified":"2026-03-02T19:20:14+00:00","breadcrumb":{"@id":"https:\/\/sombramadrid.com\/programacion-sombra-madrid-2026\/largometrajes-2026\/el-laberinto-del-fauno-veinte-aniversario\/#breadcrumb"},"inLanguage":"en-GB","potentialAction":[{"@type":"ReadAction","target":["https:\/\/sombramadrid.com\/programacion-sombra-madrid-2026\/largometrajes-2026\/el-laberinto-del-fauno-veinte-aniversario\/"]}]},{"@type":"ImageObject","inLanguage":"en-GB","@id":"https:\/\/sombramadrid.com\/programacion-sombra-madrid-2026\/largometrajes-2026\/el-laberinto-del-fauno-veinte-aniversario\/#primaryimage","url":"https:\/\/sombramadrid.com\/wp-content\/uploads\/2026\/02\/El_laberinto_del_fauno-222302534-large.jpg","contentUrl":"https:\/\/sombramadrid.com\/wp-content\/uploads\/2026\/02\/El_laberinto_del_fauno-222302534-large.jpg","width":870,"height":1200},{"@type":"BreadcrumbList","@id":"https:\/\/sombramadrid.com\/programacion-sombra-madrid-2026\/largometrajes-2026\/el-laberinto-del-fauno-veinte-aniversario\/#breadcrumb","itemListElement":[{"@type":"ListItem","position":1,"name":"Portada","item":"https:\/\/sombramadrid.com\/"},{"@type":"ListItem","position":2,"name":"PROGRAMACI\u00d3N SOMBRA MADRID 2026","item":"https:\/\/sombramadrid.com\/programacion-sombra-madrid-2026\/"},{"@type":"ListItem","position":3,"name":"Largometrajes 2026","item":"https:\/\/sombramadrid.com\/programacion-sombra-madrid-2026\/largometrajes-2026\/"},{"@type":"ListItem","position":4,"name":"El Laberinto del Fauno | Veinte aniversario"}]},{"@type":"WebSite","@id":"https:\/\/sombramadrid.com\/#website","url":"https:\/\/sombramadrid.com\/","name":"Sombra Festival","description":"XIII Festival de Cine Fant\u00e1stico Europeo de Murcia, 8-17 MARZO 2024","publisher":{"@id":"https:\/\/sombramadrid.com\/#organization"},"potentialAction":[{"@type":"SearchAction","target":{"@type":"EntryPoint","urlTemplate":"https:\/\/sombramadrid.com\/?s={search_term_string}"},"query-input":{"@type":"PropertyValueSpecification","valueRequired":true,"valueName":"search_term_string"}}],"inLanguage":"en-GB"},{"@type":"Organization","@id":"https:\/\/sombramadrid.com\/#organization","name":"SOMBRA, IX FESTIVAL DE CINE FANTASTICO EUROPEO DE MURCIA","url":"https:\/\/sombramadrid.com\/","logo":{"@type":"ImageObject","inLanguage":"en-GB","@id":"https:\/\/sombramadrid.com\/#\/schema\/logo\/image\/","url":"https:\/\/sombramadrid.com\/wp-content\/uploads\/2019\/10\/Sombra-LogoIdentificador-Negativo.jpg","contentUrl":"https:\/\/sombramadrid.com\/wp-content\/uploads\/2019\/10\/Sombra-LogoIdentificador-Negativo.jpg","width":400,"height":400,"caption":"SOMBRA, IX FESTIVAL DE CINE FANTASTICO EUROPEO DE MURCIA"},"image":{"@id":"https:\/\/sombramadrid.com\/#\/schema\/logo\/image\/"},"sameAs":["https:\/\/www.facebook.com\/Sombra-Festival-De-CINE-Fantastico-Europeo-De-Murcia-175337032531429\/","https:\/\/x.com\/SombraFestival","https:\/\/www.instagram.com\/sombrafestival\/","https:\/\/www.youtube.com\/channel\/UCBdSJni9V30Tq4cGf4Lj0Ug?view_as=subscriber"]}]}},"_links":{"self":[{"href":"https:\/\/sombramadrid.com\/en\/wp-json\/wp\/v2\/pages\/7651","targetHints":{"allow":["GET"]}}],"collection":[{"href":"https:\/\/sombramadrid.com\/en\/wp-json\/wp\/v2\/pages"}],"about":[{"href":"https:\/\/sombramadrid.com\/en\/wp-json\/wp\/v2\/types\/page"}],"author":[{"embeddable":true,"href":"https:\/\/sombramadrid.com\/en\/wp-json\/wp\/v2\/users\/2"}],"replies":[{"embeddable":true,"href":"https:\/\/sombramadrid.com\/en\/wp-json\/wp\/v2\/comments?post=7651"}],"version-history":[{"count":8,"href":"https:\/\/sombramadrid.com\/en\/wp-json\/wp\/v2\/pages\/7651\/revisions"}],"predecessor-version":[{"id":7994,"href":"https:\/\/sombramadrid.com\/en\/wp-json\/wp\/v2\/pages\/7651\/revisions\/7994"}],"up":[{"embeddable":true,"href":"https:\/\/sombramadrid.com\/en\/wp-json\/wp\/v2\/pages\/7721"}],"wp:featuredmedia":[{"embeddable":true,"href":"https:\/\/sombramadrid.com\/en\/wp-json\/wp\/v2\/media\/7653"}],"wp:attachment":[{"href":"https:\/\/sombramadrid.com\/en\/wp-json\/wp\/v2\/media?parent=7651"}],"curies":[{"name":"wp","href":"https:\/\/api.w.org\/{rel}","templated":true}]}}