{"id":7604,"date":"2026-02-08T19:59:24","date_gmt":"2026-02-08T18:59:24","guid":{"rendered":"https:\/\/sombramadrid.com\/?page_id=7604"},"modified":"2026-03-04T21:36:11","modified_gmt":"2026-03-04T20:36:11","slug":"el-ultimo-vikingo-seccion-oficial","status":"publish","type":"page","link":"https:\/\/sombramadrid.com\/en\/programacion-sombra-madrid-2026\/largometrajes-2026\/el-ultimo-vikingo-seccion-oficial\/","title":{"rendered":"El \u00faltimo vikingo | Secci\u00f3n Oficial"},"content":{"rendered":"<ul>\n<li><strong>Fecha:<\/strong> S\u00e1bado, 7 de marzo<\/li>\n<li><strong>Hora:<\/strong> 20:30<\/li>\n<li><strong>Lugar:<\/strong> Sala Berlanga (Fundaci\u00f3n SGAE)<\/li>\n<\/ul>\n<p style=\"text-align: center;\"><a href=\"https:\/\/cine.entradas.com\/cine\/madrid\/sala-berlanga\/evento\/3492?_gl=1*1fyk53*_up*MQ..*_ga*MTQzNjYyNjk1Ny4xNzcwNzU0OTEw*_ga_FBK0001*czE3NzA3NTQ5MTAkbzEkZzAkdDE3NzA3NTQ5MTAkajYwJGwwJGgxNTc4NDU2MjU2*_ga_ADS0001*czE3NzA3NTQ5MTAkbzEkZzAkdDE3NzA3NTQ5MTAkajYwJGwwJGgxOTI2NTczOTgz*_ga_TLL4VK4BDK*czE3NzA3NTQ5MTAkbzEkZzAkdDE3NzA3NTQ5MTAkajYwJGwwJGgxMjE3MTczMzg4\"><span class=\"td_btn td_btn_lg td_default_btn\">COMPRAR ENTRADAS<\/span><\/a><\/p>\n<p><iframe loading=\"lazy\" title=\"El \u00faltimo vikingo - Tr\u00e1iler espa\u00f1ol VE - Avalon\" width=\"696\" height=\"392\" src=\"https:\/\/www.youtube.com\/embed\/BoQ75KKRuKU?feature=oembed\" frameborder=\"0\" allow=\"accelerometer; autoplay; clipboard-write; encrypted-media; gyroscope; picture-in-picture; web-share\" referrerpolicy=\"strict-origin-when-cross-origin\" allowfullscreen><\/iframe><\/p>\n<p><strong>Sinopsis<\/strong><\/p>\n<p>Anker sale de prisi\u00f3n tras cumplir una condena de quince a\u00f1os por robo. El dinero del atraco fue enterrado por su hermano Manfred. Solo \u00e9l sabe d\u00f3nde est\u00e1. Por desgracia, desde entonces Manfred ha desarrollado un trastorno mental que le ha hecho olvidarlo todo. Juntos, los hermanos emprenden un viaje inesperado para encontrar el dinero y descubrir qui\u00e9nes son en realidad.<\/p>\n<p><img loading=\"lazy\" decoding=\"async\" class=\"size-large wp-image-7605 aligncenter\" src=\"https:\/\/sombramadrid.com\/wp-content\/uploads\/2026\/01\/el-ultimo-vikingo-716x1024.jpg\" alt=\"\" width=\"696\" height=\"995\" srcset=\"https:\/\/sombramadrid.com\/wp-content\/uploads\/2026\/01\/el-ultimo-vikingo-716x1024.jpg 716w, https:\/\/sombramadrid.com\/wp-content\/uploads\/2026\/01\/el-ultimo-vikingo-210x300.jpg 210w, https:\/\/sombramadrid.com\/wp-content\/uploads\/2026\/01\/el-ultimo-vikingo-768x1098.jpg 768w, https:\/\/sombramadrid.com\/wp-content\/uploads\/2026\/01\/el-ultimo-vikingo-8x12.jpg 8w, https:\/\/sombramadrid.com\/wp-content\/uploads\/2026\/01\/el-ultimo-vikingo-294x420.jpg 294w, https:\/\/sombramadrid.com\/wp-content\/uploads\/2026\/01\/el-ultimo-vikingo-696x995.jpg 696w, https:\/\/sombramadrid.com\/wp-content\/uploads\/2026\/01\/el-ultimo-vikingo.jpg 839w\" sizes=\"auto, (max-width: 696px) 100vw, 696px\" \/><\/p>\n<ul>\n<li class=\"whitespace-normal break-words pl-2\"><strong>T\u00edtulo original:<\/strong> Den Sidste Vikingaka<\/li>\n<li class=\"whitespace-normal break-words pl-2\"><strong>A\u00f1o:<\/strong> 2025<\/li>\n<li class=\"whitespace-normal break-words pl-2\"><strong>Duraci\u00f3n:<\/strong> 116 min.<\/li>\n<li class=\"whitespace-normal break-words pl-2\"><strong>Pa\u00eds:<\/strong> Dinamarca<\/li>\n<li class=\"whitespace-normal break-words pl-2\"><strong>Direcci\u00f3n:<\/strong> Anders Thomas Jensen<\/li>\n<li class=\"whitespace-normal break-words pl-2\"><strong>Guion:<\/strong> Anders Thomas Jensen<\/li>\n<li class=\"whitespace-normal break-words pl-2\"><strong>Reparto:<\/strong> Mads Mikkelsen, Nikolaj Lie Kaas, S\u00f8ren Malling, Sofie Gr\u00e5b\u00f8l, Nicolas Bro, Bodil J\u00f8rgensen, Lars Brygmann, Kardo Razzazi, Lars Ranthe, Anette St\u00f8velb\u00e6k, Rikke Louise Andersson, Kjeld N\u00f8rgaard, Lila Nobel&#8230;<\/li>\n<li class=\"whitespace-normal break-words pl-2\"><strong>M\u00fasica:<\/strong> Jeppe Kaas<\/li>\n<li class=\"whitespace-normal break-words pl-2\"><strong>Fotograf\u00eda:<\/strong> Sebastian Blenkov<\/li>\n<li class=\"whitespace-normal break-words pl-2\"><strong>Compa\u00f1\u00edas:<\/strong> Coproducci\u00f3n Dinamarca-Suecia; Zentropa Productions, Film I V\u00e4st, Film Fyn, TV2, The Danish Film Institute Archive, Zentropa International Sweden<\/li>\n<li class=\"whitespace-normal break-words pl-2\"><strong>G\u00e9nero:<\/strong> Comedia. Drama | Comedia negra<\/li>\n<\/ul>","protected":false},"excerpt":{"rendered":"<p>Fecha: S\u00e1bado, 7 de marzo Hora: 20:30 Lugar: Sala Berlanga (Fundaci\u00f3n SGAE) COMPRAR ENTRADAS Sinopsis Anker sale de prisi\u00f3n tras cumplir una condena de quince a\u00f1os por robo. El dinero del atraco fue enterrado por su hermano Manfred. Solo \u00e9l sabe d\u00f3nde est\u00e1. Por desgracia, desde entonces Manfred ha desarrollado un trastorno mental que le [&hellip;]<\/p>","protected":false},"author":2,"featured_media":7605,"parent":7721,"menu_order":0,"comment_status":"closed","ping_status":"closed","template":"","meta":{"footnotes":""},"class_list":["post-7604","page","type-page","status-publish","has-post-thumbnail"],"yoast_head":"<!-- This site is optimized with the Yoast SEO plugin v24.3 - https:\/\/yoast.com\/wordpress\/plugins\/seo\/ -->\n<title>El \u00faltimo vikingo | Secci\u00f3n Oficial - Sombra Festival<\/title>\n<meta name=\"robots\" content=\"index, follow, max-snippet:-1, max-image-preview:large, max-video-preview:-1\" \/>\n<link rel=\"canonical\" href=\"https:\/\/sombramadrid.com\/en\/programacion-sombra-madrid-2026\/largometrajes-2026\/el-ultimo-vikingo-seccion-oficial\/\" \/>\n<meta property=\"og:locale\" content=\"en_GB\" \/>\n<meta property=\"og:type\" content=\"article\" \/>\n<meta property=\"og:title\" content=\"El \u00faltimo vikingo | Secci\u00f3n Oficial - Sombra Festival\" \/>\n<meta property=\"og:description\" content=\"Fecha: S\u00e1bado, 7 de marzo Hora: 20:30 Lugar: Sala Berlanga (Fundaci\u00f3n SGAE) COMPRAR ENTRADAS Sinopsis Anker sale de prisi\u00f3n tras cumplir una condena de quince a\u00f1os por robo. El dinero del atraco fue enterrado por su hermano Manfred. Solo \u00e9l sabe d\u00f3nde est\u00e1. Por desgracia, desde entonces Manfred ha desarrollado un trastorno mental que le [&hellip;]\" \/>\n<meta property=\"og:url\" content=\"https:\/\/sombramadrid.com\/en\/programacion-sombra-madrid-2026\/largometrajes-2026\/el-ultimo-vikingo-seccion-oficial\/\" \/>\n<meta property=\"og:site_name\" content=\"Sombra Festival\" \/>\n<meta property=\"article:publisher\" content=\"https:\/\/www.facebook.com\/Sombra-Festival-De-CINE-Fantastico-Europeo-De-Murcia-175337032531429\/\" \/>\n<meta property=\"article:modified_time\" content=\"2026-03-04T20:36:11+00:00\" \/>\n<meta property=\"og:image\" content=\"https:\/\/sombramadrid.com\/wp-content\/uploads\/2026\/01\/el-ultimo-vikingo.jpg\" \/>\n\t<meta property=\"og:image:width\" content=\"839\" \/>\n\t<meta property=\"og:image:height\" content=\"1200\" \/>\n\t<meta property=\"og:image:type\" content=\"image\/jpeg\" \/>\n<meta name=\"twitter:card\" content=\"summary_large_image\" \/>\n<meta name=\"twitter:site\" content=\"@SombraFestival\" \/>\n<meta name=\"twitter:label1\" content=\"Est. reading time\" \/>\n\t<meta name=\"twitter:data1\" content=\"2 minutes\" \/>\n<script type=\"application\/ld+json\" class=\"yoast-schema-graph\">{\"@context\":\"https:\/\/schema.org\",\"@graph\":[{\"@type\":\"WebPage\",\"@id\":\"https:\/\/sombramadrid.com\/programacion-sombra-madrid-2026\/largometrajes-2026\/el-ultimo-vikingo-seccion-oficial\/\",\"url\":\"https:\/\/sombramadrid.com\/programacion-sombra-madrid-2026\/largometrajes-2026\/el-ultimo-vikingo-seccion-oficial\/\",\"name\":\"El \u00faltimo vikingo | Secci\u00f3n Oficial - Sombra Festival\",\"isPartOf\":{\"@id\":\"https:\/\/sombramadrid.com\/#website\"},\"primaryImageOfPage\":{\"@id\":\"https:\/\/sombramadrid.com\/programacion-sombra-madrid-2026\/largometrajes-2026\/el-ultimo-vikingo-seccion-oficial\/#primaryimage\"},\"image\":{\"@id\":\"https:\/\/sombramadrid.com\/programacion-sombra-madrid-2026\/largometrajes-2026\/el-ultimo-vikingo-seccion-oficial\/#primaryimage\"},\"thumbnailUrl\":\"https:\/\/sombramadrid.com\/wp-content\/uploads\/2026\/01\/el-ultimo-vikingo.jpg\",\"datePublished\":\"2026-02-08T18:59:24+00:00\",\"dateModified\":\"2026-03-04T20:36:11+00:00\",\"breadcrumb\":{\"@id\":\"https:\/\/sombramadrid.com\/programacion-sombra-madrid-2026\/largometrajes-2026\/el-ultimo-vikingo-seccion-oficial\/#breadcrumb\"},\"inLanguage\":\"en-GB\",\"potentialAction\":[{\"@type\":\"ReadAction\",\"target\":[\"https:\/\/sombramadrid.com\/programacion-sombra-madrid-2026\/largometrajes-2026\/el-ultimo-vikingo-seccion-oficial\/\"]}]},{\"@type\":\"ImageObject\",\"inLanguage\":\"en-GB\",\"@id\":\"https:\/\/sombramadrid.com\/programacion-sombra-madrid-2026\/largometrajes-2026\/el-ultimo-vikingo-seccion-oficial\/#primaryimage\",\"url\":\"https:\/\/sombramadrid.com\/wp-content\/uploads\/2026\/01\/el-ultimo-vikingo.jpg\",\"contentUrl\":\"https:\/\/sombramadrid.com\/wp-content\/uploads\/2026\/01\/el-ultimo-vikingo.jpg\",\"width\":839,\"height\":1200},{\"@type\":\"BreadcrumbList\",\"@id\":\"https:\/\/sombramadrid.com\/programacion-sombra-madrid-2026\/largometrajes-2026\/el-ultimo-vikingo-seccion-oficial\/#breadcrumb\",\"itemListElement\":[{\"@type\":\"ListItem\",\"position\":1,\"name\":\"Portada\",\"item\":\"https:\/\/sombramadrid.com\/\"},{\"@type\":\"ListItem\",\"position\":2,\"name\":\"PROGRAMACI\u00d3N SOMBRA MADRID 2026\",\"item\":\"https:\/\/sombramadrid.com\/programacion-sombra-madrid-2026\/\"},{\"@type\":\"ListItem\",\"position\":3,\"name\":\"Largometrajes 2026\",\"item\":\"https:\/\/sombramadrid.com\/programacion-sombra-madrid-2026\/largometrajes-2026\/\"},{\"@type\":\"ListItem\",\"position\":4,\"name\":\"El \u00faltimo vikingo | Secci\u00f3n Oficial\"}]},{\"@type\":\"WebSite\",\"@id\":\"https:\/\/sombramadrid.com\/#website\",\"url\":\"https:\/\/sombramadrid.com\/\",\"name\":\"Sombra Festival\",\"description\":\"XIII Festival de Cine Fant\u00e1stico Europeo de Murcia, 8-17 MARZO 2024\",\"publisher\":{\"@id\":\"https:\/\/sombramadrid.com\/#organization\"},\"potentialAction\":[{\"@type\":\"SearchAction\",\"target\":{\"@type\":\"EntryPoint\",\"urlTemplate\":\"https:\/\/sombramadrid.com\/?s={search_term_string}\"},\"query-input\":{\"@type\":\"PropertyValueSpecification\",\"valueRequired\":true,\"valueName\":\"search_term_string\"}}],\"inLanguage\":\"en-GB\"},{\"@type\":\"Organization\",\"@id\":\"https:\/\/sombramadrid.com\/#organization\",\"name\":\"SOMBRA, IX FESTIVAL DE CINE FANTASTICO EUROPEO DE MURCIA\",\"url\":\"https:\/\/sombramadrid.com\/\",\"logo\":{\"@type\":\"ImageObject\",\"inLanguage\":\"en-GB\",\"@id\":\"https:\/\/sombramadrid.com\/#\/schema\/logo\/image\/\",\"url\":\"https:\/\/sombramadrid.com\/wp-content\/uploads\/2019\/10\/Sombra-LogoIdentificador-Negativo.jpg\",\"contentUrl\":\"https:\/\/sombramadrid.com\/wp-content\/uploads\/2019\/10\/Sombra-LogoIdentificador-Negativo.jpg\",\"width\":400,\"height\":400,\"caption\":\"SOMBRA, IX FESTIVAL DE CINE FANTASTICO EUROPEO DE MURCIA\"},\"image\":{\"@id\":\"https:\/\/sombramadrid.com\/#\/schema\/logo\/image\/\"},\"sameAs\":[\"https:\/\/www.facebook.com\/Sombra-Festival-De-CINE-Fantastico-Europeo-De-Murcia-175337032531429\/\",\"https:\/\/x.com\/SombraFestival\",\"https:\/\/www.instagram.com\/sombrafestival\/\",\"https:\/\/www.youtube.com\/channel\/UCBdSJni9V30Tq4cGf4Lj0Ug?view_as=subscriber\"]}]}<\/script>\n<!-- \/ Yoast SEO plugin. -->","yoast_head_json":{"title":"El \u00faltimo vikingo | Secci\u00f3n Oficial - Sombra Festival","robots":{"index":"index","follow":"follow","max-snippet":"max-snippet:-1","max-image-preview":"max-image-preview:large","max-video-preview":"max-video-preview:-1"},"canonical":"https:\/\/sombramadrid.com\/en\/programacion-sombra-madrid-2026\/largometrajes-2026\/el-ultimo-vikingo-seccion-oficial\/","og_locale":"en_GB","og_type":"article","og_title":"El \u00faltimo vikingo | Secci\u00f3n Oficial - Sombra Festival","og_description":"Fecha: S\u00e1bado, 7 de marzo Hora: 20:30 Lugar: Sala Berlanga (Fundaci\u00f3n SGAE) COMPRAR ENTRADAS Sinopsis Anker sale de prisi\u00f3n tras cumplir una condena de quince a\u00f1os por robo. El dinero del atraco fue enterrado por su hermano Manfred. Solo \u00e9l sabe d\u00f3nde est\u00e1. Por desgracia, desde entonces Manfred ha desarrollado un trastorno mental que le [&hellip;]","og_url":"https:\/\/sombramadrid.com\/en\/programacion-sombra-madrid-2026\/largometrajes-2026\/el-ultimo-vikingo-seccion-oficial\/","og_site_name":"Sombra Festival","article_publisher":"https:\/\/www.facebook.com\/Sombra-Festival-De-CINE-Fantastico-Europeo-De-Murcia-175337032531429\/","article_modified_time":"2026-03-04T20:36:11+00:00","og_image":[{"width":839,"height":1200,"url":"https:\/\/sombramadrid.com\/wp-content\/uploads\/2026\/01\/el-ultimo-vikingo.jpg","type":"image\/jpeg"}],"twitter_card":"summary_large_image","twitter_site":"@SombraFestival","twitter_misc":{"Est. reading time":"2 minutes"},"schema":{"@context":"https:\/\/schema.org","@graph":[{"@type":"WebPage","@id":"https:\/\/sombramadrid.com\/programacion-sombra-madrid-2026\/largometrajes-2026\/el-ultimo-vikingo-seccion-oficial\/","url":"https:\/\/sombramadrid.com\/programacion-sombra-madrid-2026\/largometrajes-2026\/el-ultimo-vikingo-seccion-oficial\/","name":"El \u00faltimo vikingo | Secci\u00f3n Oficial - Sombra Festival","isPartOf":{"@id":"https:\/\/sombramadrid.com\/#website"},"primaryImageOfPage":{"@id":"https:\/\/sombramadrid.com\/programacion-sombra-madrid-2026\/largometrajes-2026\/el-ultimo-vikingo-seccion-oficial\/#primaryimage"},"image":{"@id":"https:\/\/sombramadrid.com\/programacion-sombra-madrid-2026\/largometrajes-2026\/el-ultimo-vikingo-seccion-oficial\/#primaryimage"},"thumbnailUrl":"https:\/\/sombramadrid.com\/wp-content\/uploads\/2026\/01\/el-ultimo-vikingo.jpg","datePublished":"2026-02-08T18:59:24+00:00","dateModified":"2026-03-04T20:36:11+00:00","breadcrumb":{"@id":"https:\/\/sombramadrid.com\/programacion-sombra-madrid-2026\/largometrajes-2026\/el-ultimo-vikingo-seccion-oficial\/#breadcrumb"},"inLanguage":"en-GB","potentialAction":[{"@type":"ReadAction","target":["https:\/\/sombramadrid.com\/programacion-sombra-madrid-2026\/largometrajes-2026\/el-ultimo-vikingo-seccion-oficial\/"]}]},{"@type":"ImageObject","inLanguage":"en-GB","@id":"https:\/\/sombramadrid.com\/programacion-sombra-madrid-2026\/largometrajes-2026\/el-ultimo-vikingo-seccion-oficial\/#primaryimage","url":"https:\/\/sombramadrid.com\/wp-content\/uploads\/2026\/01\/el-ultimo-vikingo.jpg","contentUrl":"https:\/\/sombramadrid.com\/wp-content\/uploads\/2026\/01\/el-ultimo-vikingo.jpg","width":839,"height":1200},{"@type":"BreadcrumbList","@id":"https:\/\/sombramadrid.com\/programacion-sombra-madrid-2026\/largometrajes-2026\/el-ultimo-vikingo-seccion-oficial\/#breadcrumb","itemListElement":[{"@type":"ListItem","position":1,"name":"Portada","item":"https:\/\/sombramadrid.com\/"},{"@type":"ListItem","position":2,"name":"PROGRAMACI\u00d3N SOMBRA MADRID 2026","item":"https:\/\/sombramadrid.com\/programacion-sombra-madrid-2026\/"},{"@type":"ListItem","position":3,"name":"Largometrajes 2026","item":"https:\/\/sombramadrid.com\/programacion-sombra-madrid-2026\/largometrajes-2026\/"},{"@type":"ListItem","position":4,"name":"El \u00faltimo vikingo | Secci\u00f3n Oficial"}]},{"@type":"WebSite","@id":"https:\/\/sombramadrid.com\/#website","url":"https:\/\/sombramadrid.com\/","name":"Sombra Festival","description":"XIII Festival de Cine Fant\u00e1stico Europeo de Murcia, 8-17 MARZO 2024","publisher":{"@id":"https:\/\/sombramadrid.com\/#organization"},"potentialAction":[{"@type":"SearchAction","target":{"@type":"EntryPoint","urlTemplate":"https:\/\/sombramadrid.com\/?s={search_term_string}"},"query-input":{"@type":"PropertyValueSpecification","valueRequired":true,"valueName":"search_term_string"}}],"inLanguage":"en-GB"},{"@type":"Organization","@id":"https:\/\/sombramadrid.com\/#organization","name":"SOMBRA, IX FESTIVAL DE CINE FANTASTICO EUROPEO DE MURCIA","url":"https:\/\/sombramadrid.com\/","logo":{"@type":"ImageObject","inLanguage":"en-GB","@id":"https:\/\/sombramadrid.com\/#\/schema\/logo\/image\/","url":"https:\/\/sombramadrid.com\/wp-content\/uploads\/2019\/10\/Sombra-LogoIdentificador-Negativo.jpg","contentUrl":"https:\/\/sombramadrid.com\/wp-content\/uploads\/2019\/10\/Sombra-LogoIdentificador-Negativo.jpg","width":400,"height":400,"caption":"SOMBRA, IX FESTIVAL DE CINE FANTASTICO EUROPEO DE MURCIA"},"image":{"@id":"https:\/\/sombramadrid.com\/#\/schema\/logo\/image\/"},"sameAs":["https:\/\/www.facebook.com\/Sombra-Festival-De-CINE-Fantastico-Europeo-De-Murcia-175337032531429\/","https:\/\/x.com\/SombraFestival","https:\/\/www.instagram.com\/sombrafestival\/","https:\/\/www.youtube.com\/channel\/UCBdSJni9V30Tq4cGf4Lj0Ug?view_as=subscriber"]}]}},"_links":{"self":[{"href":"https:\/\/sombramadrid.com\/en\/wp-json\/wp\/v2\/pages\/7604","targetHints":{"allow":["GET"]}}],"collection":[{"href":"https:\/\/sombramadrid.com\/en\/wp-json\/wp\/v2\/pages"}],"about":[{"href":"https:\/\/sombramadrid.com\/en\/wp-json\/wp\/v2\/types\/page"}],"author":[{"embeddable":true,"href":"https:\/\/sombramadrid.com\/en\/wp-json\/wp\/v2\/users\/2"}],"replies":[{"embeddable":true,"href":"https:\/\/sombramadrid.com\/en\/wp-json\/wp\/v2\/comments?post=7604"}],"version-history":[{"count":7,"href":"https:\/\/sombramadrid.com\/en\/wp-json\/wp\/v2\/pages\/7604\/revisions"}],"predecessor-version":[{"id":8012,"href":"https:\/\/sombramadrid.com\/en\/wp-json\/wp\/v2\/pages\/7604\/revisions\/8012"}],"up":[{"embeddable":true,"href":"https:\/\/sombramadrid.com\/en\/wp-json\/wp\/v2\/pages\/7721"}],"wp:featuredmedia":[{"embeddable":true,"href":"https:\/\/sombramadrid.com\/en\/wp-json\/wp\/v2\/media\/7605"}],"wp:attachment":[{"href":"https:\/\/sombramadrid.com\/en\/wp-json\/wp\/v2\/media?parent=7604"}],"curies":[{"name":"wp","href":"https:\/\/api.w.org\/{rel}","templated":true}]}}