{"id":7598,"date":"2026-02-08T19:54:37","date_gmt":"2026-02-08T18:54:37","guid":{"rendered":"https:\/\/sombramadrid.com\/?page_id=7598"},"modified":"2026-03-02T20:20:11","modified_gmt":"2026-03-02T19:20:11","slug":"redux-redux-fuera-de-competicion","status":"publish","type":"page","link":"https:\/\/sombramadrid.com\/en\/programacion-sombra-madrid-2026\/largometrajes-2026\/redux-redux-fuera-de-competicion\/","title":{"rendered":"Redux, Redux | Fuera de Competici\u00f3n"},"content":{"rendered":"<ul>\n<li><strong>Fecha:<\/strong> Jueves, 5 de marzo<\/li>\n<li><strong>Hora:<\/strong> 16:30<\/li>\n<li><strong>Lugar:<\/strong> Sala Berlanga (Fundaci\u00f3n SGAE)<\/li>\n<li><span style=\"color: #ffff00;\"><strong>Pre-estreno<\/strong><\/span><\/li>\n<\/ul>\n<p style=\"text-align: center;\"><a href=\"https:\/\/cine.entradas.com\/cine\/madrid\/sala-berlanga\/evento\/3485?_gl=1*v149rf*_up*MQ..*_ga*MTQzNjYyNjk1Ny4xNzcwNzU0OTEw*_ga_FBK0001*czE3NzA3NTQ5MTAkbzEkZzAkdDE3NzA3NTQ5MTAkajYwJGwwJGgxNTc4NDU2MjU2*_ga_ADS0001*czE3NzA3NTQ5MTAkbzEkZzAkdDE3NzA3NTQ5MTAkajYwJGwwJGgxOTI2NTczOTgz*_ga_TLL4VK4BDK*czE3NzA3NTQ5MTAkbzEkZzAkdDE3NzA3NTQ5MTAkajYwJGwwJGgxMjE3MTczMzg4\"><span class=\"td_btn td_btn_lg td_default_btn\">COMPRAR ENTRADAS<\/span><\/a><\/p>\n<p><iframe loading=\"lazy\" title=\"Redux Redux (2025) HD Trailer Oficial Subtitulado Espa\u00f1ol - Taylor Misiak - Terror\/Sci-Fi\" width=\"696\" height=\"392\" src=\"https:\/\/www.youtube.com\/embed\/LXIsN4gc_rc?feature=oembed\" frameborder=\"0\" allow=\"accelerometer; autoplay; clipboard-write; encrypted-media; gyroscope; picture-in-picture; web-share\" referrerpolicy=\"strict-origin-when-cross-origin\" allowfullscreen><\/iframe><\/p>\n<p><strong>Sinopsis<\/strong><\/p>\n<p>Irene Kelly es una mujer que, en un intento de vengar la muerte de su hija, viaja a trav\u00e9s de distintas realidades para matar una y otra vez al asesino. Su obsesi\u00f3n por la venganza pronto se convierte en una adicci\u00f3n que amenaza con poner en jaque la humanidad.<\/p>\n<p><img loading=\"lazy\" decoding=\"async\" class=\"size-large wp-image-7599 aligncenter\" src=\"https:\/\/sombramadrid.com\/wp-content\/uploads\/2026\/01\/redux_redux-518036491-large-691x1024.jpg\" alt=\"\" width=\"691\" height=\"1024\" srcset=\"https:\/\/sombramadrid.com\/wp-content\/uploads\/2026\/01\/redux_redux-518036491-large-691x1024.jpg 691w, https:\/\/sombramadrid.com\/wp-content\/uploads\/2026\/01\/redux_redux-518036491-large-203x300.jpg 203w, https:\/\/sombramadrid.com\/wp-content\/uploads\/2026\/01\/redux_redux-518036491-large-768x1138.jpg 768w, https:\/\/sombramadrid.com\/wp-content\/uploads\/2026\/01\/redux_redux-518036491-large-8x12.jpg 8w, https:\/\/sombramadrid.com\/wp-content\/uploads\/2026\/01\/redux_redux-518036491-large-284x420.jpg 284w, https:\/\/sombramadrid.com\/wp-content\/uploads\/2026\/01\/redux_redux-518036491-large-696x1031.jpg 696w, https:\/\/sombramadrid.com\/wp-content\/uploads\/2026\/01\/redux_redux-518036491-large.jpg 800w\" sizes=\"auto, (max-width: 691px) 100vw, 691px\" \/><\/p>\n<ul>\n<li><strong>T\u00edtulo original:<\/strong> Redux Redux<\/li>\n<li><strong>A\u00f1o:<\/strong> 2025<\/li>\n<li><strong>Duraci\u00f3n:<\/strong> 107 min.<\/li>\n<li><strong>Pa\u00eds:<\/strong> Estados Unidos<\/li>\n<li><strong>Direcci\u00f3n:<\/strong> Kevin McManus, Matthew McManus<\/li>\n<li><strong>Guion:<\/strong> Kevin McManus, Matthew McManus<\/li>\n<li><strong>Reparto:<\/strong> Michaela McManus, Stella Marcus, Jeremy Holm, Jim Cummings, Hilty Bowen, Raphael Chestang, Debra Christofferson, Minita Gandhi, Derick Alexander, London Garcia, Clinton Lowe, Michael Manuel, Taylor Misiak, Remy Ortiz&#8230;<\/li>\n<li><strong>M\u00fasica:<\/strong> Paul Koch<\/li>\n<li><strong>Fotograf\u00eda:<\/strong> Alan Gwizdowski<\/li>\n<li><strong>Compa\u00f1\u00edas:<\/strong> Mothership Motion Pictures<\/li>\n<li><strong>G\u00e9nero:<\/strong> Thriller. Ciencia ficci\u00f3n. Terror | Venganza<\/li>\n<\/ul>","protected":false},"excerpt":{"rendered":"<p>Fecha: Jueves, 5 de marzo Hora: 16:30 Lugar: Sala Berlanga (Fundaci\u00f3n SGAE) Pre-estreno COMPRAR ENTRADAS Sinopsis Irene Kelly es una mujer que, en un intento de vengar la muerte de su hija, viaja a trav\u00e9s de distintas realidades para matar una y otra vez al asesino. Su obsesi\u00f3n por la venganza pronto se convierte en [&hellip;]<\/p>","protected":false},"author":2,"featured_media":7599,"parent":7721,"menu_order":0,"comment_status":"closed","ping_status":"closed","template":"","meta":{"footnotes":""},"class_list":["post-7598","page","type-page","status-publish","has-post-thumbnail"],"yoast_head":"<!-- This site is optimized with the Yoast SEO plugin v24.3 - https:\/\/yoast.com\/wordpress\/plugins\/seo\/ -->\n<title>Redux, Redux | Fuera de Competici\u00f3n - Sombra Festival<\/title>\n<meta name=\"robots\" content=\"index, follow, max-snippet:-1, max-image-preview:large, max-video-preview:-1\" \/>\n<link rel=\"canonical\" href=\"https:\/\/sombramadrid.com\/en\/programacion-sombra-madrid-2026\/largometrajes-2026\/redux-redux-fuera-de-competicion\/\" \/>\n<meta property=\"og:locale\" content=\"en_GB\" \/>\n<meta property=\"og:type\" content=\"article\" \/>\n<meta property=\"og:title\" content=\"Redux, Redux | Fuera de Competici\u00f3n - Sombra Festival\" \/>\n<meta property=\"og:description\" content=\"Fecha: Jueves, 5 de marzo Hora: 16:30 Lugar: Sala Berlanga (Fundaci\u00f3n SGAE) Pre-estreno COMPRAR ENTRADAS Sinopsis Irene Kelly es una mujer que, en un intento de vengar la muerte de su hija, viaja a trav\u00e9s de distintas realidades para matar una y otra vez al asesino. Su obsesi\u00f3n por la venganza pronto se convierte en [&hellip;]\" \/>\n<meta property=\"og:url\" content=\"https:\/\/sombramadrid.com\/en\/programacion-sombra-madrid-2026\/largometrajes-2026\/redux-redux-fuera-de-competicion\/\" \/>\n<meta property=\"og:site_name\" content=\"Sombra Festival\" \/>\n<meta property=\"article:publisher\" content=\"https:\/\/www.facebook.com\/Sombra-Festival-De-CINE-Fantastico-Europeo-De-Murcia-175337032531429\/\" \/>\n<meta property=\"article:modified_time\" content=\"2026-03-02T19:20:11+00:00\" \/>\n<meta property=\"og:image\" content=\"https:\/\/sombramadrid.com\/wp-content\/uploads\/2026\/01\/redux_redux-518036491-large.jpg\" \/>\n\t<meta property=\"og:image:width\" content=\"800\" \/>\n\t<meta property=\"og:image:height\" content=\"1185\" \/>\n\t<meta property=\"og:image:type\" content=\"image\/jpeg\" \/>\n<meta name=\"twitter:card\" content=\"summary_large_image\" \/>\n<meta name=\"twitter:site\" content=\"@SombraFestival\" \/>\n<meta name=\"twitter:label1\" content=\"Est. reading time\" \/>\n\t<meta name=\"twitter:data1\" content=\"2 minutes\" \/>\n<script type=\"application\/ld+json\" class=\"yoast-schema-graph\">{\"@context\":\"https:\/\/schema.org\",\"@graph\":[{\"@type\":\"WebPage\",\"@id\":\"https:\/\/sombramadrid.com\/programacion-sombra-madrid-2026\/largometrajes-2026\/redux-redux-fuera-de-competicion\/\",\"url\":\"https:\/\/sombramadrid.com\/programacion-sombra-madrid-2026\/largometrajes-2026\/redux-redux-fuera-de-competicion\/\",\"name\":\"Redux, Redux | Fuera de Competici\u00f3n - Sombra Festival\",\"isPartOf\":{\"@id\":\"https:\/\/sombramadrid.com\/#website\"},\"primaryImageOfPage\":{\"@id\":\"https:\/\/sombramadrid.com\/programacion-sombra-madrid-2026\/largometrajes-2026\/redux-redux-fuera-de-competicion\/#primaryimage\"},\"image\":{\"@id\":\"https:\/\/sombramadrid.com\/programacion-sombra-madrid-2026\/largometrajes-2026\/redux-redux-fuera-de-competicion\/#primaryimage\"},\"thumbnailUrl\":\"https:\/\/sombramadrid.com\/wp-content\/uploads\/2026\/01\/redux_redux-518036491-large.jpg\",\"datePublished\":\"2026-02-08T18:54:37+00:00\",\"dateModified\":\"2026-03-02T19:20:11+00:00\",\"breadcrumb\":{\"@id\":\"https:\/\/sombramadrid.com\/programacion-sombra-madrid-2026\/largometrajes-2026\/redux-redux-fuera-de-competicion\/#breadcrumb\"},\"inLanguage\":\"en-GB\",\"potentialAction\":[{\"@type\":\"ReadAction\",\"target\":[\"https:\/\/sombramadrid.com\/programacion-sombra-madrid-2026\/largometrajes-2026\/redux-redux-fuera-de-competicion\/\"]}]},{\"@type\":\"ImageObject\",\"inLanguage\":\"en-GB\",\"@id\":\"https:\/\/sombramadrid.com\/programacion-sombra-madrid-2026\/largometrajes-2026\/redux-redux-fuera-de-competicion\/#primaryimage\",\"url\":\"https:\/\/sombramadrid.com\/wp-content\/uploads\/2026\/01\/redux_redux-518036491-large.jpg\",\"contentUrl\":\"https:\/\/sombramadrid.com\/wp-content\/uploads\/2026\/01\/redux_redux-518036491-large.jpg\",\"width\":800,\"height\":1185},{\"@type\":\"BreadcrumbList\",\"@id\":\"https:\/\/sombramadrid.com\/programacion-sombra-madrid-2026\/largometrajes-2026\/redux-redux-fuera-de-competicion\/#breadcrumb\",\"itemListElement\":[{\"@type\":\"ListItem\",\"position\":1,\"name\":\"Portada\",\"item\":\"https:\/\/sombramadrid.com\/\"},{\"@type\":\"ListItem\",\"position\":2,\"name\":\"PROGRAMACI\u00d3N SOMBRA MADRID 2026\",\"item\":\"https:\/\/sombramadrid.com\/programacion-sombra-madrid-2026\/\"},{\"@type\":\"ListItem\",\"position\":3,\"name\":\"Largometrajes 2026\",\"item\":\"https:\/\/sombramadrid.com\/programacion-sombra-madrid-2026\/largometrajes-2026\/\"},{\"@type\":\"ListItem\",\"position\":4,\"name\":\"Redux, Redux | Fuera de Competici\u00f3n\"}]},{\"@type\":\"WebSite\",\"@id\":\"https:\/\/sombramadrid.com\/#website\",\"url\":\"https:\/\/sombramadrid.com\/\",\"name\":\"Sombra Festival\",\"description\":\"XIII Festival de Cine Fant\u00e1stico Europeo de Murcia, 8-17 MARZO 2024\",\"publisher\":{\"@id\":\"https:\/\/sombramadrid.com\/#organization\"},\"potentialAction\":[{\"@type\":\"SearchAction\",\"target\":{\"@type\":\"EntryPoint\",\"urlTemplate\":\"https:\/\/sombramadrid.com\/?s={search_term_string}\"},\"query-input\":{\"@type\":\"PropertyValueSpecification\",\"valueRequired\":true,\"valueName\":\"search_term_string\"}}],\"inLanguage\":\"en-GB\"},{\"@type\":\"Organization\",\"@id\":\"https:\/\/sombramadrid.com\/#organization\",\"name\":\"SOMBRA, IX FESTIVAL DE CINE FANTASTICO EUROPEO DE MURCIA\",\"url\":\"https:\/\/sombramadrid.com\/\",\"logo\":{\"@type\":\"ImageObject\",\"inLanguage\":\"en-GB\",\"@id\":\"https:\/\/sombramadrid.com\/#\/schema\/logo\/image\/\",\"url\":\"https:\/\/sombramadrid.com\/wp-content\/uploads\/2019\/10\/Sombra-LogoIdentificador-Negativo.jpg\",\"contentUrl\":\"https:\/\/sombramadrid.com\/wp-content\/uploads\/2019\/10\/Sombra-LogoIdentificador-Negativo.jpg\",\"width\":400,\"height\":400,\"caption\":\"SOMBRA, IX FESTIVAL DE CINE FANTASTICO EUROPEO DE MURCIA\"},\"image\":{\"@id\":\"https:\/\/sombramadrid.com\/#\/schema\/logo\/image\/\"},\"sameAs\":[\"https:\/\/www.facebook.com\/Sombra-Festival-De-CINE-Fantastico-Europeo-De-Murcia-175337032531429\/\",\"https:\/\/x.com\/SombraFestival\",\"https:\/\/www.instagram.com\/sombrafestival\/\",\"https:\/\/www.youtube.com\/channel\/UCBdSJni9V30Tq4cGf4Lj0Ug?view_as=subscriber\"]}]}<\/script>\n<!-- \/ Yoast SEO plugin. -->","yoast_head_json":{"title":"Redux, Redux | Fuera de Competici\u00f3n - Sombra Festival","robots":{"index":"index","follow":"follow","max-snippet":"max-snippet:-1","max-image-preview":"max-image-preview:large","max-video-preview":"max-video-preview:-1"},"canonical":"https:\/\/sombramadrid.com\/en\/programacion-sombra-madrid-2026\/largometrajes-2026\/redux-redux-fuera-de-competicion\/","og_locale":"en_GB","og_type":"article","og_title":"Redux, Redux | Fuera de Competici\u00f3n - Sombra Festival","og_description":"Fecha: Jueves, 5 de marzo Hora: 16:30 Lugar: Sala Berlanga (Fundaci\u00f3n SGAE) Pre-estreno COMPRAR ENTRADAS Sinopsis Irene Kelly es una mujer que, en un intento de vengar la muerte de su hija, viaja a trav\u00e9s de distintas realidades para matar una y otra vez al asesino. Su obsesi\u00f3n por la venganza pronto se convierte en [&hellip;]","og_url":"https:\/\/sombramadrid.com\/en\/programacion-sombra-madrid-2026\/largometrajes-2026\/redux-redux-fuera-de-competicion\/","og_site_name":"Sombra Festival","article_publisher":"https:\/\/www.facebook.com\/Sombra-Festival-De-CINE-Fantastico-Europeo-De-Murcia-175337032531429\/","article_modified_time":"2026-03-02T19:20:11+00:00","og_image":[{"width":800,"height":1185,"url":"https:\/\/sombramadrid.com\/wp-content\/uploads\/2026\/01\/redux_redux-518036491-large.jpg","type":"image\/jpeg"}],"twitter_card":"summary_large_image","twitter_site":"@SombraFestival","twitter_misc":{"Est. reading time":"2 minutes"},"schema":{"@context":"https:\/\/schema.org","@graph":[{"@type":"WebPage","@id":"https:\/\/sombramadrid.com\/programacion-sombra-madrid-2026\/largometrajes-2026\/redux-redux-fuera-de-competicion\/","url":"https:\/\/sombramadrid.com\/programacion-sombra-madrid-2026\/largometrajes-2026\/redux-redux-fuera-de-competicion\/","name":"Redux, Redux | Fuera de Competici\u00f3n - Sombra Festival","isPartOf":{"@id":"https:\/\/sombramadrid.com\/#website"},"primaryImageOfPage":{"@id":"https:\/\/sombramadrid.com\/programacion-sombra-madrid-2026\/largometrajes-2026\/redux-redux-fuera-de-competicion\/#primaryimage"},"image":{"@id":"https:\/\/sombramadrid.com\/programacion-sombra-madrid-2026\/largometrajes-2026\/redux-redux-fuera-de-competicion\/#primaryimage"},"thumbnailUrl":"https:\/\/sombramadrid.com\/wp-content\/uploads\/2026\/01\/redux_redux-518036491-large.jpg","datePublished":"2026-02-08T18:54:37+00:00","dateModified":"2026-03-02T19:20:11+00:00","breadcrumb":{"@id":"https:\/\/sombramadrid.com\/programacion-sombra-madrid-2026\/largometrajes-2026\/redux-redux-fuera-de-competicion\/#breadcrumb"},"inLanguage":"en-GB","potentialAction":[{"@type":"ReadAction","target":["https:\/\/sombramadrid.com\/programacion-sombra-madrid-2026\/largometrajes-2026\/redux-redux-fuera-de-competicion\/"]}]},{"@type":"ImageObject","inLanguage":"en-GB","@id":"https:\/\/sombramadrid.com\/programacion-sombra-madrid-2026\/largometrajes-2026\/redux-redux-fuera-de-competicion\/#primaryimage","url":"https:\/\/sombramadrid.com\/wp-content\/uploads\/2026\/01\/redux_redux-518036491-large.jpg","contentUrl":"https:\/\/sombramadrid.com\/wp-content\/uploads\/2026\/01\/redux_redux-518036491-large.jpg","width":800,"height":1185},{"@type":"BreadcrumbList","@id":"https:\/\/sombramadrid.com\/programacion-sombra-madrid-2026\/largometrajes-2026\/redux-redux-fuera-de-competicion\/#breadcrumb","itemListElement":[{"@type":"ListItem","position":1,"name":"Portada","item":"https:\/\/sombramadrid.com\/"},{"@type":"ListItem","position":2,"name":"PROGRAMACI\u00d3N SOMBRA MADRID 2026","item":"https:\/\/sombramadrid.com\/programacion-sombra-madrid-2026\/"},{"@type":"ListItem","position":3,"name":"Largometrajes 2026","item":"https:\/\/sombramadrid.com\/programacion-sombra-madrid-2026\/largometrajes-2026\/"},{"@type":"ListItem","position":4,"name":"Redux, Redux | Fuera de Competici\u00f3n"}]},{"@type":"WebSite","@id":"https:\/\/sombramadrid.com\/#website","url":"https:\/\/sombramadrid.com\/","name":"Sombra Festival","description":"XIII Festival de Cine Fant\u00e1stico Europeo de Murcia, 8-17 MARZO 2024","publisher":{"@id":"https:\/\/sombramadrid.com\/#organization"},"potentialAction":[{"@type":"SearchAction","target":{"@type":"EntryPoint","urlTemplate":"https:\/\/sombramadrid.com\/?s={search_term_string}"},"query-input":{"@type":"PropertyValueSpecification","valueRequired":true,"valueName":"search_term_string"}}],"inLanguage":"en-GB"},{"@type":"Organization","@id":"https:\/\/sombramadrid.com\/#organization","name":"SOMBRA, IX FESTIVAL DE CINE FANTASTICO EUROPEO DE MURCIA","url":"https:\/\/sombramadrid.com\/","logo":{"@type":"ImageObject","inLanguage":"en-GB","@id":"https:\/\/sombramadrid.com\/#\/schema\/logo\/image\/","url":"https:\/\/sombramadrid.com\/wp-content\/uploads\/2019\/10\/Sombra-LogoIdentificador-Negativo.jpg","contentUrl":"https:\/\/sombramadrid.com\/wp-content\/uploads\/2019\/10\/Sombra-LogoIdentificador-Negativo.jpg","width":400,"height":400,"caption":"SOMBRA, IX FESTIVAL DE CINE FANTASTICO EUROPEO DE MURCIA"},"image":{"@id":"https:\/\/sombramadrid.com\/#\/schema\/logo\/image\/"},"sameAs":["https:\/\/www.facebook.com\/Sombra-Festival-De-CINE-Fantastico-Europeo-De-Murcia-175337032531429\/","https:\/\/x.com\/SombraFestival","https:\/\/www.instagram.com\/sombrafestival\/","https:\/\/www.youtube.com\/channel\/UCBdSJni9V30Tq4cGf4Lj0Ug?view_as=subscriber"]}]}},"_links":{"self":[{"href":"https:\/\/sombramadrid.com\/en\/wp-json\/wp\/v2\/pages\/7598","targetHints":{"allow":["GET"]}}],"collection":[{"href":"https:\/\/sombramadrid.com\/en\/wp-json\/wp\/v2\/pages"}],"about":[{"href":"https:\/\/sombramadrid.com\/en\/wp-json\/wp\/v2\/types\/page"}],"author":[{"embeddable":true,"href":"https:\/\/sombramadrid.com\/en\/wp-json\/wp\/v2\/users\/2"}],"replies":[{"embeddable":true,"href":"https:\/\/sombramadrid.com\/en\/wp-json\/wp\/v2\/comments?post=7598"}],"version-history":[{"count":7,"href":"https:\/\/sombramadrid.com\/en\/wp-json\/wp\/v2\/pages\/7598\/revisions"}],"predecessor-version":[{"id":7993,"href":"https:\/\/sombramadrid.com\/en\/wp-json\/wp\/v2\/pages\/7598\/revisions\/7993"}],"up":[{"embeddable":true,"href":"https:\/\/sombramadrid.com\/en\/wp-json\/wp\/v2\/pages\/7721"}],"wp:featuredmedia":[{"embeddable":true,"href":"https:\/\/sombramadrid.com\/en\/wp-json\/wp\/v2\/media\/7599"}],"wp:attachment":[{"href":"https:\/\/sombramadrid.com\/en\/wp-json\/wp\/v2\/media?parent=7598"}],"curies":[{"name":"wp","href":"https:\/\/api.w.org\/{rel}","templated":true}]}}