{"id":7548,"date":"2025-03-04T14:05:15","date_gmt":"2025-03-04T13:05:15","guid":{"rendered":"https:\/\/sombramadrid.com\/?page_id=7548"},"modified":"2025-03-04T14:05:15","modified_gmt":"2025-03-04T13:05:15","slug":"jurado-sombra-2025-cristian-beteta-cortometrajes","status":"publish","type":"page","link":"https:\/\/sombramadrid.com\/en\/jurado-sombra-2025\/jurado-sombra-2025-cristian-beteta-cortometrajes\/","title":{"rendered":"Jurado Sombra 2025 | Cristian Beteta (Cortometrajes)"},"content":{"rendered":"<h2>Cristian Beteta<\/h2>\n<p>Cristian Beteta (Barcelona, Espa\u00f1a, 20\/02\/1992). Su trabajo de final de grado fue el largometraje \u00abThemesis\u00bb (2020), pel\u00edcula en distribuci\u00f3n que ha pasado por festivales de M\u00e9xico, Canad\u00e1 y Espa\u00f1a. En 2020 realiza un m\u00e1ster en Escuela Superior de Cine y Audiovisuales de Catalu\u00f1a (ESCAC), donde dirige y produce los cortometrajes \u00abHasta siempre\u00bb e \u00abImaginario\u00bb (2021), seleccionados en festivales tan relevantes como Sitges Film Festival, Cortogenia, New Directors New Film Festival, Lille, Zaragoza, Elche, etc. Su trabajo final de m\u00e1ster, el cortometraje \u00abAy\u00fadame\u00bb (2022), tambi\u00e9n ha tenido un exitoso recorrido en festivales y ha sido candidato a los Premios Gaud\u00ed. Su exitoso cortometraje \u00abMi zona\u00bb (2023) cosech\u00f3 premios y selecciones en festivales de todo el mundo. \u00ab\u00c1ngulo muerto\u00bb es su quinto cortometraje como director.<\/p>","protected":false},"excerpt":{"rendered":"<p>Cristian Beteta Cristian Beteta (Barcelona, Espa\u00f1a, 20\/02\/1992). Su trabajo de final de grado fue el largometraje \u00abThemesis\u00bb (2020), pel\u00edcula en distribuci\u00f3n que ha pasado por festivales de M\u00e9xico, Canad\u00e1 y Espa\u00f1a. En 2020 realiza un m\u00e1ster en Escuela Superior de Cine y Audiovisuales de Catalu\u00f1a (ESCAC), donde dirige y produce los cortometrajes \u00abHasta siempre\u00bb e [&hellip;]<\/p>","protected":false},"author":2,"featured_media":7549,"parent":7536,"menu_order":0,"comment_status":"closed","ping_status":"closed","template":"","meta":{"footnotes":""},"class_list":["post-7548","page","type-page","status-publish","has-post-thumbnail"],"yoast_head":"<!-- This site is optimized with the Yoast SEO plugin v24.3 - https:\/\/yoast.com\/wordpress\/plugins\/seo\/ -->\n<title>Jurado Sombra 2025 | Cristian Beteta (Cortometrajes) - Sombra Festival<\/title>\n<meta name=\"robots\" content=\"index, follow, max-snippet:-1, max-image-preview:large, max-video-preview:-1\" \/>\n<link rel=\"canonical\" href=\"https:\/\/sombramadrid.com\/en\/jurado-sombra-2025\/jurado-sombra-2025-cristian-beteta-cortometrajes\/\" \/>\n<meta property=\"og:locale\" content=\"en_GB\" \/>\n<meta property=\"og:type\" content=\"article\" \/>\n<meta property=\"og:title\" content=\"Jurado Sombra 2025 | Cristian Beteta (Cortometrajes) - Sombra Festival\" \/>\n<meta property=\"og:description\" content=\"Cristian Beteta Cristian Beteta (Barcelona, Espa\u00f1a, 20\/02\/1992). Su trabajo de final de grado fue el largometraje \u00abThemesis\u00bb (2020), pel\u00edcula en distribuci\u00f3n que ha pasado por festivales de M\u00e9xico, Canad\u00e1 y Espa\u00f1a. En 2020 realiza un m\u00e1ster en Escuela Superior de Cine y Audiovisuales de Catalu\u00f1a (ESCAC), donde dirige y produce los cortometrajes \u00abHasta siempre\u00bb e [&hellip;]\" \/>\n<meta property=\"og:url\" content=\"https:\/\/sombramadrid.com\/en\/jurado-sombra-2025\/jurado-sombra-2025-cristian-beteta-cortometrajes\/\" \/>\n<meta property=\"og:site_name\" content=\"Sombra Festival\" \/>\n<meta property=\"article:publisher\" content=\"https:\/\/www.facebook.com\/Sombra-Festival-De-CINE-Fantastico-Europeo-De-Murcia-175337032531429\/\" \/>\n<meta property=\"og:image\" content=\"https:\/\/sombramadrid.com\/wp-content\/uploads\/2025\/03\/cristian-beteta.jpg\" \/>\n\t<meta property=\"og:image:width\" content=\"761\" \/>\n\t<meta property=\"og:image:height\" content=\"729\" \/>\n\t<meta property=\"og:image:type\" content=\"image\/jpeg\" \/>\n<meta name=\"twitter:card\" content=\"summary_large_image\" \/>\n<meta name=\"twitter:site\" content=\"@SombraFestival\" \/>\n<meta name=\"twitter:label1\" content=\"Est. reading time\" \/>\n\t<meta name=\"twitter:data1\" content=\"1 minute\" \/>\n<script type=\"application\/ld+json\" class=\"yoast-schema-graph\">{\"@context\":\"https:\/\/schema.org\",\"@graph\":[{\"@type\":\"WebPage\",\"@id\":\"https:\/\/sombramadrid.com\/jurado-sombra-2025\/jurado-sombra-2025-cristian-beteta-cortometrajes\/\",\"url\":\"https:\/\/sombramadrid.com\/jurado-sombra-2025\/jurado-sombra-2025-cristian-beteta-cortometrajes\/\",\"name\":\"Jurado Sombra 2025 | Cristian Beteta (Cortometrajes) - Sombra Festival\",\"isPartOf\":{\"@id\":\"https:\/\/sombramadrid.com\/#website\"},\"primaryImageOfPage\":{\"@id\":\"https:\/\/sombramadrid.com\/jurado-sombra-2025\/jurado-sombra-2025-cristian-beteta-cortometrajes\/#primaryimage\"},\"image\":{\"@id\":\"https:\/\/sombramadrid.com\/jurado-sombra-2025\/jurado-sombra-2025-cristian-beteta-cortometrajes\/#primaryimage\"},\"thumbnailUrl\":\"https:\/\/sombramadrid.com\/wp-content\/uploads\/2025\/03\/cristian-beteta.jpg\",\"datePublished\":\"2025-03-04T13:05:15+00:00\",\"dateModified\":\"2025-03-04T13:05:15+00:00\",\"breadcrumb\":{\"@id\":\"https:\/\/sombramadrid.com\/jurado-sombra-2025\/jurado-sombra-2025-cristian-beteta-cortometrajes\/#breadcrumb\"},\"inLanguage\":\"en-GB\",\"potentialAction\":[{\"@type\":\"ReadAction\",\"target\":[\"https:\/\/sombramadrid.com\/jurado-sombra-2025\/jurado-sombra-2025-cristian-beteta-cortometrajes\/\"]}]},{\"@type\":\"ImageObject\",\"inLanguage\":\"en-GB\",\"@id\":\"https:\/\/sombramadrid.com\/jurado-sombra-2025\/jurado-sombra-2025-cristian-beteta-cortometrajes\/#primaryimage\",\"url\":\"https:\/\/sombramadrid.com\/wp-content\/uploads\/2025\/03\/cristian-beteta.jpg\",\"contentUrl\":\"https:\/\/sombramadrid.com\/wp-content\/uploads\/2025\/03\/cristian-beteta.jpg\",\"width\":761,\"height\":729},{\"@type\":\"BreadcrumbList\",\"@id\":\"https:\/\/sombramadrid.com\/jurado-sombra-2025\/jurado-sombra-2025-cristian-beteta-cortometrajes\/#breadcrumb\",\"itemListElement\":[{\"@type\":\"ListItem\",\"position\":1,\"name\":\"Portada\",\"item\":\"https:\/\/sombramadrid.com\/\"},{\"@type\":\"ListItem\",\"position\":2,\"name\":\"Jurado Sombra 2025\",\"item\":\"https:\/\/sombramadrid.com\/jurado-sombra-2025\/\"},{\"@type\":\"ListItem\",\"position\":3,\"name\":\"Jurado Sombra 2025 | Cristian Beteta (Cortometrajes)\"}]},{\"@type\":\"WebSite\",\"@id\":\"https:\/\/sombramadrid.com\/#website\",\"url\":\"https:\/\/sombramadrid.com\/\",\"name\":\"Sombra Festival\",\"description\":\"XIII Festival de Cine Fant\u00e1stico Europeo de Murcia, 8-17 MARZO 2024\",\"publisher\":{\"@id\":\"https:\/\/sombramadrid.com\/#organization\"},\"potentialAction\":[{\"@type\":\"SearchAction\",\"target\":{\"@type\":\"EntryPoint\",\"urlTemplate\":\"https:\/\/sombramadrid.com\/?s={search_term_string}\"},\"query-input\":{\"@type\":\"PropertyValueSpecification\",\"valueRequired\":true,\"valueName\":\"search_term_string\"}}],\"inLanguage\":\"en-GB\"},{\"@type\":\"Organization\",\"@id\":\"https:\/\/sombramadrid.com\/#organization\",\"name\":\"SOMBRA, IX FESTIVAL DE CINE FANTASTICO EUROPEO DE MURCIA\",\"url\":\"https:\/\/sombramadrid.com\/\",\"logo\":{\"@type\":\"ImageObject\",\"inLanguage\":\"en-GB\",\"@id\":\"https:\/\/sombramadrid.com\/#\/schema\/logo\/image\/\",\"url\":\"https:\/\/sombramadrid.com\/wp-content\/uploads\/2019\/10\/Sombra-LogoIdentificador-Negativo.jpg\",\"contentUrl\":\"https:\/\/sombramadrid.com\/wp-content\/uploads\/2019\/10\/Sombra-LogoIdentificador-Negativo.jpg\",\"width\":400,\"height\":400,\"caption\":\"SOMBRA, IX FESTIVAL DE CINE FANTASTICO EUROPEO DE MURCIA\"},\"image\":{\"@id\":\"https:\/\/sombramadrid.com\/#\/schema\/logo\/image\/\"},\"sameAs\":[\"https:\/\/www.facebook.com\/Sombra-Festival-De-CINE-Fantastico-Europeo-De-Murcia-175337032531429\/\",\"https:\/\/x.com\/SombraFestival\",\"https:\/\/www.instagram.com\/sombrafestival\/\",\"https:\/\/www.youtube.com\/channel\/UCBdSJni9V30Tq4cGf4Lj0Ug?view_as=subscriber\"]}]}<\/script>\n<!-- \/ Yoast SEO plugin. -->","yoast_head_json":{"title":"Jurado Sombra 2025 | Cristian Beteta (Cortometrajes) - Sombra Festival","robots":{"index":"index","follow":"follow","max-snippet":"max-snippet:-1","max-image-preview":"max-image-preview:large","max-video-preview":"max-video-preview:-1"},"canonical":"https:\/\/sombramadrid.com\/en\/jurado-sombra-2025\/jurado-sombra-2025-cristian-beteta-cortometrajes\/","og_locale":"en_GB","og_type":"article","og_title":"Jurado Sombra 2025 | Cristian Beteta (Cortometrajes) - Sombra Festival","og_description":"Cristian Beteta Cristian Beteta (Barcelona, Espa\u00f1a, 20\/02\/1992). Su trabajo de final de grado fue el largometraje \u00abThemesis\u00bb (2020), pel\u00edcula en distribuci\u00f3n que ha pasado por festivales de M\u00e9xico, Canad\u00e1 y Espa\u00f1a. En 2020 realiza un m\u00e1ster en Escuela Superior de Cine y Audiovisuales de Catalu\u00f1a (ESCAC), donde dirige y produce los cortometrajes \u00abHasta siempre\u00bb e [&hellip;]","og_url":"https:\/\/sombramadrid.com\/en\/jurado-sombra-2025\/jurado-sombra-2025-cristian-beteta-cortometrajes\/","og_site_name":"Sombra Festival","article_publisher":"https:\/\/www.facebook.com\/Sombra-Festival-De-CINE-Fantastico-Europeo-De-Murcia-175337032531429\/","og_image":[{"width":761,"height":729,"url":"https:\/\/sombramadrid.com\/wp-content\/uploads\/2025\/03\/cristian-beteta.jpg","type":"image\/jpeg"}],"twitter_card":"summary_large_image","twitter_site":"@SombraFestival","twitter_misc":{"Est. reading time":"1 minute"},"schema":{"@context":"https:\/\/schema.org","@graph":[{"@type":"WebPage","@id":"https:\/\/sombramadrid.com\/jurado-sombra-2025\/jurado-sombra-2025-cristian-beteta-cortometrajes\/","url":"https:\/\/sombramadrid.com\/jurado-sombra-2025\/jurado-sombra-2025-cristian-beteta-cortometrajes\/","name":"Jurado Sombra 2025 | Cristian Beteta (Cortometrajes) - Sombra Festival","isPartOf":{"@id":"https:\/\/sombramadrid.com\/#website"},"primaryImageOfPage":{"@id":"https:\/\/sombramadrid.com\/jurado-sombra-2025\/jurado-sombra-2025-cristian-beteta-cortometrajes\/#primaryimage"},"image":{"@id":"https:\/\/sombramadrid.com\/jurado-sombra-2025\/jurado-sombra-2025-cristian-beteta-cortometrajes\/#primaryimage"},"thumbnailUrl":"https:\/\/sombramadrid.com\/wp-content\/uploads\/2025\/03\/cristian-beteta.jpg","datePublished":"2025-03-04T13:05:15+00:00","dateModified":"2025-03-04T13:05:15+00:00","breadcrumb":{"@id":"https:\/\/sombramadrid.com\/jurado-sombra-2025\/jurado-sombra-2025-cristian-beteta-cortometrajes\/#breadcrumb"},"inLanguage":"en-GB","potentialAction":[{"@type":"ReadAction","target":["https:\/\/sombramadrid.com\/jurado-sombra-2025\/jurado-sombra-2025-cristian-beteta-cortometrajes\/"]}]},{"@type":"ImageObject","inLanguage":"en-GB","@id":"https:\/\/sombramadrid.com\/jurado-sombra-2025\/jurado-sombra-2025-cristian-beteta-cortometrajes\/#primaryimage","url":"https:\/\/sombramadrid.com\/wp-content\/uploads\/2025\/03\/cristian-beteta.jpg","contentUrl":"https:\/\/sombramadrid.com\/wp-content\/uploads\/2025\/03\/cristian-beteta.jpg","width":761,"height":729},{"@type":"BreadcrumbList","@id":"https:\/\/sombramadrid.com\/jurado-sombra-2025\/jurado-sombra-2025-cristian-beteta-cortometrajes\/#breadcrumb","itemListElement":[{"@type":"ListItem","position":1,"name":"Portada","item":"https:\/\/sombramadrid.com\/"},{"@type":"ListItem","position":2,"name":"Jurado Sombra 2025","item":"https:\/\/sombramadrid.com\/jurado-sombra-2025\/"},{"@type":"ListItem","position":3,"name":"Jurado Sombra 2025 | Cristian Beteta (Cortometrajes)"}]},{"@type":"WebSite","@id":"https:\/\/sombramadrid.com\/#website","url":"https:\/\/sombramadrid.com\/","name":"Sombra Festival","description":"XIII Festival de Cine Fant\u00e1stico Europeo de Murcia, 8-17 MARZO 2024","publisher":{"@id":"https:\/\/sombramadrid.com\/#organization"},"potentialAction":[{"@type":"SearchAction","target":{"@type":"EntryPoint","urlTemplate":"https:\/\/sombramadrid.com\/?s={search_term_string}"},"query-input":{"@type":"PropertyValueSpecification","valueRequired":true,"valueName":"search_term_string"}}],"inLanguage":"en-GB"},{"@type":"Organization","@id":"https:\/\/sombramadrid.com\/#organization","name":"SOMBRA, IX FESTIVAL DE CINE FANTASTICO EUROPEO DE MURCIA","url":"https:\/\/sombramadrid.com\/","logo":{"@type":"ImageObject","inLanguage":"en-GB","@id":"https:\/\/sombramadrid.com\/#\/schema\/logo\/image\/","url":"https:\/\/sombramadrid.com\/wp-content\/uploads\/2019\/10\/Sombra-LogoIdentificador-Negativo.jpg","contentUrl":"https:\/\/sombramadrid.com\/wp-content\/uploads\/2019\/10\/Sombra-LogoIdentificador-Negativo.jpg","width":400,"height":400,"caption":"SOMBRA, IX FESTIVAL DE CINE FANTASTICO EUROPEO DE MURCIA"},"image":{"@id":"https:\/\/sombramadrid.com\/#\/schema\/logo\/image\/"},"sameAs":["https:\/\/www.facebook.com\/Sombra-Festival-De-CINE-Fantastico-Europeo-De-Murcia-175337032531429\/","https:\/\/x.com\/SombraFestival","https:\/\/www.instagram.com\/sombrafestival\/","https:\/\/www.youtube.com\/channel\/UCBdSJni9V30Tq4cGf4Lj0Ug?view_as=subscriber"]}]}},"_links":{"self":[{"href":"https:\/\/sombramadrid.com\/en\/wp-json\/wp\/v2\/pages\/7548","targetHints":{"allow":["GET"]}}],"collection":[{"href":"https:\/\/sombramadrid.com\/en\/wp-json\/wp\/v2\/pages"}],"about":[{"href":"https:\/\/sombramadrid.com\/en\/wp-json\/wp\/v2\/types\/page"}],"author":[{"embeddable":true,"href":"https:\/\/sombramadrid.com\/en\/wp-json\/wp\/v2\/users\/2"}],"replies":[{"embeddable":true,"href":"https:\/\/sombramadrid.com\/en\/wp-json\/wp\/v2\/comments?post=7548"}],"version-history":[{"count":1,"href":"https:\/\/sombramadrid.com\/en\/wp-json\/wp\/v2\/pages\/7548\/revisions"}],"predecessor-version":[{"id":7550,"href":"https:\/\/sombramadrid.com\/en\/wp-json\/wp\/v2\/pages\/7548\/revisions\/7550"}],"up":[{"embeddable":true,"href":"https:\/\/sombramadrid.com\/en\/wp-json\/wp\/v2\/pages\/7536"}],"wp:featuredmedia":[{"embeddable":true,"href":"https:\/\/sombramadrid.com\/en\/wp-json\/wp\/v2\/media\/7549"}],"wp:attachment":[{"href":"https:\/\/sombramadrid.com\/en\/wp-json\/wp\/v2\/media?parent=7548"}],"curies":[{"name":"wp","href":"https:\/\/api.w.org\/{rel}","templated":true}]}}