{"id":7538,"date":"2025-03-04T14:01:03","date_gmt":"2025-03-04T13:01:03","guid":{"rendered":"https:\/\/sombramadrid.com\/?page_id=7538"},"modified":"2025-03-04T14:01:03","modified_gmt":"2025-03-04T13:01:03","slug":"jurado-sombra-2025-silvia-garcia-cortometrajes","status":"publish","type":"page","link":"https:\/\/sombramadrid.com\/en\/jurado-sombra-2025\/jurado-sombra-2025-silvia-garcia-cortometrajes\/","title":{"rendered":"Jurado Sombra 2025 | Silvia Garc\u00eda (Cortometrajes)"},"content":{"rendered":"<h2>Silvia Garc\u00eda<\/h2>\n<p>Silvia Garc\u00eda Palacios cuenta con m\u00e1s de 20 a\u00f1os de experiencia en el mundo de la producci\u00f3n y el activismo audiovisual. Forma parte de la productora independiente AVED Producciones con la que ha realizado m\u00faltiples proyectos en distintos \u00e1mbitos y g\u00e9neros. En cuanto a festivales, es la impulsora de L\u2019Horror Film Festival, evento en pro de la perspectiva de g\u00e9nero en el terror y forma parte del B-Retina, Festival de Cine de Serie B en Cornell\u00e0 desde hace dos a\u00f1os. Tambi\u00e9n fue una de las organizadoras del Festival Coop d\u2019ull del cine Zumzeig y programadora del Festival de cine de Terror de Molins de Rei durante m\u00e1s de una d\u00e9cada. A t\u00edtulo individual ha desarrollado tambi\u00e9n labores de direcci\u00f3n art\u00edstica, postproducci\u00f3n, comunicaci\u00f3n y distribuci\u00f3n en diferentes proyectos cinematogr\u00e1ficos.<\/p>\n<p>As\u00ed mismo, para marcar la diferencia, su car\u00e1cter vers\u00e1til y sus valores comprometidos la han llevado a formar parte de diversas asociaciones y cooperativas sociales, ecol\u00f3gicas y femeninas.<\/p>\n<p><img loading=\"lazy\" decoding=\"async\" class=\"alignnone size-full wp-image-7539\" src=\"https:\/\/sombramadrid.com\/wp-content\/uploads\/2025\/03\/silvia-garcia.jpg\" alt=\"\" width=\"761\" height=\"729\" srcset=\"https:\/\/sombramadrid.com\/wp-content\/uploads\/2025\/03\/silvia-garcia.jpg 761w, https:\/\/sombramadrid.com\/wp-content\/uploads\/2025\/03\/silvia-garcia-300x287.jpg 300w, https:\/\/sombramadrid.com\/wp-content\/uploads\/2025\/03\/silvia-garcia-13x12.jpg 13w, https:\/\/sombramadrid.com\/wp-content\/uploads\/2025\/03\/silvia-garcia-438x420.jpg 438w, https:\/\/sombramadrid.com\/wp-content\/uploads\/2025\/03\/silvia-garcia-696x667.jpg 696w\" sizes=\"auto, (max-width: 761px) 100vw, 761px\" \/><\/p>","protected":false},"excerpt":{"rendered":"<p>Silvia Garc\u00eda Silvia Garc\u00eda Palacios cuenta con m\u00e1s de 20 a\u00f1os de experiencia en el mundo de la producci\u00f3n y el activismo audiovisual. Forma parte de la productora independiente AVED Producciones con la que ha realizado m\u00faltiples proyectos en distintos \u00e1mbitos y g\u00e9neros. En cuanto a festivales, es la impulsora de L\u2019Horror Film Festival, evento [&hellip;]<\/p>","protected":false},"author":2,"featured_media":7539,"parent":7536,"menu_order":0,"comment_status":"closed","ping_status":"closed","template":"","meta":{"footnotes":""},"class_list":["post-7538","page","type-page","status-publish","has-post-thumbnail"],"yoast_head":"<!-- This site is optimized with the Yoast SEO plugin v24.3 - https:\/\/yoast.com\/wordpress\/plugins\/seo\/ -->\n<title>Jurado Sombra 2025 | Silvia Garc\u00eda (Cortometrajes) - Sombra Festival<\/title>\n<meta name=\"robots\" content=\"index, follow, max-snippet:-1, max-image-preview:large, max-video-preview:-1\" \/>\n<link rel=\"canonical\" href=\"https:\/\/sombramadrid.com\/en\/jurado-sombra-2025\/jurado-sombra-2025-silvia-garcia-cortometrajes\/\" \/>\n<meta property=\"og:locale\" content=\"en_GB\" \/>\n<meta property=\"og:type\" content=\"article\" \/>\n<meta property=\"og:title\" content=\"Jurado Sombra 2025 | Silvia Garc\u00eda (Cortometrajes) - Sombra Festival\" \/>\n<meta property=\"og:description\" content=\"Silvia Garc\u00eda Silvia Garc\u00eda Palacios cuenta con m\u00e1s de 20 a\u00f1os de experiencia en el mundo de la producci\u00f3n y el activismo audiovisual. Forma parte de la productora independiente AVED Producciones con la que ha realizado m\u00faltiples proyectos en distintos \u00e1mbitos y g\u00e9neros. En cuanto a festivales, es la impulsora de L\u2019Horror Film Festival, evento [&hellip;]\" \/>\n<meta property=\"og:url\" content=\"https:\/\/sombramadrid.com\/en\/jurado-sombra-2025\/jurado-sombra-2025-silvia-garcia-cortometrajes\/\" \/>\n<meta property=\"og:site_name\" content=\"Sombra Festival\" \/>\n<meta property=\"article:publisher\" content=\"https:\/\/www.facebook.com\/Sombra-Festival-De-CINE-Fantastico-Europeo-De-Murcia-175337032531429\/\" \/>\n<meta property=\"og:image\" content=\"https:\/\/sombramadrid.com\/wp-content\/uploads\/2025\/03\/silvia-garcia.jpg\" \/>\n\t<meta property=\"og:image:width\" content=\"761\" \/>\n\t<meta property=\"og:image:height\" content=\"729\" \/>\n\t<meta property=\"og:image:type\" content=\"image\/jpeg\" \/>\n<meta name=\"twitter:card\" content=\"summary_large_image\" \/>\n<meta name=\"twitter:site\" content=\"@SombraFestival\" \/>\n<meta name=\"twitter:label1\" content=\"Est. reading time\" \/>\n\t<meta name=\"twitter:data1\" content=\"2 minutes\" \/>\n<script type=\"application\/ld+json\" class=\"yoast-schema-graph\">{\"@context\":\"https:\/\/schema.org\",\"@graph\":[{\"@type\":\"WebPage\",\"@id\":\"https:\/\/sombramadrid.com\/jurado-sombra-2025\/jurado-sombra-2025-silvia-garcia-cortometrajes\/\",\"url\":\"https:\/\/sombramadrid.com\/jurado-sombra-2025\/jurado-sombra-2025-silvia-garcia-cortometrajes\/\",\"name\":\"Jurado Sombra 2025 | Silvia Garc\u00eda (Cortometrajes) - Sombra Festival\",\"isPartOf\":{\"@id\":\"https:\/\/sombramadrid.com\/#website\"},\"primaryImageOfPage\":{\"@id\":\"https:\/\/sombramadrid.com\/jurado-sombra-2025\/jurado-sombra-2025-silvia-garcia-cortometrajes\/#primaryimage\"},\"image\":{\"@id\":\"https:\/\/sombramadrid.com\/jurado-sombra-2025\/jurado-sombra-2025-silvia-garcia-cortometrajes\/#primaryimage\"},\"thumbnailUrl\":\"https:\/\/sombramadrid.com\/wp-content\/uploads\/2025\/03\/silvia-garcia.jpg\",\"datePublished\":\"2025-03-04T13:01:03+00:00\",\"dateModified\":\"2025-03-04T13:01:03+00:00\",\"breadcrumb\":{\"@id\":\"https:\/\/sombramadrid.com\/jurado-sombra-2025\/jurado-sombra-2025-silvia-garcia-cortometrajes\/#breadcrumb\"},\"inLanguage\":\"en-GB\",\"potentialAction\":[{\"@type\":\"ReadAction\",\"target\":[\"https:\/\/sombramadrid.com\/jurado-sombra-2025\/jurado-sombra-2025-silvia-garcia-cortometrajes\/\"]}]},{\"@type\":\"ImageObject\",\"inLanguage\":\"en-GB\",\"@id\":\"https:\/\/sombramadrid.com\/jurado-sombra-2025\/jurado-sombra-2025-silvia-garcia-cortometrajes\/#primaryimage\",\"url\":\"https:\/\/sombramadrid.com\/wp-content\/uploads\/2025\/03\/silvia-garcia.jpg\",\"contentUrl\":\"https:\/\/sombramadrid.com\/wp-content\/uploads\/2025\/03\/silvia-garcia.jpg\",\"width\":761,\"height\":729},{\"@type\":\"BreadcrumbList\",\"@id\":\"https:\/\/sombramadrid.com\/jurado-sombra-2025\/jurado-sombra-2025-silvia-garcia-cortometrajes\/#breadcrumb\",\"itemListElement\":[{\"@type\":\"ListItem\",\"position\":1,\"name\":\"Portada\",\"item\":\"https:\/\/sombramadrid.com\/\"},{\"@type\":\"ListItem\",\"position\":2,\"name\":\"Jurado Sombra 2025\",\"item\":\"https:\/\/sombramadrid.com\/jurado-sombra-2025\/\"},{\"@type\":\"ListItem\",\"position\":3,\"name\":\"Jurado Sombra 2025 | Silvia Garc\u00eda (Cortometrajes)\"}]},{\"@type\":\"WebSite\",\"@id\":\"https:\/\/sombramadrid.com\/#website\",\"url\":\"https:\/\/sombramadrid.com\/\",\"name\":\"Sombra Festival\",\"description\":\"XIII Festival de Cine Fant\u00e1stico Europeo de Murcia, 8-17 MARZO 2024\",\"publisher\":{\"@id\":\"https:\/\/sombramadrid.com\/#organization\"},\"potentialAction\":[{\"@type\":\"SearchAction\",\"target\":{\"@type\":\"EntryPoint\",\"urlTemplate\":\"https:\/\/sombramadrid.com\/?s={search_term_string}\"},\"query-input\":{\"@type\":\"PropertyValueSpecification\",\"valueRequired\":true,\"valueName\":\"search_term_string\"}}],\"inLanguage\":\"en-GB\"},{\"@type\":\"Organization\",\"@id\":\"https:\/\/sombramadrid.com\/#organization\",\"name\":\"SOMBRA, IX FESTIVAL DE CINE FANTASTICO EUROPEO DE MURCIA\",\"url\":\"https:\/\/sombramadrid.com\/\",\"logo\":{\"@type\":\"ImageObject\",\"inLanguage\":\"en-GB\",\"@id\":\"https:\/\/sombramadrid.com\/#\/schema\/logo\/image\/\",\"url\":\"https:\/\/sombramadrid.com\/wp-content\/uploads\/2019\/10\/Sombra-LogoIdentificador-Negativo.jpg\",\"contentUrl\":\"https:\/\/sombramadrid.com\/wp-content\/uploads\/2019\/10\/Sombra-LogoIdentificador-Negativo.jpg\",\"width\":400,\"height\":400,\"caption\":\"SOMBRA, IX FESTIVAL DE CINE FANTASTICO EUROPEO DE MURCIA\"},\"image\":{\"@id\":\"https:\/\/sombramadrid.com\/#\/schema\/logo\/image\/\"},\"sameAs\":[\"https:\/\/www.facebook.com\/Sombra-Festival-De-CINE-Fantastico-Europeo-De-Murcia-175337032531429\/\",\"https:\/\/x.com\/SombraFestival\",\"https:\/\/www.instagram.com\/sombrafestival\/\",\"https:\/\/www.youtube.com\/channel\/UCBdSJni9V30Tq4cGf4Lj0Ug?view_as=subscriber\"]}]}<\/script>\n<!-- \/ Yoast SEO plugin. -->","yoast_head_json":{"title":"Jurado Sombra 2025 | Silvia Garc\u00eda (Cortometrajes) - Sombra Festival","robots":{"index":"index","follow":"follow","max-snippet":"max-snippet:-1","max-image-preview":"max-image-preview:large","max-video-preview":"max-video-preview:-1"},"canonical":"https:\/\/sombramadrid.com\/en\/jurado-sombra-2025\/jurado-sombra-2025-silvia-garcia-cortometrajes\/","og_locale":"en_GB","og_type":"article","og_title":"Jurado Sombra 2025 | Silvia Garc\u00eda (Cortometrajes) - Sombra Festival","og_description":"Silvia Garc\u00eda Silvia Garc\u00eda Palacios cuenta con m\u00e1s de 20 a\u00f1os de experiencia en el mundo de la producci\u00f3n y el activismo audiovisual. Forma parte de la productora independiente AVED Producciones con la que ha realizado m\u00faltiples proyectos en distintos \u00e1mbitos y g\u00e9neros. En cuanto a festivales, es la impulsora de L\u2019Horror Film Festival, evento [&hellip;]","og_url":"https:\/\/sombramadrid.com\/en\/jurado-sombra-2025\/jurado-sombra-2025-silvia-garcia-cortometrajes\/","og_site_name":"Sombra Festival","article_publisher":"https:\/\/www.facebook.com\/Sombra-Festival-De-CINE-Fantastico-Europeo-De-Murcia-175337032531429\/","og_image":[{"width":761,"height":729,"url":"https:\/\/sombramadrid.com\/wp-content\/uploads\/2025\/03\/silvia-garcia.jpg","type":"image\/jpeg"}],"twitter_card":"summary_large_image","twitter_site":"@SombraFestival","twitter_misc":{"Est. reading time":"2 minutes"},"schema":{"@context":"https:\/\/schema.org","@graph":[{"@type":"WebPage","@id":"https:\/\/sombramadrid.com\/jurado-sombra-2025\/jurado-sombra-2025-silvia-garcia-cortometrajes\/","url":"https:\/\/sombramadrid.com\/jurado-sombra-2025\/jurado-sombra-2025-silvia-garcia-cortometrajes\/","name":"Jurado Sombra 2025 | Silvia Garc\u00eda (Cortometrajes) - Sombra Festival","isPartOf":{"@id":"https:\/\/sombramadrid.com\/#website"},"primaryImageOfPage":{"@id":"https:\/\/sombramadrid.com\/jurado-sombra-2025\/jurado-sombra-2025-silvia-garcia-cortometrajes\/#primaryimage"},"image":{"@id":"https:\/\/sombramadrid.com\/jurado-sombra-2025\/jurado-sombra-2025-silvia-garcia-cortometrajes\/#primaryimage"},"thumbnailUrl":"https:\/\/sombramadrid.com\/wp-content\/uploads\/2025\/03\/silvia-garcia.jpg","datePublished":"2025-03-04T13:01:03+00:00","dateModified":"2025-03-04T13:01:03+00:00","breadcrumb":{"@id":"https:\/\/sombramadrid.com\/jurado-sombra-2025\/jurado-sombra-2025-silvia-garcia-cortometrajes\/#breadcrumb"},"inLanguage":"en-GB","potentialAction":[{"@type":"ReadAction","target":["https:\/\/sombramadrid.com\/jurado-sombra-2025\/jurado-sombra-2025-silvia-garcia-cortometrajes\/"]}]},{"@type":"ImageObject","inLanguage":"en-GB","@id":"https:\/\/sombramadrid.com\/jurado-sombra-2025\/jurado-sombra-2025-silvia-garcia-cortometrajes\/#primaryimage","url":"https:\/\/sombramadrid.com\/wp-content\/uploads\/2025\/03\/silvia-garcia.jpg","contentUrl":"https:\/\/sombramadrid.com\/wp-content\/uploads\/2025\/03\/silvia-garcia.jpg","width":761,"height":729},{"@type":"BreadcrumbList","@id":"https:\/\/sombramadrid.com\/jurado-sombra-2025\/jurado-sombra-2025-silvia-garcia-cortometrajes\/#breadcrumb","itemListElement":[{"@type":"ListItem","position":1,"name":"Portada","item":"https:\/\/sombramadrid.com\/"},{"@type":"ListItem","position":2,"name":"Jurado Sombra 2025","item":"https:\/\/sombramadrid.com\/jurado-sombra-2025\/"},{"@type":"ListItem","position":3,"name":"Jurado Sombra 2025 | Silvia Garc\u00eda (Cortometrajes)"}]},{"@type":"WebSite","@id":"https:\/\/sombramadrid.com\/#website","url":"https:\/\/sombramadrid.com\/","name":"Sombra Festival","description":"XIII Festival de Cine Fant\u00e1stico Europeo de Murcia, 8-17 MARZO 2024","publisher":{"@id":"https:\/\/sombramadrid.com\/#organization"},"potentialAction":[{"@type":"SearchAction","target":{"@type":"EntryPoint","urlTemplate":"https:\/\/sombramadrid.com\/?s={search_term_string}"},"query-input":{"@type":"PropertyValueSpecification","valueRequired":true,"valueName":"search_term_string"}}],"inLanguage":"en-GB"},{"@type":"Organization","@id":"https:\/\/sombramadrid.com\/#organization","name":"SOMBRA, IX FESTIVAL DE CINE FANTASTICO EUROPEO DE MURCIA","url":"https:\/\/sombramadrid.com\/","logo":{"@type":"ImageObject","inLanguage":"en-GB","@id":"https:\/\/sombramadrid.com\/#\/schema\/logo\/image\/","url":"https:\/\/sombramadrid.com\/wp-content\/uploads\/2019\/10\/Sombra-LogoIdentificador-Negativo.jpg","contentUrl":"https:\/\/sombramadrid.com\/wp-content\/uploads\/2019\/10\/Sombra-LogoIdentificador-Negativo.jpg","width":400,"height":400,"caption":"SOMBRA, IX FESTIVAL DE CINE FANTASTICO EUROPEO DE MURCIA"},"image":{"@id":"https:\/\/sombramadrid.com\/#\/schema\/logo\/image\/"},"sameAs":["https:\/\/www.facebook.com\/Sombra-Festival-De-CINE-Fantastico-Europeo-De-Murcia-175337032531429\/","https:\/\/x.com\/SombraFestival","https:\/\/www.instagram.com\/sombrafestival\/","https:\/\/www.youtube.com\/channel\/UCBdSJni9V30Tq4cGf4Lj0Ug?view_as=subscriber"]}]}},"_links":{"self":[{"href":"https:\/\/sombramadrid.com\/en\/wp-json\/wp\/v2\/pages\/7538","targetHints":{"allow":["GET"]}}],"collection":[{"href":"https:\/\/sombramadrid.com\/en\/wp-json\/wp\/v2\/pages"}],"about":[{"href":"https:\/\/sombramadrid.com\/en\/wp-json\/wp\/v2\/types\/page"}],"author":[{"embeddable":true,"href":"https:\/\/sombramadrid.com\/en\/wp-json\/wp\/v2\/users\/2"}],"replies":[{"embeddable":true,"href":"https:\/\/sombramadrid.com\/en\/wp-json\/wp\/v2\/comments?post=7538"}],"version-history":[{"count":1,"href":"https:\/\/sombramadrid.com\/en\/wp-json\/wp\/v2\/pages\/7538\/revisions"}],"predecessor-version":[{"id":7541,"href":"https:\/\/sombramadrid.com\/en\/wp-json\/wp\/v2\/pages\/7538\/revisions\/7541"}],"up":[{"embeddable":true,"href":"https:\/\/sombramadrid.com\/en\/wp-json\/wp\/v2\/pages\/7536"}],"wp:featuredmedia":[{"embeddable":true,"href":"https:\/\/sombramadrid.com\/en\/wp-json\/wp\/v2\/media\/7539"}],"wp:attachment":[{"href":"https:\/\/sombramadrid.com\/en\/wp-json\/wp\/v2\/media?parent=7538"}],"curies":[{"name":"wp","href":"https:\/\/api.w.org\/{rel}","templated":true}]}}