{"id":7519,"date":"2025-02-28T22:33:49","date_gmt":"2025-02-28T21:33:49","guid":{"rendered":"https:\/\/sombramadrid.com\/?page_id=7519"},"modified":"2025-02-28T22:33:49","modified_gmt":"2025-02-28T21:33:49","slug":"el-lago-de-los-muertos-vivientes-retrospectiva-antonio-mayans","status":"publish","type":"page","link":"https:\/\/sombramadrid.com\/en\/largometrajes-sombra-2025\/el-lago-de-los-muertos-vivientes-retrospectiva-antonio-mayans\/","title":{"rendered":"El lago de los muertos vivientes | Retrospectiva Antonio Mayans"},"content":{"rendered":"<ul>\n<li><strong>Fecha:<\/strong> Jueves, 20 de marzo<\/li>\n<li><strong>Hora:<\/strong>\u00a018:00<\/li>\n<li><strong>Lugar:<\/strong>\u00a0Artistic Metropol<\/li>\n<li><strong>Idioma:<\/strong>\u00a0VO<\/li>\n<\/ul>\n<p style=\"text-align: center;\"><a href=\"https:\/\/www.giglon.com\/todos?idEvent=sombra-madrid--festival-de-cine--el-lago-de-los-muertos-vivientes\"><span class=\"td_btn td_btn_lg td_default_btn\">COMPRAR ENTRADAS<\/span><\/a><\/p>\n<p><strong>Sinopsis<\/strong><\/p>\n<p>En un peque\u00f1o poblado en alg\u00fan lugar de Francia, un grupo de soldados alemanes fueron asesinados y arrojados a un lago por la resistencia durante la II Guerra Mundial, ahora han vuelto a la vida para vengarse.<\/p>\n<p><img loading=\"lazy\" decoding=\"async\" class=\"alignnone size-large wp-image-7518\" src=\"https:\/\/sombramadrid.com\/wp-content\/uploads\/2025\/02\/mBJOOFdZqSR03aaduWMzdy7qfiO-724x1024.jpg\" alt=\"\" width=\"696\" height=\"984\" srcset=\"https:\/\/sombramadrid.com\/wp-content\/uploads\/2025\/02\/mBJOOFdZqSR03aaduWMzdy7qfiO-724x1024.jpg 724w, https:\/\/sombramadrid.com\/wp-content\/uploads\/2025\/02\/mBJOOFdZqSR03aaduWMzdy7qfiO-212x300.jpg 212w, https:\/\/sombramadrid.com\/wp-content\/uploads\/2025\/02\/mBJOOFdZqSR03aaduWMzdy7qfiO-768x1087.jpg 768w, https:\/\/sombramadrid.com\/wp-content\/uploads\/2025\/02\/mBJOOFdZqSR03aaduWMzdy7qfiO-1086x1536.jpg 1086w, https:\/\/sombramadrid.com\/wp-content\/uploads\/2025\/02\/mBJOOFdZqSR03aaduWMzdy7qfiO-8x12.jpg 8w, https:\/\/sombramadrid.com\/wp-content\/uploads\/2025\/02\/mBJOOFdZqSR03aaduWMzdy7qfiO-297x420.jpg 297w, https:\/\/sombramadrid.com\/wp-content\/uploads\/2025\/02\/mBJOOFdZqSR03aaduWMzdy7qfiO-696x985.jpg 696w, https:\/\/sombramadrid.com\/wp-content\/uploads\/2025\/02\/mBJOOFdZqSR03aaduWMzdy7qfiO-1068x1511.jpg 1068w, https:\/\/sombramadrid.com\/wp-content\/uploads\/2025\/02\/mBJOOFdZqSR03aaduWMzdy7qfiO.jpg 1280w\" sizes=\"auto, (max-width: 696px) 100vw, 696px\" \/><\/p>\n<ul>\n<li><strong>T\u00edtulo original: <\/strong>Le lac des morts vivants<\/li>\n<li><strong>A\u00f1o:\u00a0<\/strong>1981<\/li>\n<li><strong>Duraci\u00f3n:<\/strong> 90 min.<\/li>\n<li><strong>Pa\u00eds:<\/strong> Francia<\/li>\n<li><strong>Direcci\u00f3n:<\/strong> Jean Rollin<\/li>\n<li><strong>Guion:<\/strong> Jes\u00fas Franco, Juli\u00e1n Esteban<\/li>\n<li><strong>Reparto:\u00a0<\/strong>Howard Vernon, Pierre-Marie Escourrou, Anouchka, Antonio Mayans, Burt Alman, Nadine Pascal&#8230;<\/li>\n<li><strong>M\u00fasica:<\/strong> Daniel White<\/li>\n<li><strong>Fotograf\u00eda: <\/strong>Max Monteillet<\/li>\n<li><strong>Compa\u00f1\u00edas:<\/strong> Coproducci\u00f3n Francia-Espa\u00f1a; Eurocin\u00e9, J.E. Films<\/li>\n<li><strong>G\u00e9nero:<\/strong> Terror. B\u00e9lico | Zombis. Serie B<\/li>\n<\/ul>","protected":false},"excerpt":{"rendered":"<p>Fecha: Jueves, 20 de marzo Hora:\u00a018:00 Lugar:\u00a0Artistic Metropol Idioma:\u00a0VO COMPRAR ENTRADAS Sinopsis En un peque\u00f1o poblado en alg\u00fan lugar de Francia, un grupo de soldados alemanes fueron asesinados y arrojados a un lago por la resistencia durante la II Guerra Mundial, ahora han vuelto a la vida para vengarse. T\u00edtulo original: Le lac des morts [&hellip;]<\/p>","protected":false},"author":2,"featured_media":7518,"parent":6959,"menu_order":0,"comment_status":"closed","ping_status":"closed","template":"","meta":{"footnotes":""},"class_list":["post-7519","page","type-page","status-publish","has-post-thumbnail"],"yoast_head":"<!-- This site is optimized with the Yoast SEO plugin v24.3 - https:\/\/yoast.com\/wordpress\/plugins\/seo\/ -->\n<title>El lago de los muertos vivientes | Retrospectiva Antonio Mayans - Sombra Festival<\/title>\n<meta name=\"robots\" content=\"index, follow, max-snippet:-1, max-image-preview:large, max-video-preview:-1\" \/>\n<link rel=\"canonical\" href=\"https:\/\/sombramadrid.com\/en\/largometrajes-sombra-2025\/el-lago-de-los-muertos-vivientes-retrospectiva-antonio-mayans\/\" \/>\n<meta property=\"og:locale\" content=\"en_GB\" \/>\n<meta property=\"og:type\" content=\"article\" \/>\n<meta property=\"og:title\" content=\"El lago de los muertos vivientes | Retrospectiva Antonio Mayans - Sombra Festival\" \/>\n<meta property=\"og:description\" content=\"Fecha: Jueves, 20 de marzo Hora:\u00a018:00 Lugar:\u00a0Artistic Metropol Idioma:\u00a0VO COMPRAR ENTRADAS Sinopsis En un peque\u00f1o poblado en alg\u00fan lugar de Francia, un grupo de soldados alemanes fueron asesinados y arrojados a un lago por la resistencia durante la II Guerra Mundial, ahora han vuelto a la vida para vengarse. T\u00edtulo original: Le lac des morts [&hellip;]\" \/>\n<meta property=\"og:url\" content=\"https:\/\/sombramadrid.com\/en\/largometrajes-sombra-2025\/el-lago-de-los-muertos-vivientes-retrospectiva-antonio-mayans\/\" \/>\n<meta property=\"og:site_name\" content=\"Sombra Festival\" \/>\n<meta property=\"article:publisher\" content=\"https:\/\/www.facebook.com\/Sombra-Festival-De-CINE-Fantastico-Europeo-De-Murcia-175337032531429\/\" \/>\n<meta property=\"og:image\" content=\"https:\/\/sombramadrid.com\/wp-content\/uploads\/2025\/02\/mBJOOFdZqSR03aaduWMzdy7qfiO.jpg\" \/>\n\t<meta property=\"og:image:width\" content=\"1280\" \/>\n\t<meta property=\"og:image:height\" content=\"1811\" \/>\n\t<meta property=\"og:image:type\" content=\"image\/jpeg\" \/>\n<meta name=\"twitter:card\" content=\"summary_large_image\" \/>\n<meta name=\"twitter:site\" content=\"@SombraFestival\" \/>\n<meta name=\"twitter:label1\" content=\"Est. reading time\" \/>\n\t<meta name=\"twitter:data1\" content=\"1 minute\" \/>\n<script type=\"application\/ld+json\" class=\"yoast-schema-graph\">{\"@context\":\"https:\/\/schema.org\",\"@graph\":[{\"@type\":\"WebPage\",\"@id\":\"https:\/\/sombramadrid.com\/largometrajes-sombra-2025\/el-lago-de-los-muertos-vivientes-retrospectiva-antonio-mayans\/\",\"url\":\"https:\/\/sombramadrid.com\/largometrajes-sombra-2025\/el-lago-de-los-muertos-vivientes-retrospectiva-antonio-mayans\/\",\"name\":\"El lago de los muertos vivientes | Retrospectiva Antonio Mayans - Sombra Festival\",\"isPartOf\":{\"@id\":\"https:\/\/sombramadrid.com\/#website\"},\"primaryImageOfPage\":{\"@id\":\"https:\/\/sombramadrid.com\/largometrajes-sombra-2025\/el-lago-de-los-muertos-vivientes-retrospectiva-antonio-mayans\/#primaryimage\"},\"image\":{\"@id\":\"https:\/\/sombramadrid.com\/largometrajes-sombra-2025\/el-lago-de-los-muertos-vivientes-retrospectiva-antonio-mayans\/#primaryimage\"},\"thumbnailUrl\":\"https:\/\/sombramadrid.com\/wp-content\/uploads\/2025\/02\/mBJOOFdZqSR03aaduWMzdy7qfiO.jpg\",\"datePublished\":\"2025-02-28T21:33:49+00:00\",\"dateModified\":\"2025-02-28T21:33:49+00:00\",\"breadcrumb\":{\"@id\":\"https:\/\/sombramadrid.com\/largometrajes-sombra-2025\/el-lago-de-los-muertos-vivientes-retrospectiva-antonio-mayans\/#breadcrumb\"},\"inLanguage\":\"en-GB\",\"potentialAction\":[{\"@type\":\"ReadAction\",\"target\":[\"https:\/\/sombramadrid.com\/largometrajes-sombra-2025\/el-lago-de-los-muertos-vivientes-retrospectiva-antonio-mayans\/\"]}]},{\"@type\":\"ImageObject\",\"inLanguage\":\"en-GB\",\"@id\":\"https:\/\/sombramadrid.com\/largometrajes-sombra-2025\/el-lago-de-los-muertos-vivientes-retrospectiva-antonio-mayans\/#primaryimage\",\"url\":\"https:\/\/sombramadrid.com\/wp-content\/uploads\/2025\/02\/mBJOOFdZqSR03aaduWMzdy7qfiO.jpg\",\"contentUrl\":\"https:\/\/sombramadrid.com\/wp-content\/uploads\/2025\/02\/mBJOOFdZqSR03aaduWMzdy7qfiO.jpg\",\"width\":1280,\"height\":1811},{\"@type\":\"BreadcrumbList\",\"@id\":\"https:\/\/sombramadrid.com\/largometrajes-sombra-2025\/el-lago-de-los-muertos-vivientes-retrospectiva-antonio-mayans\/#breadcrumb\",\"itemListElement\":[{\"@type\":\"ListItem\",\"position\":1,\"name\":\"Portada\",\"item\":\"https:\/\/sombramadrid.com\/\"},{\"@type\":\"ListItem\",\"position\":2,\"name\":\"Largometrajes Sombra 2025\",\"item\":\"https:\/\/sombramadrid.com\/largometrajes-sombra-2025\/\"},{\"@type\":\"ListItem\",\"position\":3,\"name\":\"El lago de los muertos vivientes | Retrospectiva Antonio Mayans\"}]},{\"@type\":\"WebSite\",\"@id\":\"https:\/\/sombramadrid.com\/#website\",\"url\":\"https:\/\/sombramadrid.com\/\",\"name\":\"Sombra Festival\",\"description\":\"XIII Festival de Cine Fant\u00e1stico Europeo de Murcia, 8-17 MARZO 2024\",\"publisher\":{\"@id\":\"https:\/\/sombramadrid.com\/#organization\"},\"potentialAction\":[{\"@type\":\"SearchAction\",\"target\":{\"@type\":\"EntryPoint\",\"urlTemplate\":\"https:\/\/sombramadrid.com\/?s={search_term_string}\"},\"query-input\":{\"@type\":\"PropertyValueSpecification\",\"valueRequired\":true,\"valueName\":\"search_term_string\"}}],\"inLanguage\":\"en-GB\"},{\"@type\":\"Organization\",\"@id\":\"https:\/\/sombramadrid.com\/#organization\",\"name\":\"SOMBRA, IX FESTIVAL DE CINE FANTASTICO EUROPEO DE MURCIA\",\"url\":\"https:\/\/sombramadrid.com\/\",\"logo\":{\"@type\":\"ImageObject\",\"inLanguage\":\"en-GB\",\"@id\":\"https:\/\/sombramadrid.com\/#\/schema\/logo\/image\/\",\"url\":\"https:\/\/sombramadrid.com\/wp-content\/uploads\/2019\/10\/Sombra-LogoIdentificador-Negativo.jpg\",\"contentUrl\":\"https:\/\/sombramadrid.com\/wp-content\/uploads\/2019\/10\/Sombra-LogoIdentificador-Negativo.jpg\",\"width\":400,\"height\":400,\"caption\":\"SOMBRA, IX FESTIVAL DE CINE FANTASTICO EUROPEO DE MURCIA\"},\"image\":{\"@id\":\"https:\/\/sombramadrid.com\/#\/schema\/logo\/image\/\"},\"sameAs\":[\"https:\/\/www.facebook.com\/Sombra-Festival-De-CINE-Fantastico-Europeo-De-Murcia-175337032531429\/\",\"https:\/\/x.com\/SombraFestival\",\"https:\/\/www.instagram.com\/sombrafestival\/\",\"https:\/\/www.youtube.com\/channel\/UCBdSJni9V30Tq4cGf4Lj0Ug?view_as=subscriber\"]}]}<\/script>\n<!-- \/ Yoast SEO plugin. -->","yoast_head_json":{"title":"El lago de los muertos vivientes | Retrospectiva Antonio Mayans - Sombra Festival","robots":{"index":"index","follow":"follow","max-snippet":"max-snippet:-1","max-image-preview":"max-image-preview:large","max-video-preview":"max-video-preview:-1"},"canonical":"https:\/\/sombramadrid.com\/en\/largometrajes-sombra-2025\/el-lago-de-los-muertos-vivientes-retrospectiva-antonio-mayans\/","og_locale":"en_GB","og_type":"article","og_title":"El lago de los muertos vivientes | Retrospectiva Antonio Mayans - Sombra Festival","og_description":"Fecha: Jueves, 20 de marzo Hora:\u00a018:00 Lugar:\u00a0Artistic Metropol Idioma:\u00a0VO COMPRAR ENTRADAS Sinopsis En un peque\u00f1o poblado en alg\u00fan lugar de Francia, un grupo de soldados alemanes fueron asesinados y arrojados a un lago por la resistencia durante la II Guerra Mundial, ahora han vuelto a la vida para vengarse. T\u00edtulo original: Le lac des morts [&hellip;]","og_url":"https:\/\/sombramadrid.com\/en\/largometrajes-sombra-2025\/el-lago-de-los-muertos-vivientes-retrospectiva-antonio-mayans\/","og_site_name":"Sombra Festival","article_publisher":"https:\/\/www.facebook.com\/Sombra-Festival-De-CINE-Fantastico-Europeo-De-Murcia-175337032531429\/","og_image":[{"width":1280,"height":1811,"url":"https:\/\/sombramadrid.com\/wp-content\/uploads\/2025\/02\/mBJOOFdZqSR03aaduWMzdy7qfiO.jpg","type":"image\/jpeg"}],"twitter_card":"summary_large_image","twitter_site":"@SombraFestival","twitter_misc":{"Est. reading time":"1 minute"},"schema":{"@context":"https:\/\/schema.org","@graph":[{"@type":"WebPage","@id":"https:\/\/sombramadrid.com\/largometrajes-sombra-2025\/el-lago-de-los-muertos-vivientes-retrospectiva-antonio-mayans\/","url":"https:\/\/sombramadrid.com\/largometrajes-sombra-2025\/el-lago-de-los-muertos-vivientes-retrospectiva-antonio-mayans\/","name":"El lago de los muertos vivientes | Retrospectiva Antonio Mayans - Sombra Festival","isPartOf":{"@id":"https:\/\/sombramadrid.com\/#website"},"primaryImageOfPage":{"@id":"https:\/\/sombramadrid.com\/largometrajes-sombra-2025\/el-lago-de-los-muertos-vivientes-retrospectiva-antonio-mayans\/#primaryimage"},"image":{"@id":"https:\/\/sombramadrid.com\/largometrajes-sombra-2025\/el-lago-de-los-muertos-vivientes-retrospectiva-antonio-mayans\/#primaryimage"},"thumbnailUrl":"https:\/\/sombramadrid.com\/wp-content\/uploads\/2025\/02\/mBJOOFdZqSR03aaduWMzdy7qfiO.jpg","datePublished":"2025-02-28T21:33:49+00:00","dateModified":"2025-02-28T21:33:49+00:00","breadcrumb":{"@id":"https:\/\/sombramadrid.com\/largometrajes-sombra-2025\/el-lago-de-los-muertos-vivientes-retrospectiva-antonio-mayans\/#breadcrumb"},"inLanguage":"en-GB","potentialAction":[{"@type":"ReadAction","target":["https:\/\/sombramadrid.com\/largometrajes-sombra-2025\/el-lago-de-los-muertos-vivientes-retrospectiva-antonio-mayans\/"]}]},{"@type":"ImageObject","inLanguage":"en-GB","@id":"https:\/\/sombramadrid.com\/largometrajes-sombra-2025\/el-lago-de-los-muertos-vivientes-retrospectiva-antonio-mayans\/#primaryimage","url":"https:\/\/sombramadrid.com\/wp-content\/uploads\/2025\/02\/mBJOOFdZqSR03aaduWMzdy7qfiO.jpg","contentUrl":"https:\/\/sombramadrid.com\/wp-content\/uploads\/2025\/02\/mBJOOFdZqSR03aaduWMzdy7qfiO.jpg","width":1280,"height":1811},{"@type":"BreadcrumbList","@id":"https:\/\/sombramadrid.com\/largometrajes-sombra-2025\/el-lago-de-los-muertos-vivientes-retrospectiva-antonio-mayans\/#breadcrumb","itemListElement":[{"@type":"ListItem","position":1,"name":"Portada","item":"https:\/\/sombramadrid.com\/"},{"@type":"ListItem","position":2,"name":"Largometrajes Sombra 2025","item":"https:\/\/sombramadrid.com\/largometrajes-sombra-2025\/"},{"@type":"ListItem","position":3,"name":"El lago de los muertos vivientes | Retrospectiva Antonio Mayans"}]},{"@type":"WebSite","@id":"https:\/\/sombramadrid.com\/#website","url":"https:\/\/sombramadrid.com\/","name":"Sombra Festival","description":"XIII Festival de Cine Fant\u00e1stico Europeo de Murcia, 8-17 MARZO 2024","publisher":{"@id":"https:\/\/sombramadrid.com\/#organization"},"potentialAction":[{"@type":"SearchAction","target":{"@type":"EntryPoint","urlTemplate":"https:\/\/sombramadrid.com\/?s={search_term_string}"},"query-input":{"@type":"PropertyValueSpecification","valueRequired":true,"valueName":"search_term_string"}}],"inLanguage":"en-GB"},{"@type":"Organization","@id":"https:\/\/sombramadrid.com\/#organization","name":"SOMBRA, IX FESTIVAL DE CINE FANTASTICO EUROPEO DE MURCIA","url":"https:\/\/sombramadrid.com\/","logo":{"@type":"ImageObject","inLanguage":"en-GB","@id":"https:\/\/sombramadrid.com\/#\/schema\/logo\/image\/","url":"https:\/\/sombramadrid.com\/wp-content\/uploads\/2019\/10\/Sombra-LogoIdentificador-Negativo.jpg","contentUrl":"https:\/\/sombramadrid.com\/wp-content\/uploads\/2019\/10\/Sombra-LogoIdentificador-Negativo.jpg","width":400,"height":400,"caption":"SOMBRA, IX FESTIVAL DE CINE FANTASTICO EUROPEO DE MURCIA"},"image":{"@id":"https:\/\/sombramadrid.com\/#\/schema\/logo\/image\/"},"sameAs":["https:\/\/www.facebook.com\/Sombra-Festival-De-CINE-Fantastico-Europeo-De-Murcia-175337032531429\/","https:\/\/x.com\/SombraFestival","https:\/\/www.instagram.com\/sombrafestival\/","https:\/\/www.youtube.com\/channel\/UCBdSJni9V30Tq4cGf4Lj0Ug?view_as=subscriber"]}]}},"_links":{"self":[{"href":"https:\/\/sombramadrid.com\/en\/wp-json\/wp\/v2\/pages\/7519","targetHints":{"allow":["GET"]}}],"collection":[{"href":"https:\/\/sombramadrid.com\/en\/wp-json\/wp\/v2\/pages"}],"about":[{"href":"https:\/\/sombramadrid.com\/en\/wp-json\/wp\/v2\/types\/page"}],"author":[{"embeddable":true,"href":"https:\/\/sombramadrid.com\/en\/wp-json\/wp\/v2\/users\/2"}],"replies":[{"embeddable":true,"href":"https:\/\/sombramadrid.com\/en\/wp-json\/wp\/v2\/comments?post=7519"}],"version-history":[{"count":1,"href":"https:\/\/sombramadrid.com\/en\/wp-json\/wp\/v2\/pages\/7519\/revisions"}],"predecessor-version":[{"id":7521,"href":"https:\/\/sombramadrid.com\/en\/wp-json\/wp\/v2\/pages\/7519\/revisions\/7521"}],"up":[{"embeddable":true,"href":"https:\/\/sombramadrid.com\/en\/wp-json\/wp\/v2\/pages\/6959"}],"wp:featuredmedia":[{"embeddable":true,"href":"https:\/\/sombramadrid.com\/en\/wp-json\/wp\/v2\/media\/7518"}],"wp:attachment":[{"href":"https:\/\/sombramadrid.com\/en\/wp-json\/wp\/v2\/media?parent=7519"}],"curies":[{"name":"wp","href":"https:\/\/api.w.org\/{rel}","templated":true}]}}