{"id":7512,"date":"2025-02-28T22:26:16","date_gmt":"2025-02-28T21:26:16","guid":{"rendered":"https:\/\/sombramadrid.com\/?page_id=7512"},"modified":"2025-02-28T22:26:16","modified_gmt":"2025-02-28T21:26:16","slug":"empusa-retrospectiva-antonio-mayans","status":"publish","type":"page","link":"https:\/\/sombramadrid.com\/en\/empusa-retrospectiva-antonio-mayans\/","title":{"rendered":"Empusa | Retrospectiva Antonio Mayans"},"content":{"rendered":"<ul>\n<li><strong>Fecha:<\/strong> Mi\u00e9rcoles, 19 de marzo<\/li>\n<li><strong>Hora:<\/strong> 18:00<\/li>\n<li><strong>Lugar:<\/strong> Artistic Metropol<\/li>\n<li><strong>Idioma:<\/strong> VO<\/li>\n<\/ul>\n<p style=\"text-align: center;\"><a href=\"https:\/\/www.giglon.com\/todos?idEvent=sombra-madrid--festival-de-cine-fantastico-europeo--empusa-2010\"><span class=\"td_btn td_btn_lg td_default_btn\">COMPRAR ENTRADAS<\/span><\/a><\/p>\n<p><strong>Sinopsis<\/strong><\/p>\n<p>Abel, un actor retirado que se ha vuelto un entusiasta del ocultismo y Victor, un viejo lobo de mar, toman largos paseos en la playa hablando de los viejos tiempos. Durante uno de estos paseos encuentran el brazo de una mujer cortado por debajo del codo y con un extra\u00f1o s\u00edmbolo tatuado en la mu\u00f1eca. Obsesionado por el apasionante descubrimiento Abel decide llevarse a casa el brazo cercenado e investigar el s\u00edmbolo. \u00daltima pel\u00edcula del gran Paul Naschy que muri\u00f3 antes de terminarse la post-producci\u00f3n de la misma.<\/p>\n<p><img loading=\"lazy\" decoding=\"async\" class=\"aligncenter wp-image-7513 size-full\" src=\"https:\/\/sombramadrid.com\/wp-content\/uploads\/2025\/02\/empusa-180888719-large.jpg\" alt=\"\" width=\"344\" height=\"480\" srcset=\"https:\/\/sombramadrid.com\/wp-content\/uploads\/2025\/02\/empusa-180888719-large.jpg 344w, https:\/\/sombramadrid.com\/wp-content\/uploads\/2025\/02\/empusa-180888719-large-215x300.jpg 215w, https:\/\/sombramadrid.com\/wp-content\/uploads\/2025\/02\/empusa-180888719-large-9x12.jpg 9w, https:\/\/sombramadrid.com\/wp-content\/uploads\/2025\/02\/empusa-180888719-large-301x420.jpg 301w\" sizes=\"auto, (max-width: 344px) 100vw, 344px\" \/><\/p>\n<ul>\n<li><strong>T\u00edtulo original: <\/strong>Empusa<\/li>\n<li><strong>A\u00f1o: <\/strong>2010<\/li>\n<li><strong>Duraci\u00f3n:<\/strong> 96 min.<\/li>\n<li><strong>Pa\u00eds:<\/strong> Espa\u00f1a<\/li>\n<li><strong>Direcci\u00f3n:<\/strong> Paul Naschy<\/li>\n<li><strong>Guion:<\/strong> Paul Naschy, Carlos Aured<\/li>\n<li><strong>Reparto: <\/strong>Cristina Carri\u00f3n, Paco Racionero, Saturnino Garc\u00eda, Marco Sanz, Alfonso Dorbe&#8230;<\/li>\n<li><strong>M\u00fasica:<\/strong> Enrik Garc\u00eda<\/li>\n<li><strong>Fotograf\u00eda: <\/strong>Luis Colombo<\/li>\n<li><strong>Compa\u00f1\u00edas:<\/strong> Artistic P.C, Colombo Films, Catalan Film Television, Fonofox<\/li>\n<li><strong>G\u00e9nero:<\/strong> Terror | Vampiros. Serie B<\/li>\n<\/ul>","protected":false},"excerpt":{"rendered":"<p>Fecha: Mi\u00e9rcoles, 19 de marzo Hora: 18:00 Lugar: Artistic Metropol Idioma: VO COMPRAR ENTRADAS Sinopsis Abel, un actor retirado que se ha vuelto un entusiasta del ocultismo y Victor, un viejo lobo de mar, toman largos paseos en la playa hablando de los viejos tiempos. Durante uno de estos paseos encuentran el brazo de una [&hellip;]<\/p>","protected":false},"author":2,"featured_media":7513,"parent":0,"menu_order":0,"comment_status":"closed","ping_status":"closed","template":"","meta":{"footnotes":""},"class_list":["post-7512","page","type-page","status-publish","has-post-thumbnail"],"yoast_head":"<!-- This site is optimized with the Yoast SEO plugin v24.3 - https:\/\/yoast.com\/wordpress\/plugins\/seo\/ -->\n<title>Empusa | Retrospectiva Antonio Mayans - Sombra Festival<\/title>\n<meta name=\"robots\" content=\"index, follow, max-snippet:-1, max-image-preview:large, max-video-preview:-1\" \/>\n<link rel=\"canonical\" href=\"https:\/\/sombramadrid.com\/en\/empusa-retrospectiva-antonio-mayans\/\" \/>\n<meta property=\"og:locale\" content=\"en_GB\" \/>\n<meta property=\"og:type\" content=\"article\" \/>\n<meta property=\"og:title\" content=\"Empusa | Retrospectiva Antonio Mayans - Sombra Festival\" \/>\n<meta property=\"og:description\" content=\"Fecha: Mi\u00e9rcoles, 19 de marzo Hora: 18:00 Lugar: Artistic Metropol Idioma: VO COMPRAR ENTRADAS Sinopsis Abel, un actor retirado que se ha vuelto un entusiasta del ocultismo y Victor, un viejo lobo de mar, toman largos paseos en la playa hablando de los viejos tiempos. Durante uno de estos paseos encuentran el brazo de una [&hellip;]\" \/>\n<meta property=\"og:url\" content=\"https:\/\/sombramadrid.com\/en\/empusa-retrospectiva-antonio-mayans\/\" \/>\n<meta property=\"og:site_name\" content=\"Sombra Festival\" \/>\n<meta property=\"article:publisher\" content=\"https:\/\/www.facebook.com\/Sombra-Festival-De-CINE-Fantastico-Europeo-De-Murcia-175337032531429\/\" \/>\n<meta property=\"og:image\" content=\"https:\/\/sombramadrid.com\/wp-content\/uploads\/2025\/02\/empusa-180888719-large.jpg\" \/>\n\t<meta property=\"og:image:width\" content=\"344\" \/>\n\t<meta property=\"og:image:height\" content=\"480\" \/>\n\t<meta property=\"og:image:type\" content=\"image\/jpeg\" \/>\n<meta name=\"twitter:card\" content=\"summary_large_image\" \/>\n<meta name=\"twitter:site\" content=\"@SombraFestival\" \/>\n<meta name=\"twitter:label1\" content=\"Est. reading time\" \/>\n\t<meta name=\"twitter:data1\" content=\"2 minutes\" \/>\n<script type=\"application\/ld+json\" class=\"yoast-schema-graph\">{\"@context\":\"https:\/\/schema.org\",\"@graph\":[{\"@type\":\"WebPage\",\"@id\":\"https:\/\/sombramadrid.com\/empusa-retrospectiva-antonio-mayans\/\",\"url\":\"https:\/\/sombramadrid.com\/empusa-retrospectiva-antonio-mayans\/\",\"name\":\"Empusa | Retrospectiva Antonio Mayans - Sombra Festival\",\"isPartOf\":{\"@id\":\"https:\/\/sombramadrid.com\/#website\"},\"primaryImageOfPage\":{\"@id\":\"https:\/\/sombramadrid.com\/empusa-retrospectiva-antonio-mayans\/#primaryimage\"},\"image\":{\"@id\":\"https:\/\/sombramadrid.com\/empusa-retrospectiva-antonio-mayans\/#primaryimage\"},\"thumbnailUrl\":\"https:\/\/sombramadrid.com\/wp-content\/uploads\/2025\/02\/empusa-180888719-large.jpg\",\"datePublished\":\"2025-02-28T21:26:16+00:00\",\"dateModified\":\"2025-02-28T21:26:16+00:00\",\"breadcrumb\":{\"@id\":\"https:\/\/sombramadrid.com\/empusa-retrospectiva-antonio-mayans\/#breadcrumb\"},\"inLanguage\":\"en-GB\",\"potentialAction\":[{\"@type\":\"ReadAction\",\"target\":[\"https:\/\/sombramadrid.com\/empusa-retrospectiva-antonio-mayans\/\"]}]},{\"@type\":\"ImageObject\",\"inLanguage\":\"en-GB\",\"@id\":\"https:\/\/sombramadrid.com\/empusa-retrospectiva-antonio-mayans\/#primaryimage\",\"url\":\"https:\/\/sombramadrid.com\/wp-content\/uploads\/2025\/02\/empusa-180888719-large.jpg\",\"contentUrl\":\"https:\/\/sombramadrid.com\/wp-content\/uploads\/2025\/02\/empusa-180888719-large.jpg\",\"width\":344,\"height\":480},{\"@type\":\"BreadcrumbList\",\"@id\":\"https:\/\/sombramadrid.com\/empusa-retrospectiva-antonio-mayans\/#breadcrumb\",\"itemListElement\":[{\"@type\":\"ListItem\",\"position\":1,\"name\":\"Portada\",\"item\":\"https:\/\/sombramadrid.com\/\"},{\"@type\":\"ListItem\",\"position\":2,\"name\":\"Empusa | Retrospectiva Antonio Mayans\"}]},{\"@type\":\"WebSite\",\"@id\":\"https:\/\/sombramadrid.com\/#website\",\"url\":\"https:\/\/sombramadrid.com\/\",\"name\":\"Sombra Festival\",\"description\":\"XIII Festival de Cine Fant\u00e1stico Europeo de Murcia, 8-17 MARZO 2024\",\"publisher\":{\"@id\":\"https:\/\/sombramadrid.com\/#organization\"},\"potentialAction\":[{\"@type\":\"SearchAction\",\"target\":{\"@type\":\"EntryPoint\",\"urlTemplate\":\"https:\/\/sombramadrid.com\/?s={search_term_string}\"},\"query-input\":{\"@type\":\"PropertyValueSpecification\",\"valueRequired\":true,\"valueName\":\"search_term_string\"}}],\"inLanguage\":\"en-GB\"},{\"@type\":\"Organization\",\"@id\":\"https:\/\/sombramadrid.com\/#organization\",\"name\":\"SOMBRA, IX FESTIVAL DE CINE FANTASTICO EUROPEO DE MURCIA\",\"url\":\"https:\/\/sombramadrid.com\/\",\"logo\":{\"@type\":\"ImageObject\",\"inLanguage\":\"en-GB\",\"@id\":\"https:\/\/sombramadrid.com\/#\/schema\/logo\/image\/\",\"url\":\"https:\/\/sombramadrid.com\/wp-content\/uploads\/2019\/10\/Sombra-LogoIdentificador-Negativo.jpg\",\"contentUrl\":\"https:\/\/sombramadrid.com\/wp-content\/uploads\/2019\/10\/Sombra-LogoIdentificador-Negativo.jpg\",\"width\":400,\"height\":400,\"caption\":\"SOMBRA, IX FESTIVAL DE CINE FANTASTICO EUROPEO DE MURCIA\"},\"image\":{\"@id\":\"https:\/\/sombramadrid.com\/#\/schema\/logo\/image\/\"},\"sameAs\":[\"https:\/\/www.facebook.com\/Sombra-Festival-De-CINE-Fantastico-Europeo-De-Murcia-175337032531429\/\",\"https:\/\/x.com\/SombraFestival\",\"https:\/\/www.instagram.com\/sombrafestival\/\",\"https:\/\/www.youtube.com\/channel\/UCBdSJni9V30Tq4cGf4Lj0Ug?view_as=subscriber\"]}]}<\/script>\n<!-- \/ Yoast SEO plugin. -->","yoast_head_json":{"title":"Empusa | Retrospectiva Antonio Mayans - Sombra Festival","robots":{"index":"index","follow":"follow","max-snippet":"max-snippet:-1","max-image-preview":"max-image-preview:large","max-video-preview":"max-video-preview:-1"},"canonical":"https:\/\/sombramadrid.com\/en\/empusa-retrospectiva-antonio-mayans\/","og_locale":"en_GB","og_type":"article","og_title":"Empusa | Retrospectiva Antonio Mayans - Sombra Festival","og_description":"Fecha: Mi\u00e9rcoles, 19 de marzo Hora: 18:00 Lugar: Artistic Metropol Idioma: VO COMPRAR ENTRADAS Sinopsis Abel, un actor retirado que se ha vuelto un entusiasta del ocultismo y Victor, un viejo lobo de mar, toman largos paseos en la playa hablando de los viejos tiempos. Durante uno de estos paseos encuentran el brazo de una [&hellip;]","og_url":"https:\/\/sombramadrid.com\/en\/empusa-retrospectiva-antonio-mayans\/","og_site_name":"Sombra Festival","article_publisher":"https:\/\/www.facebook.com\/Sombra-Festival-De-CINE-Fantastico-Europeo-De-Murcia-175337032531429\/","og_image":[{"width":344,"height":480,"url":"https:\/\/sombramadrid.com\/wp-content\/uploads\/2025\/02\/empusa-180888719-large.jpg","type":"image\/jpeg"}],"twitter_card":"summary_large_image","twitter_site":"@SombraFestival","twitter_misc":{"Est. reading time":"2 minutes"},"schema":{"@context":"https:\/\/schema.org","@graph":[{"@type":"WebPage","@id":"https:\/\/sombramadrid.com\/empusa-retrospectiva-antonio-mayans\/","url":"https:\/\/sombramadrid.com\/empusa-retrospectiva-antonio-mayans\/","name":"Empusa | Retrospectiva Antonio Mayans - Sombra Festival","isPartOf":{"@id":"https:\/\/sombramadrid.com\/#website"},"primaryImageOfPage":{"@id":"https:\/\/sombramadrid.com\/empusa-retrospectiva-antonio-mayans\/#primaryimage"},"image":{"@id":"https:\/\/sombramadrid.com\/empusa-retrospectiva-antonio-mayans\/#primaryimage"},"thumbnailUrl":"https:\/\/sombramadrid.com\/wp-content\/uploads\/2025\/02\/empusa-180888719-large.jpg","datePublished":"2025-02-28T21:26:16+00:00","dateModified":"2025-02-28T21:26:16+00:00","breadcrumb":{"@id":"https:\/\/sombramadrid.com\/empusa-retrospectiva-antonio-mayans\/#breadcrumb"},"inLanguage":"en-GB","potentialAction":[{"@type":"ReadAction","target":["https:\/\/sombramadrid.com\/empusa-retrospectiva-antonio-mayans\/"]}]},{"@type":"ImageObject","inLanguage":"en-GB","@id":"https:\/\/sombramadrid.com\/empusa-retrospectiva-antonio-mayans\/#primaryimage","url":"https:\/\/sombramadrid.com\/wp-content\/uploads\/2025\/02\/empusa-180888719-large.jpg","contentUrl":"https:\/\/sombramadrid.com\/wp-content\/uploads\/2025\/02\/empusa-180888719-large.jpg","width":344,"height":480},{"@type":"BreadcrumbList","@id":"https:\/\/sombramadrid.com\/empusa-retrospectiva-antonio-mayans\/#breadcrumb","itemListElement":[{"@type":"ListItem","position":1,"name":"Portada","item":"https:\/\/sombramadrid.com\/"},{"@type":"ListItem","position":2,"name":"Empusa | Retrospectiva Antonio Mayans"}]},{"@type":"WebSite","@id":"https:\/\/sombramadrid.com\/#website","url":"https:\/\/sombramadrid.com\/","name":"Sombra Festival","description":"XIII Festival de Cine Fant\u00e1stico Europeo de Murcia, 8-17 MARZO 2024","publisher":{"@id":"https:\/\/sombramadrid.com\/#organization"},"potentialAction":[{"@type":"SearchAction","target":{"@type":"EntryPoint","urlTemplate":"https:\/\/sombramadrid.com\/?s={search_term_string}"},"query-input":{"@type":"PropertyValueSpecification","valueRequired":true,"valueName":"search_term_string"}}],"inLanguage":"en-GB"},{"@type":"Organization","@id":"https:\/\/sombramadrid.com\/#organization","name":"SOMBRA, IX FESTIVAL DE CINE FANTASTICO EUROPEO DE MURCIA","url":"https:\/\/sombramadrid.com\/","logo":{"@type":"ImageObject","inLanguage":"en-GB","@id":"https:\/\/sombramadrid.com\/#\/schema\/logo\/image\/","url":"https:\/\/sombramadrid.com\/wp-content\/uploads\/2019\/10\/Sombra-LogoIdentificador-Negativo.jpg","contentUrl":"https:\/\/sombramadrid.com\/wp-content\/uploads\/2019\/10\/Sombra-LogoIdentificador-Negativo.jpg","width":400,"height":400,"caption":"SOMBRA, IX FESTIVAL DE CINE FANTASTICO EUROPEO DE MURCIA"},"image":{"@id":"https:\/\/sombramadrid.com\/#\/schema\/logo\/image\/"},"sameAs":["https:\/\/www.facebook.com\/Sombra-Festival-De-CINE-Fantastico-Europeo-De-Murcia-175337032531429\/","https:\/\/x.com\/SombraFestival","https:\/\/www.instagram.com\/sombrafestival\/","https:\/\/www.youtube.com\/channel\/UCBdSJni9V30Tq4cGf4Lj0Ug?view_as=subscriber"]}]}},"_links":{"self":[{"href":"https:\/\/sombramadrid.com\/en\/wp-json\/wp\/v2\/pages\/7512","targetHints":{"allow":["GET"]}}],"collection":[{"href":"https:\/\/sombramadrid.com\/en\/wp-json\/wp\/v2\/pages"}],"about":[{"href":"https:\/\/sombramadrid.com\/en\/wp-json\/wp\/v2\/types\/page"}],"author":[{"embeddable":true,"href":"https:\/\/sombramadrid.com\/en\/wp-json\/wp\/v2\/users\/2"}],"replies":[{"embeddable":true,"href":"https:\/\/sombramadrid.com\/en\/wp-json\/wp\/v2\/comments?post=7512"}],"version-history":[{"count":1,"href":"https:\/\/sombramadrid.com\/en\/wp-json\/wp\/v2\/pages\/7512\/revisions"}],"predecessor-version":[{"id":7514,"href":"https:\/\/sombramadrid.com\/en\/wp-json\/wp\/v2\/pages\/7512\/revisions\/7514"}],"wp:featuredmedia":[{"embeddable":true,"href":"https:\/\/sombramadrid.com\/en\/wp-json\/wp\/v2\/media\/7513"}],"wp:attachment":[{"href":"https:\/\/sombramadrid.com\/en\/wp-json\/wp\/v2\/media?parent=7512"}],"curies":[{"name":"wp","href":"https:\/\/api.w.org\/{rel}","templated":true}]}}