{"id":7228,"date":"2025-02-09T08:59:19","date_gmt":"2025-02-09T07:59:19","guid":{"rendered":"https:\/\/sombramadrid.com\/?page_id=7228"},"modified":"2025-02-12T15:59:57","modified_gmt":"2025-02-12T14:59:57","slug":"parasomnia-cortometraje-fuera-de-competicion","status":"publish","type":"page","link":"https:\/\/sombramadrid.com\/en\/cortometrajes-2025\/parasomnia-cortometraje-fuera-de-competicion\/","title":{"rendered":"Parasomnia | Cortometraje fuera de competici\u00f3n"},"content":{"rendered":"<ul>\n<li><strong>Fecha:<\/strong> Mi\u00e9rcoles, 19 de marzo<\/li>\n<li><strong>Hora:<\/strong> 18:00<\/li>\n<li><strong>Lugar:<\/strong> Sala Berlanga<\/li>\n<\/ul>\n<p><span style=\"color: #ffff00;\"><strong>Proyecci\u00f3n previa a <a href=\"https:\/\/sombramadrid.com\/en\/largometrajes-sombra-2025\/night-call-seccion-oficial\/\">Night Call<\/a> | Sesi\u00f3n Oficial a Concurso<\/strong><\/span><\/p>\n<p style=\"text-align: center;\"><a href=\"https:\/\/cine.entradas.com\/cine\/madrid\/sala-berlanga\/evento\/3062\"><span class=\"td_btn td_btn_lg td_default_btn\">COMPRA ENTRADAS<\/span><\/a><\/p>\n<h3>Sinopsis<\/h3>\n<p>Cuando el sem\u00e1foro se pone en verde, un joven se queda paralizado cuando est\u00e1 a punto de cruzar la calle. A su alrededor, la gente sigue su camino, ignor\u00e1ndole &#8211; mientras el entorno se vuelve cada vez m\u00e1s extra\u00f1o, inquietante y amenazador.<\/p>\n<p><img loading=\"lazy\" decoding=\"async\" class=\"size-large wp-image-6819 aligncenter\" src=\"https:\/\/sombrafestival.com\/wp-content\/uploads\/2025\/01\/parasomnia-987883998-large-683x1024.jpg\" alt=\"\" width=\"683\" height=\"1024\" \/><\/p>\n<ul>\n<li><strong>T\u00edtulo original: <\/strong>Parasomnia<\/li>\n<li><strong>A\u00f1o: <\/strong>2024<\/li>\n<li><strong>Duraci\u00f3n: <\/strong>10 min.<strong><br \/>\n<\/strong><\/li>\n<li><strong>Pa\u00eds: <\/strong>Espa\u00f1a<\/li>\n<li><strong>Direcci\u00f3n: <\/strong>Daniel Noblom<\/li>\n<li><strong>Guion: <\/strong>Daniel Noblom, Alba Postigo<\/li>\n<li><strong>Reparto: <\/strong>Xavier Batista, Xavier Nicaise, Edgar Moreno, \u00c0lex Pereira Gonz\u00e0lvez, Silvia Lligo\u00f1a, Alicia Suso, Oriol Rafel<\/li>\n<li><strong>M\u00fasica: <\/strong>Yulia Protasova<\/li>\n<li><strong>Fotograf\u00eda: <\/strong>I\u00f1aki Gorraiz, Ferran Iglesias, Neus Jord\u00e0, Daniel Perla, Pau Salvad\u00f3<\/li>\n<li><strong>Compa\u00f1\u00edas: <\/strong>Fonofox Servicios Audiovisuales<\/li>\n<li><strong>G\u00e9nero: <\/strong>Terror | Cortometraje<\/li>\n<\/ul>","protected":false},"excerpt":{"rendered":"<p>Fecha: Mi\u00e9rcoles, 19 de marzo Hora: 18:00 Lugar: Sala Berlanga Proyecci\u00f3n previa a Night Call | Sesi\u00f3n Oficial a Concurso COMPRA ENTRADAS Sinopsis Cuando el sem\u00e1foro se pone en verde, un joven se queda paralizado cuando est\u00e1 a punto de cruzar la calle. A su alrededor, la gente sigue su camino, ignor\u00e1ndole &#8211; mientras el [&hellip;]<\/p>","protected":false},"author":2,"featured_media":7229,"parent":7176,"menu_order":0,"comment_status":"closed","ping_status":"closed","template":"","meta":{"footnotes":""},"class_list":["post-7228","page","type-page","status-publish","has-post-thumbnail"],"yoast_head":"<!-- This site is optimized with the Yoast SEO plugin v24.3 - https:\/\/yoast.com\/wordpress\/plugins\/seo\/ -->\n<title>Parasomnia | Cortometraje fuera de competici\u00f3n - Sombra Festival<\/title>\n<meta name=\"robots\" content=\"index, follow, max-snippet:-1, max-image-preview:large, max-video-preview:-1\" \/>\n<link rel=\"canonical\" href=\"https:\/\/sombramadrid.com\/en\/cortometrajes-2025\/parasomnia-cortometraje-fuera-de-competicion\/\" \/>\n<meta property=\"og:locale\" content=\"en_GB\" \/>\n<meta property=\"og:type\" content=\"article\" \/>\n<meta property=\"og:title\" content=\"Parasomnia | Cortometraje fuera de competici\u00f3n - Sombra Festival\" \/>\n<meta property=\"og:description\" content=\"Fecha: Mi\u00e9rcoles, 19 de marzo Hora: 18:00 Lugar: Sala Berlanga Proyecci\u00f3n previa a Night Call | Sesi\u00f3n Oficial a Concurso COMPRA ENTRADAS Sinopsis Cuando el sem\u00e1foro se pone en verde, un joven se queda paralizado cuando est\u00e1 a punto de cruzar la calle. A su alrededor, la gente sigue su camino, ignor\u00e1ndole &#8211; mientras el [&hellip;]\" \/>\n<meta property=\"og:url\" content=\"https:\/\/sombramadrid.com\/en\/cortometrajes-2025\/parasomnia-cortometraje-fuera-de-competicion\/\" \/>\n<meta property=\"og:site_name\" content=\"Sombra Festival\" \/>\n<meta property=\"article:publisher\" content=\"https:\/\/www.facebook.com\/Sombra-Festival-De-CINE-Fantastico-Europeo-De-Murcia-175337032531429\/\" \/>\n<meta property=\"article:modified_time\" content=\"2025-02-12T14:59:57+00:00\" \/>\n<meta property=\"og:image\" content=\"https:\/\/sombramadrid.com\/wp-content\/uploads\/2025\/02\/parasomnia-987883998-large-683x1024-1.jpg\" \/>\n\t<meta property=\"og:image:width\" content=\"683\" \/>\n\t<meta property=\"og:image:height\" content=\"1024\" \/>\n\t<meta property=\"og:image:type\" content=\"image\/jpeg\" \/>\n<meta name=\"twitter:card\" content=\"summary_large_image\" \/>\n<meta name=\"twitter:site\" content=\"@SombraFestival\" \/>\n<meta name=\"twitter:label1\" content=\"Est. reading time\" \/>\n\t<meta name=\"twitter:data1\" content=\"1 minute\" \/>\n<script type=\"application\/ld+json\" class=\"yoast-schema-graph\">{\"@context\":\"https:\/\/schema.org\",\"@graph\":[{\"@type\":\"WebPage\",\"@id\":\"https:\/\/sombramadrid.com\/cortometrajes-2025\/parasomnia-cortometraje-fuera-de-competicion\/\",\"url\":\"https:\/\/sombramadrid.com\/cortometrajes-2025\/parasomnia-cortometraje-fuera-de-competicion\/\",\"name\":\"Parasomnia | Cortometraje fuera de competici\u00f3n - Sombra Festival\",\"isPartOf\":{\"@id\":\"https:\/\/sombramadrid.com\/#website\"},\"primaryImageOfPage\":{\"@id\":\"https:\/\/sombramadrid.com\/cortometrajes-2025\/parasomnia-cortometraje-fuera-de-competicion\/#primaryimage\"},\"image\":{\"@id\":\"https:\/\/sombramadrid.com\/cortometrajes-2025\/parasomnia-cortometraje-fuera-de-competicion\/#primaryimage\"},\"thumbnailUrl\":\"https:\/\/sombramadrid.com\/wp-content\/uploads\/2025\/02\/parasomnia-987883998-large-683x1024-1.jpg\",\"datePublished\":\"2025-02-09T07:59:19+00:00\",\"dateModified\":\"2025-02-12T14:59:57+00:00\",\"breadcrumb\":{\"@id\":\"https:\/\/sombramadrid.com\/cortometrajes-2025\/parasomnia-cortometraje-fuera-de-competicion\/#breadcrumb\"},\"inLanguage\":\"en-GB\",\"potentialAction\":[{\"@type\":\"ReadAction\",\"target\":[\"https:\/\/sombramadrid.com\/cortometrajes-2025\/parasomnia-cortometraje-fuera-de-competicion\/\"]}]},{\"@type\":\"ImageObject\",\"inLanguage\":\"en-GB\",\"@id\":\"https:\/\/sombramadrid.com\/cortometrajes-2025\/parasomnia-cortometraje-fuera-de-competicion\/#primaryimage\",\"url\":\"https:\/\/sombramadrid.com\/wp-content\/uploads\/2025\/02\/parasomnia-987883998-large-683x1024-1.jpg\",\"contentUrl\":\"https:\/\/sombramadrid.com\/wp-content\/uploads\/2025\/02\/parasomnia-987883998-large-683x1024-1.jpg\",\"width\":683,\"height\":1024},{\"@type\":\"BreadcrumbList\",\"@id\":\"https:\/\/sombramadrid.com\/cortometrajes-2025\/parasomnia-cortometraje-fuera-de-competicion\/#breadcrumb\",\"itemListElement\":[{\"@type\":\"ListItem\",\"position\":1,\"name\":\"Portada\",\"item\":\"https:\/\/sombramadrid.com\/\"},{\"@type\":\"ListItem\",\"position\":2,\"name\":\"Cortometrajes 2025\",\"item\":\"https:\/\/sombramadrid.com\/cortometrajes-2025\/\"},{\"@type\":\"ListItem\",\"position\":3,\"name\":\"Parasomnia | Cortometraje fuera de competici\u00f3n\"}]},{\"@type\":\"WebSite\",\"@id\":\"https:\/\/sombramadrid.com\/#website\",\"url\":\"https:\/\/sombramadrid.com\/\",\"name\":\"Sombra Festival\",\"description\":\"XIII Festival de Cine Fant\u00e1stico Europeo de Murcia, 8-17 MARZO 2024\",\"publisher\":{\"@id\":\"https:\/\/sombramadrid.com\/#organization\"},\"potentialAction\":[{\"@type\":\"SearchAction\",\"target\":{\"@type\":\"EntryPoint\",\"urlTemplate\":\"https:\/\/sombramadrid.com\/?s={search_term_string}\"},\"query-input\":{\"@type\":\"PropertyValueSpecification\",\"valueRequired\":true,\"valueName\":\"search_term_string\"}}],\"inLanguage\":\"en-GB\"},{\"@type\":\"Organization\",\"@id\":\"https:\/\/sombramadrid.com\/#organization\",\"name\":\"SOMBRA, IX FESTIVAL DE CINE FANTASTICO EUROPEO DE MURCIA\",\"url\":\"https:\/\/sombramadrid.com\/\",\"logo\":{\"@type\":\"ImageObject\",\"inLanguage\":\"en-GB\",\"@id\":\"https:\/\/sombramadrid.com\/#\/schema\/logo\/image\/\",\"url\":\"https:\/\/sombramadrid.com\/wp-content\/uploads\/2019\/10\/Sombra-LogoIdentificador-Negativo.jpg\",\"contentUrl\":\"https:\/\/sombramadrid.com\/wp-content\/uploads\/2019\/10\/Sombra-LogoIdentificador-Negativo.jpg\",\"width\":400,\"height\":400,\"caption\":\"SOMBRA, IX FESTIVAL DE CINE FANTASTICO EUROPEO DE MURCIA\"},\"image\":{\"@id\":\"https:\/\/sombramadrid.com\/#\/schema\/logo\/image\/\"},\"sameAs\":[\"https:\/\/www.facebook.com\/Sombra-Festival-De-CINE-Fantastico-Europeo-De-Murcia-175337032531429\/\",\"https:\/\/x.com\/SombraFestival\",\"https:\/\/www.instagram.com\/sombrafestival\/\",\"https:\/\/www.youtube.com\/channel\/UCBdSJni9V30Tq4cGf4Lj0Ug?view_as=subscriber\"]}]}<\/script>\n<!-- \/ Yoast SEO plugin. -->","yoast_head_json":{"title":"Parasomnia | Cortometraje fuera de competici\u00f3n - Sombra Festival","robots":{"index":"index","follow":"follow","max-snippet":"max-snippet:-1","max-image-preview":"max-image-preview:large","max-video-preview":"max-video-preview:-1"},"canonical":"https:\/\/sombramadrid.com\/en\/cortometrajes-2025\/parasomnia-cortometraje-fuera-de-competicion\/","og_locale":"en_GB","og_type":"article","og_title":"Parasomnia | Cortometraje fuera de competici\u00f3n - Sombra Festival","og_description":"Fecha: Mi\u00e9rcoles, 19 de marzo Hora: 18:00 Lugar: Sala Berlanga Proyecci\u00f3n previa a Night Call | Sesi\u00f3n Oficial a Concurso COMPRA ENTRADAS Sinopsis Cuando el sem\u00e1foro se pone en verde, un joven se queda paralizado cuando est\u00e1 a punto de cruzar la calle. A su alrededor, la gente sigue su camino, ignor\u00e1ndole &#8211; mientras el [&hellip;]","og_url":"https:\/\/sombramadrid.com\/en\/cortometrajes-2025\/parasomnia-cortometraje-fuera-de-competicion\/","og_site_name":"Sombra Festival","article_publisher":"https:\/\/www.facebook.com\/Sombra-Festival-De-CINE-Fantastico-Europeo-De-Murcia-175337032531429\/","article_modified_time":"2025-02-12T14:59:57+00:00","og_image":[{"width":683,"height":1024,"url":"https:\/\/sombramadrid.com\/wp-content\/uploads\/2025\/02\/parasomnia-987883998-large-683x1024-1.jpg","type":"image\/jpeg"}],"twitter_card":"summary_large_image","twitter_site":"@SombraFestival","twitter_misc":{"Est. reading time":"1 minute"},"schema":{"@context":"https:\/\/schema.org","@graph":[{"@type":"WebPage","@id":"https:\/\/sombramadrid.com\/cortometrajes-2025\/parasomnia-cortometraje-fuera-de-competicion\/","url":"https:\/\/sombramadrid.com\/cortometrajes-2025\/parasomnia-cortometraje-fuera-de-competicion\/","name":"Parasomnia | Cortometraje fuera de competici\u00f3n - Sombra Festival","isPartOf":{"@id":"https:\/\/sombramadrid.com\/#website"},"primaryImageOfPage":{"@id":"https:\/\/sombramadrid.com\/cortometrajes-2025\/parasomnia-cortometraje-fuera-de-competicion\/#primaryimage"},"image":{"@id":"https:\/\/sombramadrid.com\/cortometrajes-2025\/parasomnia-cortometraje-fuera-de-competicion\/#primaryimage"},"thumbnailUrl":"https:\/\/sombramadrid.com\/wp-content\/uploads\/2025\/02\/parasomnia-987883998-large-683x1024-1.jpg","datePublished":"2025-02-09T07:59:19+00:00","dateModified":"2025-02-12T14:59:57+00:00","breadcrumb":{"@id":"https:\/\/sombramadrid.com\/cortometrajes-2025\/parasomnia-cortometraje-fuera-de-competicion\/#breadcrumb"},"inLanguage":"en-GB","potentialAction":[{"@type":"ReadAction","target":["https:\/\/sombramadrid.com\/cortometrajes-2025\/parasomnia-cortometraje-fuera-de-competicion\/"]}]},{"@type":"ImageObject","inLanguage":"en-GB","@id":"https:\/\/sombramadrid.com\/cortometrajes-2025\/parasomnia-cortometraje-fuera-de-competicion\/#primaryimage","url":"https:\/\/sombramadrid.com\/wp-content\/uploads\/2025\/02\/parasomnia-987883998-large-683x1024-1.jpg","contentUrl":"https:\/\/sombramadrid.com\/wp-content\/uploads\/2025\/02\/parasomnia-987883998-large-683x1024-1.jpg","width":683,"height":1024},{"@type":"BreadcrumbList","@id":"https:\/\/sombramadrid.com\/cortometrajes-2025\/parasomnia-cortometraje-fuera-de-competicion\/#breadcrumb","itemListElement":[{"@type":"ListItem","position":1,"name":"Portada","item":"https:\/\/sombramadrid.com\/"},{"@type":"ListItem","position":2,"name":"Cortometrajes 2025","item":"https:\/\/sombramadrid.com\/cortometrajes-2025\/"},{"@type":"ListItem","position":3,"name":"Parasomnia | Cortometraje fuera de competici\u00f3n"}]},{"@type":"WebSite","@id":"https:\/\/sombramadrid.com\/#website","url":"https:\/\/sombramadrid.com\/","name":"Sombra Festival","description":"XIII Festival de Cine Fant\u00e1stico Europeo de Murcia, 8-17 MARZO 2024","publisher":{"@id":"https:\/\/sombramadrid.com\/#organization"},"potentialAction":[{"@type":"SearchAction","target":{"@type":"EntryPoint","urlTemplate":"https:\/\/sombramadrid.com\/?s={search_term_string}"},"query-input":{"@type":"PropertyValueSpecification","valueRequired":true,"valueName":"search_term_string"}}],"inLanguage":"en-GB"},{"@type":"Organization","@id":"https:\/\/sombramadrid.com\/#organization","name":"SOMBRA, IX FESTIVAL DE CINE FANTASTICO EUROPEO DE MURCIA","url":"https:\/\/sombramadrid.com\/","logo":{"@type":"ImageObject","inLanguage":"en-GB","@id":"https:\/\/sombramadrid.com\/#\/schema\/logo\/image\/","url":"https:\/\/sombramadrid.com\/wp-content\/uploads\/2019\/10\/Sombra-LogoIdentificador-Negativo.jpg","contentUrl":"https:\/\/sombramadrid.com\/wp-content\/uploads\/2019\/10\/Sombra-LogoIdentificador-Negativo.jpg","width":400,"height":400,"caption":"SOMBRA, IX FESTIVAL DE CINE FANTASTICO EUROPEO DE MURCIA"},"image":{"@id":"https:\/\/sombramadrid.com\/#\/schema\/logo\/image\/"},"sameAs":["https:\/\/www.facebook.com\/Sombra-Festival-De-CINE-Fantastico-Europeo-De-Murcia-175337032531429\/","https:\/\/x.com\/SombraFestival","https:\/\/www.instagram.com\/sombrafestival\/","https:\/\/www.youtube.com\/channel\/UCBdSJni9V30Tq4cGf4Lj0Ug?view_as=subscriber"]}]}},"_links":{"self":[{"href":"https:\/\/sombramadrid.com\/en\/wp-json\/wp\/v2\/pages\/7228","targetHints":{"allow":["GET"]}}],"collection":[{"href":"https:\/\/sombramadrid.com\/en\/wp-json\/wp\/v2\/pages"}],"about":[{"href":"https:\/\/sombramadrid.com\/en\/wp-json\/wp\/v2\/types\/page"}],"author":[{"embeddable":true,"href":"https:\/\/sombramadrid.com\/en\/wp-json\/wp\/v2\/users\/2"}],"replies":[{"embeddable":true,"href":"https:\/\/sombramadrid.com\/en\/wp-json\/wp\/v2\/comments?post=7228"}],"version-history":[{"count":4,"href":"https:\/\/sombramadrid.com\/en\/wp-json\/wp\/v2\/pages\/7228\/revisions"}],"predecessor-version":[{"id":7458,"href":"https:\/\/sombramadrid.com\/en\/wp-json\/wp\/v2\/pages\/7228\/revisions\/7458"}],"up":[{"embeddable":true,"href":"https:\/\/sombramadrid.com\/en\/wp-json\/wp\/v2\/pages\/7176"}],"wp:featuredmedia":[{"embeddable":true,"href":"https:\/\/sombramadrid.com\/en\/wp-json\/wp\/v2\/media\/7229"}],"wp:attachment":[{"href":"https:\/\/sombramadrid.com\/en\/wp-json\/wp\/v2\/media?parent=7228"}],"curies":[{"name":"wp","href":"https:\/\/api.w.org\/{rel}","templated":true}]}}