{"id":7194,"date":"2025-02-09T08:28:41","date_gmt":"2025-02-09T07:28:41","guid":{"rendered":"https:\/\/sombramadrid.com\/?page_id=7194"},"modified":"2025-02-09T09:05:42","modified_gmt":"2025-02-09T08:05:42","slug":"simon-cortometraje-a-concurso","status":"publish","type":"page","link":"https:\/\/sombramadrid.com\/en\/cortometrajes-2025\/simon-cortometraje-a-concurso\/","title":{"rendered":"Sim\u00f3n | Cortometraje a concurso"},"content":{"rendered":"<ul>\n<li><strong>Fecha:<\/strong> Martes, 18 de marzo<\/li>\n<li><strong>Hora:<\/strong> 18:00<\/li>\n<li><strong>Lugar:<\/strong> <span id=\"E359\" class=\"qowt-font7-ArialMT\">Artistic <\/span><span id=\"E361\" class=\"qowt-font7-ArialMT\">Metropol<\/span><\/li>\n<\/ul>\n<p style=\"text-align: center;\"><span class=\"td_btn td_btn_lg td_default_btn\">COMPRAR ENTRADAS<\/span><\/p>\n<p><iframe loading=\"lazy\" title=\"SIM\u00d3N - Trailer Oficial - Dir. LSDavid\" src=\"https:\/\/player.vimeo.com\/video\/906698217?dnt=1&amp;app_id=122963\" width=\"696\" height=\"392\" frameborder=\"0\" allow=\"autoplay; fullscreen; picture-in-picture; clipboard-write; encrypted-media\"><\/iframe><\/p>\n<h3>Sinopsis<\/h3>\n<p>Un particular personaje de videojuego, creado por un ni\u00f1o de 13 a\u00f1os en su simulador de vida favorito, nos narra la desdichada historia de su vida desde el momento en el que fue generado. Lleno de odio y resentimiento, buscar\u00e1 respuestas sobre su mundo y el \u00abDios\u00bb malvado que lo controla.<\/p>\n<p><img loading=\"lazy\" decoding=\"async\" class=\"wp-image-6797 aligncenter\" src=\"https:\/\/sombrafestival.com\/wp-content\/uploads\/2025\/01\/POSTER-ES-Simon-680x1024.jpg\" alt=\"\" width=\"468\" height=\"705\" \/><\/p>\n<ul>\n<li><strong>T\u00edtulo original: <\/strong>Sim\u00f3n<\/li>\n<li><strong>A\u00f1o: <\/strong>2024<\/li>\n<li><strong>Duraci\u00f3n: <\/strong>12 min<\/li>\n<li><strong>Pa\u00eds: <\/strong>Espa\u00f1a<\/li>\n<li><strong>Direcci\u00f3n: <\/strong>LSDavid<\/li>\n<li><strong>Guion: <\/strong>LSDavid<\/li>\n<li><strong>Reparto: <\/strong>Eneko Otero, Rom\u00e1n Reyes, Cinta Ram\u00edrez, Abel Callen, Rom\u00e1n Rymar<\/li>\n<li><strong>M\u00fasica: <\/strong>Iker Ramos<\/li>\n<li><strong>Fotograf\u00eda: <\/strong>H\u00e9ctor Mingote<\/li>\n<li><strong>Compa\u00f1\u00edas: <\/strong>LSDavid &amp; Gosua Films<\/li>\n<li><strong>G\u00e9nero: <\/strong>Ficci\u00f3n<\/li>\n<\/ul>","protected":false},"excerpt":{"rendered":"<p>Fecha: Martes, 18 de marzo Hora: 18:00 Lugar: Artistic Metropol COMPRAR ENTRADAS Sinopsis Un particular personaje de videojuego, creado por un ni\u00f1o de 13 a\u00f1os en su simulador de vida favorito, nos narra la desdichada historia de su vida desde el momento en el que fue generado. Lleno de odio y resentimiento, buscar\u00e1 respuestas sobre [&hellip;]<\/p>","protected":false},"author":2,"featured_media":0,"parent":7176,"menu_order":0,"comment_status":"closed","ping_status":"closed","template":"","meta":{"footnotes":""},"class_list":["post-7194","page","type-page","status-publish"],"yoast_head":"<!-- This site is optimized with the Yoast SEO plugin v24.3 - https:\/\/yoast.com\/wordpress\/plugins\/seo\/ -->\n<title>Sim\u00f3n | Cortometraje a concurso - Sombra Festival<\/title>\n<meta name=\"robots\" content=\"index, follow, max-snippet:-1, max-image-preview:large, max-video-preview:-1\" \/>\n<link rel=\"canonical\" href=\"https:\/\/sombramadrid.com\/en\/cortometrajes-2025\/simon-cortometraje-a-concurso\/\" \/>\n<meta property=\"og:locale\" content=\"en_GB\" \/>\n<meta property=\"og:type\" content=\"article\" \/>\n<meta property=\"og:title\" content=\"Sim\u00f3n | Cortometraje a concurso - Sombra Festival\" \/>\n<meta property=\"og:description\" content=\"Fecha: Martes, 18 de marzo Hora: 18:00 Lugar: Artistic Metropol COMPRAR ENTRADAS Sinopsis Un particular personaje de videojuego, creado por un ni\u00f1o de 13 a\u00f1os en su simulador de vida favorito, nos narra la desdichada historia de su vida desde el momento en el que fue generado. Lleno de odio y resentimiento, buscar\u00e1 respuestas sobre [&hellip;]\" \/>\n<meta property=\"og:url\" content=\"https:\/\/sombramadrid.com\/en\/cortometrajes-2025\/simon-cortometraje-a-concurso\/\" \/>\n<meta property=\"og:site_name\" content=\"Sombra Festival\" \/>\n<meta property=\"article:publisher\" content=\"https:\/\/www.facebook.com\/Sombra-Festival-De-CINE-Fantastico-Europeo-De-Murcia-175337032531429\/\" \/>\n<meta property=\"article:modified_time\" content=\"2025-02-09T08:05:42+00:00\" \/>\n<meta name=\"twitter:card\" content=\"summary_large_image\" \/>\n<meta name=\"twitter:site\" content=\"@SombraFestival\" \/>\n<meta name=\"twitter:label1\" content=\"Est. reading time\" \/>\n\t<meta name=\"twitter:data1\" content=\"1 minute\" \/>\n<script type=\"application\/ld+json\" class=\"yoast-schema-graph\">{\"@context\":\"https:\/\/schema.org\",\"@graph\":[{\"@type\":\"WebPage\",\"@id\":\"https:\/\/sombramadrid.com\/cortometrajes-2025\/simon-cortometraje-a-concurso\/\",\"url\":\"https:\/\/sombramadrid.com\/cortometrajes-2025\/simon-cortometraje-a-concurso\/\",\"name\":\"Sim\u00f3n | Cortometraje a concurso - Sombra Festival\",\"isPartOf\":{\"@id\":\"https:\/\/sombramadrid.com\/#website\"},\"primaryImageOfPage\":{\"@id\":\"https:\/\/sombramadrid.com\/cortometrajes-2025\/simon-cortometraje-a-concurso\/#primaryimage\"},\"image\":{\"@id\":\"https:\/\/sombramadrid.com\/cortometrajes-2025\/simon-cortometraje-a-concurso\/#primaryimage\"},\"thumbnailUrl\":\"https:\/\/sombrafestival.com\/wp-content\/uploads\/2025\/01\/POSTER-ES-Simon-680x1024.jpg\",\"datePublished\":\"2025-02-09T07:28:41+00:00\",\"dateModified\":\"2025-02-09T08:05:42+00:00\",\"breadcrumb\":{\"@id\":\"https:\/\/sombramadrid.com\/cortometrajes-2025\/simon-cortometraje-a-concurso\/#breadcrumb\"},\"inLanguage\":\"en-GB\",\"potentialAction\":[{\"@type\":\"ReadAction\",\"target\":[\"https:\/\/sombramadrid.com\/cortometrajes-2025\/simon-cortometraje-a-concurso\/\"]}]},{\"@type\":\"ImageObject\",\"inLanguage\":\"en-GB\",\"@id\":\"https:\/\/sombramadrid.com\/cortometrajes-2025\/simon-cortometraje-a-concurso\/#primaryimage\",\"url\":\"https:\/\/sombrafestival.com\/wp-content\/uploads\/2025\/01\/POSTER-ES-Simon-680x1024.jpg\",\"contentUrl\":\"https:\/\/sombrafestival.com\/wp-content\/uploads\/2025\/01\/POSTER-ES-Simon-680x1024.jpg\"},{\"@type\":\"BreadcrumbList\",\"@id\":\"https:\/\/sombramadrid.com\/cortometrajes-2025\/simon-cortometraje-a-concurso\/#breadcrumb\",\"itemListElement\":[{\"@type\":\"ListItem\",\"position\":1,\"name\":\"Portada\",\"item\":\"https:\/\/sombramadrid.com\/\"},{\"@type\":\"ListItem\",\"position\":2,\"name\":\"Cortometrajes 2025\",\"item\":\"https:\/\/sombramadrid.com\/cortometrajes-2025\/\"},{\"@type\":\"ListItem\",\"position\":3,\"name\":\"Sim\u00f3n | Cortometraje a concurso\"}]},{\"@type\":\"WebSite\",\"@id\":\"https:\/\/sombramadrid.com\/#website\",\"url\":\"https:\/\/sombramadrid.com\/\",\"name\":\"Sombra Festival\",\"description\":\"XIII Festival de Cine Fant\u00e1stico Europeo de Murcia, 8-17 MARZO 2024\",\"publisher\":{\"@id\":\"https:\/\/sombramadrid.com\/#organization\"},\"potentialAction\":[{\"@type\":\"SearchAction\",\"target\":{\"@type\":\"EntryPoint\",\"urlTemplate\":\"https:\/\/sombramadrid.com\/?s={search_term_string}\"},\"query-input\":{\"@type\":\"PropertyValueSpecification\",\"valueRequired\":true,\"valueName\":\"search_term_string\"}}],\"inLanguage\":\"en-GB\"},{\"@type\":\"Organization\",\"@id\":\"https:\/\/sombramadrid.com\/#organization\",\"name\":\"SOMBRA, IX FESTIVAL DE CINE FANTASTICO EUROPEO DE MURCIA\",\"url\":\"https:\/\/sombramadrid.com\/\",\"logo\":{\"@type\":\"ImageObject\",\"inLanguage\":\"en-GB\",\"@id\":\"https:\/\/sombramadrid.com\/#\/schema\/logo\/image\/\",\"url\":\"https:\/\/sombramadrid.com\/wp-content\/uploads\/2019\/10\/Sombra-LogoIdentificador-Negativo.jpg\",\"contentUrl\":\"https:\/\/sombramadrid.com\/wp-content\/uploads\/2019\/10\/Sombra-LogoIdentificador-Negativo.jpg\",\"width\":400,\"height\":400,\"caption\":\"SOMBRA, IX FESTIVAL DE CINE FANTASTICO EUROPEO DE MURCIA\"},\"image\":{\"@id\":\"https:\/\/sombramadrid.com\/#\/schema\/logo\/image\/\"},\"sameAs\":[\"https:\/\/www.facebook.com\/Sombra-Festival-De-CINE-Fantastico-Europeo-De-Murcia-175337032531429\/\",\"https:\/\/x.com\/SombraFestival\",\"https:\/\/www.instagram.com\/sombrafestival\/\",\"https:\/\/www.youtube.com\/channel\/UCBdSJni9V30Tq4cGf4Lj0Ug?view_as=subscriber\"]}]}<\/script>\n<!-- \/ Yoast SEO plugin. -->","yoast_head_json":{"title":"Sim\u00f3n | Cortometraje a concurso - Sombra Festival","robots":{"index":"index","follow":"follow","max-snippet":"max-snippet:-1","max-image-preview":"max-image-preview:large","max-video-preview":"max-video-preview:-1"},"canonical":"https:\/\/sombramadrid.com\/en\/cortometrajes-2025\/simon-cortometraje-a-concurso\/","og_locale":"en_GB","og_type":"article","og_title":"Sim\u00f3n | Cortometraje a concurso - Sombra Festival","og_description":"Fecha: Martes, 18 de marzo Hora: 18:00 Lugar: Artistic Metropol COMPRAR ENTRADAS Sinopsis Un particular personaje de videojuego, creado por un ni\u00f1o de 13 a\u00f1os en su simulador de vida favorito, nos narra la desdichada historia de su vida desde el momento en el que fue generado. Lleno de odio y resentimiento, buscar\u00e1 respuestas sobre [&hellip;]","og_url":"https:\/\/sombramadrid.com\/en\/cortometrajes-2025\/simon-cortometraje-a-concurso\/","og_site_name":"Sombra Festival","article_publisher":"https:\/\/www.facebook.com\/Sombra-Festival-De-CINE-Fantastico-Europeo-De-Murcia-175337032531429\/","article_modified_time":"2025-02-09T08:05:42+00:00","twitter_card":"summary_large_image","twitter_site":"@SombraFestival","twitter_misc":{"Est. reading time":"1 minute"},"schema":{"@context":"https:\/\/schema.org","@graph":[{"@type":"WebPage","@id":"https:\/\/sombramadrid.com\/cortometrajes-2025\/simon-cortometraje-a-concurso\/","url":"https:\/\/sombramadrid.com\/cortometrajes-2025\/simon-cortometraje-a-concurso\/","name":"Sim\u00f3n | Cortometraje a concurso - Sombra Festival","isPartOf":{"@id":"https:\/\/sombramadrid.com\/#website"},"primaryImageOfPage":{"@id":"https:\/\/sombramadrid.com\/cortometrajes-2025\/simon-cortometraje-a-concurso\/#primaryimage"},"image":{"@id":"https:\/\/sombramadrid.com\/cortometrajes-2025\/simon-cortometraje-a-concurso\/#primaryimage"},"thumbnailUrl":"https:\/\/sombrafestival.com\/wp-content\/uploads\/2025\/01\/POSTER-ES-Simon-680x1024.jpg","datePublished":"2025-02-09T07:28:41+00:00","dateModified":"2025-02-09T08:05:42+00:00","breadcrumb":{"@id":"https:\/\/sombramadrid.com\/cortometrajes-2025\/simon-cortometraje-a-concurso\/#breadcrumb"},"inLanguage":"en-GB","potentialAction":[{"@type":"ReadAction","target":["https:\/\/sombramadrid.com\/cortometrajes-2025\/simon-cortometraje-a-concurso\/"]}]},{"@type":"ImageObject","inLanguage":"en-GB","@id":"https:\/\/sombramadrid.com\/cortometrajes-2025\/simon-cortometraje-a-concurso\/#primaryimage","url":"https:\/\/sombrafestival.com\/wp-content\/uploads\/2025\/01\/POSTER-ES-Simon-680x1024.jpg","contentUrl":"https:\/\/sombrafestival.com\/wp-content\/uploads\/2025\/01\/POSTER-ES-Simon-680x1024.jpg"},{"@type":"BreadcrumbList","@id":"https:\/\/sombramadrid.com\/cortometrajes-2025\/simon-cortometraje-a-concurso\/#breadcrumb","itemListElement":[{"@type":"ListItem","position":1,"name":"Portada","item":"https:\/\/sombramadrid.com\/"},{"@type":"ListItem","position":2,"name":"Cortometrajes 2025","item":"https:\/\/sombramadrid.com\/cortometrajes-2025\/"},{"@type":"ListItem","position":3,"name":"Sim\u00f3n | Cortometraje a concurso"}]},{"@type":"WebSite","@id":"https:\/\/sombramadrid.com\/#website","url":"https:\/\/sombramadrid.com\/","name":"Sombra Festival","description":"XIII Festival de Cine Fant\u00e1stico Europeo de Murcia, 8-17 MARZO 2024","publisher":{"@id":"https:\/\/sombramadrid.com\/#organization"},"potentialAction":[{"@type":"SearchAction","target":{"@type":"EntryPoint","urlTemplate":"https:\/\/sombramadrid.com\/?s={search_term_string}"},"query-input":{"@type":"PropertyValueSpecification","valueRequired":true,"valueName":"search_term_string"}}],"inLanguage":"en-GB"},{"@type":"Organization","@id":"https:\/\/sombramadrid.com\/#organization","name":"SOMBRA, IX FESTIVAL DE CINE FANTASTICO EUROPEO DE MURCIA","url":"https:\/\/sombramadrid.com\/","logo":{"@type":"ImageObject","inLanguage":"en-GB","@id":"https:\/\/sombramadrid.com\/#\/schema\/logo\/image\/","url":"https:\/\/sombramadrid.com\/wp-content\/uploads\/2019\/10\/Sombra-LogoIdentificador-Negativo.jpg","contentUrl":"https:\/\/sombramadrid.com\/wp-content\/uploads\/2019\/10\/Sombra-LogoIdentificador-Negativo.jpg","width":400,"height":400,"caption":"SOMBRA, IX FESTIVAL DE CINE FANTASTICO EUROPEO DE MURCIA"},"image":{"@id":"https:\/\/sombramadrid.com\/#\/schema\/logo\/image\/"},"sameAs":["https:\/\/www.facebook.com\/Sombra-Festival-De-CINE-Fantastico-Europeo-De-Murcia-175337032531429\/","https:\/\/x.com\/SombraFestival","https:\/\/www.instagram.com\/sombrafestival\/","https:\/\/www.youtube.com\/channel\/UCBdSJni9V30Tq4cGf4Lj0Ug?view_as=subscriber"]}]}},"_links":{"self":[{"href":"https:\/\/sombramadrid.com\/en\/wp-json\/wp\/v2\/pages\/7194","targetHints":{"allow":["GET"]}}],"collection":[{"href":"https:\/\/sombramadrid.com\/en\/wp-json\/wp\/v2\/pages"}],"about":[{"href":"https:\/\/sombramadrid.com\/en\/wp-json\/wp\/v2\/types\/page"}],"author":[{"embeddable":true,"href":"https:\/\/sombramadrid.com\/en\/wp-json\/wp\/v2\/users\/2"}],"replies":[{"embeddable":true,"href":"https:\/\/sombramadrid.com\/en\/wp-json\/wp\/v2\/comments?post=7194"}],"version-history":[{"count":3,"href":"https:\/\/sombramadrid.com\/en\/wp-json\/wp\/v2\/pages\/7194\/revisions"}],"predecessor-version":[{"id":7240,"href":"https:\/\/sombramadrid.com\/en\/wp-json\/wp\/v2\/pages\/7194\/revisions\/7240"}],"up":[{"embeddable":true,"href":"https:\/\/sombramadrid.com\/en\/wp-json\/wp\/v2\/pages\/7176"}],"wp:attachment":[{"href":"https:\/\/sombramadrid.com\/en\/wp-json\/wp\/v2\/media?parent=7194"}],"curies":[{"name":"wp","href":"https:\/\/api.w.org\/{rel}","templated":true}]}}