{"id":7192,"date":"2025-02-09T08:28:07","date_gmt":"2025-02-09T07:28:07","guid":{"rendered":"https:\/\/sombramadrid.com\/?page_id=7192"},"modified":"2025-02-27T23:17:52","modified_gmt":"2025-02-27T22:17:52","slug":"paradiso-cortometrajes-a-concurso","status":"publish","type":"page","link":"https:\/\/sombramadrid.com\/en\/cortometrajes-2025\/paradiso-cortometrajes-a-concurso\/","title":{"rendered":"Paradiso | Cortometrajes a concurso"},"content":{"rendered":"<ul>\n<li><strong>Fecha:<\/strong> Martes, 18 de marzo<\/li>\n<li><strong>Hora:<\/strong> 18:00<\/li>\n<li><strong>Lugar:<\/strong> <span id=\"E359\" class=\"qowt-font7-ArialMT\">Artistic <\/span><span id=\"E361\" class=\"qowt-font7-ArialMT\">Metropol<\/span><\/li>\n<\/ul>\n<p style=\"text-align: center;\"><a href=\"https:\/\/www.giglon.com\/todos?idEvent=sombra-madrid--festival-de-cine-fantastico-europeo-cortometraje-bloque-a\"><span class=\"td_btn td_btn_lg td_default_btn\">COMPRAR ENTRADAS<\/span><\/a><\/p>\n<h3>Sinopsis<\/h3>\n<p><span style=\"color: #ffffff;\">En un b\u00fanker fr\u00edo y oxidado, Irina y Georgi sufren las consecuencias de un holocausto nuclear. La grave enfermedad por radiaci\u00f3n de Georgi y su inminente muerte impulsan a Irina a reparar su vieja y querida guitarra para poder escucharla una \u00faltima vez.<\/span><\/p>\n<p><img loading=\"lazy\" decoding=\"async\" class=\"size-large wp-image-7000 aligncenter\" src=\"https:\/\/sombrafestival.com\/wp-content\/uploads\/2025\/02\/paradiso-poster-final-683x1024.jpg\" alt=\"\" width=\"683\" height=\"1024\" \/><\/p>\n<ul>\n<li><strong>T\u00edtulo original: <\/strong>Paradiso<\/li>\n<li><strong>A\u00f1o: <\/strong>2024<\/li>\n<li><strong>Duraci\u00f3n: <\/strong>14 min<strong><br \/>\n<\/strong><\/li>\n<li><strong>Pa\u00eds: <\/strong>Espa\u00f1a<\/li>\n<li><strong>G\u00e9nero: <\/strong>Drama, Horror, Experimental<\/li>\n<\/ul>","protected":false},"excerpt":{"rendered":"<p>Fecha: Martes, 18 de marzo Hora: 18:00 Lugar: Artistic Metropol COMPRAR ENTRADAS Sinopsis En un b\u00fanker fr\u00edo y oxidado, Irina y Georgi sufren las consecuencias de un holocausto nuclear. La grave enfermedad por radiaci\u00f3n de Georgi y su inminente muerte impulsan a Irina a reparar su vieja y querida guitarra para poder escucharla una \u00faltima [&hellip;]<\/p>","protected":false},"author":2,"featured_media":0,"parent":7176,"menu_order":0,"comment_status":"closed","ping_status":"closed","template":"","meta":{"footnotes":""},"class_list":["post-7192","page","type-page","status-publish"],"yoast_head":"<!-- This site is optimized with the Yoast SEO plugin v24.3 - https:\/\/yoast.com\/wordpress\/plugins\/seo\/ -->\n<title>Paradiso | Cortometrajes a concurso - Sombra Festival<\/title>\n<meta name=\"robots\" content=\"index, follow, max-snippet:-1, max-image-preview:large, max-video-preview:-1\" \/>\n<link rel=\"canonical\" href=\"https:\/\/sombramadrid.com\/en\/cortometrajes-2025\/paradiso-cortometrajes-a-concurso\/\" \/>\n<meta property=\"og:locale\" content=\"en_GB\" \/>\n<meta property=\"og:type\" content=\"article\" \/>\n<meta property=\"og:title\" content=\"Paradiso | Cortometrajes a concurso - Sombra Festival\" \/>\n<meta property=\"og:description\" content=\"Fecha: Martes, 18 de marzo Hora: 18:00 Lugar: Artistic Metropol COMPRAR ENTRADAS Sinopsis En un b\u00fanker fr\u00edo y oxidado, Irina y Georgi sufren las consecuencias de un holocausto nuclear. La grave enfermedad por radiaci\u00f3n de Georgi y su inminente muerte impulsan a Irina a reparar su vieja y querida guitarra para poder escucharla una \u00faltima [&hellip;]\" \/>\n<meta property=\"og:url\" content=\"https:\/\/sombramadrid.com\/en\/cortometrajes-2025\/paradiso-cortometrajes-a-concurso\/\" \/>\n<meta property=\"og:site_name\" content=\"Sombra Festival\" \/>\n<meta property=\"article:publisher\" content=\"https:\/\/www.facebook.com\/Sombra-Festival-De-CINE-Fantastico-Europeo-De-Murcia-175337032531429\/\" \/>\n<meta property=\"article:modified_time\" content=\"2025-02-27T22:17:52+00:00\" \/>\n<meta name=\"twitter:card\" content=\"summary_large_image\" \/>\n<meta name=\"twitter:site\" content=\"@SombraFestival\" \/>\n<meta name=\"twitter:label1\" content=\"Est. reading time\" \/>\n\t<meta name=\"twitter:data1\" content=\"1 minute\" \/>\n<script type=\"application\/ld+json\" class=\"yoast-schema-graph\">{\"@context\":\"https:\/\/schema.org\",\"@graph\":[{\"@type\":\"WebPage\",\"@id\":\"https:\/\/sombramadrid.com\/cortometrajes-2025\/paradiso-cortometrajes-a-concurso\/\",\"url\":\"https:\/\/sombramadrid.com\/cortometrajes-2025\/paradiso-cortometrajes-a-concurso\/\",\"name\":\"Paradiso | Cortometrajes a concurso - Sombra Festival\",\"isPartOf\":{\"@id\":\"https:\/\/sombramadrid.com\/#website\"},\"primaryImageOfPage\":{\"@id\":\"https:\/\/sombramadrid.com\/cortometrajes-2025\/paradiso-cortometrajes-a-concurso\/#primaryimage\"},\"image\":{\"@id\":\"https:\/\/sombramadrid.com\/cortometrajes-2025\/paradiso-cortometrajes-a-concurso\/#primaryimage\"},\"thumbnailUrl\":\"https:\/\/sombrafestival.com\/wp-content\/uploads\/2025\/02\/paradiso-poster-final-683x1024.jpg\",\"datePublished\":\"2025-02-09T07:28:07+00:00\",\"dateModified\":\"2025-02-27T22:17:52+00:00\",\"breadcrumb\":{\"@id\":\"https:\/\/sombramadrid.com\/cortometrajes-2025\/paradiso-cortometrajes-a-concurso\/#breadcrumb\"},\"inLanguage\":\"en-GB\",\"potentialAction\":[{\"@type\":\"ReadAction\",\"target\":[\"https:\/\/sombramadrid.com\/cortometrajes-2025\/paradiso-cortometrajes-a-concurso\/\"]}]},{\"@type\":\"ImageObject\",\"inLanguage\":\"en-GB\",\"@id\":\"https:\/\/sombramadrid.com\/cortometrajes-2025\/paradiso-cortometrajes-a-concurso\/#primaryimage\",\"url\":\"https:\/\/sombrafestival.com\/wp-content\/uploads\/2025\/02\/paradiso-poster-final-683x1024.jpg\",\"contentUrl\":\"https:\/\/sombrafestival.com\/wp-content\/uploads\/2025\/02\/paradiso-poster-final-683x1024.jpg\"},{\"@type\":\"BreadcrumbList\",\"@id\":\"https:\/\/sombramadrid.com\/cortometrajes-2025\/paradiso-cortometrajes-a-concurso\/#breadcrumb\",\"itemListElement\":[{\"@type\":\"ListItem\",\"position\":1,\"name\":\"Portada\",\"item\":\"https:\/\/sombramadrid.com\/\"},{\"@type\":\"ListItem\",\"position\":2,\"name\":\"Cortometrajes 2025\",\"item\":\"https:\/\/sombramadrid.com\/cortometrajes-2025\/\"},{\"@type\":\"ListItem\",\"position\":3,\"name\":\"Paradiso | Cortometrajes a concurso\"}]},{\"@type\":\"WebSite\",\"@id\":\"https:\/\/sombramadrid.com\/#website\",\"url\":\"https:\/\/sombramadrid.com\/\",\"name\":\"Sombra Festival\",\"description\":\"XIII Festival de Cine Fant\u00e1stico Europeo de Murcia, 8-17 MARZO 2024\",\"publisher\":{\"@id\":\"https:\/\/sombramadrid.com\/#organization\"},\"potentialAction\":[{\"@type\":\"SearchAction\",\"target\":{\"@type\":\"EntryPoint\",\"urlTemplate\":\"https:\/\/sombramadrid.com\/?s={search_term_string}\"},\"query-input\":{\"@type\":\"PropertyValueSpecification\",\"valueRequired\":true,\"valueName\":\"search_term_string\"}}],\"inLanguage\":\"en-GB\"},{\"@type\":\"Organization\",\"@id\":\"https:\/\/sombramadrid.com\/#organization\",\"name\":\"SOMBRA, IX FESTIVAL DE CINE FANTASTICO EUROPEO DE MURCIA\",\"url\":\"https:\/\/sombramadrid.com\/\",\"logo\":{\"@type\":\"ImageObject\",\"inLanguage\":\"en-GB\",\"@id\":\"https:\/\/sombramadrid.com\/#\/schema\/logo\/image\/\",\"url\":\"https:\/\/sombramadrid.com\/wp-content\/uploads\/2019\/10\/Sombra-LogoIdentificador-Negativo.jpg\",\"contentUrl\":\"https:\/\/sombramadrid.com\/wp-content\/uploads\/2019\/10\/Sombra-LogoIdentificador-Negativo.jpg\",\"width\":400,\"height\":400,\"caption\":\"SOMBRA, IX FESTIVAL DE CINE FANTASTICO EUROPEO DE MURCIA\"},\"image\":{\"@id\":\"https:\/\/sombramadrid.com\/#\/schema\/logo\/image\/\"},\"sameAs\":[\"https:\/\/www.facebook.com\/Sombra-Festival-De-CINE-Fantastico-Europeo-De-Murcia-175337032531429\/\",\"https:\/\/x.com\/SombraFestival\",\"https:\/\/www.instagram.com\/sombrafestival\/\",\"https:\/\/www.youtube.com\/channel\/UCBdSJni9V30Tq4cGf4Lj0Ug?view_as=subscriber\"]}]}<\/script>\n<!-- \/ Yoast SEO plugin. -->","yoast_head_json":{"title":"Paradiso | Cortometrajes a concurso - Sombra Festival","robots":{"index":"index","follow":"follow","max-snippet":"max-snippet:-1","max-image-preview":"max-image-preview:large","max-video-preview":"max-video-preview:-1"},"canonical":"https:\/\/sombramadrid.com\/en\/cortometrajes-2025\/paradiso-cortometrajes-a-concurso\/","og_locale":"en_GB","og_type":"article","og_title":"Paradiso | Cortometrajes a concurso - Sombra Festival","og_description":"Fecha: Martes, 18 de marzo Hora: 18:00 Lugar: Artistic Metropol COMPRAR ENTRADAS Sinopsis En un b\u00fanker fr\u00edo y oxidado, Irina y Georgi sufren las consecuencias de un holocausto nuclear. La grave enfermedad por radiaci\u00f3n de Georgi y su inminente muerte impulsan a Irina a reparar su vieja y querida guitarra para poder escucharla una \u00faltima [&hellip;]","og_url":"https:\/\/sombramadrid.com\/en\/cortometrajes-2025\/paradiso-cortometrajes-a-concurso\/","og_site_name":"Sombra Festival","article_publisher":"https:\/\/www.facebook.com\/Sombra-Festival-De-CINE-Fantastico-Europeo-De-Murcia-175337032531429\/","article_modified_time":"2025-02-27T22:17:52+00:00","twitter_card":"summary_large_image","twitter_site":"@SombraFestival","twitter_misc":{"Est. reading time":"1 minute"},"schema":{"@context":"https:\/\/schema.org","@graph":[{"@type":"WebPage","@id":"https:\/\/sombramadrid.com\/cortometrajes-2025\/paradiso-cortometrajes-a-concurso\/","url":"https:\/\/sombramadrid.com\/cortometrajes-2025\/paradiso-cortometrajes-a-concurso\/","name":"Paradiso | Cortometrajes a concurso - Sombra Festival","isPartOf":{"@id":"https:\/\/sombramadrid.com\/#website"},"primaryImageOfPage":{"@id":"https:\/\/sombramadrid.com\/cortometrajes-2025\/paradiso-cortometrajes-a-concurso\/#primaryimage"},"image":{"@id":"https:\/\/sombramadrid.com\/cortometrajes-2025\/paradiso-cortometrajes-a-concurso\/#primaryimage"},"thumbnailUrl":"https:\/\/sombrafestival.com\/wp-content\/uploads\/2025\/02\/paradiso-poster-final-683x1024.jpg","datePublished":"2025-02-09T07:28:07+00:00","dateModified":"2025-02-27T22:17:52+00:00","breadcrumb":{"@id":"https:\/\/sombramadrid.com\/cortometrajes-2025\/paradiso-cortometrajes-a-concurso\/#breadcrumb"},"inLanguage":"en-GB","potentialAction":[{"@type":"ReadAction","target":["https:\/\/sombramadrid.com\/cortometrajes-2025\/paradiso-cortometrajes-a-concurso\/"]}]},{"@type":"ImageObject","inLanguage":"en-GB","@id":"https:\/\/sombramadrid.com\/cortometrajes-2025\/paradiso-cortometrajes-a-concurso\/#primaryimage","url":"https:\/\/sombrafestival.com\/wp-content\/uploads\/2025\/02\/paradiso-poster-final-683x1024.jpg","contentUrl":"https:\/\/sombrafestival.com\/wp-content\/uploads\/2025\/02\/paradiso-poster-final-683x1024.jpg"},{"@type":"BreadcrumbList","@id":"https:\/\/sombramadrid.com\/cortometrajes-2025\/paradiso-cortometrajes-a-concurso\/#breadcrumb","itemListElement":[{"@type":"ListItem","position":1,"name":"Portada","item":"https:\/\/sombramadrid.com\/"},{"@type":"ListItem","position":2,"name":"Cortometrajes 2025","item":"https:\/\/sombramadrid.com\/cortometrajes-2025\/"},{"@type":"ListItem","position":3,"name":"Paradiso | Cortometrajes a concurso"}]},{"@type":"WebSite","@id":"https:\/\/sombramadrid.com\/#website","url":"https:\/\/sombramadrid.com\/","name":"Sombra Festival","description":"XIII Festival de Cine Fant\u00e1stico Europeo de Murcia, 8-17 MARZO 2024","publisher":{"@id":"https:\/\/sombramadrid.com\/#organization"},"potentialAction":[{"@type":"SearchAction","target":{"@type":"EntryPoint","urlTemplate":"https:\/\/sombramadrid.com\/?s={search_term_string}"},"query-input":{"@type":"PropertyValueSpecification","valueRequired":true,"valueName":"search_term_string"}}],"inLanguage":"en-GB"},{"@type":"Organization","@id":"https:\/\/sombramadrid.com\/#organization","name":"SOMBRA, IX FESTIVAL DE CINE FANTASTICO EUROPEO DE MURCIA","url":"https:\/\/sombramadrid.com\/","logo":{"@type":"ImageObject","inLanguage":"en-GB","@id":"https:\/\/sombramadrid.com\/#\/schema\/logo\/image\/","url":"https:\/\/sombramadrid.com\/wp-content\/uploads\/2019\/10\/Sombra-LogoIdentificador-Negativo.jpg","contentUrl":"https:\/\/sombramadrid.com\/wp-content\/uploads\/2019\/10\/Sombra-LogoIdentificador-Negativo.jpg","width":400,"height":400,"caption":"SOMBRA, IX FESTIVAL DE CINE FANTASTICO EUROPEO DE MURCIA"},"image":{"@id":"https:\/\/sombramadrid.com\/#\/schema\/logo\/image\/"},"sameAs":["https:\/\/www.facebook.com\/Sombra-Festival-De-CINE-Fantastico-Europeo-De-Murcia-175337032531429\/","https:\/\/x.com\/SombraFestival","https:\/\/www.instagram.com\/sombrafestival\/","https:\/\/www.youtube.com\/channel\/UCBdSJni9V30Tq4cGf4Lj0Ug?view_as=subscriber"]}]}},"_links":{"self":[{"href":"https:\/\/sombramadrid.com\/en\/wp-json\/wp\/v2\/pages\/7192","targetHints":{"allow":["GET"]}}],"collection":[{"href":"https:\/\/sombramadrid.com\/en\/wp-json\/wp\/v2\/pages"}],"about":[{"href":"https:\/\/sombramadrid.com\/en\/wp-json\/wp\/v2\/types\/page"}],"author":[{"embeddable":true,"href":"https:\/\/sombramadrid.com\/en\/wp-json\/wp\/v2\/users\/2"}],"replies":[{"embeddable":true,"href":"https:\/\/sombramadrid.com\/en\/wp-json\/wp\/v2\/comments?post=7192"}],"version-history":[{"count":5,"href":"https:\/\/sombramadrid.com\/en\/wp-json\/wp\/v2\/pages\/7192\/revisions"}],"predecessor-version":[{"id":7493,"href":"https:\/\/sombramadrid.com\/en\/wp-json\/wp\/v2\/pages\/7192\/revisions\/7493"}],"up":[{"embeddable":true,"href":"https:\/\/sombramadrid.com\/en\/wp-json\/wp\/v2\/pages\/7176"}],"wp:attachment":[{"href":"https:\/\/sombramadrid.com\/en\/wp-json\/wp\/v2\/media?parent=7192"}],"curies":[{"name":"wp","href":"https:\/\/api.w.org\/{rel}","templated":true}]}}