{"id":7077,"date":"2025-02-04T22:35:11","date_gmt":"2025-02-04T21:35:11","guid":{"rendered":"https:\/\/sombramadrid.com\/?page_id=7077"},"modified":"2025-02-09T18:50:15","modified_gmt":"2025-02-09T17:50:15","slug":"una-noche-inolvidable-con-fabio-frizzi-plays-nueva-york-bajo-el-terror-de-los-zombis","status":"publish","type":"page","link":"https:\/\/sombramadrid.com\/en\/una-noche-inolvidable-con-fabio-frizzi-plays-nueva-york-bajo-el-terror-de-los-zombis\/","title":{"rendered":"Una Noche Inolvidable con Fabio Frizzi Plays Nueva York Bajo el Terror de los Zombis"},"content":{"rendered":"<ul>\n<li><strong>Fecha:<\/strong> Viernes, 21 de marzo<\/li>\n<li><strong>Hora:<\/strong> 19:30<\/li>\n<li><strong>Lugar:<\/strong> Palacio de la Prensa (Sala 1)<\/li>\n<li><strong>Idioma:<\/strong> VOSE<\/li>\n<\/ul>\n<p style=\"text-align: center;\"><a href=\"https:\/\/ticketandroll.com\/evento\/fabio-frizzy-plays-nueva-york-bajo-el-terror-de-los-zombies-en-palacio-de-la-prensa-sala-1\"><span class=\"td_btn td_btn_lg td_default_btn\">COMPRAR ENTRADAS<\/span><\/a><\/p>\n<p>El legendario compositor Fabio Frizzi, maestro detr\u00e1s de las bandas sonoras m\u00e1s ic\u00f3nicas del cine de culto, llega al Festival Sombra con un espect\u00e1culo que promete estremecer a los asistentes. Presentando su obra maestra \u00abNueva York bajo el terror de los zombis\u00bb, Frizzi fusionar\u00e1 cine y m\u00fasica en un evento inmersivo que no puedes perderte.<\/p>\n<p>Este show especial, dentro de la gira Frizzi 2 Fulci Tour, incluir\u00e1 la proyecci\u00f3n de la pel\u00edcula con la m\u00fasica interpretada en directo por una banda de cinco m\u00fasicos liderada por el propio Fabio Frizzi. Una experiencia audiovisual donde el terror y el sonido cobrar\u00e1n vida como nunca antes.<\/p>\n<p><img loading=\"lazy\" decoding=\"async\" class=\"alignnone size-large wp-image-6792\" src=\"https:\/\/sombramadrid.com\/wp-content\/uploads\/2025\/01\/WhatsApp-Image-2024-12-23-at-10.36.21-732x1024.jpeg\" alt=\"\" width=\"696\" height=\"974\" srcset=\"https:\/\/sombramadrid.com\/wp-content\/uploads\/2025\/01\/WhatsApp-Image-2024-12-23-at-10.36.21-732x1024.jpeg 732w, https:\/\/sombramadrid.com\/wp-content\/uploads\/2025\/01\/WhatsApp-Image-2024-12-23-at-10.36.21-214x300.jpeg 214w, https:\/\/sombramadrid.com\/wp-content\/uploads\/2025\/01\/WhatsApp-Image-2024-12-23-at-10.36.21-768x1075.jpeg 768w, https:\/\/sombramadrid.com\/wp-content\/uploads\/2025\/01\/WhatsApp-Image-2024-12-23-at-10.36.21-1097x1536.jpeg 1097w, https:\/\/sombramadrid.com\/wp-content\/uploads\/2025\/01\/WhatsApp-Image-2024-12-23-at-10.36.21-9x12.jpeg 9w, https:\/\/sombramadrid.com\/wp-content\/uploads\/2025\/01\/WhatsApp-Image-2024-12-23-at-10.36.21-696x974.jpeg 696w, https:\/\/sombramadrid.com\/wp-content\/uploads\/2025\/01\/WhatsApp-Image-2024-12-23-at-10.36.21-1068x1495.jpeg 1068w, https:\/\/sombramadrid.com\/wp-content\/uploads\/2025\/01\/WhatsApp-Image-2024-12-23-at-10.36.21-300x420.jpeg 300w, https:\/\/sombramadrid.com\/wp-content\/uploads\/2025\/01\/WhatsApp-Image-2024-12-23-at-10.36.21.jpeg 1143w\" sizes=\"auto, (max-width: 696px) 100vw, 696px\" \/><\/p>","protected":false},"excerpt":{"rendered":"<p>Fecha: Viernes, 21 de marzo Hora: 19:30 Lugar: Palacio de la Prensa (Sala 1) Idioma: VOSE COMPRAR ENTRADAS El legendario compositor Fabio Frizzi, maestro detr\u00e1s de las bandas sonoras m\u00e1s ic\u00f3nicas del cine de culto, llega al Festival Sombra con un espect\u00e1culo que promete estremecer a los asistentes. Presentando su obra maestra \u00abNueva York bajo [&hellip;]<\/p>","protected":false},"author":2,"featured_media":6792,"parent":0,"menu_order":0,"comment_status":"closed","ping_status":"closed","template":"","meta":{"footnotes":""},"class_list":["post-7077","page","type-page","status-publish","has-post-thumbnail"],"yoast_head":"<!-- This site is optimized with the Yoast SEO plugin v24.3 - https:\/\/yoast.com\/wordpress\/plugins\/seo\/ -->\n<title>Una Noche Inolvidable con Fabio Frizzi Plays Nueva York Bajo el Terror de los Zombis - Sombra Festival<\/title>\n<meta name=\"robots\" content=\"index, follow, max-snippet:-1, max-image-preview:large, max-video-preview:-1\" \/>\n<link rel=\"canonical\" href=\"https:\/\/sombramadrid.com\/en\/una-noche-inolvidable-con-fabio-frizzi-plays-nueva-york-bajo-el-terror-de-los-zombis\/\" \/>\n<meta property=\"og:locale\" content=\"en_GB\" \/>\n<meta property=\"og:type\" content=\"article\" \/>\n<meta property=\"og:title\" content=\"Una Noche Inolvidable con Fabio Frizzi Plays Nueva York Bajo el Terror de los Zombis - Sombra Festival\" \/>\n<meta property=\"og:description\" content=\"Fecha: Viernes, 21 de marzo Hora: 19:30 Lugar: Palacio de la Prensa (Sala 1) Idioma: VOSE COMPRAR ENTRADAS El legendario compositor Fabio Frizzi, maestro detr\u00e1s de las bandas sonoras m\u00e1s ic\u00f3nicas del cine de culto, llega al Festival Sombra con un espect\u00e1culo que promete estremecer a los asistentes. Presentando su obra maestra \u00abNueva York bajo [&hellip;]\" \/>\n<meta property=\"og:url\" content=\"https:\/\/sombramadrid.com\/en\/una-noche-inolvidable-con-fabio-frizzi-plays-nueva-york-bajo-el-terror-de-los-zombis\/\" \/>\n<meta property=\"og:site_name\" content=\"Sombra Festival\" \/>\n<meta property=\"article:publisher\" content=\"https:\/\/www.facebook.com\/Sombra-Festival-De-CINE-Fantastico-Europeo-De-Murcia-175337032531429\/\" \/>\n<meta property=\"article:modified_time\" content=\"2025-02-09T17:50:15+00:00\" \/>\n<meta property=\"og:image\" content=\"https:\/\/sombramadrid.com\/wp-content\/uploads\/2025\/01\/WhatsApp-Image-2024-12-23-at-10.36.21.jpeg\" \/>\n\t<meta property=\"og:image:width\" content=\"1143\" \/>\n\t<meta property=\"og:image:height\" content=\"1600\" \/>\n\t<meta property=\"og:image:type\" content=\"image\/jpeg\" \/>\n<meta name=\"twitter:card\" content=\"summary_large_image\" \/>\n<meta name=\"twitter:site\" content=\"@SombraFestival\" \/>\n<meta name=\"twitter:label1\" content=\"Est. reading time\" \/>\n\t<meta name=\"twitter:data1\" content=\"1 minute\" \/>\n<script type=\"application\/ld+json\" class=\"yoast-schema-graph\">{\"@context\":\"https:\/\/schema.org\",\"@graph\":[{\"@type\":\"WebPage\",\"@id\":\"https:\/\/sombramadrid.com\/una-noche-inolvidable-con-fabio-frizzi-plays-nueva-york-bajo-el-terror-de-los-zombis\/\",\"url\":\"https:\/\/sombramadrid.com\/una-noche-inolvidable-con-fabio-frizzi-plays-nueva-york-bajo-el-terror-de-los-zombis\/\",\"name\":\"Una Noche Inolvidable con Fabio Frizzi Plays Nueva York Bajo el Terror de los Zombis - Sombra Festival\",\"isPartOf\":{\"@id\":\"https:\/\/sombramadrid.com\/#website\"},\"primaryImageOfPage\":{\"@id\":\"https:\/\/sombramadrid.com\/una-noche-inolvidable-con-fabio-frizzi-plays-nueva-york-bajo-el-terror-de-los-zombis\/#primaryimage\"},\"image\":{\"@id\":\"https:\/\/sombramadrid.com\/una-noche-inolvidable-con-fabio-frizzi-plays-nueva-york-bajo-el-terror-de-los-zombis\/#primaryimage\"},\"thumbnailUrl\":\"https:\/\/sombramadrid.com\/wp-content\/uploads\/2025\/01\/WhatsApp-Image-2024-12-23-at-10.36.21.jpeg\",\"datePublished\":\"2025-02-04T21:35:11+00:00\",\"dateModified\":\"2025-02-09T17:50:15+00:00\",\"breadcrumb\":{\"@id\":\"https:\/\/sombramadrid.com\/una-noche-inolvidable-con-fabio-frizzi-plays-nueva-york-bajo-el-terror-de-los-zombis\/#breadcrumb\"},\"inLanguage\":\"en-GB\",\"potentialAction\":[{\"@type\":\"ReadAction\",\"target\":[\"https:\/\/sombramadrid.com\/una-noche-inolvidable-con-fabio-frizzi-plays-nueva-york-bajo-el-terror-de-los-zombis\/\"]}]},{\"@type\":\"ImageObject\",\"inLanguage\":\"en-GB\",\"@id\":\"https:\/\/sombramadrid.com\/una-noche-inolvidable-con-fabio-frizzi-plays-nueva-york-bajo-el-terror-de-los-zombis\/#primaryimage\",\"url\":\"https:\/\/sombramadrid.com\/wp-content\/uploads\/2025\/01\/WhatsApp-Image-2024-12-23-at-10.36.21.jpeg\",\"contentUrl\":\"https:\/\/sombramadrid.com\/wp-content\/uploads\/2025\/01\/WhatsApp-Image-2024-12-23-at-10.36.21.jpeg\",\"width\":1143,\"height\":1600},{\"@type\":\"BreadcrumbList\",\"@id\":\"https:\/\/sombramadrid.com\/una-noche-inolvidable-con-fabio-frizzi-plays-nueva-york-bajo-el-terror-de-los-zombis\/#breadcrumb\",\"itemListElement\":[{\"@type\":\"ListItem\",\"position\":1,\"name\":\"Portada\",\"item\":\"https:\/\/sombramadrid.com\/\"},{\"@type\":\"ListItem\",\"position\":2,\"name\":\"Una Noche Inolvidable con Fabio Frizzi Plays Nueva York Bajo el Terror de los Zombis\"}]},{\"@type\":\"WebSite\",\"@id\":\"https:\/\/sombramadrid.com\/#website\",\"url\":\"https:\/\/sombramadrid.com\/\",\"name\":\"Sombra Festival\",\"description\":\"XIII Festival de Cine Fant\u00e1stico Europeo de Murcia, 8-17 MARZO 2024\",\"publisher\":{\"@id\":\"https:\/\/sombramadrid.com\/#organization\"},\"potentialAction\":[{\"@type\":\"SearchAction\",\"target\":{\"@type\":\"EntryPoint\",\"urlTemplate\":\"https:\/\/sombramadrid.com\/?s={search_term_string}\"},\"query-input\":{\"@type\":\"PropertyValueSpecification\",\"valueRequired\":true,\"valueName\":\"search_term_string\"}}],\"inLanguage\":\"en-GB\"},{\"@type\":\"Organization\",\"@id\":\"https:\/\/sombramadrid.com\/#organization\",\"name\":\"SOMBRA, IX FESTIVAL DE CINE FANTASTICO EUROPEO DE MURCIA\",\"url\":\"https:\/\/sombramadrid.com\/\",\"logo\":{\"@type\":\"ImageObject\",\"inLanguage\":\"en-GB\",\"@id\":\"https:\/\/sombramadrid.com\/#\/schema\/logo\/image\/\",\"url\":\"https:\/\/sombramadrid.com\/wp-content\/uploads\/2019\/10\/Sombra-LogoIdentificador-Negativo.jpg\",\"contentUrl\":\"https:\/\/sombramadrid.com\/wp-content\/uploads\/2019\/10\/Sombra-LogoIdentificador-Negativo.jpg\",\"width\":400,\"height\":400,\"caption\":\"SOMBRA, IX FESTIVAL DE CINE FANTASTICO EUROPEO DE MURCIA\"},\"image\":{\"@id\":\"https:\/\/sombramadrid.com\/#\/schema\/logo\/image\/\"},\"sameAs\":[\"https:\/\/www.facebook.com\/Sombra-Festival-De-CINE-Fantastico-Europeo-De-Murcia-175337032531429\/\",\"https:\/\/x.com\/SombraFestival\",\"https:\/\/www.instagram.com\/sombrafestival\/\",\"https:\/\/www.youtube.com\/channel\/UCBdSJni9V30Tq4cGf4Lj0Ug?view_as=subscriber\"]}]}<\/script>\n<!-- \/ Yoast SEO plugin. -->","yoast_head_json":{"title":"Una Noche Inolvidable con Fabio Frizzi Plays Nueva York Bajo el Terror de los Zombis - Sombra Festival","robots":{"index":"index","follow":"follow","max-snippet":"max-snippet:-1","max-image-preview":"max-image-preview:large","max-video-preview":"max-video-preview:-1"},"canonical":"https:\/\/sombramadrid.com\/en\/una-noche-inolvidable-con-fabio-frizzi-plays-nueva-york-bajo-el-terror-de-los-zombis\/","og_locale":"en_GB","og_type":"article","og_title":"Una Noche Inolvidable con Fabio Frizzi Plays Nueva York Bajo el Terror de los Zombis - Sombra Festival","og_description":"Fecha: Viernes, 21 de marzo Hora: 19:30 Lugar: Palacio de la Prensa (Sala 1) Idioma: VOSE COMPRAR ENTRADAS El legendario compositor Fabio Frizzi, maestro detr\u00e1s de las bandas sonoras m\u00e1s ic\u00f3nicas del cine de culto, llega al Festival Sombra con un espect\u00e1culo que promete estremecer a los asistentes. Presentando su obra maestra \u00abNueva York bajo [&hellip;]","og_url":"https:\/\/sombramadrid.com\/en\/una-noche-inolvidable-con-fabio-frizzi-plays-nueva-york-bajo-el-terror-de-los-zombis\/","og_site_name":"Sombra Festival","article_publisher":"https:\/\/www.facebook.com\/Sombra-Festival-De-CINE-Fantastico-Europeo-De-Murcia-175337032531429\/","article_modified_time":"2025-02-09T17:50:15+00:00","og_image":[{"width":1143,"height":1600,"url":"https:\/\/sombramadrid.com\/wp-content\/uploads\/2025\/01\/WhatsApp-Image-2024-12-23-at-10.36.21.jpeg","type":"image\/jpeg"}],"twitter_card":"summary_large_image","twitter_site":"@SombraFestival","twitter_misc":{"Est. reading time":"1 minute"},"schema":{"@context":"https:\/\/schema.org","@graph":[{"@type":"WebPage","@id":"https:\/\/sombramadrid.com\/una-noche-inolvidable-con-fabio-frizzi-plays-nueva-york-bajo-el-terror-de-los-zombis\/","url":"https:\/\/sombramadrid.com\/una-noche-inolvidable-con-fabio-frizzi-plays-nueva-york-bajo-el-terror-de-los-zombis\/","name":"Una Noche Inolvidable con Fabio Frizzi Plays Nueva York Bajo el Terror de los Zombis - Sombra Festival","isPartOf":{"@id":"https:\/\/sombramadrid.com\/#website"},"primaryImageOfPage":{"@id":"https:\/\/sombramadrid.com\/una-noche-inolvidable-con-fabio-frizzi-plays-nueva-york-bajo-el-terror-de-los-zombis\/#primaryimage"},"image":{"@id":"https:\/\/sombramadrid.com\/una-noche-inolvidable-con-fabio-frizzi-plays-nueva-york-bajo-el-terror-de-los-zombis\/#primaryimage"},"thumbnailUrl":"https:\/\/sombramadrid.com\/wp-content\/uploads\/2025\/01\/WhatsApp-Image-2024-12-23-at-10.36.21.jpeg","datePublished":"2025-02-04T21:35:11+00:00","dateModified":"2025-02-09T17:50:15+00:00","breadcrumb":{"@id":"https:\/\/sombramadrid.com\/una-noche-inolvidable-con-fabio-frizzi-plays-nueva-york-bajo-el-terror-de-los-zombis\/#breadcrumb"},"inLanguage":"en-GB","potentialAction":[{"@type":"ReadAction","target":["https:\/\/sombramadrid.com\/una-noche-inolvidable-con-fabio-frizzi-plays-nueva-york-bajo-el-terror-de-los-zombis\/"]}]},{"@type":"ImageObject","inLanguage":"en-GB","@id":"https:\/\/sombramadrid.com\/una-noche-inolvidable-con-fabio-frizzi-plays-nueva-york-bajo-el-terror-de-los-zombis\/#primaryimage","url":"https:\/\/sombramadrid.com\/wp-content\/uploads\/2025\/01\/WhatsApp-Image-2024-12-23-at-10.36.21.jpeg","contentUrl":"https:\/\/sombramadrid.com\/wp-content\/uploads\/2025\/01\/WhatsApp-Image-2024-12-23-at-10.36.21.jpeg","width":1143,"height":1600},{"@type":"BreadcrumbList","@id":"https:\/\/sombramadrid.com\/una-noche-inolvidable-con-fabio-frizzi-plays-nueva-york-bajo-el-terror-de-los-zombis\/#breadcrumb","itemListElement":[{"@type":"ListItem","position":1,"name":"Portada","item":"https:\/\/sombramadrid.com\/"},{"@type":"ListItem","position":2,"name":"Una Noche Inolvidable con Fabio Frizzi Plays Nueva York Bajo el Terror de los Zombis"}]},{"@type":"WebSite","@id":"https:\/\/sombramadrid.com\/#website","url":"https:\/\/sombramadrid.com\/","name":"Sombra Festival","description":"XIII Festival de Cine Fant\u00e1stico Europeo de Murcia, 8-17 MARZO 2024","publisher":{"@id":"https:\/\/sombramadrid.com\/#organization"},"potentialAction":[{"@type":"SearchAction","target":{"@type":"EntryPoint","urlTemplate":"https:\/\/sombramadrid.com\/?s={search_term_string}"},"query-input":{"@type":"PropertyValueSpecification","valueRequired":true,"valueName":"search_term_string"}}],"inLanguage":"en-GB"},{"@type":"Organization","@id":"https:\/\/sombramadrid.com\/#organization","name":"SOMBRA, IX FESTIVAL DE CINE FANTASTICO EUROPEO DE MURCIA","url":"https:\/\/sombramadrid.com\/","logo":{"@type":"ImageObject","inLanguage":"en-GB","@id":"https:\/\/sombramadrid.com\/#\/schema\/logo\/image\/","url":"https:\/\/sombramadrid.com\/wp-content\/uploads\/2019\/10\/Sombra-LogoIdentificador-Negativo.jpg","contentUrl":"https:\/\/sombramadrid.com\/wp-content\/uploads\/2019\/10\/Sombra-LogoIdentificador-Negativo.jpg","width":400,"height":400,"caption":"SOMBRA, IX FESTIVAL DE CINE FANTASTICO EUROPEO DE MURCIA"},"image":{"@id":"https:\/\/sombramadrid.com\/#\/schema\/logo\/image\/"},"sameAs":["https:\/\/www.facebook.com\/Sombra-Festival-De-CINE-Fantastico-Europeo-De-Murcia-175337032531429\/","https:\/\/x.com\/SombraFestival","https:\/\/www.instagram.com\/sombrafestival\/","https:\/\/www.youtube.com\/channel\/UCBdSJni9V30Tq4cGf4Lj0Ug?view_as=subscriber"]}]}},"_links":{"self":[{"href":"https:\/\/sombramadrid.com\/en\/wp-json\/wp\/v2\/pages\/7077","targetHints":{"allow":["GET"]}}],"collection":[{"href":"https:\/\/sombramadrid.com\/en\/wp-json\/wp\/v2\/pages"}],"about":[{"href":"https:\/\/sombramadrid.com\/en\/wp-json\/wp\/v2\/types\/page"}],"author":[{"embeddable":true,"href":"https:\/\/sombramadrid.com\/en\/wp-json\/wp\/v2\/users\/2"}],"replies":[{"embeddable":true,"href":"https:\/\/sombramadrid.com\/en\/wp-json\/wp\/v2\/comments?post=7077"}],"version-history":[{"count":2,"href":"https:\/\/sombramadrid.com\/en\/wp-json\/wp\/v2\/pages\/7077\/revisions"}],"predecessor-version":[{"id":7261,"href":"https:\/\/sombramadrid.com\/en\/wp-json\/wp\/v2\/pages\/7077\/revisions\/7261"}],"wp:featuredmedia":[{"embeddable":true,"href":"https:\/\/sombramadrid.com\/en\/wp-json\/wp\/v2\/media\/6792"}],"wp:attachment":[{"href":"https:\/\/sombramadrid.com\/en\/wp-json\/wp\/v2\/media?parent=7077"}],"curies":[{"name":"wp","href":"https:\/\/api.w.org\/{rel}","templated":true}]}}