{"id":6956,"date":"2025-02-04T20:21:47","date_gmt":"2025-02-04T19:21:47","guid":{"rendered":"https:\/\/sombramadrid.com\/?page_id=6956"},"modified":"2025-02-10T22:43:17","modified_gmt":"2025-02-10T21:43:17","slug":"invitados-sombra-madrid-2025-jimina-sabadu","status":"publish","type":"page","link":"https:\/\/sombramadrid.com\/en\/invitados-sombra-2025\/invitados-sombra-madrid-2025-jimina-sabadu\/","title":{"rendered":"Invitados Sombra Madrid 2025 | Jimina Sabad\u00fa"},"content":{"rendered":"<h2>Jimina Sabad\u00fa<\/h2>\n<p>Jimina es escritora y guionista. Ha publicado en varias antolog\u00edas (Artifex, Madrid con Perd\u00f3n, \u00daltima Temporada\u2026) y obtuvo los premios Lengua de Trapo con Celacanto (elegido como uno de los mejores debuts literarios del a\u00f1o seg\u00fan El cultural de El Mundo) y el premio Ateneo J\u00f3ven de Sevilla con \u00abLos supervivientes\u00bb. Edita la revista de azar literario Ventura. Adem\u00e1s ha escrito en televisi\u00f3n (La2, DocuTVE, Paramount Chanel\u2026), prensa( Fotogramas, Mondo Brutto, La Raz\u00f3n, etc.) y radio (Cadena SER, M80, Radio 3).<\/p>\n<p>Tambi\u00e9n ha sido guionista de dos largometrajes (Faraday, La m\u00e1quina de bailar) y directora de uno (La p\u00e1jara) y varios cortometrajes (el \u00faltimo, La siesta del \u00e1ngel, basado en un cuento suyo). En teatro estren\u00f3 en 2015 la obra Hijas de la gran puta, en el Teatro Alfil. Ha impartido clase de Dramaturgia y Literatura en la Universidad Camilo Jos\u00e9 Cela. Combina el trabajo radiof\u00f3nico con la publicidad, el marketing y la ense\u00f1anza.<\/p>\n<p><img loading=\"lazy\" decoding=\"async\" class=\"size-full wp-image-6957 aligncenter\" src=\"https:\/\/sombramadrid.com\/wp-content\/uploads\/2025\/02\/Jimina-sabadu.jpg\" alt=\"\" width=\"500\" height=\"500\" srcset=\"https:\/\/sombramadrid.com\/wp-content\/uploads\/2025\/02\/Jimina-sabadu.jpg 500w, https:\/\/sombramadrid.com\/wp-content\/uploads\/2025\/02\/Jimina-sabadu-300x300.jpg 300w, https:\/\/sombramadrid.com\/wp-content\/uploads\/2025\/02\/Jimina-sabadu-150x150.jpg 150w, https:\/\/sombramadrid.com\/wp-content\/uploads\/2025\/02\/Jimina-sabadu-12x12.jpg 12w, https:\/\/sombramadrid.com\/wp-content\/uploads\/2025\/02\/Jimina-sabadu-420x420.jpg 420w\" sizes=\"auto, (max-width: 500px) 100vw, 500px\" \/><\/p>","protected":false},"excerpt":{"rendered":"<p>Jimina Sabad\u00fa Jimina es escritora y guionista. Ha publicado en varias antolog\u00edas (Artifex, Madrid con Perd\u00f3n, \u00daltima Temporada\u2026) y obtuvo los premios Lengua de Trapo con Celacanto (elegido como uno de los mejores debuts literarios del a\u00f1o seg\u00fan El cultural de El Mundo) y el premio Ateneo J\u00f3ven de Sevilla con \u00abLos supervivientes\u00bb. Edita la [&hellip;]<\/p>","protected":false},"author":2,"featured_media":6957,"parent":6963,"menu_order":0,"comment_status":"closed","ping_status":"closed","template":"","meta":{"footnotes":""},"class_list":["post-6956","page","type-page","status-publish","has-post-thumbnail"],"yoast_head":"<!-- This site is optimized with the Yoast SEO plugin v24.3 - https:\/\/yoast.com\/wordpress\/plugins\/seo\/ -->\n<title>Invitados Sombra Madrid 2025 | Jimina Sabad\u00fa - Sombra Festival<\/title>\n<meta name=\"robots\" content=\"index, follow, max-snippet:-1, max-image-preview:large, max-video-preview:-1\" \/>\n<link rel=\"canonical\" href=\"https:\/\/sombramadrid.com\/en\/invitados-sombra-2025\/invitados-sombra-madrid-2025-jimina-sabadu\/\" \/>\n<meta property=\"og:locale\" content=\"en_GB\" \/>\n<meta property=\"og:type\" content=\"article\" \/>\n<meta property=\"og:title\" content=\"Invitados Sombra Madrid 2025 | Jimina Sabad\u00fa - Sombra Festival\" \/>\n<meta property=\"og:description\" content=\"Jimina Sabad\u00fa Jimina es escritora y guionista. Ha publicado en varias antolog\u00edas (Artifex, Madrid con Perd\u00f3n, \u00daltima Temporada\u2026) y obtuvo los premios Lengua de Trapo con Celacanto (elegido como uno de los mejores debuts literarios del a\u00f1o seg\u00fan El cultural de El Mundo) y el premio Ateneo J\u00f3ven de Sevilla con \u00abLos supervivientes\u00bb. Edita la [&hellip;]\" \/>\n<meta property=\"og:url\" content=\"https:\/\/sombramadrid.com\/en\/invitados-sombra-2025\/invitados-sombra-madrid-2025-jimina-sabadu\/\" \/>\n<meta property=\"og:site_name\" content=\"Sombra Festival\" \/>\n<meta property=\"article:publisher\" content=\"https:\/\/www.facebook.com\/Sombra-Festival-De-CINE-Fantastico-Europeo-De-Murcia-175337032531429\/\" \/>\n<meta property=\"article:modified_time\" content=\"2025-02-10T21:43:17+00:00\" \/>\n<meta property=\"og:image\" content=\"https:\/\/sombramadrid.com\/wp-content\/uploads\/2025\/02\/Jimina-sabadu.jpg\" \/>\n\t<meta property=\"og:image:width\" content=\"500\" \/>\n\t<meta property=\"og:image:height\" content=\"500\" \/>\n\t<meta property=\"og:image:type\" content=\"image\/jpeg\" \/>\n<meta name=\"twitter:card\" content=\"summary_large_image\" \/>\n<meta name=\"twitter:site\" content=\"@SombraFestival\" \/>\n<meta name=\"twitter:label1\" content=\"Est. reading time\" \/>\n\t<meta name=\"twitter:data1\" content=\"2 minutes\" \/>\n<script type=\"application\/ld+json\" class=\"yoast-schema-graph\">{\"@context\":\"https:\/\/schema.org\",\"@graph\":[{\"@type\":\"WebPage\",\"@id\":\"https:\/\/sombramadrid.com\/invitados-sombra-2025\/invitados-sombra-madrid-2025-jimina-sabadu\/\",\"url\":\"https:\/\/sombramadrid.com\/invitados-sombra-2025\/invitados-sombra-madrid-2025-jimina-sabadu\/\",\"name\":\"Invitados Sombra Madrid 2025 | Jimina Sabad\u00fa - Sombra Festival\",\"isPartOf\":{\"@id\":\"https:\/\/sombramadrid.com\/#website\"},\"primaryImageOfPage\":{\"@id\":\"https:\/\/sombramadrid.com\/invitados-sombra-2025\/invitados-sombra-madrid-2025-jimina-sabadu\/#primaryimage\"},\"image\":{\"@id\":\"https:\/\/sombramadrid.com\/invitados-sombra-2025\/invitados-sombra-madrid-2025-jimina-sabadu\/#primaryimage\"},\"thumbnailUrl\":\"https:\/\/sombramadrid.com\/wp-content\/uploads\/2025\/02\/Jimina-sabadu.jpg\",\"datePublished\":\"2025-02-04T19:21:47+00:00\",\"dateModified\":\"2025-02-10T21:43:17+00:00\",\"breadcrumb\":{\"@id\":\"https:\/\/sombramadrid.com\/invitados-sombra-2025\/invitados-sombra-madrid-2025-jimina-sabadu\/#breadcrumb\"},\"inLanguage\":\"en-GB\",\"potentialAction\":[{\"@type\":\"ReadAction\",\"target\":[\"https:\/\/sombramadrid.com\/invitados-sombra-2025\/invitados-sombra-madrid-2025-jimina-sabadu\/\"]}]},{\"@type\":\"ImageObject\",\"inLanguage\":\"en-GB\",\"@id\":\"https:\/\/sombramadrid.com\/invitados-sombra-2025\/invitados-sombra-madrid-2025-jimina-sabadu\/#primaryimage\",\"url\":\"https:\/\/sombramadrid.com\/wp-content\/uploads\/2025\/02\/Jimina-sabadu.jpg\",\"contentUrl\":\"https:\/\/sombramadrid.com\/wp-content\/uploads\/2025\/02\/Jimina-sabadu.jpg\",\"width\":500,\"height\":500},{\"@type\":\"BreadcrumbList\",\"@id\":\"https:\/\/sombramadrid.com\/invitados-sombra-2025\/invitados-sombra-madrid-2025-jimina-sabadu\/#breadcrumb\",\"itemListElement\":[{\"@type\":\"ListItem\",\"position\":1,\"name\":\"Portada\",\"item\":\"https:\/\/sombramadrid.com\/\"},{\"@type\":\"ListItem\",\"position\":2,\"name\":\"Invitados Sombra Madrid 2025\",\"item\":\"https:\/\/sombramadrid.com\/invitados-sombra-2025\/\"},{\"@type\":\"ListItem\",\"position\":3,\"name\":\"Invitados Sombra Madrid 2025 | Jimina Sabad\u00fa\"}]},{\"@type\":\"WebSite\",\"@id\":\"https:\/\/sombramadrid.com\/#website\",\"url\":\"https:\/\/sombramadrid.com\/\",\"name\":\"Sombra Festival\",\"description\":\"XIII Festival de Cine Fant\u00e1stico Europeo de Murcia, 8-17 MARZO 2024\",\"publisher\":{\"@id\":\"https:\/\/sombramadrid.com\/#organization\"},\"potentialAction\":[{\"@type\":\"SearchAction\",\"target\":{\"@type\":\"EntryPoint\",\"urlTemplate\":\"https:\/\/sombramadrid.com\/?s={search_term_string}\"},\"query-input\":{\"@type\":\"PropertyValueSpecification\",\"valueRequired\":true,\"valueName\":\"search_term_string\"}}],\"inLanguage\":\"en-GB\"},{\"@type\":\"Organization\",\"@id\":\"https:\/\/sombramadrid.com\/#organization\",\"name\":\"SOMBRA, IX FESTIVAL DE CINE FANTASTICO EUROPEO DE MURCIA\",\"url\":\"https:\/\/sombramadrid.com\/\",\"logo\":{\"@type\":\"ImageObject\",\"inLanguage\":\"en-GB\",\"@id\":\"https:\/\/sombramadrid.com\/#\/schema\/logo\/image\/\",\"url\":\"https:\/\/sombramadrid.com\/wp-content\/uploads\/2019\/10\/Sombra-LogoIdentificador-Negativo.jpg\",\"contentUrl\":\"https:\/\/sombramadrid.com\/wp-content\/uploads\/2019\/10\/Sombra-LogoIdentificador-Negativo.jpg\",\"width\":400,\"height\":400,\"caption\":\"SOMBRA, IX FESTIVAL DE CINE FANTASTICO EUROPEO DE MURCIA\"},\"image\":{\"@id\":\"https:\/\/sombramadrid.com\/#\/schema\/logo\/image\/\"},\"sameAs\":[\"https:\/\/www.facebook.com\/Sombra-Festival-De-CINE-Fantastico-Europeo-De-Murcia-175337032531429\/\",\"https:\/\/x.com\/SombraFestival\",\"https:\/\/www.instagram.com\/sombrafestival\/\",\"https:\/\/www.youtube.com\/channel\/UCBdSJni9V30Tq4cGf4Lj0Ug?view_as=subscriber\"]}]}<\/script>\n<!-- \/ Yoast SEO plugin. -->","yoast_head_json":{"title":"Invitados Sombra Madrid 2025 | Jimina Sabad\u00fa - Sombra Festival","robots":{"index":"index","follow":"follow","max-snippet":"max-snippet:-1","max-image-preview":"max-image-preview:large","max-video-preview":"max-video-preview:-1"},"canonical":"https:\/\/sombramadrid.com\/en\/invitados-sombra-2025\/invitados-sombra-madrid-2025-jimina-sabadu\/","og_locale":"en_GB","og_type":"article","og_title":"Invitados Sombra Madrid 2025 | Jimina Sabad\u00fa - Sombra Festival","og_description":"Jimina Sabad\u00fa Jimina es escritora y guionista. Ha publicado en varias antolog\u00edas (Artifex, Madrid con Perd\u00f3n, \u00daltima Temporada\u2026) y obtuvo los premios Lengua de Trapo con Celacanto (elegido como uno de los mejores debuts literarios del a\u00f1o seg\u00fan El cultural de El Mundo) y el premio Ateneo J\u00f3ven de Sevilla con \u00abLos supervivientes\u00bb. Edita la [&hellip;]","og_url":"https:\/\/sombramadrid.com\/en\/invitados-sombra-2025\/invitados-sombra-madrid-2025-jimina-sabadu\/","og_site_name":"Sombra Festival","article_publisher":"https:\/\/www.facebook.com\/Sombra-Festival-De-CINE-Fantastico-Europeo-De-Murcia-175337032531429\/","article_modified_time":"2025-02-10T21:43:17+00:00","og_image":[{"width":500,"height":500,"url":"https:\/\/sombramadrid.com\/wp-content\/uploads\/2025\/02\/Jimina-sabadu.jpg","type":"image\/jpeg"}],"twitter_card":"summary_large_image","twitter_site":"@SombraFestival","twitter_misc":{"Est. reading time":"2 minutes"},"schema":{"@context":"https:\/\/schema.org","@graph":[{"@type":"WebPage","@id":"https:\/\/sombramadrid.com\/invitados-sombra-2025\/invitados-sombra-madrid-2025-jimina-sabadu\/","url":"https:\/\/sombramadrid.com\/invitados-sombra-2025\/invitados-sombra-madrid-2025-jimina-sabadu\/","name":"Invitados Sombra Madrid 2025 | Jimina Sabad\u00fa - Sombra Festival","isPartOf":{"@id":"https:\/\/sombramadrid.com\/#website"},"primaryImageOfPage":{"@id":"https:\/\/sombramadrid.com\/invitados-sombra-2025\/invitados-sombra-madrid-2025-jimina-sabadu\/#primaryimage"},"image":{"@id":"https:\/\/sombramadrid.com\/invitados-sombra-2025\/invitados-sombra-madrid-2025-jimina-sabadu\/#primaryimage"},"thumbnailUrl":"https:\/\/sombramadrid.com\/wp-content\/uploads\/2025\/02\/Jimina-sabadu.jpg","datePublished":"2025-02-04T19:21:47+00:00","dateModified":"2025-02-10T21:43:17+00:00","breadcrumb":{"@id":"https:\/\/sombramadrid.com\/invitados-sombra-2025\/invitados-sombra-madrid-2025-jimina-sabadu\/#breadcrumb"},"inLanguage":"en-GB","potentialAction":[{"@type":"ReadAction","target":["https:\/\/sombramadrid.com\/invitados-sombra-2025\/invitados-sombra-madrid-2025-jimina-sabadu\/"]}]},{"@type":"ImageObject","inLanguage":"en-GB","@id":"https:\/\/sombramadrid.com\/invitados-sombra-2025\/invitados-sombra-madrid-2025-jimina-sabadu\/#primaryimage","url":"https:\/\/sombramadrid.com\/wp-content\/uploads\/2025\/02\/Jimina-sabadu.jpg","contentUrl":"https:\/\/sombramadrid.com\/wp-content\/uploads\/2025\/02\/Jimina-sabadu.jpg","width":500,"height":500},{"@type":"BreadcrumbList","@id":"https:\/\/sombramadrid.com\/invitados-sombra-2025\/invitados-sombra-madrid-2025-jimina-sabadu\/#breadcrumb","itemListElement":[{"@type":"ListItem","position":1,"name":"Portada","item":"https:\/\/sombramadrid.com\/"},{"@type":"ListItem","position":2,"name":"Invitados Sombra Madrid 2025","item":"https:\/\/sombramadrid.com\/invitados-sombra-2025\/"},{"@type":"ListItem","position":3,"name":"Invitados Sombra Madrid 2025 | Jimina Sabad\u00fa"}]},{"@type":"WebSite","@id":"https:\/\/sombramadrid.com\/#website","url":"https:\/\/sombramadrid.com\/","name":"Sombra Festival","description":"XIII Festival de Cine Fant\u00e1stico Europeo de Murcia, 8-17 MARZO 2024","publisher":{"@id":"https:\/\/sombramadrid.com\/#organization"},"potentialAction":[{"@type":"SearchAction","target":{"@type":"EntryPoint","urlTemplate":"https:\/\/sombramadrid.com\/?s={search_term_string}"},"query-input":{"@type":"PropertyValueSpecification","valueRequired":true,"valueName":"search_term_string"}}],"inLanguage":"en-GB"},{"@type":"Organization","@id":"https:\/\/sombramadrid.com\/#organization","name":"SOMBRA, IX FESTIVAL DE CINE FANTASTICO EUROPEO DE MURCIA","url":"https:\/\/sombramadrid.com\/","logo":{"@type":"ImageObject","inLanguage":"en-GB","@id":"https:\/\/sombramadrid.com\/#\/schema\/logo\/image\/","url":"https:\/\/sombramadrid.com\/wp-content\/uploads\/2019\/10\/Sombra-LogoIdentificador-Negativo.jpg","contentUrl":"https:\/\/sombramadrid.com\/wp-content\/uploads\/2019\/10\/Sombra-LogoIdentificador-Negativo.jpg","width":400,"height":400,"caption":"SOMBRA, IX FESTIVAL DE CINE FANTASTICO EUROPEO DE MURCIA"},"image":{"@id":"https:\/\/sombramadrid.com\/#\/schema\/logo\/image\/"},"sameAs":["https:\/\/www.facebook.com\/Sombra-Festival-De-CINE-Fantastico-Europeo-De-Murcia-175337032531429\/","https:\/\/x.com\/SombraFestival","https:\/\/www.instagram.com\/sombrafestival\/","https:\/\/www.youtube.com\/channel\/UCBdSJni9V30Tq4cGf4Lj0Ug?view_as=subscriber"]}]}},"_links":{"self":[{"href":"https:\/\/sombramadrid.com\/en\/wp-json\/wp\/v2\/pages\/6956","targetHints":{"allow":["GET"]}}],"collection":[{"href":"https:\/\/sombramadrid.com\/en\/wp-json\/wp\/v2\/pages"}],"about":[{"href":"https:\/\/sombramadrid.com\/en\/wp-json\/wp\/v2\/types\/page"}],"author":[{"embeddable":true,"href":"https:\/\/sombramadrid.com\/en\/wp-json\/wp\/v2\/users\/2"}],"replies":[{"embeddable":true,"href":"https:\/\/sombramadrid.com\/en\/wp-json\/wp\/v2\/comments?post=6956"}],"version-history":[{"count":1,"href":"https:\/\/sombramadrid.com\/en\/wp-json\/wp\/v2\/pages\/6956\/revisions"}],"predecessor-version":[{"id":6958,"href":"https:\/\/sombramadrid.com\/en\/wp-json\/wp\/v2\/pages\/6956\/revisions\/6958"}],"up":[{"embeddable":true,"href":"https:\/\/sombramadrid.com\/en\/wp-json\/wp\/v2\/pages\/6963"}],"wp:featuredmedia":[{"embeddable":true,"href":"https:\/\/sombramadrid.com\/en\/wp-json\/wp\/v2\/media\/6957"}],"wp:attachment":[{"href":"https:\/\/sombramadrid.com\/en\/wp-json\/wp\/v2\/media?parent=6956"}],"curies":[{"name":"wp","href":"https:\/\/api.w.org\/{rel}","templated":true}]}}