{"id":6953,"date":"2025-02-04T20:22:22","date_gmt":"2025-02-04T19:22:22","guid":{"rendered":"https:\/\/sombramadrid.com\/?page_id=6953"},"modified":"2025-02-04T20:22:22","modified_gmt":"2025-02-04T19:22:22","slug":"invitados-sombra-madrid-2025-maria-bardem","status":"publish","type":"page","link":"https:\/\/sombramadrid.com\/en\/invitados-sombra-2025\/invitados-sombra-madrid-2025-maria-bardem\/","title":{"rendered":"Invitados Sombra Madrid 2025 | Mar\u00eda Bardem"},"content":{"rendered":"<h2>Mar\u00eda Bardem<\/h2>\n<p>Mar\u00eda Bardem lleva trabajando como script\/supervisora de continuidad toda la vida en pel\u00edculas de cine y televisi\u00f3n de producciones espa\u00f1olas y services; series de televisi\u00f3n y web; cortos y publicidad sobre todo en ingl\u00e9s.Tambi\u00e9n documentalista en \u00abLorca,muerte de un poeta\u00bb y en \u00abLa noche del cine espa\u00f1ol\u00bb Producciones de Rtve.<\/p>\n<p><img loading=\"lazy\" decoding=\"async\" class=\"wp-image-6954 aligncenter\" src=\"https:\/\/sombramadrid.com\/wp-content\/uploads\/2025\/02\/084243628458996-nm_200.jpg\" alt=\"\" width=\"417\" height=\"626\" srcset=\"https:\/\/sombramadrid.com\/wp-content\/uploads\/2025\/02\/084243628458996-nm_200.jpg 273w, https:\/\/sombramadrid.com\/wp-content\/uploads\/2025\/02\/084243628458996-nm_200-200x300.jpg 200w, https:\/\/sombramadrid.com\/wp-content\/uploads\/2025\/02\/084243628458996-nm_200-8x12.jpg 8w\" sizes=\"auto, (max-width: 417px) 100vw, 417px\" \/><\/p>\n<p>&nbsp;<\/p>","protected":false},"excerpt":{"rendered":"<p>Mar\u00eda Bardem Mar\u00eda Bardem lleva trabajando como script\/supervisora de continuidad toda la vida en pel\u00edculas de cine y televisi\u00f3n de producciones espa\u00f1olas y services; series de televisi\u00f3n y web; cortos y publicidad sobre todo en ingl\u00e9s.Tambi\u00e9n documentalista en \u00abLorca,muerte de un poeta\u00bb y en \u00abLa noche del cine espa\u00f1ol\u00bb Producciones de Rtve. &nbsp;<\/p>","protected":false},"author":2,"featured_media":6954,"parent":6963,"menu_order":0,"comment_status":"closed","ping_status":"closed","template":"","meta":{"footnotes":""},"class_list":["post-6953","page","type-page","status-publish","has-post-thumbnail"],"yoast_head":"<!-- This site is optimized with the Yoast SEO plugin v24.3 - https:\/\/yoast.com\/wordpress\/plugins\/seo\/ -->\n<title>Invitados Sombra Madrid 2025 | Mar\u00eda Bardem - Sombra Festival<\/title>\n<meta name=\"robots\" content=\"index, follow, max-snippet:-1, max-image-preview:large, max-video-preview:-1\" \/>\n<link rel=\"canonical\" href=\"https:\/\/sombramadrid.com\/en\/invitados-sombra-2025\/invitados-sombra-madrid-2025-maria-bardem\/\" \/>\n<meta property=\"og:locale\" content=\"en_GB\" \/>\n<meta property=\"og:type\" content=\"article\" \/>\n<meta property=\"og:title\" content=\"Invitados Sombra Madrid 2025 | Mar\u00eda Bardem - Sombra Festival\" \/>\n<meta property=\"og:description\" content=\"Mar\u00eda Bardem Mar\u00eda Bardem lleva trabajando como script\/supervisora de continuidad toda la vida en pel\u00edculas de cine y televisi\u00f3n de producciones espa\u00f1olas y services; series de televisi\u00f3n y web; cortos y publicidad sobre todo en ingl\u00e9s.Tambi\u00e9n documentalista en \u00abLorca,muerte de un poeta\u00bb y en \u00abLa noche del cine espa\u00f1ol\u00bb Producciones de Rtve. &nbsp;\" \/>\n<meta property=\"og:url\" content=\"https:\/\/sombramadrid.com\/en\/invitados-sombra-2025\/invitados-sombra-madrid-2025-maria-bardem\/\" \/>\n<meta property=\"og:site_name\" content=\"Sombra Festival\" \/>\n<meta property=\"article:publisher\" content=\"https:\/\/www.facebook.com\/Sombra-Festival-De-CINE-Fantastico-Europeo-De-Murcia-175337032531429\/\" \/>\n<meta property=\"og:image\" content=\"https:\/\/sombramadrid.com\/wp-content\/uploads\/2025\/02\/084243628458996-nm_200.jpg\" \/>\n\t<meta property=\"og:image:width\" content=\"273\" \/>\n\t<meta property=\"og:image:height\" content=\"410\" \/>\n\t<meta property=\"og:image:type\" content=\"image\/jpeg\" \/>\n<meta name=\"twitter:card\" content=\"summary_large_image\" \/>\n<meta name=\"twitter:site\" content=\"@SombraFestival\" \/>\n<meta name=\"twitter:label1\" content=\"Est. reading time\" \/>\n\t<meta name=\"twitter:data1\" content=\"1 minute\" \/>\n<script type=\"application\/ld+json\" class=\"yoast-schema-graph\">{\"@context\":\"https:\/\/schema.org\",\"@graph\":[{\"@type\":\"WebPage\",\"@id\":\"https:\/\/sombramadrid.com\/invitados-sombra-2025\/invitados-sombra-madrid-2025-maria-bardem\/\",\"url\":\"https:\/\/sombramadrid.com\/invitados-sombra-2025\/invitados-sombra-madrid-2025-maria-bardem\/\",\"name\":\"Invitados Sombra Madrid 2025 | Mar\u00eda Bardem - Sombra Festival\",\"isPartOf\":{\"@id\":\"https:\/\/sombramadrid.com\/#website\"},\"primaryImageOfPage\":{\"@id\":\"https:\/\/sombramadrid.com\/invitados-sombra-2025\/invitados-sombra-madrid-2025-maria-bardem\/#primaryimage\"},\"image\":{\"@id\":\"https:\/\/sombramadrid.com\/invitados-sombra-2025\/invitados-sombra-madrid-2025-maria-bardem\/#primaryimage\"},\"thumbnailUrl\":\"https:\/\/sombramadrid.com\/wp-content\/uploads\/2025\/02\/084243628458996-nm_200.jpg\",\"datePublished\":\"2025-02-04T19:22:22+00:00\",\"dateModified\":\"2025-02-04T19:22:22+00:00\",\"breadcrumb\":{\"@id\":\"https:\/\/sombramadrid.com\/invitados-sombra-2025\/invitados-sombra-madrid-2025-maria-bardem\/#breadcrumb\"},\"inLanguage\":\"en-GB\",\"potentialAction\":[{\"@type\":\"ReadAction\",\"target\":[\"https:\/\/sombramadrid.com\/invitados-sombra-2025\/invitados-sombra-madrid-2025-maria-bardem\/\"]}]},{\"@type\":\"ImageObject\",\"inLanguage\":\"en-GB\",\"@id\":\"https:\/\/sombramadrid.com\/invitados-sombra-2025\/invitados-sombra-madrid-2025-maria-bardem\/#primaryimage\",\"url\":\"https:\/\/sombramadrid.com\/wp-content\/uploads\/2025\/02\/084243628458996-nm_200.jpg\",\"contentUrl\":\"https:\/\/sombramadrid.com\/wp-content\/uploads\/2025\/02\/084243628458996-nm_200.jpg\",\"width\":273,\"height\":410},{\"@type\":\"BreadcrumbList\",\"@id\":\"https:\/\/sombramadrid.com\/invitados-sombra-2025\/invitados-sombra-madrid-2025-maria-bardem\/#breadcrumb\",\"itemListElement\":[{\"@type\":\"ListItem\",\"position\":1,\"name\":\"Portada\",\"item\":\"https:\/\/sombramadrid.com\/\"},{\"@type\":\"ListItem\",\"position\":2,\"name\":\"Invitados Sombra Madrid 2025\",\"item\":\"https:\/\/sombramadrid.com\/invitados-sombra-2025\/\"},{\"@type\":\"ListItem\",\"position\":3,\"name\":\"Invitados Sombra Madrid 2025 | Mar\u00eda Bardem\"}]},{\"@type\":\"WebSite\",\"@id\":\"https:\/\/sombramadrid.com\/#website\",\"url\":\"https:\/\/sombramadrid.com\/\",\"name\":\"Sombra Festival\",\"description\":\"XIII Festival de Cine Fant\u00e1stico Europeo de Murcia, 8-17 MARZO 2024\",\"publisher\":{\"@id\":\"https:\/\/sombramadrid.com\/#organization\"},\"potentialAction\":[{\"@type\":\"SearchAction\",\"target\":{\"@type\":\"EntryPoint\",\"urlTemplate\":\"https:\/\/sombramadrid.com\/?s={search_term_string}\"},\"query-input\":{\"@type\":\"PropertyValueSpecification\",\"valueRequired\":true,\"valueName\":\"search_term_string\"}}],\"inLanguage\":\"en-GB\"},{\"@type\":\"Organization\",\"@id\":\"https:\/\/sombramadrid.com\/#organization\",\"name\":\"SOMBRA, IX FESTIVAL DE CINE FANTASTICO EUROPEO DE MURCIA\",\"url\":\"https:\/\/sombramadrid.com\/\",\"logo\":{\"@type\":\"ImageObject\",\"inLanguage\":\"en-GB\",\"@id\":\"https:\/\/sombramadrid.com\/#\/schema\/logo\/image\/\",\"url\":\"https:\/\/sombramadrid.com\/wp-content\/uploads\/2019\/10\/Sombra-LogoIdentificador-Negativo.jpg\",\"contentUrl\":\"https:\/\/sombramadrid.com\/wp-content\/uploads\/2019\/10\/Sombra-LogoIdentificador-Negativo.jpg\",\"width\":400,\"height\":400,\"caption\":\"SOMBRA, IX FESTIVAL DE CINE FANTASTICO EUROPEO DE MURCIA\"},\"image\":{\"@id\":\"https:\/\/sombramadrid.com\/#\/schema\/logo\/image\/\"},\"sameAs\":[\"https:\/\/www.facebook.com\/Sombra-Festival-De-CINE-Fantastico-Europeo-De-Murcia-175337032531429\/\",\"https:\/\/x.com\/SombraFestival\",\"https:\/\/www.instagram.com\/sombrafestival\/\",\"https:\/\/www.youtube.com\/channel\/UCBdSJni9V30Tq4cGf4Lj0Ug?view_as=subscriber\"]}]}<\/script>\n<!-- \/ Yoast SEO plugin. -->","yoast_head_json":{"title":"Invitados Sombra Madrid 2025 | Mar\u00eda Bardem - Sombra Festival","robots":{"index":"index","follow":"follow","max-snippet":"max-snippet:-1","max-image-preview":"max-image-preview:large","max-video-preview":"max-video-preview:-1"},"canonical":"https:\/\/sombramadrid.com\/en\/invitados-sombra-2025\/invitados-sombra-madrid-2025-maria-bardem\/","og_locale":"en_GB","og_type":"article","og_title":"Invitados Sombra Madrid 2025 | Mar\u00eda Bardem - Sombra Festival","og_description":"Mar\u00eda Bardem Mar\u00eda Bardem lleva trabajando como script\/supervisora de continuidad toda la vida en pel\u00edculas de cine y televisi\u00f3n de producciones espa\u00f1olas y services; series de televisi\u00f3n y web; cortos y publicidad sobre todo en ingl\u00e9s.Tambi\u00e9n documentalista en \u00abLorca,muerte de un poeta\u00bb y en \u00abLa noche del cine espa\u00f1ol\u00bb Producciones de Rtve. &nbsp;","og_url":"https:\/\/sombramadrid.com\/en\/invitados-sombra-2025\/invitados-sombra-madrid-2025-maria-bardem\/","og_site_name":"Sombra Festival","article_publisher":"https:\/\/www.facebook.com\/Sombra-Festival-De-CINE-Fantastico-Europeo-De-Murcia-175337032531429\/","og_image":[{"width":273,"height":410,"url":"https:\/\/sombramadrid.com\/wp-content\/uploads\/2025\/02\/084243628458996-nm_200.jpg","type":"image\/jpeg"}],"twitter_card":"summary_large_image","twitter_site":"@SombraFestival","twitter_misc":{"Est. reading time":"1 minute"},"schema":{"@context":"https:\/\/schema.org","@graph":[{"@type":"WebPage","@id":"https:\/\/sombramadrid.com\/invitados-sombra-2025\/invitados-sombra-madrid-2025-maria-bardem\/","url":"https:\/\/sombramadrid.com\/invitados-sombra-2025\/invitados-sombra-madrid-2025-maria-bardem\/","name":"Invitados Sombra Madrid 2025 | Mar\u00eda Bardem - Sombra Festival","isPartOf":{"@id":"https:\/\/sombramadrid.com\/#website"},"primaryImageOfPage":{"@id":"https:\/\/sombramadrid.com\/invitados-sombra-2025\/invitados-sombra-madrid-2025-maria-bardem\/#primaryimage"},"image":{"@id":"https:\/\/sombramadrid.com\/invitados-sombra-2025\/invitados-sombra-madrid-2025-maria-bardem\/#primaryimage"},"thumbnailUrl":"https:\/\/sombramadrid.com\/wp-content\/uploads\/2025\/02\/084243628458996-nm_200.jpg","datePublished":"2025-02-04T19:22:22+00:00","dateModified":"2025-02-04T19:22:22+00:00","breadcrumb":{"@id":"https:\/\/sombramadrid.com\/invitados-sombra-2025\/invitados-sombra-madrid-2025-maria-bardem\/#breadcrumb"},"inLanguage":"en-GB","potentialAction":[{"@type":"ReadAction","target":["https:\/\/sombramadrid.com\/invitados-sombra-2025\/invitados-sombra-madrid-2025-maria-bardem\/"]}]},{"@type":"ImageObject","inLanguage":"en-GB","@id":"https:\/\/sombramadrid.com\/invitados-sombra-2025\/invitados-sombra-madrid-2025-maria-bardem\/#primaryimage","url":"https:\/\/sombramadrid.com\/wp-content\/uploads\/2025\/02\/084243628458996-nm_200.jpg","contentUrl":"https:\/\/sombramadrid.com\/wp-content\/uploads\/2025\/02\/084243628458996-nm_200.jpg","width":273,"height":410},{"@type":"BreadcrumbList","@id":"https:\/\/sombramadrid.com\/invitados-sombra-2025\/invitados-sombra-madrid-2025-maria-bardem\/#breadcrumb","itemListElement":[{"@type":"ListItem","position":1,"name":"Portada","item":"https:\/\/sombramadrid.com\/"},{"@type":"ListItem","position":2,"name":"Invitados Sombra Madrid 2025","item":"https:\/\/sombramadrid.com\/invitados-sombra-2025\/"},{"@type":"ListItem","position":3,"name":"Invitados Sombra Madrid 2025 | Mar\u00eda Bardem"}]},{"@type":"WebSite","@id":"https:\/\/sombramadrid.com\/#website","url":"https:\/\/sombramadrid.com\/","name":"Sombra Festival","description":"XIII Festival de Cine Fant\u00e1stico Europeo de Murcia, 8-17 MARZO 2024","publisher":{"@id":"https:\/\/sombramadrid.com\/#organization"},"potentialAction":[{"@type":"SearchAction","target":{"@type":"EntryPoint","urlTemplate":"https:\/\/sombramadrid.com\/?s={search_term_string}"},"query-input":{"@type":"PropertyValueSpecification","valueRequired":true,"valueName":"search_term_string"}}],"inLanguage":"en-GB"},{"@type":"Organization","@id":"https:\/\/sombramadrid.com\/#organization","name":"SOMBRA, IX FESTIVAL DE CINE FANTASTICO EUROPEO DE MURCIA","url":"https:\/\/sombramadrid.com\/","logo":{"@type":"ImageObject","inLanguage":"en-GB","@id":"https:\/\/sombramadrid.com\/#\/schema\/logo\/image\/","url":"https:\/\/sombramadrid.com\/wp-content\/uploads\/2019\/10\/Sombra-LogoIdentificador-Negativo.jpg","contentUrl":"https:\/\/sombramadrid.com\/wp-content\/uploads\/2019\/10\/Sombra-LogoIdentificador-Negativo.jpg","width":400,"height":400,"caption":"SOMBRA, IX FESTIVAL DE CINE FANTASTICO EUROPEO DE MURCIA"},"image":{"@id":"https:\/\/sombramadrid.com\/#\/schema\/logo\/image\/"},"sameAs":["https:\/\/www.facebook.com\/Sombra-Festival-De-CINE-Fantastico-Europeo-De-Murcia-175337032531429\/","https:\/\/x.com\/SombraFestival","https:\/\/www.instagram.com\/sombrafestival\/","https:\/\/www.youtube.com\/channel\/UCBdSJni9V30Tq4cGf4Lj0Ug?view_as=subscriber"]}]}},"_links":{"self":[{"href":"https:\/\/sombramadrid.com\/en\/wp-json\/wp\/v2\/pages\/6953","targetHints":{"allow":["GET"]}}],"collection":[{"href":"https:\/\/sombramadrid.com\/en\/wp-json\/wp\/v2\/pages"}],"about":[{"href":"https:\/\/sombramadrid.com\/en\/wp-json\/wp\/v2\/types\/page"}],"author":[{"embeddable":true,"href":"https:\/\/sombramadrid.com\/en\/wp-json\/wp\/v2\/users\/2"}],"replies":[{"embeddable":true,"href":"https:\/\/sombramadrid.com\/en\/wp-json\/wp\/v2\/comments?post=6953"}],"version-history":[{"count":1,"href":"https:\/\/sombramadrid.com\/en\/wp-json\/wp\/v2\/pages\/6953\/revisions"}],"predecessor-version":[{"id":6955,"href":"https:\/\/sombramadrid.com\/en\/wp-json\/wp\/v2\/pages\/6953\/revisions\/6955"}],"up":[{"embeddable":true,"href":"https:\/\/sombramadrid.com\/en\/wp-json\/wp\/v2\/pages\/6963"}],"wp:featuredmedia":[{"embeddable":true,"href":"https:\/\/sombramadrid.com\/en\/wp-json\/wp\/v2\/media\/6954"}],"wp:attachment":[{"href":"https:\/\/sombramadrid.com\/en\/wp-json\/wp\/v2\/media?parent=6953"}],"curies":[{"name":"wp","href":"https:\/\/api.w.org\/{rel}","templated":true}]}}