{"id":6935,"date":"2025-02-04T20:24:51","date_gmt":"2025-02-04T19:24:51","guid":{"rendered":"https:\/\/sombramadrid.com\/?page_id=6935"},"modified":"2025-02-04T20:24:51","modified_gmt":"2025-02-04T19:24:51","slug":"invitados-sombra-madrid-2025-jack-taylor","status":"publish","type":"page","link":"https:\/\/sombramadrid.com\/en\/invitados-sombra-2025\/invitados-sombra-madrid-2025-jack-taylor\/","title":{"rendered":"Invitados Sombra Madrid 2025 | Jack Taylor"},"content":{"rendered":"<h2>Jack Taylor<\/h2>\n<p>Jack Taylor, de nombre real George Brown Randall (Oregon City, Estados Unidos, 21 de octubre de 1936) es un actor estadounidense establecido en Europa. Se estableci\u00f3 en M\u00e9xico a finales de los 50, principios de los 60, y posteriormente lo hizo en Espa\u00f1a, donde ha actuado en muchas pel\u00edculas, mayoritariamente de terror, y muchas pel\u00edculas de serie B. Ha trabajado con conocidos directores espa\u00f1oles de pel\u00edculas de terror como Jes\u00fas Franco, Amando de Ossorio, Javier Aguirre, Juan Piquer Sim\u00f3n, Le\u00f3n Klimovsky, Carlos Aured y Jos\u00e9 Ram\u00f3n Larraz. Ha compartido cartel con muchos famosas estrellas de terror europeas como Paul Naschy, Christopher Lee, Wolf Ruvinski, Germ\u00e1n Robles, Howard Vernon, Ray Milland, Soledad Miranda, Janine Reynaud, Lina Romay, Paul Muller, Klaus Kinski, Adrian Hoven, Helga Lin\u00e9, Herbert Lom y Maria Rohm. Sorprendi\u00f3 a sus seguidores en 1974 apareciendo completamente desnudo en Las vampiras (1974), una pel\u00edcula de terror de Jes\u00fas Franco que contiene escenas er\u00f3ticas. Entre sus papeles m\u00e1s destacados est\u00e1n: el h\u00e9roe de dudosa moral, el voyeur Luis, de La org\u00eda nocturna de los vampiros; el profesor de arqueolog\u00eda Jonathan Grant de La noche de los brujos; un sacerdote a quien Arnold Schwarzenegger le quita la t\u00fanica en la pel\u00edcula fant\u00e1stica Conan el B\u00e1rbaro; el profesor de instituto Arthur Brown en Pieces, el capit\u00e1n de un ballenero en la pel\u00edcula de Monte Hellman Iguana y el coleccionista de libros antiguos Victor Fargas en la excelente pel\u00edcula de Roman Polanski La novena puerta. Particip\u00f3 en la serie de televisi\u00f3n Goya (1986), y m\u00e1s de veinte a\u00f1os despu\u00e9s, volvi\u00f3 a trabajar en un proyecto relativo al famoso pintor: Los fantasmas de Goya de Milos Forman.<\/p>\n<p><img loading=\"lazy\" decoding=\"async\" class=\"size-large wp-image-6936 aligncenter\" src=\"https:\/\/sombramadrid.com\/wp-content\/uploads\/2025\/02\/jack-taylor-683x1024.jpg\" alt=\"\" width=\"683\" height=\"1024\" srcset=\"https:\/\/sombramadrid.com\/wp-content\/uploads\/2025\/02\/jack-taylor-683x1024.jpg 683w, https:\/\/sombramadrid.com\/wp-content\/uploads\/2025\/02\/jack-taylor-200x300.jpg 200w, https:\/\/sombramadrid.com\/wp-content\/uploads\/2025\/02\/jack-taylor-768x1152.jpg 768w, https:\/\/sombramadrid.com\/wp-content\/uploads\/2025\/02\/jack-taylor-1024x1536.jpg 1024w, https:\/\/sombramadrid.com\/wp-content\/uploads\/2025\/02\/jack-taylor-8x12.jpg 8w, https:\/\/sombramadrid.com\/wp-content\/uploads\/2025\/02\/jack-taylor-280x420.jpg 280w, https:\/\/sombramadrid.com\/wp-content\/uploads\/2025\/02\/jack-taylor-696x1044.jpg 696w, https:\/\/sombramadrid.com\/wp-content\/uploads\/2025\/02\/jack-taylor-1068x1602.jpg 1068w, https:\/\/sombramadrid.com\/wp-content\/uploads\/2025\/02\/jack-taylor.jpg 1280w\" sizes=\"auto, (max-width: 683px) 100vw, 683px\" \/><\/p>","protected":false},"excerpt":{"rendered":"<p>Jack Taylor Jack Taylor, de nombre real George Brown Randall (Oregon City, Estados Unidos, 21 de octubre de 1936) es un actor estadounidense establecido en Europa. Se estableci\u00f3 en M\u00e9xico a finales de los 50, principios de los 60, y posteriormente lo hizo en Espa\u00f1a, donde ha actuado en muchas pel\u00edculas, mayoritariamente de terror, y [&hellip;]<\/p>","protected":false},"author":2,"featured_media":6936,"parent":6963,"menu_order":0,"comment_status":"closed","ping_status":"closed","template":"","meta":{"footnotes":""},"class_list":["post-6935","page","type-page","status-publish","has-post-thumbnail"],"yoast_head":"<!-- This site is optimized with the Yoast SEO plugin v24.3 - https:\/\/yoast.com\/wordpress\/plugins\/seo\/ -->\n<title>Invitados Sombra Madrid 2025 | Jack Taylor - Sombra Festival<\/title>\n<meta name=\"robots\" content=\"index, follow, max-snippet:-1, max-image-preview:large, max-video-preview:-1\" \/>\n<link rel=\"canonical\" href=\"https:\/\/sombramadrid.com\/en\/invitados-sombra-2025\/invitados-sombra-madrid-2025-jack-taylor\/\" \/>\n<meta property=\"og:locale\" content=\"en_GB\" \/>\n<meta property=\"og:type\" content=\"article\" \/>\n<meta property=\"og:title\" content=\"Invitados Sombra Madrid 2025 | Jack Taylor - Sombra Festival\" \/>\n<meta property=\"og:description\" content=\"Jack Taylor Jack Taylor, de nombre real George Brown Randall (Oregon City, Estados Unidos, 21 de octubre de 1936) es un actor estadounidense establecido en Europa. Se estableci\u00f3 en M\u00e9xico a finales de los 50, principios de los 60, y posteriormente lo hizo en Espa\u00f1a, donde ha actuado en muchas pel\u00edculas, mayoritariamente de terror, y [&hellip;]\" \/>\n<meta property=\"og:url\" content=\"https:\/\/sombramadrid.com\/en\/invitados-sombra-2025\/invitados-sombra-madrid-2025-jack-taylor\/\" \/>\n<meta property=\"og:site_name\" content=\"Sombra Festival\" \/>\n<meta property=\"article:publisher\" content=\"https:\/\/www.facebook.com\/Sombra-Festival-De-CINE-Fantastico-Europeo-De-Murcia-175337032531429\/\" \/>\n<meta property=\"og:image\" content=\"https:\/\/sombramadrid.com\/wp-content\/uploads\/2025\/02\/jack-taylor.jpg\" \/>\n\t<meta property=\"og:image:width\" content=\"1280\" \/>\n\t<meta property=\"og:image:height\" content=\"1920\" \/>\n\t<meta property=\"og:image:type\" content=\"image\/jpeg\" \/>\n<meta name=\"twitter:card\" content=\"summary_large_image\" \/>\n<meta name=\"twitter:site\" content=\"@SombraFestival\" \/>\n<meta name=\"twitter:label1\" content=\"Est. reading time\" \/>\n\t<meta name=\"twitter:data1\" content=\"2 minutes\" \/>\n<script type=\"application\/ld+json\" class=\"yoast-schema-graph\">{\"@context\":\"https:\/\/schema.org\",\"@graph\":[{\"@type\":\"WebPage\",\"@id\":\"https:\/\/sombramadrid.com\/invitados-sombra-2025\/invitados-sombra-madrid-2025-jack-taylor\/\",\"url\":\"https:\/\/sombramadrid.com\/invitados-sombra-2025\/invitados-sombra-madrid-2025-jack-taylor\/\",\"name\":\"Invitados Sombra Madrid 2025 | Jack Taylor - Sombra Festival\",\"isPartOf\":{\"@id\":\"https:\/\/sombramadrid.com\/#website\"},\"primaryImageOfPage\":{\"@id\":\"https:\/\/sombramadrid.com\/invitados-sombra-2025\/invitados-sombra-madrid-2025-jack-taylor\/#primaryimage\"},\"image\":{\"@id\":\"https:\/\/sombramadrid.com\/invitados-sombra-2025\/invitados-sombra-madrid-2025-jack-taylor\/#primaryimage\"},\"thumbnailUrl\":\"https:\/\/sombramadrid.com\/wp-content\/uploads\/2025\/02\/jack-taylor.jpg\",\"datePublished\":\"2025-02-04T19:24:51+00:00\",\"dateModified\":\"2025-02-04T19:24:51+00:00\",\"breadcrumb\":{\"@id\":\"https:\/\/sombramadrid.com\/invitados-sombra-2025\/invitados-sombra-madrid-2025-jack-taylor\/#breadcrumb\"},\"inLanguage\":\"en-GB\",\"potentialAction\":[{\"@type\":\"ReadAction\",\"target\":[\"https:\/\/sombramadrid.com\/invitados-sombra-2025\/invitados-sombra-madrid-2025-jack-taylor\/\"]}]},{\"@type\":\"ImageObject\",\"inLanguage\":\"en-GB\",\"@id\":\"https:\/\/sombramadrid.com\/invitados-sombra-2025\/invitados-sombra-madrid-2025-jack-taylor\/#primaryimage\",\"url\":\"https:\/\/sombramadrid.com\/wp-content\/uploads\/2025\/02\/jack-taylor.jpg\",\"contentUrl\":\"https:\/\/sombramadrid.com\/wp-content\/uploads\/2025\/02\/jack-taylor.jpg\",\"width\":1280,\"height\":1920},{\"@type\":\"BreadcrumbList\",\"@id\":\"https:\/\/sombramadrid.com\/invitados-sombra-2025\/invitados-sombra-madrid-2025-jack-taylor\/#breadcrumb\",\"itemListElement\":[{\"@type\":\"ListItem\",\"position\":1,\"name\":\"Portada\",\"item\":\"https:\/\/sombramadrid.com\/\"},{\"@type\":\"ListItem\",\"position\":2,\"name\":\"Invitados Sombra Madrid 2025\",\"item\":\"https:\/\/sombramadrid.com\/invitados-sombra-2025\/\"},{\"@type\":\"ListItem\",\"position\":3,\"name\":\"Invitados Sombra Madrid 2025 | Jack Taylor\"}]},{\"@type\":\"WebSite\",\"@id\":\"https:\/\/sombramadrid.com\/#website\",\"url\":\"https:\/\/sombramadrid.com\/\",\"name\":\"Sombra Festival\",\"description\":\"XIII Festival de Cine Fant\u00e1stico Europeo de Murcia, 8-17 MARZO 2024\",\"publisher\":{\"@id\":\"https:\/\/sombramadrid.com\/#organization\"},\"potentialAction\":[{\"@type\":\"SearchAction\",\"target\":{\"@type\":\"EntryPoint\",\"urlTemplate\":\"https:\/\/sombramadrid.com\/?s={search_term_string}\"},\"query-input\":{\"@type\":\"PropertyValueSpecification\",\"valueRequired\":true,\"valueName\":\"search_term_string\"}}],\"inLanguage\":\"en-GB\"},{\"@type\":\"Organization\",\"@id\":\"https:\/\/sombramadrid.com\/#organization\",\"name\":\"SOMBRA, IX FESTIVAL DE CINE FANTASTICO EUROPEO DE MURCIA\",\"url\":\"https:\/\/sombramadrid.com\/\",\"logo\":{\"@type\":\"ImageObject\",\"inLanguage\":\"en-GB\",\"@id\":\"https:\/\/sombramadrid.com\/#\/schema\/logo\/image\/\",\"url\":\"https:\/\/sombramadrid.com\/wp-content\/uploads\/2019\/10\/Sombra-LogoIdentificador-Negativo.jpg\",\"contentUrl\":\"https:\/\/sombramadrid.com\/wp-content\/uploads\/2019\/10\/Sombra-LogoIdentificador-Negativo.jpg\",\"width\":400,\"height\":400,\"caption\":\"SOMBRA, IX FESTIVAL DE CINE FANTASTICO EUROPEO DE MURCIA\"},\"image\":{\"@id\":\"https:\/\/sombramadrid.com\/#\/schema\/logo\/image\/\"},\"sameAs\":[\"https:\/\/www.facebook.com\/Sombra-Festival-De-CINE-Fantastico-Europeo-De-Murcia-175337032531429\/\",\"https:\/\/x.com\/SombraFestival\",\"https:\/\/www.instagram.com\/sombrafestival\/\",\"https:\/\/www.youtube.com\/channel\/UCBdSJni9V30Tq4cGf4Lj0Ug?view_as=subscriber\"]}]}<\/script>\n<!-- \/ Yoast SEO plugin. -->","yoast_head_json":{"title":"Invitados Sombra Madrid 2025 | Jack Taylor - Sombra Festival","robots":{"index":"index","follow":"follow","max-snippet":"max-snippet:-1","max-image-preview":"max-image-preview:large","max-video-preview":"max-video-preview:-1"},"canonical":"https:\/\/sombramadrid.com\/en\/invitados-sombra-2025\/invitados-sombra-madrid-2025-jack-taylor\/","og_locale":"en_GB","og_type":"article","og_title":"Invitados Sombra Madrid 2025 | Jack Taylor - Sombra Festival","og_description":"Jack Taylor Jack Taylor, de nombre real George Brown Randall (Oregon City, Estados Unidos, 21 de octubre de 1936) es un actor estadounidense establecido en Europa. Se estableci\u00f3 en M\u00e9xico a finales de los 50, principios de los 60, y posteriormente lo hizo en Espa\u00f1a, donde ha actuado en muchas pel\u00edculas, mayoritariamente de terror, y [&hellip;]","og_url":"https:\/\/sombramadrid.com\/en\/invitados-sombra-2025\/invitados-sombra-madrid-2025-jack-taylor\/","og_site_name":"Sombra Festival","article_publisher":"https:\/\/www.facebook.com\/Sombra-Festival-De-CINE-Fantastico-Europeo-De-Murcia-175337032531429\/","og_image":[{"width":1280,"height":1920,"url":"https:\/\/sombramadrid.com\/wp-content\/uploads\/2025\/02\/jack-taylor.jpg","type":"image\/jpeg"}],"twitter_card":"summary_large_image","twitter_site":"@SombraFestival","twitter_misc":{"Est. reading time":"2 minutes"},"schema":{"@context":"https:\/\/schema.org","@graph":[{"@type":"WebPage","@id":"https:\/\/sombramadrid.com\/invitados-sombra-2025\/invitados-sombra-madrid-2025-jack-taylor\/","url":"https:\/\/sombramadrid.com\/invitados-sombra-2025\/invitados-sombra-madrid-2025-jack-taylor\/","name":"Invitados Sombra Madrid 2025 | Jack Taylor - Sombra Festival","isPartOf":{"@id":"https:\/\/sombramadrid.com\/#website"},"primaryImageOfPage":{"@id":"https:\/\/sombramadrid.com\/invitados-sombra-2025\/invitados-sombra-madrid-2025-jack-taylor\/#primaryimage"},"image":{"@id":"https:\/\/sombramadrid.com\/invitados-sombra-2025\/invitados-sombra-madrid-2025-jack-taylor\/#primaryimage"},"thumbnailUrl":"https:\/\/sombramadrid.com\/wp-content\/uploads\/2025\/02\/jack-taylor.jpg","datePublished":"2025-02-04T19:24:51+00:00","dateModified":"2025-02-04T19:24:51+00:00","breadcrumb":{"@id":"https:\/\/sombramadrid.com\/invitados-sombra-2025\/invitados-sombra-madrid-2025-jack-taylor\/#breadcrumb"},"inLanguage":"en-GB","potentialAction":[{"@type":"ReadAction","target":["https:\/\/sombramadrid.com\/invitados-sombra-2025\/invitados-sombra-madrid-2025-jack-taylor\/"]}]},{"@type":"ImageObject","inLanguage":"en-GB","@id":"https:\/\/sombramadrid.com\/invitados-sombra-2025\/invitados-sombra-madrid-2025-jack-taylor\/#primaryimage","url":"https:\/\/sombramadrid.com\/wp-content\/uploads\/2025\/02\/jack-taylor.jpg","contentUrl":"https:\/\/sombramadrid.com\/wp-content\/uploads\/2025\/02\/jack-taylor.jpg","width":1280,"height":1920},{"@type":"BreadcrumbList","@id":"https:\/\/sombramadrid.com\/invitados-sombra-2025\/invitados-sombra-madrid-2025-jack-taylor\/#breadcrumb","itemListElement":[{"@type":"ListItem","position":1,"name":"Portada","item":"https:\/\/sombramadrid.com\/"},{"@type":"ListItem","position":2,"name":"Invitados Sombra Madrid 2025","item":"https:\/\/sombramadrid.com\/invitados-sombra-2025\/"},{"@type":"ListItem","position":3,"name":"Invitados Sombra Madrid 2025 | Jack Taylor"}]},{"@type":"WebSite","@id":"https:\/\/sombramadrid.com\/#website","url":"https:\/\/sombramadrid.com\/","name":"Sombra Festival","description":"XIII Festival de Cine Fant\u00e1stico Europeo de Murcia, 8-17 MARZO 2024","publisher":{"@id":"https:\/\/sombramadrid.com\/#organization"},"potentialAction":[{"@type":"SearchAction","target":{"@type":"EntryPoint","urlTemplate":"https:\/\/sombramadrid.com\/?s={search_term_string}"},"query-input":{"@type":"PropertyValueSpecification","valueRequired":true,"valueName":"search_term_string"}}],"inLanguage":"en-GB"},{"@type":"Organization","@id":"https:\/\/sombramadrid.com\/#organization","name":"SOMBRA, IX FESTIVAL DE CINE FANTASTICO EUROPEO DE MURCIA","url":"https:\/\/sombramadrid.com\/","logo":{"@type":"ImageObject","inLanguage":"en-GB","@id":"https:\/\/sombramadrid.com\/#\/schema\/logo\/image\/","url":"https:\/\/sombramadrid.com\/wp-content\/uploads\/2019\/10\/Sombra-LogoIdentificador-Negativo.jpg","contentUrl":"https:\/\/sombramadrid.com\/wp-content\/uploads\/2019\/10\/Sombra-LogoIdentificador-Negativo.jpg","width":400,"height":400,"caption":"SOMBRA, IX FESTIVAL DE CINE FANTASTICO EUROPEO DE MURCIA"},"image":{"@id":"https:\/\/sombramadrid.com\/#\/schema\/logo\/image\/"},"sameAs":["https:\/\/www.facebook.com\/Sombra-Festival-De-CINE-Fantastico-Europeo-De-Murcia-175337032531429\/","https:\/\/x.com\/SombraFestival","https:\/\/www.instagram.com\/sombrafestival\/","https:\/\/www.youtube.com\/channel\/UCBdSJni9V30Tq4cGf4Lj0Ug?view_as=subscriber"]}]}},"_links":{"self":[{"href":"https:\/\/sombramadrid.com\/en\/wp-json\/wp\/v2\/pages\/6935","targetHints":{"allow":["GET"]}}],"collection":[{"href":"https:\/\/sombramadrid.com\/en\/wp-json\/wp\/v2\/pages"}],"about":[{"href":"https:\/\/sombramadrid.com\/en\/wp-json\/wp\/v2\/types\/page"}],"author":[{"embeddable":true,"href":"https:\/\/sombramadrid.com\/en\/wp-json\/wp\/v2\/users\/2"}],"replies":[{"embeddable":true,"href":"https:\/\/sombramadrid.com\/en\/wp-json\/wp\/v2\/comments?post=6935"}],"version-history":[{"count":1,"href":"https:\/\/sombramadrid.com\/en\/wp-json\/wp\/v2\/pages\/6935\/revisions"}],"predecessor-version":[{"id":6937,"href":"https:\/\/sombramadrid.com\/en\/wp-json\/wp\/v2\/pages\/6935\/revisions\/6937"}],"up":[{"embeddable":true,"href":"https:\/\/sombramadrid.com\/en\/wp-json\/wp\/v2\/pages\/6963"}],"wp:featuredmedia":[{"embeddable":true,"href":"https:\/\/sombramadrid.com\/en\/wp-json\/wp\/v2\/media\/6936"}],"wp:attachment":[{"href":"https:\/\/sombramadrid.com\/en\/wp-json\/wp\/v2\/media?parent=6935"}],"curies":[{"name":"wp","href":"https:\/\/api.w.org\/{rel}","templated":true}]}}