{"id":6923,"date":"2025-02-04T20:57:10","date_gmt":"2025-02-04T19:57:10","guid":{"rendered":"https:\/\/sombramadrid.com\/?page_id=6923"},"modified":"2025-02-27T23:23:16","modified_gmt":"2025-02-27T22:23:16","slug":"toxico-muestra-terror-latinoamericano","status":"publish","type":"page","link":"https:\/\/sombramadrid.com\/en\/largometrajes-sombra-2025\/toxico-muestra-terror-latinoamericano\/","title":{"rendered":"T\u00f3xico | Muestra Terror Latinoamericano"},"content":{"rendered":"<ul class=\"wp-block-list\">\n<li><strong>Fecha:<\/strong> Jueves, 20 de marzo<\/li>\n\n\n\n<li><strong>Hora:<\/strong> 20:15<\/li>\n\n\n\n<li><strong>Lugar:<\/strong> Artistic Metropol<\/li>\n\n\n\n<li><strong>Idioma:<\/strong> VO<\/li>\n<\/ul>\n\n\n\n<p><span style=\"color: #ffff00;\"><strong>Presenta su director <a href=\"https:\/\/sombramadrid.com\/en\/invitados-sombra-2025\/invitados-sombra-madrid-2025\/\">Ariel Mart\u00ednez<\/a><\/strong><\/span><\/p>\n\n\n\n<p class=\"has-text-align-center has-white-color has-text-color has-link-color wp-elements-3eddb59e55c239576af8ee479467d59d\"><span class=\"td_btn td_btn_lg td_default_btn\"><a href=\"https:\/\/www.giglon.com\/todos?idEvent=sombra-madrid--festival-de-cine--toxico-2024\">COMPRAR ENTRADAS<\/a><\/span><\/p>\n\n\n\n<h3 class=\"wp-block-heading\">Sinopsis<\/h3>\n\n\n\n<p>En medio de una pandemia de insomnio que cobra lentamente dimensiones catastr\u00f3ficas, Laura (39) y Augusto (42) huyen de la ciudad en su motorhome para alejarse del caos. A medida que avanzan por la ruta, el mundo se vuelve un lugar cada vez mas extra\u00f1o y peligroso. Finalmente Laura revela una noticia que lo cambia todo. El camino se va despoblando, el silencio crece, cada vez resulta mas dif\u00edcil diferenciar la realidad del ensue\u00f1o.<\/p>\n\n\n<div class=\"wp-block-image\">\n<figure class=\"aligncenter\"><img decoding=\"async\" src=\"https:\/\/sombrafestival.com\/wp-content\/uploads\/2025\/01\/toxico.jpg\" alt=\"\" class=\"wp-image-6888\"\/><\/figure><\/div>\n\n\n<p><\/p>\n\n\n\n<ul class=\"wp-block-list\">\n<li><strong>T\u00edtulo original: <\/strong>T\u00f3xico<strong><br><\/strong><\/li>\n\n\n\n<li><strong>A\u00f1o: <\/strong>2020<\/li>\n\n\n\n<li><strong>Direcci\u00f3n: <\/strong>Ariel Martinez Herrera<\/li>\n\n\n\n<li><strong>Guion: <\/strong>Ariel Mart\u00ednez Herrera, Luz Orlando Brennan, Lautaro Nunez De Arco, Santiago La Rosa, Santiago Podesta<strong><br><\/strong><\/li>\n<\/ul>","protected":false},"excerpt":{"rendered":"<p>Presenta su director Ariel Mart\u00ednez COMPRAR ENTRADAS Sinopsis En medio de una pandemia de insomnio que cobra lentamente dimensiones catastr\u00f3ficas, Laura (39) y Augusto (42) huyen de la ciudad en su motorhome para alejarse del caos. A medida que avanzan por la ruta, el mundo se vuelve un lugar cada vez mas extra\u00f1o y peligroso. [&hellip;]<\/p>","protected":false},"author":2,"featured_media":6881,"parent":6959,"menu_order":0,"comment_status":"closed","ping_status":"closed","template":"","meta":{"footnotes":""},"class_list":["post-6923","page","type-page","status-publish","has-post-thumbnail"],"yoast_head":"<!-- This site is optimized with the Yoast SEO plugin v24.3 - https:\/\/yoast.com\/wordpress\/plugins\/seo\/ -->\n<title>T\u00f3xico | Muestra Terror Latinoamericano - Sombra Festival<\/title>\n<meta name=\"robots\" content=\"index, follow, max-snippet:-1, max-image-preview:large, max-video-preview:-1\" \/>\n<link rel=\"canonical\" href=\"https:\/\/sombramadrid.com\/en\/largometrajes-sombra-2025\/toxico-muestra-terror-latinoamericano\/\" \/>\n<meta property=\"og:locale\" content=\"en_GB\" \/>\n<meta property=\"og:type\" content=\"article\" \/>\n<meta property=\"og:title\" content=\"T\u00f3xico | Muestra Terror Latinoamericano - Sombra Festival\" \/>\n<meta property=\"og:description\" content=\"Presenta su director Ariel Mart\u00ednez COMPRAR ENTRADAS Sinopsis En medio de una pandemia de insomnio que cobra lentamente dimensiones catastr\u00f3ficas, Laura (39) y Augusto (42) huyen de la ciudad en su motorhome para alejarse del caos. A medida que avanzan por la ruta, el mundo se vuelve un lugar cada vez mas extra\u00f1o y peligroso. [&hellip;]\" \/>\n<meta property=\"og:url\" content=\"https:\/\/sombramadrid.com\/en\/largometrajes-sombra-2025\/toxico-muestra-terror-latinoamericano\/\" \/>\n<meta property=\"og:site_name\" content=\"Sombra Festival\" \/>\n<meta property=\"article:publisher\" content=\"https:\/\/www.facebook.com\/Sombra-Festival-De-CINE-Fantastico-Europeo-De-Murcia-175337032531429\/\" \/>\n<meta property=\"article:modified_time\" content=\"2025-02-27T22:23:16+00:00\" \/>\n<meta property=\"og:image\" content=\"https:\/\/sombramadrid.com\/wp-content\/uploads\/2025\/01\/toxico.jpg\" \/>\n\t<meta property=\"og:image:width\" content=\"501\" \/>\n\t<meta property=\"og:image:height\" content=\"709\" \/>\n\t<meta property=\"og:image:type\" content=\"image\/jpeg\" \/>\n<meta name=\"twitter:card\" content=\"summary_large_image\" \/>\n<meta name=\"twitter:site\" content=\"@SombraFestival\" \/>\n<meta name=\"twitter:label1\" content=\"Est. reading time\" \/>\n\t<meta name=\"twitter:data1\" content=\"1 minute\" \/>\n<script type=\"application\/ld+json\" class=\"yoast-schema-graph\">{\"@context\":\"https:\/\/schema.org\",\"@graph\":[{\"@type\":\"WebPage\",\"@id\":\"https:\/\/sombramadrid.com\/largometrajes-sombra-2025\/toxico-muestra-terror-latinoamericano\/\",\"url\":\"https:\/\/sombramadrid.com\/largometrajes-sombra-2025\/toxico-muestra-terror-latinoamericano\/\",\"name\":\"T\u00f3xico | Muestra Terror Latinoamericano - Sombra Festival\",\"isPartOf\":{\"@id\":\"https:\/\/sombramadrid.com\/#website\"},\"primaryImageOfPage\":{\"@id\":\"https:\/\/sombramadrid.com\/largometrajes-sombra-2025\/toxico-muestra-terror-latinoamericano\/#primaryimage\"},\"image\":{\"@id\":\"https:\/\/sombramadrid.com\/largometrajes-sombra-2025\/toxico-muestra-terror-latinoamericano\/#primaryimage\"},\"thumbnailUrl\":\"https:\/\/sombramadrid.com\/wp-content\/uploads\/2025\/01\/toxico.jpg\",\"datePublished\":\"2025-02-04T19:57:10+00:00\",\"dateModified\":\"2025-02-27T22:23:16+00:00\",\"breadcrumb\":{\"@id\":\"https:\/\/sombramadrid.com\/largometrajes-sombra-2025\/toxico-muestra-terror-latinoamericano\/#breadcrumb\"},\"inLanguage\":\"en-GB\",\"potentialAction\":[{\"@type\":\"ReadAction\",\"target\":[\"https:\/\/sombramadrid.com\/largometrajes-sombra-2025\/toxico-muestra-terror-latinoamericano\/\"]}]},{\"@type\":\"ImageObject\",\"inLanguage\":\"en-GB\",\"@id\":\"https:\/\/sombramadrid.com\/largometrajes-sombra-2025\/toxico-muestra-terror-latinoamericano\/#primaryimage\",\"url\":\"https:\/\/sombramadrid.com\/wp-content\/uploads\/2025\/01\/toxico.jpg\",\"contentUrl\":\"https:\/\/sombramadrid.com\/wp-content\/uploads\/2025\/01\/toxico.jpg\",\"width\":501,\"height\":709},{\"@type\":\"BreadcrumbList\",\"@id\":\"https:\/\/sombramadrid.com\/largometrajes-sombra-2025\/toxico-muestra-terror-latinoamericano\/#breadcrumb\",\"itemListElement\":[{\"@type\":\"ListItem\",\"position\":1,\"name\":\"Portada\",\"item\":\"https:\/\/sombramadrid.com\/\"},{\"@type\":\"ListItem\",\"position\":2,\"name\":\"Largometrajes Sombra 2025\",\"item\":\"https:\/\/sombramadrid.com\/largometrajes-sombra-2025\/\"},{\"@type\":\"ListItem\",\"position\":3,\"name\":\"T\u00f3xico | Muestra Terror Latinoamericano\"}]},{\"@type\":\"WebSite\",\"@id\":\"https:\/\/sombramadrid.com\/#website\",\"url\":\"https:\/\/sombramadrid.com\/\",\"name\":\"Sombra Festival\",\"description\":\"XIII Festival de Cine Fant\u00e1stico Europeo de Murcia, 8-17 MARZO 2024\",\"publisher\":{\"@id\":\"https:\/\/sombramadrid.com\/#organization\"},\"potentialAction\":[{\"@type\":\"SearchAction\",\"target\":{\"@type\":\"EntryPoint\",\"urlTemplate\":\"https:\/\/sombramadrid.com\/?s={search_term_string}\"},\"query-input\":{\"@type\":\"PropertyValueSpecification\",\"valueRequired\":true,\"valueName\":\"search_term_string\"}}],\"inLanguage\":\"en-GB\"},{\"@type\":\"Organization\",\"@id\":\"https:\/\/sombramadrid.com\/#organization\",\"name\":\"SOMBRA, IX FESTIVAL DE CINE FANTASTICO EUROPEO DE MURCIA\",\"url\":\"https:\/\/sombramadrid.com\/\",\"logo\":{\"@type\":\"ImageObject\",\"inLanguage\":\"en-GB\",\"@id\":\"https:\/\/sombramadrid.com\/#\/schema\/logo\/image\/\",\"url\":\"https:\/\/sombramadrid.com\/wp-content\/uploads\/2019\/10\/Sombra-LogoIdentificador-Negativo.jpg\",\"contentUrl\":\"https:\/\/sombramadrid.com\/wp-content\/uploads\/2019\/10\/Sombra-LogoIdentificador-Negativo.jpg\",\"width\":400,\"height\":400,\"caption\":\"SOMBRA, IX FESTIVAL DE CINE FANTASTICO EUROPEO DE MURCIA\"},\"image\":{\"@id\":\"https:\/\/sombramadrid.com\/#\/schema\/logo\/image\/\"},\"sameAs\":[\"https:\/\/www.facebook.com\/Sombra-Festival-De-CINE-Fantastico-Europeo-De-Murcia-175337032531429\/\",\"https:\/\/x.com\/SombraFestival\",\"https:\/\/www.instagram.com\/sombrafestival\/\",\"https:\/\/www.youtube.com\/channel\/UCBdSJni9V30Tq4cGf4Lj0Ug?view_as=subscriber\"]}]}<\/script>\n<!-- \/ Yoast SEO plugin. -->","yoast_head_json":{"title":"T\u00f3xico | Muestra Terror Latinoamericano - Sombra Festival","robots":{"index":"index","follow":"follow","max-snippet":"max-snippet:-1","max-image-preview":"max-image-preview:large","max-video-preview":"max-video-preview:-1"},"canonical":"https:\/\/sombramadrid.com\/en\/largometrajes-sombra-2025\/toxico-muestra-terror-latinoamericano\/","og_locale":"en_GB","og_type":"article","og_title":"T\u00f3xico | Muestra Terror Latinoamericano - Sombra Festival","og_description":"Presenta su director Ariel Mart\u00ednez COMPRAR ENTRADAS Sinopsis En medio de una pandemia de insomnio que cobra lentamente dimensiones catastr\u00f3ficas, Laura (39) y Augusto (42) huyen de la ciudad en su motorhome para alejarse del caos. A medida que avanzan por la ruta, el mundo se vuelve un lugar cada vez mas extra\u00f1o y peligroso. [&hellip;]","og_url":"https:\/\/sombramadrid.com\/en\/largometrajes-sombra-2025\/toxico-muestra-terror-latinoamericano\/","og_site_name":"Sombra Festival","article_publisher":"https:\/\/www.facebook.com\/Sombra-Festival-De-CINE-Fantastico-Europeo-De-Murcia-175337032531429\/","article_modified_time":"2025-02-27T22:23:16+00:00","og_image":[{"width":501,"height":709,"url":"https:\/\/sombramadrid.com\/wp-content\/uploads\/2025\/01\/toxico.jpg","type":"image\/jpeg"}],"twitter_card":"summary_large_image","twitter_site":"@SombraFestival","twitter_misc":{"Est. reading time":"1 minute"},"schema":{"@context":"https:\/\/schema.org","@graph":[{"@type":"WebPage","@id":"https:\/\/sombramadrid.com\/largometrajes-sombra-2025\/toxico-muestra-terror-latinoamericano\/","url":"https:\/\/sombramadrid.com\/largometrajes-sombra-2025\/toxico-muestra-terror-latinoamericano\/","name":"T\u00f3xico | Muestra Terror Latinoamericano - Sombra Festival","isPartOf":{"@id":"https:\/\/sombramadrid.com\/#website"},"primaryImageOfPage":{"@id":"https:\/\/sombramadrid.com\/largometrajes-sombra-2025\/toxico-muestra-terror-latinoamericano\/#primaryimage"},"image":{"@id":"https:\/\/sombramadrid.com\/largometrajes-sombra-2025\/toxico-muestra-terror-latinoamericano\/#primaryimage"},"thumbnailUrl":"https:\/\/sombramadrid.com\/wp-content\/uploads\/2025\/01\/toxico.jpg","datePublished":"2025-02-04T19:57:10+00:00","dateModified":"2025-02-27T22:23:16+00:00","breadcrumb":{"@id":"https:\/\/sombramadrid.com\/largometrajes-sombra-2025\/toxico-muestra-terror-latinoamericano\/#breadcrumb"},"inLanguage":"en-GB","potentialAction":[{"@type":"ReadAction","target":["https:\/\/sombramadrid.com\/largometrajes-sombra-2025\/toxico-muestra-terror-latinoamericano\/"]}]},{"@type":"ImageObject","inLanguage":"en-GB","@id":"https:\/\/sombramadrid.com\/largometrajes-sombra-2025\/toxico-muestra-terror-latinoamericano\/#primaryimage","url":"https:\/\/sombramadrid.com\/wp-content\/uploads\/2025\/01\/toxico.jpg","contentUrl":"https:\/\/sombramadrid.com\/wp-content\/uploads\/2025\/01\/toxico.jpg","width":501,"height":709},{"@type":"BreadcrumbList","@id":"https:\/\/sombramadrid.com\/largometrajes-sombra-2025\/toxico-muestra-terror-latinoamericano\/#breadcrumb","itemListElement":[{"@type":"ListItem","position":1,"name":"Portada","item":"https:\/\/sombramadrid.com\/"},{"@type":"ListItem","position":2,"name":"Largometrajes Sombra 2025","item":"https:\/\/sombramadrid.com\/largometrajes-sombra-2025\/"},{"@type":"ListItem","position":3,"name":"T\u00f3xico | Muestra Terror Latinoamericano"}]},{"@type":"WebSite","@id":"https:\/\/sombramadrid.com\/#website","url":"https:\/\/sombramadrid.com\/","name":"Sombra Festival","description":"XIII Festival de Cine Fant\u00e1stico Europeo de Murcia, 8-17 MARZO 2024","publisher":{"@id":"https:\/\/sombramadrid.com\/#organization"},"potentialAction":[{"@type":"SearchAction","target":{"@type":"EntryPoint","urlTemplate":"https:\/\/sombramadrid.com\/?s={search_term_string}"},"query-input":{"@type":"PropertyValueSpecification","valueRequired":true,"valueName":"search_term_string"}}],"inLanguage":"en-GB"},{"@type":"Organization","@id":"https:\/\/sombramadrid.com\/#organization","name":"SOMBRA, IX FESTIVAL DE CINE FANTASTICO EUROPEO DE MURCIA","url":"https:\/\/sombramadrid.com\/","logo":{"@type":"ImageObject","inLanguage":"en-GB","@id":"https:\/\/sombramadrid.com\/#\/schema\/logo\/image\/","url":"https:\/\/sombramadrid.com\/wp-content\/uploads\/2019\/10\/Sombra-LogoIdentificador-Negativo.jpg","contentUrl":"https:\/\/sombramadrid.com\/wp-content\/uploads\/2019\/10\/Sombra-LogoIdentificador-Negativo.jpg","width":400,"height":400,"caption":"SOMBRA, IX FESTIVAL DE CINE FANTASTICO EUROPEO DE MURCIA"},"image":{"@id":"https:\/\/sombramadrid.com\/#\/schema\/logo\/image\/"},"sameAs":["https:\/\/www.facebook.com\/Sombra-Festival-De-CINE-Fantastico-Europeo-De-Murcia-175337032531429\/","https:\/\/x.com\/SombraFestival","https:\/\/www.instagram.com\/sombrafestival\/","https:\/\/www.youtube.com\/channel\/UCBdSJni9V30Tq4cGf4Lj0Ug?view_as=subscriber"]}]}},"_links":{"self":[{"href":"https:\/\/sombramadrid.com\/en\/wp-json\/wp\/v2\/pages\/6923","targetHints":{"allow":["GET"]}}],"collection":[{"href":"https:\/\/sombramadrid.com\/en\/wp-json\/wp\/v2\/pages"}],"about":[{"href":"https:\/\/sombramadrid.com\/en\/wp-json\/wp\/v2\/types\/page"}],"author":[{"embeddable":true,"href":"https:\/\/sombramadrid.com\/en\/wp-json\/wp\/v2\/users\/2"}],"replies":[{"embeddable":true,"href":"https:\/\/sombramadrid.com\/en\/wp-json\/wp\/v2\/comments?post=6923"}],"version-history":[{"count":7,"href":"https:\/\/sombramadrid.com\/en\/wp-json\/wp\/v2\/pages\/6923\/revisions"}],"predecessor-version":[{"id":7506,"href":"https:\/\/sombramadrid.com\/en\/wp-json\/wp\/v2\/pages\/6923\/revisions\/7506"}],"up":[{"embeddable":true,"href":"https:\/\/sombramadrid.com\/en\/wp-json\/wp\/v2\/pages\/6959"}],"wp:featuredmedia":[{"embeddable":true,"href":"https:\/\/sombramadrid.com\/en\/wp-json\/wp\/v2\/media\/6881"}],"wp:attachment":[{"href":"https:\/\/sombramadrid.com\/en\/wp-json\/wp\/v2\/media?parent=6923"}],"curies":[{"name":"wp","href":"https:\/\/api.w.org\/{rel}","templated":true}]}}