{"id":6914,"date":"2025-02-04T20:50:49","date_gmt":"2025-02-04T19:50:49","guid":{"rendered":"https:\/\/sombramadrid.com\/?page_id=6914"},"modified":"2025-02-27T23:20:04","modified_gmt":"2025-02-27T22:20:04","slug":"masacre-en-el-delta-muestra-terror-latinoamericano","status":"publish","type":"page","link":"https:\/\/sombramadrid.com\/en\/largometrajes-sombra-2025\/masacre-en-el-delta-muestra-terror-latinoamericano\/","title":{"rendered":"Masacre en el Delta | Muestra Terror Latinoamericano"},"content":{"rendered":"<ul>\n<li><strong>Fecha:<\/strong> Mi\u00e9rcoles, 19 de marzo<\/li>\n<li><strong>Hora:<\/strong> 20:15<\/li>\n<li><strong>Lugar:<\/strong> Artistic Metropol<\/li>\n<li><strong>Idioma:<\/strong> VO<\/li>\n<\/ul>\n<p style=\"text-align: center;\"><a href=\"https:\/\/www.giglon.com\/todos?idEvent=sombra-madrid--festival-de-cine-fantastico-europeo--masacre-en-el-delta\"><span class=\"td_btn td_btn_lg td_default_btn\">COMPRAR ENTRADAS<\/span><\/a><\/p>\n<h3>Sinopsis<\/h3>\n<p>Dos parejas viajan a una remota isla para practicar rituales de sanaci\u00f3n. Lo que no saben es que deber\u00e1n enfrentar sus miedos en una carrera contra la muerte.<\/p>\n<p><img loading=\"lazy\" decoding=\"async\" class=\"size-large wp-image-6900 aligncenter\" src=\"https:\/\/sombrafestival.com\/wp-content\/uploads\/2025\/01\/Massacre-en-el-Delta-Key-Art-V2-WEB-724x1024.jpg\" alt=\"\" width=\"696\" height=\"984\" \/><\/p>\n<ul>\n<li><strong>T\u00edtulo original: <\/strong>Masacre en el Delta<strong><br \/>\n<\/strong><\/li>\n<li><strong>A\u00f1o: <\/strong>2025<\/li>\n<li><strong>Duraci\u00f3n: <\/strong>82 min.<\/li>\n<li><strong>Pa\u00eds: <\/strong>Argentina<\/li>\n<li><strong>Direcci\u00f3n: <\/strong>Facundo Nuble<\/li>\n<li><strong>Guion: <\/strong>Emilio Agazzi<\/li>\n<li><strong>Reparto: <\/strong>Jimena Grandinetti, Lara Crespo, Ariel Gangemi<\/li>\n<li><strong>M\u00fasica: <\/strong>Luciano Onetti<\/li>\n<li><strong>Fotograf\u00eda: <\/strong>Facundo Nuble<\/li>\n<\/ul>","protected":false},"excerpt":{"rendered":"<p>Fecha: Mi\u00e9rcoles, 19 de marzo Hora: 20:15 Lugar: Artistic Metropol Idioma: VO COMPRAR ENTRADAS Sinopsis Dos parejas viajan a una remota isla para practicar rituales de sanaci\u00f3n. Lo que no saben es que deber\u00e1n enfrentar sus miedos en una carrera contra la muerte. T\u00edtulo original: Masacre en el Delta A\u00f1o: 2025 Duraci\u00f3n: 82 min. Pa\u00eds: [&hellip;]<\/p>","protected":false},"author":2,"featured_media":6879,"parent":6959,"menu_order":0,"comment_status":"closed","ping_status":"closed","template":"","meta":{"footnotes":""},"class_list":["post-6914","page","type-page","status-publish","has-post-thumbnail"],"yoast_head":"<!-- This site is optimized with the Yoast SEO plugin v24.3 - https:\/\/yoast.com\/wordpress\/plugins\/seo\/ -->\n<title>Masacre en el Delta | Muestra Terror Latinoamericano - Sombra Festival<\/title>\n<meta name=\"robots\" content=\"index, follow, max-snippet:-1, max-image-preview:large, max-video-preview:-1\" \/>\n<link rel=\"canonical\" href=\"https:\/\/sombramadrid.com\/en\/largometrajes-sombra-2025\/masacre-en-el-delta-muestra-terror-latinoamericano\/\" \/>\n<meta property=\"og:locale\" content=\"en_GB\" \/>\n<meta property=\"og:type\" content=\"article\" \/>\n<meta property=\"og:title\" content=\"Masacre en el Delta | Muestra Terror Latinoamericano - Sombra Festival\" \/>\n<meta property=\"og:description\" content=\"Fecha: Mi\u00e9rcoles, 19 de marzo Hora: 20:15 Lugar: Artistic Metropol Idioma: VO COMPRAR ENTRADAS Sinopsis Dos parejas viajan a una remota isla para practicar rituales de sanaci\u00f3n. Lo que no saben es que deber\u00e1n enfrentar sus miedos en una carrera contra la muerte. T\u00edtulo original: Masacre en el Delta A\u00f1o: 2025 Duraci\u00f3n: 82 min. Pa\u00eds: [&hellip;]\" \/>\n<meta property=\"og:url\" content=\"https:\/\/sombramadrid.com\/en\/largometrajes-sombra-2025\/masacre-en-el-delta-muestra-terror-latinoamericano\/\" \/>\n<meta property=\"og:site_name\" content=\"Sombra Festival\" \/>\n<meta property=\"article:publisher\" content=\"https:\/\/www.facebook.com\/Sombra-Festival-De-CINE-Fantastico-Europeo-De-Murcia-175337032531429\/\" \/>\n<meta property=\"article:modified_time\" content=\"2025-02-27T22:20:04+00:00\" \/>\n<meta property=\"og:image\" content=\"https:\/\/sombramadrid.com\/wp-content\/uploads\/2025\/01\/Massacre-en-el-Delta-Key-Art-V2-WEB.jpg\" \/>\n\t<meta property=\"og:image:width\" content=\"849\" \/>\n\t<meta property=\"og:image:height\" content=\"1201\" \/>\n\t<meta property=\"og:image:type\" content=\"image\/jpeg\" \/>\n<meta name=\"twitter:card\" content=\"summary_large_image\" \/>\n<meta name=\"twitter:site\" content=\"@SombraFestival\" \/>\n<meta name=\"twitter:label1\" content=\"Est. reading time\" \/>\n\t<meta name=\"twitter:data1\" content=\"1 minute\" \/>\n<script type=\"application\/ld+json\" class=\"yoast-schema-graph\">{\"@context\":\"https:\/\/schema.org\",\"@graph\":[{\"@type\":\"WebPage\",\"@id\":\"https:\/\/sombramadrid.com\/largometrajes-sombra-2025\/masacre-en-el-delta-muestra-terror-latinoamericano\/\",\"url\":\"https:\/\/sombramadrid.com\/largometrajes-sombra-2025\/masacre-en-el-delta-muestra-terror-latinoamericano\/\",\"name\":\"Masacre en el Delta | Muestra Terror Latinoamericano - Sombra Festival\",\"isPartOf\":{\"@id\":\"https:\/\/sombramadrid.com\/#website\"},\"primaryImageOfPage\":{\"@id\":\"https:\/\/sombramadrid.com\/largometrajes-sombra-2025\/masacre-en-el-delta-muestra-terror-latinoamericano\/#primaryimage\"},\"image\":{\"@id\":\"https:\/\/sombramadrid.com\/largometrajes-sombra-2025\/masacre-en-el-delta-muestra-terror-latinoamericano\/#primaryimage\"},\"thumbnailUrl\":\"https:\/\/sombramadrid.com\/wp-content\/uploads\/2025\/01\/Massacre-en-el-Delta-Key-Art-V2-WEB.jpg\",\"datePublished\":\"2025-02-04T19:50:49+00:00\",\"dateModified\":\"2025-02-27T22:20:04+00:00\",\"breadcrumb\":{\"@id\":\"https:\/\/sombramadrid.com\/largometrajes-sombra-2025\/masacre-en-el-delta-muestra-terror-latinoamericano\/#breadcrumb\"},\"inLanguage\":\"en-GB\",\"potentialAction\":[{\"@type\":\"ReadAction\",\"target\":[\"https:\/\/sombramadrid.com\/largometrajes-sombra-2025\/masacre-en-el-delta-muestra-terror-latinoamericano\/\"]}]},{\"@type\":\"ImageObject\",\"inLanguage\":\"en-GB\",\"@id\":\"https:\/\/sombramadrid.com\/largometrajes-sombra-2025\/masacre-en-el-delta-muestra-terror-latinoamericano\/#primaryimage\",\"url\":\"https:\/\/sombramadrid.com\/wp-content\/uploads\/2025\/01\/Massacre-en-el-Delta-Key-Art-V2-WEB.jpg\",\"contentUrl\":\"https:\/\/sombramadrid.com\/wp-content\/uploads\/2025\/01\/Massacre-en-el-Delta-Key-Art-V2-WEB.jpg\",\"width\":849,\"height\":1201},{\"@type\":\"BreadcrumbList\",\"@id\":\"https:\/\/sombramadrid.com\/largometrajes-sombra-2025\/masacre-en-el-delta-muestra-terror-latinoamericano\/#breadcrumb\",\"itemListElement\":[{\"@type\":\"ListItem\",\"position\":1,\"name\":\"Portada\",\"item\":\"https:\/\/sombramadrid.com\/\"},{\"@type\":\"ListItem\",\"position\":2,\"name\":\"Largometrajes Sombra 2025\",\"item\":\"https:\/\/sombramadrid.com\/largometrajes-sombra-2025\/\"},{\"@type\":\"ListItem\",\"position\":3,\"name\":\"Masacre en el Delta | Muestra Terror Latinoamericano\"}]},{\"@type\":\"WebSite\",\"@id\":\"https:\/\/sombramadrid.com\/#website\",\"url\":\"https:\/\/sombramadrid.com\/\",\"name\":\"Sombra Festival\",\"description\":\"XIII Festival de Cine Fant\u00e1stico Europeo de Murcia, 8-17 MARZO 2024\",\"publisher\":{\"@id\":\"https:\/\/sombramadrid.com\/#organization\"},\"potentialAction\":[{\"@type\":\"SearchAction\",\"target\":{\"@type\":\"EntryPoint\",\"urlTemplate\":\"https:\/\/sombramadrid.com\/?s={search_term_string}\"},\"query-input\":{\"@type\":\"PropertyValueSpecification\",\"valueRequired\":true,\"valueName\":\"search_term_string\"}}],\"inLanguage\":\"en-GB\"},{\"@type\":\"Organization\",\"@id\":\"https:\/\/sombramadrid.com\/#organization\",\"name\":\"SOMBRA, IX FESTIVAL DE CINE FANTASTICO EUROPEO DE MURCIA\",\"url\":\"https:\/\/sombramadrid.com\/\",\"logo\":{\"@type\":\"ImageObject\",\"inLanguage\":\"en-GB\",\"@id\":\"https:\/\/sombramadrid.com\/#\/schema\/logo\/image\/\",\"url\":\"https:\/\/sombramadrid.com\/wp-content\/uploads\/2019\/10\/Sombra-LogoIdentificador-Negativo.jpg\",\"contentUrl\":\"https:\/\/sombramadrid.com\/wp-content\/uploads\/2019\/10\/Sombra-LogoIdentificador-Negativo.jpg\",\"width\":400,\"height\":400,\"caption\":\"SOMBRA, IX FESTIVAL DE CINE FANTASTICO EUROPEO DE MURCIA\"},\"image\":{\"@id\":\"https:\/\/sombramadrid.com\/#\/schema\/logo\/image\/\"},\"sameAs\":[\"https:\/\/www.facebook.com\/Sombra-Festival-De-CINE-Fantastico-Europeo-De-Murcia-175337032531429\/\",\"https:\/\/x.com\/SombraFestival\",\"https:\/\/www.instagram.com\/sombrafestival\/\",\"https:\/\/www.youtube.com\/channel\/UCBdSJni9V30Tq4cGf4Lj0Ug?view_as=subscriber\"]}]}<\/script>\n<!-- \/ Yoast SEO plugin. -->","yoast_head_json":{"title":"Masacre en el Delta | Muestra Terror Latinoamericano - Sombra Festival","robots":{"index":"index","follow":"follow","max-snippet":"max-snippet:-1","max-image-preview":"max-image-preview:large","max-video-preview":"max-video-preview:-1"},"canonical":"https:\/\/sombramadrid.com\/en\/largometrajes-sombra-2025\/masacre-en-el-delta-muestra-terror-latinoamericano\/","og_locale":"en_GB","og_type":"article","og_title":"Masacre en el Delta | Muestra Terror Latinoamericano - Sombra Festival","og_description":"Fecha: Mi\u00e9rcoles, 19 de marzo Hora: 20:15 Lugar: Artistic Metropol Idioma: VO COMPRAR ENTRADAS Sinopsis Dos parejas viajan a una remota isla para practicar rituales de sanaci\u00f3n. Lo que no saben es que deber\u00e1n enfrentar sus miedos en una carrera contra la muerte. T\u00edtulo original: Masacre en el Delta A\u00f1o: 2025 Duraci\u00f3n: 82 min. Pa\u00eds: [&hellip;]","og_url":"https:\/\/sombramadrid.com\/en\/largometrajes-sombra-2025\/masacre-en-el-delta-muestra-terror-latinoamericano\/","og_site_name":"Sombra Festival","article_publisher":"https:\/\/www.facebook.com\/Sombra-Festival-De-CINE-Fantastico-Europeo-De-Murcia-175337032531429\/","article_modified_time":"2025-02-27T22:20:04+00:00","og_image":[{"width":849,"height":1201,"url":"https:\/\/sombramadrid.com\/wp-content\/uploads\/2025\/01\/Massacre-en-el-Delta-Key-Art-V2-WEB.jpg","type":"image\/jpeg"}],"twitter_card":"summary_large_image","twitter_site":"@SombraFestival","twitter_misc":{"Est. reading time":"1 minute"},"schema":{"@context":"https:\/\/schema.org","@graph":[{"@type":"WebPage","@id":"https:\/\/sombramadrid.com\/largometrajes-sombra-2025\/masacre-en-el-delta-muestra-terror-latinoamericano\/","url":"https:\/\/sombramadrid.com\/largometrajes-sombra-2025\/masacre-en-el-delta-muestra-terror-latinoamericano\/","name":"Masacre en el Delta | Muestra Terror Latinoamericano - Sombra Festival","isPartOf":{"@id":"https:\/\/sombramadrid.com\/#website"},"primaryImageOfPage":{"@id":"https:\/\/sombramadrid.com\/largometrajes-sombra-2025\/masacre-en-el-delta-muestra-terror-latinoamericano\/#primaryimage"},"image":{"@id":"https:\/\/sombramadrid.com\/largometrajes-sombra-2025\/masacre-en-el-delta-muestra-terror-latinoamericano\/#primaryimage"},"thumbnailUrl":"https:\/\/sombramadrid.com\/wp-content\/uploads\/2025\/01\/Massacre-en-el-Delta-Key-Art-V2-WEB.jpg","datePublished":"2025-02-04T19:50:49+00:00","dateModified":"2025-02-27T22:20:04+00:00","breadcrumb":{"@id":"https:\/\/sombramadrid.com\/largometrajes-sombra-2025\/masacre-en-el-delta-muestra-terror-latinoamericano\/#breadcrumb"},"inLanguage":"en-GB","potentialAction":[{"@type":"ReadAction","target":["https:\/\/sombramadrid.com\/largometrajes-sombra-2025\/masacre-en-el-delta-muestra-terror-latinoamericano\/"]}]},{"@type":"ImageObject","inLanguage":"en-GB","@id":"https:\/\/sombramadrid.com\/largometrajes-sombra-2025\/masacre-en-el-delta-muestra-terror-latinoamericano\/#primaryimage","url":"https:\/\/sombramadrid.com\/wp-content\/uploads\/2025\/01\/Massacre-en-el-Delta-Key-Art-V2-WEB.jpg","contentUrl":"https:\/\/sombramadrid.com\/wp-content\/uploads\/2025\/01\/Massacre-en-el-Delta-Key-Art-V2-WEB.jpg","width":849,"height":1201},{"@type":"BreadcrumbList","@id":"https:\/\/sombramadrid.com\/largometrajes-sombra-2025\/masacre-en-el-delta-muestra-terror-latinoamericano\/#breadcrumb","itemListElement":[{"@type":"ListItem","position":1,"name":"Portada","item":"https:\/\/sombramadrid.com\/"},{"@type":"ListItem","position":2,"name":"Largometrajes Sombra 2025","item":"https:\/\/sombramadrid.com\/largometrajes-sombra-2025\/"},{"@type":"ListItem","position":3,"name":"Masacre en el Delta | Muestra Terror Latinoamericano"}]},{"@type":"WebSite","@id":"https:\/\/sombramadrid.com\/#website","url":"https:\/\/sombramadrid.com\/","name":"Sombra Festival","description":"XIII Festival de Cine Fant\u00e1stico Europeo de Murcia, 8-17 MARZO 2024","publisher":{"@id":"https:\/\/sombramadrid.com\/#organization"},"potentialAction":[{"@type":"SearchAction","target":{"@type":"EntryPoint","urlTemplate":"https:\/\/sombramadrid.com\/?s={search_term_string}"},"query-input":{"@type":"PropertyValueSpecification","valueRequired":true,"valueName":"search_term_string"}}],"inLanguage":"en-GB"},{"@type":"Organization","@id":"https:\/\/sombramadrid.com\/#organization","name":"SOMBRA, IX FESTIVAL DE CINE FANTASTICO EUROPEO DE MURCIA","url":"https:\/\/sombramadrid.com\/","logo":{"@type":"ImageObject","inLanguage":"en-GB","@id":"https:\/\/sombramadrid.com\/#\/schema\/logo\/image\/","url":"https:\/\/sombramadrid.com\/wp-content\/uploads\/2019\/10\/Sombra-LogoIdentificador-Negativo.jpg","contentUrl":"https:\/\/sombramadrid.com\/wp-content\/uploads\/2019\/10\/Sombra-LogoIdentificador-Negativo.jpg","width":400,"height":400,"caption":"SOMBRA, IX FESTIVAL DE CINE FANTASTICO EUROPEO DE MURCIA"},"image":{"@id":"https:\/\/sombramadrid.com\/#\/schema\/logo\/image\/"},"sameAs":["https:\/\/www.facebook.com\/Sombra-Festival-De-CINE-Fantastico-Europeo-De-Murcia-175337032531429\/","https:\/\/x.com\/SombraFestival","https:\/\/www.instagram.com\/sombrafestival\/","https:\/\/www.youtube.com\/channel\/UCBdSJni9V30Tq4cGf4Lj0Ug?view_as=subscriber"]}]}},"_links":{"self":[{"href":"https:\/\/sombramadrid.com\/en\/wp-json\/wp\/v2\/pages\/6914","targetHints":{"allow":["GET"]}}],"collection":[{"href":"https:\/\/sombramadrid.com\/en\/wp-json\/wp\/v2\/pages"}],"about":[{"href":"https:\/\/sombramadrid.com\/en\/wp-json\/wp\/v2\/types\/page"}],"author":[{"embeddable":true,"href":"https:\/\/sombramadrid.com\/en\/wp-json\/wp\/v2\/users\/2"}],"replies":[{"embeddable":true,"href":"https:\/\/sombramadrid.com\/en\/wp-json\/wp\/v2\/comments?post=6914"}],"version-history":[{"count":2,"href":"https:\/\/sombramadrid.com\/en\/wp-json\/wp\/v2\/pages\/6914\/revisions"}],"predecessor-version":[{"id":7501,"href":"https:\/\/sombramadrid.com\/en\/wp-json\/wp\/v2\/pages\/6914\/revisions\/7501"}],"up":[{"embeddable":true,"href":"https:\/\/sombramadrid.com\/en\/wp-json\/wp\/v2\/pages\/6959"}],"wp:featuredmedia":[{"embeddable":true,"href":"https:\/\/sombramadrid.com\/en\/wp-json\/wp\/v2\/media\/6879"}],"wp:attachment":[{"href":"https:\/\/sombramadrid.com\/en\/wp-json\/wp\/v2\/media?parent=6914"}],"curies":[{"name":"wp","href":"https:\/\/api.w.org\/{rel}","templated":true}]}}