{"id":6896,"date":"2025-02-04T20:58:33","date_gmt":"2025-02-04T19:58:33","guid":{"rendered":"https:\/\/sombramadrid.com\/?page_id=6896"},"modified":"2025-02-08T22:45:29","modified_gmt":"2025-02-08T21:45:29","slug":"el-lago-de-las-virgenes-retrospectiva-antonio-mayans","status":"publish","type":"page","link":"https:\/\/sombramadrid.com\/en\/largometrajes-sombra-2025\/el-lago-de-las-virgenes-retrospectiva-antonio-mayans\/","title":{"rendered":"El Lago de las V\u00edrgenes | Retrospectiva Antonio Mayans"},"content":{"rendered":"<ul>\n<li><strong>Fecha:<\/strong> Jueves, 20 de marzo<\/li>\n<li><strong>Hora:<\/strong> 16:00<\/li>\n<li><strong>Lugar:<\/strong> Artistic Metropol<\/li>\n<li><strong>Idioma:<\/strong> VO<\/li>\n<\/ul>\n<p style=\"text-align: center;\"><span class=\"td_btn td_btn_lg td_default_btn\">COMPRAR ENTRADAS<\/span><\/p>\n<h3>Sinopsis<\/h3>\n<p>Sebasti\u00e1n es un viejo lobo de mar que vive con su nieto Chano en una caba\u00f1a. Frecuentan la taberna de Mama Rosa, un sitio de mala muerte donde corre el alcohol y las prostitutas. Un d\u00eda Sebasti\u00e1n lleva a su nieto a una misteriosa isla donde se pueden encontrar monedas de oro de alg\u00fan tesoro pirata perdido. En la isla, Chano se despista al ver a unas chicas juguetonas y ligeras de ropa que le seducen y le llevan a un lago donde se aprovechan de su inocencia. Al d\u00eda siguiente cuenta a su abuelo que unas mujeres le violaron en la isla, pero el abuelo cree que son fantas\u00edas suyas. Chano tiene pesadillas con las mujeres lo que convence al abuelo de que es hora de desvirgarle. Lo lleva con Mama Rosa, que lo desvirga en la trastienda del bar. Pero sigue pensando en una de las chicas de la isla y decide ir a buscarla y descubrir el misterio que las rodea.<\/p>\n<p><img loading=\"lazy\" decoding=\"async\" class=\"size-full wp-image-6880 aligncenter\" src=\"https:\/\/sombramadrid.com\/wp-content\/uploads\/2025\/01\/el_lago_de_las_virgenes_aka_la_isla_de_las_virgenes-742154131-large.jpg\" alt=\"\" width=\"300\" height=\"425\" srcset=\"https:\/\/sombramadrid.com\/wp-content\/uploads\/2025\/01\/el_lago_de_las_virgenes_aka_la_isla_de_las_virgenes-742154131-large.jpg 300w, https:\/\/sombramadrid.com\/wp-content\/uploads\/2025\/01\/el_lago_de_las_virgenes_aka_la_isla_de_las_virgenes-742154131-large-212x300.jpg 212w, https:\/\/sombramadrid.com\/wp-content\/uploads\/2025\/01\/el_lago_de_las_virgenes_aka_la_isla_de_las_virgenes-742154131-large-8x12.jpg 8w, https:\/\/sombramadrid.com\/wp-content\/uploads\/2025\/01\/el_lago_de_las_virgenes_aka_la_isla_de_las_virgenes-742154131-large-296x420.jpg 296w\" sizes=\"auto, (max-width: 300px) 100vw, 300px\" \/><\/p>\n<ul>\n<li><strong>T\u00edtulo original: <\/strong>El lago de las v\u00edrgenes<\/li>\n<li><strong>A\u00f1o: <\/strong>1981<\/li>\n<li><strong>Duraci\u00f3n:<\/strong> 88 min.<\/li>\n<li><strong>Pa\u00eds:<\/strong> Espa\u00f1a<\/li>\n<li><strong>Direcci\u00f3n:<\/strong> Jes\u00fas Franco<\/li>\n<li><strong>Guion:<\/strong> Jes\u00fas Franco<\/li>\n<li><strong>Reparto: <\/strong>Katja Bienert, Joaqu\u00edn Navarro, Eduardo Fajardo, Doris Regina, Lola Gaos, Antonio de Cabo y Bea Fiedler<\/li>\n<li><strong>M\u00fasica:<\/strong> Jes\u00fas Franco<\/li>\n<li><strong>Fotograf\u00eda: <\/strong>Juan Soler<\/li>\n<li><strong>Compa\u00f1\u00edas:<\/strong> Trit\u00f3n P.C<\/li>\n<li><strong>G\u00e9nero:<\/strong> Aventuras | Er\u00f3tico<\/li>\n<\/ul>","protected":false},"excerpt":{"rendered":"<p>Fecha: Jueves, 20 de marzo Hora: 16:00 Lugar: Artistic Metropol Idioma: VO COMPRAR ENTRADAS Sinopsis Sebasti\u00e1n es un viejo lobo de mar que vive con su nieto Chano en una caba\u00f1a. Frecuentan la taberna de Mama Rosa, un sitio de mala muerte donde corre el alcohol y las prostitutas. Un d\u00eda Sebasti\u00e1n lleva a su [&hellip;]<\/p>","protected":false},"author":2,"featured_media":6880,"parent":6959,"menu_order":0,"comment_status":"closed","ping_status":"closed","template":"","meta":{"footnotes":""},"class_list":["post-6896","page","type-page","status-publish","has-post-thumbnail"],"yoast_head":"<!-- This site is optimized with the Yoast SEO plugin v24.3 - https:\/\/yoast.com\/wordpress\/plugins\/seo\/ -->\n<title>El Lago de las V\u00edrgenes | Retrospectiva Antonio Mayans - Sombra Festival<\/title>\n<meta name=\"robots\" content=\"index, follow, max-snippet:-1, max-image-preview:large, max-video-preview:-1\" \/>\n<link rel=\"canonical\" href=\"https:\/\/sombramadrid.com\/en\/largometrajes-sombra-2025\/el-lago-de-las-virgenes-retrospectiva-antonio-mayans\/\" \/>\n<meta property=\"og:locale\" content=\"en_GB\" \/>\n<meta property=\"og:type\" content=\"article\" \/>\n<meta property=\"og:title\" content=\"El Lago de las V\u00edrgenes | Retrospectiva Antonio Mayans - Sombra Festival\" \/>\n<meta property=\"og:description\" content=\"Fecha: Jueves, 20 de marzo Hora: 16:00 Lugar: Artistic Metropol Idioma: VO COMPRAR ENTRADAS Sinopsis Sebasti\u00e1n es un viejo lobo de mar que vive con su nieto Chano en una caba\u00f1a. Frecuentan la taberna de Mama Rosa, un sitio de mala muerte donde corre el alcohol y las prostitutas. Un d\u00eda Sebasti\u00e1n lleva a su [&hellip;]\" \/>\n<meta property=\"og:url\" content=\"https:\/\/sombramadrid.com\/en\/largometrajes-sombra-2025\/el-lago-de-las-virgenes-retrospectiva-antonio-mayans\/\" \/>\n<meta property=\"og:site_name\" content=\"Sombra Festival\" \/>\n<meta property=\"article:publisher\" content=\"https:\/\/www.facebook.com\/Sombra-Festival-De-CINE-Fantastico-Europeo-De-Murcia-175337032531429\/\" \/>\n<meta property=\"article:modified_time\" content=\"2025-02-08T21:45:29+00:00\" \/>\n<meta property=\"og:image\" content=\"https:\/\/sombramadrid.com\/wp-content\/uploads\/2025\/01\/el_lago_de_las_virgenes_aka_la_isla_de_las_virgenes-742154131-large.jpg\" \/>\n\t<meta property=\"og:image:width\" content=\"300\" \/>\n\t<meta property=\"og:image:height\" content=\"425\" \/>\n\t<meta property=\"og:image:type\" content=\"image\/jpeg\" \/>\n<meta name=\"twitter:card\" content=\"summary_large_image\" \/>\n<meta name=\"twitter:site\" content=\"@SombraFestival\" \/>\n<meta name=\"twitter:label1\" content=\"Est. reading time\" \/>\n\t<meta name=\"twitter:data1\" content=\"2 minutes\" \/>\n<script type=\"application\/ld+json\" class=\"yoast-schema-graph\">{\"@context\":\"https:\/\/schema.org\",\"@graph\":[{\"@type\":\"WebPage\",\"@id\":\"https:\/\/sombramadrid.com\/largometrajes-sombra-2025\/el-lago-de-las-virgenes-retrospectiva-antonio-mayans\/\",\"url\":\"https:\/\/sombramadrid.com\/largometrajes-sombra-2025\/el-lago-de-las-virgenes-retrospectiva-antonio-mayans\/\",\"name\":\"El Lago de las V\u00edrgenes | Retrospectiva Antonio Mayans - Sombra Festival\",\"isPartOf\":{\"@id\":\"https:\/\/sombramadrid.com\/#website\"},\"primaryImageOfPage\":{\"@id\":\"https:\/\/sombramadrid.com\/largometrajes-sombra-2025\/el-lago-de-las-virgenes-retrospectiva-antonio-mayans\/#primaryimage\"},\"image\":{\"@id\":\"https:\/\/sombramadrid.com\/largometrajes-sombra-2025\/el-lago-de-las-virgenes-retrospectiva-antonio-mayans\/#primaryimage\"},\"thumbnailUrl\":\"https:\/\/sombramadrid.com\/wp-content\/uploads\/2025\/01\/el_lago_de_las_virgenes_aka_la_isla_de_las_virgenes-742154131-large.jpg\",\"datePublished\":\"2025-02-04T19:58:33+00:00\",\"dateModified\":\"2025-02-08T21:45:29+00:00\",\"breadcrumb\":{\"@id\":\"https:\/\/sombramadrid.com\/largometrajes-sombra-2025\/el-lago-de-las-virgenes-retrospectiva-antonio-mayans\/#breadcrumb\"},\"inLanguage\":\"en-GB\",\"potentialAction\":[{\"@type\":\"ReadAction\",\"target\":[\"https:\/\/sombramadrid.com\/largometrajes-sombra-2025\/el-lago-de-las-virgenes-retrospectiva-antonio-mayans\/\"]}]},{\"@type\":\"ImageObject\",\"inLanguage\":\"en-GB\",\"@id\":\"https:\/\/sombramadrid.com\/largometrajes-sombra-2025\/el-lago-de-las-virgenes-retrospectiva-antonio-mayans\/#primaryimage\",\"url\":\"https:\/\/sombramadrid.com\/wp-content\/uploads\/2025\/01\/el_lago_de_las_virgenes_aka_la_isla_de_las_virgenes-742154131-large.jpg\",\"contentUrl\":\"https:\/\/sombramadrid.com\/wp-content\/uploads\/2025\/01\/el_lago_de_las_virgenes_aka_la_isla_de_las_virgenes-742154131-large.jpg\",\"width\":300,\"height\":425},{\"@type\":\"BreadcrumbList\",\"@id\":\"https:\/\/sombramadrid.com\/largometrajes-sombra-2025\/el-lago-de-las-virgenes-retrospectiva-antonio-mayans\/#breadcrumb\",\"itemListElement\":[{\"@type\":\"ListItem\",\"position\":1,\"name\":\"Portada\",\"item\":\"https:\/\/sombramadrid.com\/\"},{\"@type\":\"ListItem\",\"position\":2,\"name\":\"Largometrajes Sombra 2025\",\"item\":\"https:\/\/sombramadrid.com\/largometrajes-sombra-2025\/\"},{\"@type\":\"ListItem\",\"position\":3,\"name\":\"El Lago de las V\u00edrgenes | Retrospectiva Antonio Mayans\"}]},{\"@type\":\"WebSite\",\"@id\":\"https:\/\/sombramadrid.com\/#website\",\"url\":\"https:\/\/sombramadrid.com\/\",\"name\":\"Sombra Festival\",\"description\":\"XIII Festival de Cine Fant\u00e1stico Europeo de Murcia, 8-17 MARZO 2024\",\"publisher\":{\"@id\":\"https:\/\/sombramadrid.com\/#organization\"},\"potentialAction\":[{\"@type\":\"SearchAction\",\"target\":{\"@type\":\"EntryPoint\",\"urlTemplate\":\"https:\/\/sombramadrid.com\/?s={search_term_string}\"},\"query-input\":{\"@type\":\"PropertyValueSpecification\",\"valueRequired\":true,\"valueName\":\"search_term_string\"}}],\"inLanguage\":\"en-GB\"},{\"@type\":\"Organization\",\"@id\":\"https:\/\/sombramadrid.com\/#organization\",\"name\":\"SOMBRA, IX FESTIVAL DE CINE FANTASTICO EUROPEO DE MURCIA\",\"url\":\"https:\/\/sombramadrid.com\/\",\"logo\":{\"@type\":\"ImageObject\",\"inLanguage\":\"en-GB\",\"@id\":\"https:\/\/sombramadrid.com\/#\/schema\/logo\/image\/\",\"url\":\"https:\/\/sombramadrid.com\/wp-content\/uploads\/2019\/10\/Sombra-LogoIdentificador-Negativo.jpg\",\"contentUrl\":\"https:\/\/sombramadrid.com\/wp-content\/uploads\/2019\/10\/Sombra-LogoIdentificador-Negativo.jpg\",\"width\":400,\"height\":400,\"caption\":\"SOMBRA, IX FESTIVAL DE CINE FANTASTICO EUROPEO DE MURCIA\"},\"image\":{\"@id\":\"https:\/\/sombramadrid.com\/#\/schema\/logo\/image\/\"},\"sameAs\":[\"https:\/\/www.facebook.com\/Sombra-Festival-De-CINE-Fantastico-Europeo-De-Murcia-175337032531429\/\",\"https:\/\/x.com\/SombraFestival\",\"https:\/\/www.instagram.com\/sombrafestival\/\",\"https:\/\/www.youtube.com\/channel\/UCBdSJni9V30Tq4cGf4Lj0Ug?view_as=subscriber\"]}]}<\/script>\n<!-- \/ Yoast SEO plugin. -->","yoast_head_json":{"title":"El Lago de las V\u00edrgenes | Retrospectiva Antonio Mayans - Sombra Festival","robots":{"index":"index","follow":"follow","max-snippet":"max-snippet:-1","max-image-preview":"max-image-preview:large","max-video-preview":"max-video-preview:-1"},"canonical":"https:\/\/sombramadrid.com\/en\/largometrajes-sombra-2025\/el-lago-de-las-virgenes-retrospectiva-antonio-mayans\/","og_locale":"en_GB","og_type":"article","og_title":"El Lago de las V\u00edrgenes | Retrospectiva Antonio Mayans - Sombra Festival","og_description":"Fecha: Jueves, 20 de marzo Hora: 16:00 Lugar: Artistic Metropol Idioma: VO COMPRAR ENTRADAS Sinopsis Sebasti\u00e1n es un viejo lobo de mar que vive con su nieto Chano en una caba\u00f1a. Frecuentan la taberna de Mama Rosa, un sitio de mala muerte donde corre el alcohol y las prostitutas. Un d\u00eda Sebasti\u00e1n lleva a su [&hellip;]","og_url":"https:\/\/sombramadrid.com\/en\/largometrajes-sombra-2025\/el-lago-de-las-virgenes-retrospectiva-antonio-mayans\/","og_site_name":"Sombra Festival","article_publisher":"https:\/\/www.facebook.com\/Sombra-Festival-De-CINE-Fantastico-Europeo-De-Murcia-175337032531429\/","article_modified_time":"2025-02-08T21:45:29+00:00","og_image":[{"width":300,"height":425,"url":"https:\/\/sombramadrid.com\/wp-content\/uploads\/2025\/01\/el_lago_de_las_virgenes_aka_la_isla_de_las_virgenes-742154131-large.jpg","type":"image\/jpeg"}],"twitter_card":"summary_large_image","twitter_site":"@SombraFestival","twitter_misc":{"Est. reading time":"2 minutes"},"schema":{"@context":"https:\/\/schema.org","@graph":[{"@type":"WebPage","@id":"https:\/\/sombramadrid.com\/largometrajes-sombra-2025\/el-lago-de-las-virgenes-retrospectiva-antonio-mayans\/","url":"https:\/\/sombramadrid.com\/largometrajes-sombra-2025\/el-lago-de-las-virgenes-retrospectiva-antonio-mayans\/","name":"El Lago de las V\u00edrgenes | Retrospectiva Antonio Mayans - Sombra Festival","isPartOf":{"@id":"https:\/\/sombramadrid.com\/#website"},"primaryImageOfPage":{"@id":"https:\/\/sombramadrid.com\/largometrajes-sombra-2025\/el-lago-de-las-virgenes-retrospectiva-antonio-mayans\/#primaryimage"},"image":{"@id":"https:\/\/sombramadrid.com\/largometrajes-sombra-2025\/el-lago-de-las-virgenes-retrospectiva-antonio-mayans\/#primaryimage"},"thumbnailUrl":"https:\/\/sombramadrid.com\/wp-content\/uploads\/2025\/01\/el_lago_de_las_virgenes_aka_la_isla_de_las_virgenes-742154131-large.jpg","datePublished":"2025-02-04T19:58:33+00:00","dateModified":"2025-02-08T21:45:29+00:00","breadcrumb":{"@id":"https:\/\/sombramadrid.com\/largometrajes-sombra-2025\/el-lago-de-las-virgenes-retrospectiva-antonio-mayans\/#breadcrumb"},"inLanguage":"en-GB","potentialAction":[{"@type":"ReadAction","target":["https:\/\/sombramadrid.com\/largometrajes-sombra-2025\/el-lago-de-las-virgenes-retrospectiva-antonio-mayans\/"]}]},{"@type":"ImageObject","inLanguage":"en-GB","@id":"https:\/\/sombramadrid.com\/largometrajes-sombra-2025\/el-lago-de-las-virgenes-retrospectiva-antonio-mayans\/#primaryimage","url":"https:\/\/sombramadrid.com\/wp-content\/uploads\/2025\/01\/el_lago_de_las_virgenes_aka_la_isla_de_las_virgenes-742154131-large.jpg","contentUrl":"https:\/\/sombramadrid.com\/wp-content\/uploads\/2025\/01\/el_lago_de_las_virgenes_aka_la_isla_de_las_virgenes-742154131-large.jpg","width":300,"height":425},{"@type":"BreadcrumbList","@id":"https:\/\/sombramadrid.com\/largometrajes-sombra-2025\/el-lago-de-las-virgenes-retrospectiva-antonio-mayans\/#breadcrumb","itemListElement":[{"@type":"ListItem","position":1,"name":"Portada","item":"https:\/\/sombramadrid.com\/"},{"@type":"ListItem","position":2,"name":"Largometrajes Sombra 2025","item":"https:\/\/sombramadrid.com\/largometrajes-sombra-2025\/"},{"@type":"ListItem","position":3,"name":"El Lago de las V\u00edrgenes | Retrospectiva Antonio Mayans"}]},{"@type":"WebSite","@id":"https:\/\/sombramadrid.com\/#website","url":"https:\/\/sombramadrid.com\/","name":"Sombra Festival","description":"XIII Festival de Cine Fant\u00e1stico Europeo de Murcia, 8-17 MARZO 2024","publisher":{"@id":"https:\/\/sombramadrid.com\/#organization"},"potentialAction":[{"@type":"SearchAction","target":{"@type":"EntryPoint","urlTemplate":"https:\/\/sombramadrid.com\/?s={search_term_string}"},"query-input":{"@type":"PropertyValueSpecification","valueRequired":true,"valueName":"search_term_string"}}],"inLanguage":"en-GB"},{"@type":"Organization","@id":"https:\/\/sombramadrid.com\/#organization","name":"SOMBRA, IX FESTIVAL DE CINE FANTASTICO EUROPEO DE MURCIA","url":"https:\/\/sombramadrid.com\/","logo":{"@type":"ImageObject","inLanguage":"en-GB","@id":"https:\/\/sombramadrid.com\/#\/schema\/logo\/image\/","url":"https:\/\/sombramadrid.com\/wp-content\/uploads\/2019\/10\/Sombra-LogoIdentificador-Negativo.jpg","contentUrl":"https:\/\/sombramadrid.com\/wp-content\/uploads\/2019\/10\/Sombra-LogoIdentificador-Negativo.jpg","width":400,"height":400,"caption":"SOMBRA, IX FESTIVAL DE CINE FANTASTICO EUROPEO DE MURCIA"},"image":{"@id":"https:\/\/sombramadrid.com\/#\/schema\/logo\/image\/"},"sameAs":["https:\/\/www.facebook.com\/Sombra-Festival-De-CINE-Fantastico-Europeo-De-Murcia-175337032531429\/","https:\/\/x.com\/SombraFestival","https:\/\/www.instagram.com\/sombrafestival\/","https:\/\/www.youtube.com\/channel\/UCBdSJni9V30Tq4cGf4Lj0Ug?view_as=subscriber"]}]}},"_links":{"self":[{"href":"https:\/\/sombramadrid.com\/en\/wp-json\/wp\/v2\/pages\/6896","targetHints":{"allow":["GET"]}}],"collection":[{"href":"https:\/\/sombramadrid.com\/en\/wp-json\/wp\/v2\/pages"}],"about":[{"href":"https:\/\/sombramadrid.com\/en\/wp-json\/wp\/v2\/types\/page"}],"author":[{"embeddable":true,"href":"https:\/\/sombramadrid.com\/en\/wp-json\/wp\/v2\/users\/2"}],"replies":[{"embeddable":true,"href":"https:\/\/sombramadrid.com\/en\/wp-json\/wp\/v2\/comments?post=6896"}],"version-history":[{"count":7,"href":"https:\/\/sombramadrid.com\/en\/wp-json\/wp\/v2\/pages\/6896\/revisions"}],"predecessor-version":[{"id":7126,"href":"https:\/\/sombramadrid.com\/en\/wp-json\/wp\/v2\/pages\/6896\/revisions\/7126"}],"up":[{"embeddable":true,"href":"https:\/\/sombramadrid.com\/en\/wp-json\/wp\/v2\/pages\/6959"}],"wp:featuredmedia":[{"embeddable":true,"href":"https:\/\/sombramadrid.com\/en\/wp-json\/wp\/v2\/media\/6880"}],"wp:attachment":[{"href":"https:\/\/sombramadrid.com\/en\/wp-json\/wp\/v2\/media?parent=6896"}],"curies":[{"name":"wp","href":"https:\/\/api.w.org\/{rel}","templated":true}]}}