{"id":6892,"date":"2025-02-04T20:50:03","date_gmt":"2025-02-04T19:50:03","guid":{"rendered":"https:\/\/sombramadrid.com\/?page_id=6892"},"modified":"2025-02-09T19:27:48","modified_gmt":"2025-02-09T18:27:48","slug":"los-blues-de-la-calle-pop-retrospectiva-antonio-mayans","status":"publish","type":"page","link":"https:\/\/sombramadrid.com\/en\/largometrajes-sombra-2025\/los-blues-de-la-calle-pop-retrospectiva-antonio-mayans\/","title":{"rendered":"Los blues de la calle Pop | Retrospectiva Antonio Mayans"},"content":{"rendered":"<ul>\n<li><strong>Fecha:<\/strong> Jueves, 20 de marzo<\/li>\n<li><strong>Hora:<\/strong> 18:00<\/li>\n<li><strong>Lugar:<\/strong> Artistic Metropol<\/li>\n<li><strong>Idioma:<\/strong> VO<\/li>\n<\/ul>\n<p style=\"text-align: center;\"><span class=\"td_btn td_btn_lg td_default_btn\">COMPRAR ENTRADAS<\/span><\/p>\n<p><iframe loading=\"lazy\" title=\"Los Blues de la calle Pop (Jesus Franco,1983) Trailer\" width=\"696\" height=\"392\" src=\"https:\/\/www.youtube.com\/embed\/PY6T_BwgPoY?feature=oembed\" frameborder=\"0\" allow=\"accelerometer; autoplay; clipboard-write; encrypted-media; gyroscope; picture-in-picture; web-share\" referrerpolicy=\"strict-origin-when-cross-origin\" allowfullscreen><\/iframe><\/p>\n<h3>Sinopsis<\/h3>\n<p>Un famoso detective privado, Felipe Malboro, es contratado por una joven para que encuentre a su novio, Macho Jim, estudiante de Ciencias Econ\u00f3micas, que ha desaparecido sin dejar rastro.<\/p>\n<p><img loading=\"lazy\" decoding=\"async\" class=\"size-full wp-image-6878 aligncenter\" src=\"https:\/\/sombramadrid.com\/wp-content\/uploads\/2025\/01\/los_blues_de_la_calle_pop_aka_aventuras_de_felipe_malboro_volumen_8-346080024-large.jpg\" alt=\"\" width=\"331\" height=\"521\" srcset=\"https:\/\/sombramadrid.com\/wp-content\/uploads\/2025\/01\/los_blues_de_la_calle_pop_aka_aventuras_de_felipe_malboro_volumen_8-346080024-large.jpg 331w, https:\/\/sombramadrid.com\/wp-content\/uploads\/2025\/01\/los_blues_de_la_calle_pop_aka_aventuras_de_felipe_malboro_volumen_8-346080024-large-191x300.jpg 191w, https:\/\/sombramadrid.com\/wp-content\/uploads\/2025\/01\/los_blues_de_la_calle_pop_aka_aventuras_de_felipe_malboro_volumen_8-346080024-large-8x12.jpg 8w, https:\/\/sombramadrid.com\/wp-content\/uploads\/2025\/01\/los_blues_de_la_calle_pop_aka_aventuras_de_felipe_malboro_volumen_8-346080024-large-267x420.jpg 267w\" sizes=\"auto, (max-width: 331px) 100vw, 331px\" \/><\/p>\n<ul>\n<li><strong>T\u00edtulo original: <\/strong>Los blues de la calle Pop<\/li>\n<li><strong>A\u00f1o: <\/strong>1983<\/li>\n<li><strong>Duraci\u00f3n:<\/strong> 90 min.<\/li>\n<li><strong>Pa\u00eds:<\/strong> Espa\u00f1a<\/li>\n<li><strong>Direcci\u00f3n:<\/strong> Jes\u00fas Franco<\/li>\n<li><strong>Guion:<\/strong> Jes\u00fas Franco<\/li>\n<li><strong>Reparto: <\/strong>Antonio Mayans, Lina Romay, Agust\u00edn Garc\u00eda, Jes\u00fas Franco, Juana de la Morena, Anal\u00eda Ivars, Ricardo Palacios, Jos\u00e9 Llamas, Mar\u00eda del Mar S\u00e1nchez, Trino Trives<\/li>\n<li><strong>M\u00fasica:<\/strong> Jes\u00fas Franco, Fernando Garc\u00eda Morcillo<\/li>\n<li><strong>Fotograf\u00eda: Jes\u00fas Franco<\/strong><\/li>\n<li><strong>Compa\u00f1\u00edas:<\/strong> Manacoa Films<\/li>\n<li><strong>G\u00e9nero:<\/strong> Aventuras. Intriga. Comedia | Er\u00f3tico. Serie B<span style=\"color: #999999;\"><br \/>\n<\/span><\/li>\n<\/ul>","protected":false},"excerpt":{"rendered":"<p>Fecha: Jueves, 20 de marzo Hora: 18:00 Lugar: Artistic Metropol Idioma: VO COMPRAR ENTRADAS Sinopsis Un famoso detective privado, Felipe Malboro, es contratado por una joven para que encuentre a su novio, Macho Jim, estudiante de Ciencias Econ\u00f3micas, que ha desaparecido sin dejar rastro. T\u00edtulo original: Los blues de la calle Pop A\u00f1o: 1983 Duraci\u00f3n: [&hellip;]<\/p>","protected":false},"author":2,"featured_media":6878,"parent":6959,"menu_order":0,"comment_status":"closed","ping_status":"closed","template":"","meta":{"footnotes":""},"class_list":["post-6892","page","type-page","status-publish","has-post-thumbnail"],"yoast_head":"<!-- This site is optimized with the Yoast SEO plugin v24.3 - https:\/\/yoast.com\/wordpress\/plugins\/seo\/ -->\n<title>Los blues de la calle Pop | Retrospectiva Antonio Mayans - Sombra Festival<\/title>\n<meta name=\"robots\" content=\"index, follow, max-snippet:-1, max-image-preview:large, max-video-preview:-1\" \/>\n<link rel=\"canonical\" href=\"https:\/\/sombramadrid.com\/en\/largometrajes-sombra-2025\/los-blues-de-la-calle-pop-retrospectiva-antonio-mayans\/\" \/>\n<meta property=\"og:locale\" content=\"en_GB\" \/>\n<meta property=\"og:type\" content=\"article\" \/>\n<meta property=\"og:title\" content=\"Los blues de la calle Pop | Retrospectiva Antonio Mayans - Sombra Festival\" \/>\n<meta property=\"og:description\" content=\"Fecha: Jueves, 20 de marzo Hora: 18:00 Lugar: Artistic Metropol Idioma: VO COMPRAR ENTRADAS Sinopsis Un famoso detective privado, Felipe Malboro, es contratado por una joven para que encuentre a su novio, Macho Jim, estudiante de Ciencias Econ\u00f3micas, que ha desaparecido sin dejar rastro. T\u00edtulo original: Los blues de la calle Pop A\u00f1o: 1983 Duraci\u00f3n: [&hellip;]\" \/>\n<meta property=\"og:url\" content=\"https:\/\/sombramadrid.com\/en\/largometrajes-sombra-2025\/los-blues-de-la-calle-pop-retrospectiva-antonio-mayans\/\" \/>\n<meta property=\"og:site_name\" content=\"Sombra Festival\" \/>\n<meta property=\"article:publisher\" content=\"https:\/\/www.facebook.com\/Sombra-Festival-De-CINE-Fantastico-Europeo-De-Murcia-175337032531429\/\" \/>\n<meta property=\"article:modified_time\" content=\"2025-02-09T18:27:48+00:00\" \/>\n<meta property=\"og:image\" content=\"https:\/\/sombramadrid.com\/wp-content\/uploads\/2025\/01\/los_blues_de_la_calle_pop_aka_aventuras_de_felipe_malboro_volumen_8-346080024-large.jpg\" \/>\n\t<meta property=\"og:image:width\" content=\"331\" \/>\n\t<meta property=\"og:image:height\" content=\"521\" \/>\n\t<meta property=\"og:image:type\" content=\"image\/jpeg\" \/>\n<meta name=\"twitter:card\" content=\"summary_large_image\" \/>\n<meta name=\"twitter:site\" content=\"@SombraFestival\" \/>\n<meta name=\"twitter:label1\" content=\"Est. reading time\" \/>\n\t<meta name=\"twitter:data1\" content=\"1 minute\" \/>\n<script type=\"application\/ld+json\" class=\"yoast-schema-graph\">{\"@context\":\"https:\/\/schema.org\",\"@graph\":[{\"@type\":\"WebPage\",\"@id\":\"https:\/\/sombramadrid.com\/largometrajes-sombra-2025\/los-blues-de-la-calle-pop-retrospectiva-antonio-mayans\/\",\"url\":\"https:\/\/sombramadrid.com\/largometrajes-sombra-2025\/los-blues-de-la-calle-pop-retrospectiva-antonio-mayans\/\",\"name\":\"Los blues de la calle Pop | Retrospectiva Antonio Mayans - Sombra Festival\",\"isPartOf\":{\"@id\":\"https:\/\/sombramadrid.com\/#website\"},\"primaryImageOfPage\":{\"@id\":\"https:\/\/sombramadrid.com\/largometrajes-sombra-2025\/los-blues-de-la-calle-pop-retrospectiva-antonio-mayans\/#primaryimage\"},\"image\":{\"@id\":\"https:\/\/sombramadrid.com\/largometrajes-sombra-2025\/los-blues-de-la-calle-pop-retrospectiva-antonio-mayans\/#primaryimage\"},\"thumbnailUrl\":\"https:\/\/sombramadrid.com\/wp-content\/uploads\/2025\/01\/los_blues_de_la_calle_pop_aka_aventuras_de_felipe_malboro_volumen_8-346080024-large.jpg\",\"datePublished\":\"2025-02-04T19:50:03+00:00\",\"dateModified\":\"2025-02-09T18:27:48+00:00\",\"breadcrumb\":{\"@id\":\"https:\/\/sombramadrid.com\/largometrajes-sombra-2025\/los-blues-de-la-calle-pop-retrospectiva-antonio-mayans\/#breadcrumb\"},\"inLanguage\":\"en-GB\",\"potentialAction\":[{\"@type\":\"ReadAction\",\"target\":[\"https:\/\/sombramadrid.com\/largometrajes-sombra-2025\/los-blues-de-la-calle-pop-retrospectiva-antonio-mayans\/\"]}]},{\"@type\":\"ImageObject\",\"inLanguage\":\"en-GB\",\"@id\":\"https:\/\/sombramadrid.com\/largometrajes-sombra-2025\/los-blues-de-la-calle-pop-retrospectiva-antonio-mayans\/#primaryimage\",\"url\":\"https:\/\/sombramadrid.com\/wp-content\/uploads\/2025\/01\/los_blues_de_la_calle_pop_aka_aventuras_de_felipe_malboro_volumen_8-346080024-large.jpg\",\"contentUrl\":\"https:\/\/sombramadrid.com\/wp-content\/uploads\/2025\/01\/los_blues_de_la_calle_pop_aka_aventuras_de_felipe_malboro_volumen_8-346080024-large.jpg\",\"width\":331,\"height\":521},{\"@type\":\"BreadcrumbList\",\"@id\":\"https:\/\/sombramadrid.com\/largometrajes-sombra-2025\/los-blues-de-la-calle-pop-retrospectiva-antonio-mayans\/#breadcrumb\",\"itemListElement\":[{\"@type\":\"ListItem\",\"position\":1,\"name\":\"Portada\",\"item\":\"https:\/\/sombramadrid.com\/\"},{\"@type\":\"ListItem\",\"position\":2,\"name\":\"Largometrajes Sombra 2025\",\"item\":\"https:\/\/sombramadrid.com\/largometrajes-sombra-2025\/\"},{\"@type\":\"ListItem\",\"position\":3,\"name\":\"Los blues de la calle Pop | Retrospectiva Antonio Mayans\"}]},{\"@type\":\"WebSite\",\"@id\":\"https:\/\/sombramadrid.com\/#website\",\"url\":\"https:\/\/sombramadrid.com\/\",\"name\":\"Sombra Festival\",\"description\":\"XIII Festival de Cine Fant\u00e1stico Europeo de Murcia, 8-17 MARZO 2024\",\"publisher\":{\"@id\":\"https:\/\/sombramadrid.com\/#organization\"},\"potentialAction\":[{\"@type\":\"SearchAction\",\"target\":{\"@type\":\"EntryPoint\",\"urlTemplate\":\"https:\/\/sombramadrid.com\/?s={search_term_string}\"},\"query-input\":{\"@type\":\"PropertyValueSpecification\",\"valueRequired\":true,\"valueName\":\"search_term_string\"}}],\"inLanguage\":\"en-GB\"},{\"@type\":\"Organization\",\"@id\":\"https:\/\/sombramadrid.com\/#organization\",\"name\":\"SOMBRA, IX FESTIVAL DE CINE FANTASTICO EUROPEO DE MURCIA\",\"url\":\"https:\/\/sombramadrid.com\/\",\"logo\":{\"@type\":\"ImageObject\",\"inLanguage\":\"en-GB\",\"@id\":\"https:\/\/sombramadrid.com\/#\/schema\/logo\/image\/\",\"url\":\"https:\/\/sombramadrid.com\/wp-content\/uploads\/2019\/10\/Sombra-LogoIdentificador-Negativo.jpg\",\"contentUrl\":\"https:\/\/sombramadrid.com\/wp-content\/uploads\/2019\/10\/Sombra-LogoIdentificador-Negativo.jpg\",\"width\":400,\"height\":400,\"caption\":\"SOMBRA, IX FESTIVAL DE CINE FANTASTICO EUROPEO DE MURCIA\"},\"image\":{\"@id\":\"https:\/\/sombramadrid.com\/#\/schema\/logo\/image\/\"},\"sameAs\":[\"https:\/\/www.facebook.com\/Sombra-Festival-De-CINE-Fantastico-Europeo-De-Murcia-175337032531429\/\",\"https:\/\/x.com\/SombraFestival\",\"https:\/\/www.instagram.com\/sombrafestival\/\",\"https:\/\/www.youtube.com\/channel\/UCBdSJni9V30Tq4cGf4Lj0Ug?view_as=subscriber\"]}]}<\/script>\n<!-- \/ Yoast SEO plugin. -->","yoast_head_json":{"title":"Los blues de la calle Pop | Retrospectiva Antonio Mayans - Sombra Festival","robots":{"index":"index","follow":"follow","max-snippet":"max-snippet:-1","max-image-preview":"max-image-preview:large","max-video-preview":"max-video-preview:-1"},"canonical":"https:\/\/sombramadrid.com\/en\/largometrajes-sombra-2025\/los-blues-de-la-calle-pop-retrospectiva-antonio-mayans\/","og_locale":"en_GB","og_type":"article","og_title":"Los blues de la calle Pop | Retrospectiva Antonio Mayans - Sombra Festival","og_description":"Fecha: Jueves, 20 de marzo Hora: 18:00 Lugar: Artistic Metropol Idioma: VO COMPRAR ENTRADAS Sinopsis Un famoso detective privado, Felipe Malboro, es contratado por una joven para que encuentre a su novio, Macho Jim, estudiante de Ciencias Econ\u00f3micas, que ha desaparecido sin dejar rastro. T\u00edtulo original: Los blues de la calle Pop A\u00f1o: 1983 Duraci\u00f3n: [&hellip;]","og_url":"https:\/\/sombramadrid.com\/en\/largometrajes-sombra-2025\/los-blues-de-la-calle-pop-retrospectiva-antonio-mayans\/","og_site_name":"Sombra Festival","article_publisher":"https:\/\/www.facebook.com\/Sombra-Festival-De-CINE-Fantastico-Europeo-De-Murcia-175337032531429\/","article_modified_time":"2025-02-09T18:27:48+00:00","og_image":[{"width":331,"height":521,"url":"https:\/\/sombramadrid.com\/wp-content\/uploads\/2025\/01\/los_blues_de_la_calle_pop_aka_aventuras_de_felipe_malboro_volumen_8-346080024-large.jpg","type":"image\/jpeg"}],"twitter_card":"summary_large_image","twitter_site":"@SombraFestival","twitter_misc":{"Est. reading time":"1 minute"},"schema":{"@context":"https:\/\/schema.org","@graph":[{"@type":"WebPage","@id":"https:\/\/sombramadrid.com\/largometrajes-sombra-2025\/los-blues-de-la-calle-pop-retrospectiva-antonio-mayans\/","url":"https:\/\/sombramadrid.com\/largometrajes-sombra-2025\/los-blues-de-la-calle-pop-retrospectiva-antonio-mayans\/","name":"Los blues de la calle Pop | Retrospectiva Antonio Mayans - Sombra Festival","isPartOf":{"@id":"https:\/\/sombramadrid.com\/#website"},"primaryImageOfPage":{"@id":"https:\/\/sombramadrid.com\/largometrajes-sombra-2025\/los-blues-de-la-calle-pop-retrospectiva-antonio-mayans\/#primaryimage"},"image":{"@id":"https:\/\/sombramadrid.com\/largometrajes-sombra-2025\/los-blues-de-la-calle-pop-retrospectiva-antonio-mayans\/#primaryimage"},"thumbnailUrl":"https:\/\/sombramadrid.com\/wp-content\/uploads\/2025\/01\/los_blues_de_la_calle_pop_aka_aventuras_de_felipe_malboro_volumen_8-346080024-large.jpg","datePublished":"2025-02-04T19:50:03+00:00","dateModified":"2025-02-09T18:27:48+00:00","breadcrumb":{"@id":"https:\/\/sombramadrid.com\/largometrajes-sombra-2025\/los-blues-de-la-calle-pop-retrospectiva-antonio-mayans\/#breadcrumb"},"inLanguage":"en-GB","potentialAction":[{"@type":"ReadAction","target":["https:\/\/sombramadrid.com\/largometrajes-sombra-2025\/los-blues-de-la-calle-pop-retrospectiva-antonio-mayans\/"]}]},{"@type":"ImageObject","inLanguage":"en-GB","@id":"https:\/\/sombramadrid.com\/largometrajes-sombra-2025\/los-blues-de-la-calle-pop-retrospectiva-antonio-mayans\/#primaryimage","url":"https:\/\/sombramadrid.com\/wp-content\/uploads\/2025\/01\/los_blues_de_la_calle_pop_aka_aventuras_de_felipe_malboro_volumen_8-346080024-large.jpg","contentUrl":"https:\/\/sombramadrid.com\/wp-content\/uploads\/2025\/01\/los_blues_de_la_calle_pop_aka_aventuras_de_felipe_malboro_volumen_8-346080024-large.jpg","width":331,"height":521},{"@type":"BreadcrumbList","@id":"https:\/\/sombramadrid.com\/largometrajes-sombra-2025\/los-blues-de-la-calle-pop-retrospectiva-antonio-mayans\/#breadcrumb","itemListElement":[{"@type":"ListItem","position":1,"name":"Portada","item":"https:\/\/sombramadrid.com\/"},{"@type":"ListItem","position":2,"name":"Largometrajes Sombra 2025","item":"https:\/\/sombramadrid.com\/largometrajes-sombra-2025\/"},{"@type":"ListItem","position":3,"name":"Los blues de la calle Pop | Retrospectiva Antonio Mayans"}]},{"@type":"WebSite","@id":"https:\/\/sombramadrid.com\/#website","url":"https:\/\/sombramadrid.com\/","name":"Sombra Festival","description":"XIII Festival de Cine Fant\u00e1stico Europeo de Murcia, 8-17 MARZO 2024","publisher":{"@id":"https:\/\/sombramadrid.com\/#organization"},"potentialAction":[{"@type":"SearchAction","target":{"@type":"EntryPoint","urlTemplate":"https:\/\/sombramadrid.com\/?s={search_term_string}"},"query-input":{"@type":"PropertyValueSpecification","valueRequired":true,"valueName":"search_term_string"}}],"inLanguage":"en-GB"},{"@type":"Organization","@id":"https:\/\/sombramadrid.com\/#organization","name":"SOMBRA, IX FESTIVAL DE CINE FANTASTICO EUROPEO DE MURCIA","url":"https:\/\/sombramadrid.com\/","logo":{"@type":"ImageObject","inLanguage":"en-GB","@id":"https:\/\/sombramadrid.com\/#\/schema\/logo\/image\/","url":"https:\/\/sombramadrid.com\/wp-content\/uploads\/2019\/10\/Sombra-LogoIdentificador-Negativo.jpg","contentUrl":"https:\/\/sombramadrid.com\/wp-content\/uploads\/2019\/10\/Sombra-LogoIdentificador-Negativo.jpg","width":400,"height":400,"caption":"SOMBRA, IX FESTIVAL DE CINE FANTASTICO EUROPEO DE MURCIA"},"image":{"@id":"https:\/\/sombramadrid.com\/#\/schema\/logo\/image\/"},"sameAs":["https:\/\/www.facebook.com\/Sombra-Festival-De-CINE-Fantastico-Europeo-De-Murcia-175337032531429\/","https:\/\/x.com\/SombraFestival","https:\/\/www.instagram.com\/sombrafestival\/","https:\/\/www.youtube.com\/channel\/UCBdSJni9V30Tq4cGf4Lj0Ug?view_as=subscriber"]}]}},"_links":{"self":[{"href":"https:\/\/sombramadrid.com\/en\/wp-json\/wp\/v2\/pages\/6892","targetHints":{"allow":["GET"]}}],"collection":[{"href":"https:\/\/sombramadrid.com\/en\/wp-json\/wp\/v2\/pages"}],"about":[{"href":"https:\/\/sombramadrid.com\/en\/wp-json\/wp\/v2\/types\/page"}],"author":[{"embeddable":true,"href":"https:\/\/sombramadrid.com\/en\/wp-json\/wp\/v2\/users\/2"}],"replies":[{"embeddable":true,"href":"https:\/\/sombramadrid.com\/en\/wp-json\/wp\/v2\/comments?post=6892"}],"version-history":[{"count":6,"href":"https:\/\/sombramadrid.com\/en\/wp-json\/wp\/v2\/pages\/6892\/revisions"}],"predecessor-version":[{"id":7281,"href":"https:\/\/sombramadrid.com\/en\/wp-json\/wp\/v2\/pages\/6892\/revisions\/7281"}],"up":[{"embeddable":true,"href":"https:\/\/sombramadrid.com\/en\/wp-json\/wp\/v2\/pages\/6959"}],"wp:featuredmedia":[{"embeddable":true,"href":"https:\/\/sombramadrid.com\/en\/wp-json\/wp\/v2\/media\/6878"}],"wp:attachment":[{"href":"https:\/\/sombramadrid.com\/en\/wp-json\/wp\/v2\/media?parent=6892"}],"curies":[{"name":"wp","href":"https:\/\/api.w.org\/{rel}","templated":true}]}}