{"id":6868,"date":"2025-02-09T08:24:55","date_gmt":"2025-02-09T07:24:55","guid":{"rendered":"https:\/\/sombramadrid.com\/?page_id=6868"},"modified":"2025-02-27T23:17:22","modified_gmt":"2025-02-27T22:17:22","slug":"centrico-cortometrajes-a-concurso","status":"publish","type":"page","link":"https:\/\/sombramadrid.com\/en\/cortometrajes-2025\/centrico-cortometrajes-a-concurso\/","title":{"rendered":"C\u00e9ntrico | Cortometrajes a concurso"},"content":{"rendered":"<ul>\n<li><strong>Fecha:<\/strong> Martes, 18 de marzo<\/li>\n<li><strong>Hora:<\/strong> 18:00<\/li>\n<li><strong>Lugar:<\/strong> <span id=\"E359\" class=\"qowt-font7-ArialMT\">Artistic <\/span><span id=\"E361\" class=\"qowt-font7-ArialMT\">Metropol<\/span><\/li>\n<\/ul>\n<p style=\"text-align: center;\"><a href=\"https:\/\/www.giglon.com\/todos?idEvent=sombra-madrid--festival-de-cine-fantastico-europeo-cortometraje-bloque-a\"><span class=\"td_btn td_btn_lg td_default_btn\">COMPRAR ENTRADAS<\/span><\/a><\/p>\n<p><iframe loading=\"lazy\" title=\"CE\u0301NTRICO TRAILER -short\" width=\"696\" height=\"392\" src=\"https:\/\/www.youtube.com\/embed\/Tqi7Im7Um8M?feature=oembed\" frameborder=\"0\" allow=\"accelerometer; autoplay; clipboard-write; encrypted-media; gyroscope; picture-in-picture; web-share\" referrerpolicy=\"strict-origin-when-cross-origin\" allowfullscreen><\/iframe><\/p>\n<h3>Sinopsis<\/h3>\n<p>\u201cApartamento c\u00e9ntrico, bien comunicado, dos habitaciones, fen\u00f3menos paranormales\u201d. Si lo hubiesen anunciado as\u00ed nunca lo habr\u00edan alquilado. Para el puente, Ernesto y Nati no buscaban m\u00e1s emociones que visitar los principales atractivos tur\u00edsticos de la ciudad e ir al parque de atracciones, el regalo de cumplea\u00f1os del peque\u00f1o Pablo. Solo quer\u00edan pasar un fin de semana en la gran urbe y aquel alojamiento barato parec\u00eda uno como cualquier otro. Pero no lo era.<\/p>\n<p><img loading=\"lazy\" decoding=\"async\" class=\"size-large wp-image-6801 aligncenter\" src=\"https:\/\/sombrafestival.com\/wp-content\/uploads\/2025\/01\/centrico-752660675-large-731x1024.jpg\" alt=\"\" width=\"696\" height=\"975\" \/><\/p>\n<ul>\n<li><strong>T\u00edtulo original: <\/strong>C\u00e9ntrico<\/li>\n<li><strong>A\u00f1o: <\/strong>2023<\/li>\n<li><strong>Duraci\u00f3n: <\/strong>20 min.<strong><br \/>\n<\/strong><\/li>\n<li><strong>Pa\u00eds: <\/strong>Espa\u00f1a<\/li>\n<li><strong>Direcci\u00f3n: <\/strong>Luso Mart\u00ednez<\/li>\n<li><strong>Guion: <\/strong>Luso Mart\u00ednez, Cristina Medina. Historia original: Isaac Rosa<\/li>\n<li><strong>Reparto: <\/strong>Mar\u00eda V\u00e1zquez, V\u00edctor Dupl\u00e1, Alex Cirvi\u00e1n, Javi Tena, Violeta P\u00e9rez, India Delgado<\/li>\n<li><strong>M\u00fasica: <\/strong>Nerea Alberdi<\/li>\n<li><strong>Fotograf\u00eda: <\/strong>Manel Aguado<\/li>\n<li><strong>Compa\u00f1\u00edas: <\/strong>Cl\u00ednicaCreativa. Distribuidora: Freak Distribution<\/li>\n<li><strong>G\u00e9nero: <\/strong>Intriga. Drama. Terror | Cortometraje<\/li>\n<\/ul>","protected":false},"excerpt":{"rendered":"<p>Fecha: Martes, 18 de marzo Hora: 18:00 Lugar: Artistic Metropol COMPRAR ENTRADAS Sinopsis \u201cApartamento c\u00e9ntrico, bien comunicado, dos habitaciones, fen\u00f3menos paranormales\u201d. Si lo hubiesen anunciado as\u00ed nunca lo habr\u00edan alquilado. Para el puente, Ernesto y Nati no buscaban m\u00e1s emociones que visitar los principales atractivos tur\u00edsticos de la ciudad e ir al parque de atracciones, [&hellip;]<\/p>","protected":false},"author":2,"featured_media":6869,"parent":7176,"menu_order":0,"comment_status":"closed","ping_status":"closed","template":"","meta":{"footnotes":""},"class_list":["post-6868","page","type-page","status-publish","has-post-thumbnail"],"yoast_head":"<!-- This site is optimized with the Yoast SEO plugin v24.3 - https:\/\/yoast.com\/wordpress\/plugins\/seo\/ -->\n<title>C\u00e9ntrico | Cortometrajes a concurso - Sombra Festival<\/title>\n<meta name=\"robots\" content=\"index, follow, max-snippet:-1, max-image-preview:large, max-video-preview:-1\" \/>\n<link rel=\"canonical\" href=\"https:\/\/sombramadrid.com\/en\/cortometrajes-2025\/centrico-cortometrajes-a-concurso\/\" \/>\n<meta property=\"og:locale\" content=\"en_GB\" \/>\n<meta property=\"og:type\" content=\"article\" \/>\n<meta property=\"og:title\" content=\"C\u00e9ntrico | Cortometrajes a concurso - Sombra Festival\" \/>\n<meta property=\"og:description\" content=\"Fecha: Martes, 18 de marzo Hora: 18:00 Lugar: Artistic Metropol COMPRAR ENTRADAS Sinopsis \u201cApartamento c\u00e9ntrico, bien comunicado, dos habitaciones, fen\u00f3menos paranormales\u201d. Si lo hubiesen anunciado as\u00ed nunca lo habr\u00edan alquilado. Para el puente, Ernesto y Nati no buscaban m\u00e1s emociones que visitar los principales atractivos tur\u00edsticos de la ciudad e ir al parque de atracciones, [&hellip;]\" \/>\n<meta property=\"og:url\" content=\"https:\/\/sombramadrid.com\/en\/cortometrajes-2025\/centrico-cortometrajes-a-concurso\/\" \/>\n<meta property=\"og:site_name\" content=\"Sombra Festival\" \/>\n<meta property=\"article:publisher\" content=\"https:\/\/www.facebook.com\/Sombra-Festival-De-CINE-Fantastico-Europeo-De-Murcia-175337032531429\/\" \/>\n<meta property=\"article:modified_time\" content=\"2025-02-27T22:17:22+00:00\" \/>\n<meta property=\"og:image\" content=\"https:\/\/sombramadrid.com\/wp-content\/uploads\/2025\/01\/centrico-752660675-large.jpg\" \/>\n\t<meta property=\"og:image:width\" content=\"857\" \/>\n\t<meta property=\"og:image:height\" content=\"1200\" \/>\n\t<meta property=\"og:image:type\" content=\"image\/jpeg\" \/>\n<meta name=\"twitter:card\" content=\"summary_large_image\" \/>\n<meta name=\"twitter:site\" content=\"@SombraFestival\" \/>\n<meta name=\"twitter:label1\" content=\"Est. reading time\" \/>\n\t<meta name=\"twitter:data1\" content=\"2 minutes\" \/>\n<script type=\"application\/ld+json\" class=\"yoast-schema-graph\">{\"@context\":\"https:\/\/schema.org\",\"@graph\":[{\"@type\":\"WebPage\",\"@id\":\"https:\/\/sombramadrid.com\/cortometrajes-2025\/centrico-cortometrajes-a-concurso\/\",\"url\":\"https:\/\/sombramadrid.com\/cortometrajes-2025\/centrico-cortometrajes-a-concurso\/\",\"name\":\"C\u00e9ntrico | Cortometrajes a concurso - Sombra Festival\",\"isPartOf\":{\"@id\":\"https:\/\/sombramadrid.com\/#website\"},\"primaryImageOfPage\":{\"@id\":\"https:\/\/sombramadrid.com\/cortometrajes-2025\/centrico-cortometrajes-a-concurso\/#primaryimage\"},\"image\":{\"@id\":\"https:\/\/sombramadrid.com\/cortometrajes-2025\/centrico-cortometrajes-a-concurso\/#primaryimage\"},\"thumbnailUrl\":\"https:\/\/sombramadrid.com\/wp-content\/uploads\/2025\/01\/centrico-752660675-large.jpg\",\"datePublished\":\"2025-02-09T07:24:55+00:00\",\"dateModified\":\"2025-02-27T22:17:22+00:00\",\"breadcrumb\":{\"@id\":\"https:\/\/sombramadrid.com\/cortometrajes-2025\/centrico-cortometrajes-a-concurso\/#breadcrumb\"},\"inLanguage\":\"en-GB\",\"potentialAction\":[{\"@type\":\"ReadAction\",\"target\":[\"https:\/\/sombramadrid.com\/cortometrajes-2025\/centrico-cortometrajes-a-concurso\/\"]}]},{\"@type\":\"ImageObject\",\"inLanguage\":\"en-GB\",\"@id\":\"https:\/\/sombramadrid.com\/cortometrajes-2025\/centrico-cortometrajes-a-concurso\/#primaryimage\",\"url\":\"https:\/\/sombramadrid.com\/wp-content\/uploads\/2025\/01\/centrico-752660675-large.jpg\",\"contentUrl\":\"https:\/\/sombramadrid.com\/wp-content\/uploads\/2025\/01\/centrico-752660675-large.jpg\",\"width\":857,\"height\":1200},{\"@type\":\"BreadcrumbList\",\"@id\":\"https:\/\/sombramadrid.com\/cortometrajes-2025\/centrico-cortometrajes-a-concurso\/#breadcrumb\",\"itemListElement\":[{\"@type\":\"ListItem\",\"position\":1,\"name\":\"Portada\",\"item\":\"https:\/\/sombramadrid.com\/\"},{\"@type\":\"ListItem\",\"position\":2,\"name\":\"Cortometrajes 2025\",\"item\":\"https:\/\/sombramadrid.com\/cortometrajes-2025\/\"},{\"@type\":\"ListItem\",\"position\":3,\"name\":\"C\u00e9ntrico | Cortometrajes a concurso\"}]},{\"@type\":\"WebSite\",\"@id\":\"https:\/\/sombramadrid.com\/#website\",\"url\":\"https:\/\/sombramadrid.com\/\",\"name\":\"Sombra Festival\",\"description\":\"XIII Festival de Cine Fant\u00e1stico Europeo de Murcia, 8-17 MARZO 2024\",\"publisher\":{\"@id\":\"https:\/\/sombramadrid.com\/#organization\"},\"potentialAction\":[{\"@type\":\"SearchAction\",\"target\":{\"@type\":\"EntryPoint\",\"urlTemplate\":\"https:\/\/sombramadrid.com\/?s={search_term_string}\"},\"query-input\":{\"@type\":\"PropertyValueSpecification\",\"valueRequired\":true,\"valueName\":\"search_term_string\"}}],\"inLanguage\":\"en-GB\"},{\"@type\":\"Organization\",\"@id\":\"https:\/\/sombramadrid.com\/#organization\",\"name\":\"SOMBRA, IX FESTIVAL DE CINE FANTASTICO EUROPEO DE MURCIA\",\"url\":\"https:\/\/sombramadrid.com\/\",\"logo\":{\"@type\":\"ImageObject\",\"inLanguage\":\"en-GB\",\"@id\":\"https:\/\/sombramadrid.com\/#\/schema\/logo\/image\/\",\"url\":\"https:\/\/sombramadrid.com\/wp-content\/uploads\/2019\/10\/Sombra-LogoIdentificador-Negativo.jpg\",\"contentUrl\":\"https:\/\/sombramadrid.com\/wp-content\/uploads\/2019\/10\/Sombra-LogoIdentificador-Negativo.jpg\",\"width\":400,\"height\":400,\"caption\":\"SOMBRA, IX FESTIVAL DE CINE FANTASTICO EUROPEO DE MURCIA\"},\"image\":{\"@id\":\"https:\/\/sombramadrid.com\/#\/schema\/logo\/image\/\"},\"sameAs\":[\"https:\/\/www.facebook.com\/Sombra-Festival-De-CINE-Fantastico-Europeo-De-Murcia-175337032531429\/\",\"https:\/\/x.com\/SombraFestival\",\"https:\/\/www.instagram.com\/sombrafestival\/\",\"https:\/\/www.youtube.com\/channel\/UCBdSJni9V30Tq4cGf4Lj0Ug?view_as=subscriber\"]}]}<\/script>\n<!-- \/ Yoast SEO plugin. -->","yoast_head_json":{"title":"C\u00e9ntrico | Cortometrajes a concurso - Sombra Festival","robots":{"index":"index","follow":"follow","max-snippet":"max-snippet:-1","max-image-preview":"max-image-preview:large","max-video-preview":"max-video-preview:-1"},"canonical":"https:\/\/sombramadrid.com\/en\/cortometrajes-2025\/centrico-cortometrajes-a-concurso\/","og_locale":"en_GB","og_type":"article","og_title":"C\u00e9ntrico | Cortometrajes a concurso - Sombra Festival","og_description":"Fecha: Martes, 18 de marzo Hora: 18:00 Lugar: Artistic Metropol COMPRAR ENTRADAS Sinopsis \u201cApartamento c\u00e9ntrico, bien comunicado, dos habitaciones, fen\u00f3menos paranormales\u201d. Si lo hubiesen anunciado as\u00ed nunca lo habr\u00edan alquilado. Para el puente, Ernesto y Nati no buscaban m\u00e1s emociones que visitar los principales atractivos tur\u00edsticos de la ciudad e ir al parque de atracciones, [&hellip;]","og_url":"https:\/\/sombramadrid.com\/en\/cortometrajes-2025\/centrico-cortometrajes-a-concurso\/","og_site_name":"Sombra Festival","article_publisher":"https:\/\/www.facebook.com\/Sombra-Festival-De-CINE-Fantastico-Europeo-De-Murcia-175337032531429\/","article_modified_time":"2025-02-27T22:17:22+00:00","og_image":[{"width":857,"height":1200,"url":"https:\/\/sombramadrid.com\/wp-content\/uploads\/2025\/01\/centrico-752660675-large.jpg","type":"image\/jpeg"}],"twitter_card":"summary_large_image","twitter_site":"@SombraFestival","twitter_misc":{"Est. reading time":"2 minutes"},"schema":{"@context":"https:\/\/schema.org","@graph":[{"@type":"WebPage","@id":"https:\/\/sombramadrid.com\/cortometrajes-2025\/centrico-cortometrajes-a-concurso\/","url":"https:\/\/sombramadrid.com\/cortometrajes-2025\/centrico-cortometrajes-a-concurso\/","name":"C\u00e9ntrico | Cortometrajes a concurso - Sombra Festival","isPartOf":{"@id":"https:\/\/sombramadrid.com\/#website"},"primaryImageOfPage":{"@id":"https:\/\/sombramadrid.com\/cortometrajes-2025\/centrico-cortometrajes-a-concurso\/#primaryimage"},"image":{"@id":"https:\/\/sombramadrid.com\/cortometrajes-2025\/centrico-cortometrajes-a-concurso\/#primaryimage"},"thumbnailUrl":"https:\/\/sombramadrid.com\/wp-content\/uploads\/2025\/01\/centrico-752660675-large.jpg","datePublished":"2025-02-09T07:24:55+00:00","dateModified":"2025-02-27T22:17:22+00:00","breadcrumb":{"@id":"https:\/\/sombramadrid.com\/cortometrajes-2025\/centrico-cortometrajes-a-concurso\/#breadcrumb"},"inLanguage":"en-GB","potentialAction":[{"@type":"ReadAction","target":["https:\/\/sombramadrid.com\/cortometrajes-2025\/centrico-cortometrajes-a-concurso\/"]}]},{"@type":"ImageObject","inLanguage":"en-GB","@id":"https:\/\/sombramadrid.com\/cortometrajes-2025\/centrico-cortometrajes-a-concurso\/#primaryimage","url":"https:\/\/sombramadrid.com\/wp-content\/uploads\/2025\/01\/centrico-752660675-large.jpg","contentUrl":"https:\/\/sombramadrid.com\/wp-content\/uploads\/2025\/01\/centrico-752660675-large.jpg","width":857,"height":1200},{"@type":"BreadcrumbList","@id":"https:\/\/sombramadrid.com\/cortometrajes-2025\/centrico-cortometrajes-a-concurso\/#breadcrumb","itemListElement":[{"@type":"ListItem","position":1,"name":"Portada","item":"https:\/\/sombramadrid.com\/"},{"@type":"ListItem","position":2,"name":"Cortometrajes 2025","item":"https:\/\/sombramadrid.com\/cortometrajes-2025\/"},{"@type":"ListItem","position":3,"name":"C\u00e9ntrico | Cortometrajes a concurso"}]},{"@type":"WebSite","@id":"https:\/\/sombramadrid.com\/#website","url":"https:\/\/sombramadrid.com\/","name":"Sombra Festival","description":"XIII Festival de Cine Fant\u00e1stico Europeo de Murcia, 8-17 MARZO 2024","publisher":{"@id":"https:\/\/sombramadrid.com\/#organization"},"potentialAction":[{"@type":"SearchAction","target":{"@type":"EntryPoint","urlTemplate":"https:\/\/sombramadrid.com\/?s={search_term_string}"},"query-input":{"@type":"PropertyValueSpecification","valueRequired":true,"valueName":"search_term_string"}}],"inLanguage":"en-GB"},{"@type":"Organization","@id":"https:\/\/sombramadrid.com\/#organization","name":"SOMBRA, IX FESTIVAL DE CINE FANTASTICO EUROPEO DE MURCIA","url":"https:\/\/sombramadrid.com\/","logo":{"@type":"ImageObject","inLanguage":"en-GB","@id":"https:\/\/sombramadrid.com\/#\/schema\/logo\/image\/","url":"https:\/\/sombramadrid.com\/wp-content\/uploads\/2019\/10\/Sombra-LogoIdentificador-Negativo.jpg","contentUrl":"https:\/\/sombramadrid.com\/wp-content\/uploads\/2019\/10\/Sombra-LogoIdentificador-Negativo.jpg","width":400,"height":400,"caption":"SOMBRA, IX FESTIVAL DE CINE FANTASTICO EUROPEO DE MURCIA"},"image":{"@id":"https:\/\/sombramadrid.com\/#\/schema\/logo\/image\/"},"sameAs":["https:\/\/www.facebook.com\/Sombra-Festival-De-CINE-Fantastico-Europeo-De-Murcia-175337032531429\/","https:\/\/x.com\/SombraFestival","https:\/\/www.instagram.com\/sombrafestival\/","https:\/\/www.youtube.com\/channel\/UCBdSJni9V30Tq4cGf4Lj0Ug?view_as=subscriber"]}]}},"_links":{"self":[{"href":"https:\/\/sombramadrid.com\/en\/wp-json\/wp\/v2\/pages\/6868","targetHints":{"allow":["GET"]}}],"collection":[{"href":"https:\/\/sombramadrid.com\/en\/wp-json\/wp\/v2\/pages"}],"about":[{"href":"https:\/\/sombramadrid.com\/en\/wp-json\/wp\/v2\/types\/page"}],"author":[{"embeddable":true,"href":"https:\/\/sombramadrid.com\/en\/wp-json\/wp\/v2\/users\/2"}],"replies":[{"embeddable":true,"href":"https:\/\/sombramadrid.com\/en\/wp-json\/wp\/v2\/comments?post=6868"}],"version-history":[{"count":3,"href":"https:\/\/sombramadrid.com\/en\/wp-json\/wp\/v2\/pages\/6868\/revisions"}],"predecessor-version":[{"id":7487,"href":"https:\/\/sombramadrid.com\/en\/wp-json\/wp\/v2\/pages\/6868\/revisions\/7487"}],"up":[{"embeddable":true,"href":"https:\/\/sombramadrid.com\/en\/wp-json\/wp\/v2\/pages\/7176"}],"wp:featuredmedia":[{"embeddable":true,"href":"https:\/\/sombramadrid.com\/en\/wp-json\/wp\/v2\/media\/6869"}],"wp:attachment":[{"href":"https:\/\/sombramadrid.com\/en\/wp-json\/wp\/v2\/media?parent=6868"}],"curies":[{"name":"wp","href":"https:\/\/api.w.org\/{rel}","templated":true}]}}