{"id":6844,"date":"2025-02-04T20:53:10","date_gmt":"2025-02-04T19:53:10","guid":{"rendered":"https:\/\/sombramadrid.com\/?page_id=6844"},"modified":"2025-03-14T09:57:11","modified_gmt":"2025-03-14T08:57:11","slug":"amigo-invisible-sesion-especial-fonofox-fuera-de-competicion","status":"publish","type":"page","link":"https:\/\/sombramadrid.com\/en\/largometrajes-sombra-2025\/amigo-invisible-sesion-especial-fonofox-fuera-de-competicion\/","title":{"rendered":"Amigo invisible | Sesi\u00f3n especial Fonofox fuera de competici\u00f3n"},"content":{"rendered":"<ul>\n<li><strong>Fecha:<\/strong> Domingo, 23 de marzo<\/li>\n<li><strong>Hora:<\/strong> 12:00<\/li>\n<li><strong>Lugar:<\/strong> Cine Embajadores (Sala 4)<\/li>\n<li><strong>Idioma:<\/strong> VO<\/li>\n<\/ul>\n<p style=\"text-align: center;\"><a href=\"https:\/\/ticketandroll.com\/evento\/amigo-invisible-en-cines-embajadores-sala-4-23-Mar\"><span class=\"td_btn td_btn_lg td_default_btn\">COMPRAR ENTRADAS<\/span><\/a><\/p>\n<h3>Sinopsis<\/h3>\n<p>Un grupo de amigos se encuentra un a\u00f1o despu\u00e9s del suicidio de Lucas, miembro del mismo grupo. Pronto comienzan los asesinatos que precipitan la aparici\u00f3n de tensiones internas y miserias individuales enterradas.<\/p>\n<p><img loading=\"lazy\" decoding=\"async\" class=\"size-large wp-image-6845 aligncenter\" src=\"https:\/\/sombramadrid.com\/wp-content\/uploads\/2025\/01\/amigo_invisible-691009665-large-691x1024.jpg\" alt=\"\" width=\"691\" height=\"1024\" srcset=\"https:\/\/sombramadrid.com\/wp-content\/uploads\/2025\/01\/amigo_invisible-691009665-large-691x1024.jpg 691w, https:\/\/sombramadrid.com\/wp-content\/uploads\/2025\/01\/amigo_invisible-691009665-large-203x300.jpg 203w, https:\/\/sombramadrid.com\/wp-content\/uploads\/2025\/01\/amigo_invisible-691009665-large-768x1138.jpg 768w, https:\/\/sombramadrid.com\/wp-content\/uploads\/2025\/01\/amigo_invisible-691009665-large-8x12.jpg 8w, https:\/\/sombramadrid.com\/wp-content\/uploads\/2025\/01\/amigo_invisible-691009665-large-284x420.jpg 284w, https:\/\/sombramadrid.com\/wp-content\/uploads\/2025\/01\/amigo_invisible-691009665-large-696x1031.jpg 696w, https:\/\/sombramadrid.com\/wp-content\/uploads\/2025\/01\/amigo_invisible-691009665-large.jpg 810w\" sizes=\"auto, (max-width: 691px) 100vw, 691px\" \/><\/p>\n<ul>\n<li><strong>T\u00edtulo original: Amigo invisible<\/strong><\/li>\n<li><strong>A\u00f1o:<\/strong> 2022<\/li>\n<li><strong>Duraci\u00f3n:<\/strong> Espa\u00f1a<\/li>\n<li><strong>Pa\u00eds:<\/strong> Espa\u00f1a<\/li>\n<li><strong>Direcci\u00f3n:<\/strong> Pablo J. Cosco<\/li>\n<li><strong>Guion:<\/strong> Jordi Arenc\u00f3n, Juanjo del Junco<\/li>\n<li><strong>Reparto:<\/strong> Ariadna Cabrol, Candela Ant\u00f3n, Max Marieges, Tony Mart\u00ednez, Matt Posada, Jorge Oubel, Joaqu\u00edn Castellano, Anna Bermejo<\/li>\n<li><strong>M\u00fasica:<\/strong> Joan Martorell<\/li>\n<li><strong>Fotograf\u00eda:<\/strong> Ona Isart, Marta Mulas<\/li>\n<li><strong>Compa\u00f1\u00edas:<\/strong> Apocalipsis Producciones, Laca Producciones SL<\/li>\n<li><strong>G\u00e9nero:<\/strong> Terror | Asesinos en serie<span style=\"color: #999999;\"><br \/>\n<\/span><\/li>\n<\/ul>","protected":false},"excerpt":{"rendered":"<p>Fecha: Domingo, 23 de marzo Hora: 12:00 Lugar: Cine Embajadores (Sala 4) Idioma: VO COMPRAR ENTRADAS Sinopsis Un grupo de amigos se encuentra un a\u00f1o despu\u00e9s del suicidio de Lucas, miembro del mismo grupo. Pronto comienzan los asesinatos que precipitan la aparici\u00f3n de tensiones internas y miserias individuales enterradas. T\u00edtulo original: Amigo invisible A\u00f1o: 2022 [&hellip;]<\/p>","protected":false},"author":2,"featured_media":6845,"parent":6959,"menu_order":0,"comment_status":"closed","ping_status":"closed","template":"","meta":{"footnotes":""},"class_list":["post-6844","page","type-page","status-publish","has-post-thumbnail"],"yoast_head":"<!-- This site is optimized with the Yoast SEO plugin v24.3 - https:\/\/yoast.com\/wordpress\/plugins\/seo\/ -->\n<title>Amigo invisible | Sesi\u00f3n especial Fonofox fuera de competici\u00f3n - Sombra Festival<\/title>\n<meta name=\"robots\" content=\"index, follow, max-snippet:-1, max-image-preview:large, max-video-preview:-1\" \/>\n<link rel=\"canonical\" href=\"https:\/\/sombramadrid.com\/en\/largometrajes-sombra-2025\/amigo-invisible-sesion-especial-fonofox-fuera-de-competicion\/\" \/>\n<meta property=\"og:locale\" content=\"en_GB\" \/>\n<meta property=\"og:type\" content=\"article\" \/>\n<meta property=\"og:title\" content=\"Amigo invisible | Sesi\u00f3n especial Fonofox fuera de competici\u00f3n - Sombra Festival\" \/>\n<meta property=\"og:description\" content=\"Fecha: Domingo, 23 de marzo Hora: 12:00 Lugar: Cine Embajadores (Sala 4) Idioma: VO COMPRAR ENTRADAS Sinopsis Un grupo de amigos se encuentra un a\u00f1o despu\u00e9s del suicidio de Lucas, miembro del mismo grupo. Pronto comienzan los asesinatos que precipitan la aparici\u00f3n de tensiones internas y miserias individuales enterradas. T\u00edtulo original: Amigo invisible A\u00f1o: 2022 [&hellip;]\" \/>\n<meta property=\"og:url\" content=\"https:\/\/sombramadrid.com\/en\/largometrajes-sombra-2025\/amigo-invisible-sesion-especial-fonofox-fuera-de-competicion\/\" \/>\n<meta property=\"og:site_name\" content=\"Sombra Festival\" \/>\n<meta property=\"article:publisher\" content=\"https:\/\/www.facebook.com\/Sombra-Festival-De-CINE-Fantastico-Europeo-De-Murcia-175337032531429\/\" \/>\n<meta property=\"article:modified_time\" content=\"2025-03-14T08:57:11+00:00\" \/>\n<meta property=\"og:image\" content=\"https:\/\/sombramadrid.com\/wp-content\/uploads\/2025\/01\/amigo_invisible-691009665-large.jpg\" \/>\n\t<meta property=\"og:image:width\" content=\"810\" \/>\n\t<meta property=\"og:image:height\" content=\"1200\" \/>\n\t<meta property=\"og:image:type\" content=\"image\/jpeg\" \/>\n<meta name=\"twitter:card\" content=\"summary_large_image\" \/>\n<meta name=\"twitter:site\" content=\"@SombraFestival\" \/>\n<meta name=\"twitter:label1\" content=\"Est. reading time\" \/>\n\t<meta name=\"twitter:data1\" content=\"1 minute\" \/>\n<script type=\"application\/ld+json\" class=\"yoast-schema-graph\">{\"@context\":\"https:\/\/schema.org\",\"@graph\":[{\"@type\":\"WebPage\",\"@id\":\"https:\/\/sombramadrid.com\/largometrajes-sombra-2025\/amigo-invisible-sesion-especial-fonofox-fuera-de-competicion\/\",\"url\":\"https:\/\/sombramadrid.com\/largometrajes-sombra-2025\/amigo-invisible-sesion-especial-fonofox-fuera-de-competicion\/\",\"name\":\"Amigo invisible | Sesi\u00f3n especial Fonofox fuera de competici\u00f3n - Sombra Festival\",\"isPartOf\":{\"@id\":\"https:\/\/sombramadrid.com\/#website\"},\"primaryImageOfPage\":{\"@id\":\"https:\/\/sombramadrid.com\/largometrajes-sombra-2025\/amigo-invisible-sesion-especial-fonofox-fuera-de-competicion\/#primaryimage\"},\"image\":{\"@id\":\"https:\/\/sombramadrid.com\/largometrajes-sombra-2025\/amigo-invisible-sesion-especial-fonofox-fuera-de-competicion\/#primaryimage\"},\"thumbnailUrl\":\"https:\/\/sombramadrid.com\/wp-content\/uploads\/2025\/01\/amigo_invisible-691009665-large.jpg\",\"datePublished\":\"2025-02-04T19:53:10+00:00\",\"dateModified\":\"2025-03-14T08:57:11+00:00\",\"breadcrumb\":{\"@id\":\"https:\/\/sombramadrid.com\/largometrajes-sombra-2025\/amigo-invisible-sesion-especial-fonofox-fuera-de-competicion\/#breadcrumb\"},\"inLanguage\":\"en-GB\",\"potentialAction\":[{\"@type\":\"ReadAction\",\"target\":[\"https:\/\/sombramadrid.com\/largometrajes-sombra-2025\/amigo-invisible-sesion-especial-fonofox-fuera-de-competicion\/\"]}]},{\"@type\":\"ImageObject\",\"inLanguage\":\"en-GB\",\"@id\":\"https:\/\/sombramadrid.com\/largometrajes-sombra-2025\/amigo-invisible-sesion-especial-fonofox-fuera-de-competicion\/#primaryimage\",\"url\":\"https:\/\/sombramadrid.com\/wp-content\/uploads\/2025\/01\/amigo_invisible-691009665-large.jpg\",\"contentUrl\":\"https:\/\/sombramadrid.com\/wp-content\/uploads\/2025\/01\/amigo_invisible-691009665-large.jpg\",\"width\":810,\"height\":1200},{\"@type\":\"BreadcrumbList\",\"@id\":\"https:\/\/sombramadrid.com\/largometrajes-sombra-2025\/amigo-invisible-sesion-especial-fonofox-fuera-de-competicion\/#breadcrumb\",\"itemListElement\":[{\"@type\":\"ListItem\",\"position\":1,\"name\":\"Portada\",\"item\":\"https:\/\/sombramadrid.com\/\"},{\"@type\":\"ListItem\",\"position\":2,\"name\":\"Largometrajes Sombra 2025\",\"item\":\"https:\/\/sombramadrid.com\/largometrajes-sombra-2025\/\"},{\"@type\":\"ListItem\",\"position\":3,\"name\":\"Amigo invisible | Sesi\u00f3n especial Fonofox fuera de competici\u00f3n\"}]},{\"@type\":\"WebSite\",\"@id\":\"https:\/\/sombramadrid.com\/#website\",\"url\":\"https:\/\/sombramadrid.com\/\",\"name\":\"Sombra Festival\",\"description\":\"XIII Festival de Cine Fant\u00e1stico Europeo de Murcia, 8-17 MARZO 2024\",\"publisher\":{\"@id\":\"https:\/\/sombramadrid.com\/#organization\"},\"potentialAction\":[{\"@type\":\"SearchAction\",\"target\":{\"@type\":\"EntryPoint\",\"urlTemplate\":\"https:\/\/sombramadrid.com\/?s={search_term_string}\"},\"query-input\":{\"@type\":\"PropertyValueSpecification\",\"valueRequired\":true,\"valueName\":\"search_term_string\"}}],\"inLanguage\":\"en-GB\"},{\"@type\":\"Organization\",\"@id\":\"https:\/\/sombramadrid.com\/#organization\",\"name\":\"SOMBRA, IX FESTIVAL DE CINE FANTASTICO EUROPEO DE MURCIA\",\"url\":\"https:\/\/sombramadrid.com\/\",\"logo\":{\"@type\":\"ImageObject\",\"inLanguage\":\"en-GB\",\"@id\":\"https:\/\/sombramadrid.com\/#\/schema\/logo\/image\/\",\"url\":\"https:\/\/sombramadrid.com\/wp-content\/uploads\/2019\/10\/Sombra-LogoIdentificador-Negativo.jpg\",\"contentUrl\":\"https:\/\/sombramadrid.com\/wp-content\/uploads\/2019\/10\/Sombra-LogoIdentificador-Negativo.jpg\",\"width\":400,\"height\":400,\"caption\":\"SOMBRA, IX FESTIVAL DE CINE FANTASTICO EUROPEO DE MURCIA\"},\"image\":{\"@id\":\"https:\/\/sombramadrid.com\/#\/schema\/logo\/image\/\"},\"sameAs\":[\"https:\/\/www.facebook.com\/Sombra-Festival-De-CINE-Fantastico-Europeo-De-Murcia-175337032531429\/\",\"https:\/\/x.com\/SombraFestival\",\"https:\/\/www.instagram.com\/sombrafestival\/\",\"https:\/\/www.youtube.com\/channel\/UCBdSJni9V30Tq4cGf4Lj0Ug?view_as=subscriber\"]}]}<\/script>\n<!-- \/ Yoast SEO plugin. -->","yoast_head_json":{"title":"Amigo invisible | Sesi\u00f3n especial Fonofox fuera de competici\u00f3n - Sombra Festival","robots":{"index":"index","follow":"follow","max-snippet":"max-snippet:-1","max-image-preview":"max-image-preview:large","max-video-preview":"max-video-preview:-1"},"canonical":"https:\/\/sombramadrid.com\/en\/largometrajes-sombra-2025\/amigo-invisible-sesion-especial-fonofox-fuera-de-competicion\/","og_locale":"en_GB","og_type":"article","og_title":"Amigo invisible | Sesi\u00f3n especial Fonofox fuera de competici\u00f3n - Sombra Festival","og_description":"Fecha: Domingo, 23 de marzo Hora: 12:00 Lugar: Cine Embajadores (Sala 4) Idioma: VO COMPRAR ENTRADAS Sinopsis Un grupo de amigos se encuentra un a\u00f1o despu\u00e9s del suicidio de Lucas, miembro del mismo grupo. Pronto comienzan los asesinatos que precipitan la aparici\u00f3n de tensiones internas y miserias individuales enterradas. T\u00edtulo original: Amigo invisible A\u00f1o: 2022 [&hellip;]","og_url":"https:\/\/sombramadrid.com\/en\/largometrajes-sombra-2025\/amigo-invisible-sesion-especial-fonofox-fuera-de-competicion\/","og_site_name":"Sombra Festival","article_publisher":"https:\/\/www.facebook.com\/Sombra-Festival-De-CINE-Fantastico-Europeo-De-Murcia-175337032531429\/","article_modified_time":"2025-03-14T08:57:11+00:00","og_image":[{"width":810,"height":1200,"url":"https:\/\/sombramadrid.com\/wp-content\/uploads\/2025\/01\/amigo_invisible-691009665-large.jpg","type":"image\/jpeg"}],"twitter_card":"summary_large_image","twitter_site":"@SombraFestival","twitter_misc":{"Est. reading time":"1 minute"},"schema":{"@context":"https:\/\/schema.org","@graph":[{"@type":"WebPage","@id":"https:\/\/sombramadrid.com\/largometrajes-sombra-2025\/amigo-invisible-sesion-especial-fonofox-fuera-de-competicion\/","url":"https:\/\/sombramadrid.com\/largometrajes-sombra-2025\/amigo-invisible-sesion-especial-fonofox-fuera-de-competicion\/","name":"Amigo invisible | Sesi\u00f3n especial Fonofox fuera de competici\u00f3n - Sombra Festival","isPartOf":{"@id":"https:\/\/sombramadrid.com\/#website"},"primaryImageOfPage":{"@id":"https:\/\/sombramadrid.com\/largometrajes-sombra-2025\/amigo-invisible-sesion-especial-fonofox-fuera-de-competicion\/#primaryimage"},"image":{"@id":"https:\/\/sombramadrid.com\/largometrajes-sombra-2025\/amigo-invisible-sesion-especial-fonofox-fuera-de-competicion\/#primaryimage"},"thumbnailUrl":"https:\/\/sombramadrid.com\/wp-content\/uploads\/2025\/01\/amigo_invisible-691009665-large.jpg","datePublished":"2025-02-04T19:53:10+00:00","dateModified":"2025-03-14T08:57:11+00:00","breadcrumb":{"@id":"https:\/\/sombramadrid.com\/largometrajes-sombra-2025\/amigo-invisible-sesion-especial-fonofox-fuera-de-competicion\/#breadcrumb"},"inLanguage":"en-GB","potentialAction":[{"@type":"ReadAction","target":["https:\/\/sombramadrid.com\/largometrajes-sombra-2025\/amigo-invisible-sesion-especial-fonofox-fuera-de-competicion\/"]}]},{"@type":"ImageObject","inLanguage":"en-GB","@id":"https:\/\/sombramadrid.com\/largometrajes-sombra-2025\/amigo-invisible-sesion-especial-fonofox-fuera-de-competicion\/#primaryimage","url":"https:\/\/sombramadrid.com\/wp-content\/uploads\/2025\/01\/amigo_invisible-691009665-large.jpg","contentUrl":"https:\/\/sombramadrid.com\/wp-content\/uploads\/2025\/01\/amigo_invisible-691009665-large.jpg","width":810,"height":1200},{"@type":"BreadcrumbList","@id":"https:\/\/sombramadrid.com\/largometrajes-sombra-2025\/amigo-invisible-sesion-especial-fonofox-fuera-de-competicion\/#breadcrumb","itemListElement":[{"@type":"ListItem","position":1,"name":"Portada","item":"https:\/\/sombramadrid.com\/"},{"@type":"ListItem","position":2,"name":"Largometrajes Sombra 2025","item":"https:\/\/sombramadrid.com\/largometrajes-sombra-2025\/"},{"@type":"ListItem","position":3,"name":"Amigo invisible | Sesi\u00f3n especial Fonofox fuera de competici\u00f3n"}]},{"@type":"WebSite","@id":"https:\/\/sombramadrid.com\/#website","url":"https:\/\/sombramadrid.com\/","name":"Sombra Festival","description":"XIII Festival de Cine Fant\u00e1stico Europeo de Murcia, 8-17 MARZO 2024","publisher":{"@id":"https:\/\/sombramadrid.com\/#organization"},"potentialAction":[{"@type":"SearchAction","target":{"@type":"EntryPoint","urlTemplate":"https:\/\/sombramadrid.com\/?s={search_term_string}"},"query-input":{"@type":"PropertyValueSpecification","valueRequired":true,"valueName":"search_term_string"}}],"inLanguage":"en-GB"},{"@type":"Organization","@id":"https:\/\/sombramadrid.com\/#organization","name":"SOMBRA, IX FESTIVAL DE CINE FANTASTICO EUROPEO DE MURCIA","url":"https:\/\/sombramadrid.com\/","logo":{"@type":"ImageObject","inLanguage":"en-GB","@id":"https:\/\/sombramadrid.com\/#\/schema\/logo\/image\/","url":"https:\/\/sombramadrid.com\/wp-content\/uploads\/2019\/10\/Sombra-LogoIdentificador-Negativo.jpg","contentUrl":"https:\/\/sombramadrid.com\/wp-content\/uploads\/2019\/10\/Sombra-LogoIdentificador-Negativo.jpg","width":400,"height":400,"caption":"SOMBRA, IX FESTIVAL DE CINE FANTASTICO EUROPEO DE MURCIA"},"image":{"@id":"https:\/\/sombramadrid.com\/#\/schema\/logo\/image\/"},"sameAs":["https:\/\/www.facebook.com\/Sombra-Festival-De-CINE-Fantastico-Europeo-De-Murcia-175337032531429\/","https:\/\/x.com\/SombraFestival","https:\/\/www.instagram.com\/sombrafestival\/","https:\/\/www.youtube.com\/channel\/UCBdSJni9V30Tq4cGf4Lj0Ug?view_as=subscriber"]}]}},"_links":{"self":[{"href":"https:\/\/sombramadrid.com\/en\/wp-json\/wp\/v2\/pages\/6844","targetHints":{"allow":["GET"]}}],"collection":[{"href":"https:\/\/sombramadrid.com\/en\/wp-json\/wp\/v2\/pages"}],"about":[{"href":"https:\/\/sombramadrid.com\/en\/wp-json\/wp\/v2\/types\/page"}],"author":[{"embeddable":true,"href":"https:\/\/sombramadrid.com\/en\/wp-json\/wp\/v2\/users\/2"}],"replies":[{"embeddable":true,"href":"https:\/\/sombramadrid.com\/en\/wp-json\/wp\/v2\/comments?post=6844"}],"version-history":[{"count":7,"href":"https:\/\/sombramadrid.com\/en\/wp-json\/wp\/v2\/pages\/6844\/revisions"}],"predecessor-version":[{"id":7584,"href":"https:\/\/sombramadrid.com\/en\/wp-json\/wp\/v2\/pages\/6844\/revisions\/7584"}],"up":[{"embeddable":true,"href":"https:\/\/sombramadrid.com\/en\/wp-json\/wp\/v2\/pages\/6959"}],"wp:featuredmedia":[{"embeddable":true,"href":"https:\/\/sombramadrid.com\/en\/wp-json\/wp\/v2\/media\/6845"}],"wp:attachment":[{"href":"https:\/\/sombramadrid.com\/en\/wp-json\/wp\/v2\/media?parent=6844"}],"curies":[{"name":"wp","href":"https:\/\/api.w.org\/{rel}","templated":true}]}}