{"id":6841,"date":"2025-02-04T20:46:43","date_gmt":"2025-02-04T19:46:43","guid":{"rendered":"https:\/\/sombramadrid.com\/?page_id=6841"},"modified":"2025-02-12T15:58:27","modified_gmt":"2025-02-12T14:58:27","slug":"twilight-of-the-warriors-walled-in-asiavision","status":"publish","type":"page","link":"https:\/\/sombramadrid.com\/en\/largometrajes-sombra-2025\/twilight-of-the-warriors-walled-in-asiavision\/","title":{"rendered":"Twilight of the Warriors: Walled In | Ciclo Asiavision"},"content":{"rendered":"<ul>\n<li><strong>Fecha:<\/strong> Martes, 18 de marzo<\/li>\n<li><strong>Hora:<\/strong> 17:30<\/li>\n<li><strong>Lugar:<\/strong> Sala Berlanga<\/li>\n<li><strong>Idioma:<\/strong> VOSE<\/li>\n<\/ul>\n<p><span style=\"color: #ffff00;\"><strong>+ Cortometraje Sorpresa Fuera de Competici\u00f3n<\/strong><\/span><\/p>\n<p style=\"text-align: center;\"><a href=\"https:\/\/cine.entradas.com\/cine\/madrid\/sala-berlanga\/evento\/3060\"><span class=\"td_btn td_btn_lg td_default_btn\">COMPRAR ENTRADAS<\/span><\/a><\/p>\n<div style=\"position: relative; padding-bottom: 56.25%; height: 0; overflow: hidden;\"><iframe style=\"width: 100%; height: 100%; position: absolute; left: 0px; top: 0px; overflow: hidden; border: none;\" title=\"Dailymotion Video Player\" src=\"https:\/\/geo.dailymotion.com\/player.html?video=x91w03u\" allowfullscreen=\"allowfullscreen\"><br \/>\n<\/iframe><\/div>\n<h3><span style=\"color: #ffffff;\">Sinopsis<\/span><\/h3>\n<p><span style=\"color: #ffffff;\">En los a\u00f1os ochenta, el \u00fanico lugar de Hong Kong donde no se aplicaba la ley brit\u00e1nica era la temida Ciudad Amurallada de Kowloon, un enclave entregado a las bandas y al tr\u00e1fico de todo tipo. Huyendo del poderoso jefe de las tr\u00edadas Mr. Big, el emigrante ilegal Chan Lok-kwun se refugia en Kowloon City, donde es acogido bajo la protecci\u00f3n de Cicl\u00f3n, l\u00edder de la Ciudadela. Junto a los dem\u00e1s marginados de su clan, tendr\u00e1n que hacer frente a la invasi\u00f3n de la banda de Mr. Big y proteger el refugio en que se ha convertido para ellos la ciudad fortificada.<\/span><\/p>\n<p><img loading=\"lazy\" decoding=\"async\" class=\"size-large wp-image-6842 aligncenter\" src=\"https:\/\/sombramadrid.com\/wp-content\/uploads\/2025\/01\/twilight_of_the_warriors_walled_in-697638536-large-731x1024.jpg\" alt=\"\" width=\"696\" height=\"975\" srcset=\"https:\/\/sombramadrid.com\/wp-content\/uploads\/2025\/01\/twilight_of_the_warriors_walled_in-697638536-large-731x1024.jpg 731w, https:\/\/sombramadrid.com\/wp-content\/uploads\/2025\/01\/twilight_of_the_warriors_walled_in-697638536-large-214x300.jpg 214w, https:\/\/sombramadrid.com\/wp-content\/uploads\/2025\/01\/twilight_of_the_warriors_walled_in-697638536-large-768x1076.jpg 768w, https:\/\/sombramadrid.com\/wp-content\/uploads\/2025\/01\/twilight_of_the_warriors_walled_in-697638536-large-9x12.jpg 9w, https:\/\/sombramadrid.com\/wp-content\/uploads\/2025\/01\/twilight_of_the_warriors_walled_in-697638536-large-300x420.jpg 300w, https:\/\/sombramadrid.com\/wp-content\/uploads\/2025\/01\/twilight_of_the_warriors_walled_in-697638536-large-696x975.jpg 696w, https:\/\/sombramadrid.com\/wp-content\/uploads\/2025\/01\/twilight_of_the_warriors_walled_in-697638536-large.jpg 771w\" sizes=\"auto, (max-width: 696px) 100vw, 696px\" \/><\/p>\n<ul>\n<li><span style=\"color: #ffffff;\"><strong>T\u00edtulo original: <\/strong>Twilight of the Warriors: Walled Inaka<br \/>\n<\/span><\/li>\n<li><span style=\"color: #ffffff;\"><strong>A\u00f1o: <\/strong>2024<\/span><\/li>\n<li><span style=\"color: #ffffff;\"><strong>Duraci\u00f3n:<\/strong>125 min.<\/span><\/li>\n<li><span style=\"color: #ffffff;\"><strong>Pa\u00eds:<\/strong> Hong Kong<br \/>\n<\/span><\/li>\n<li><span style=\"color: #ffffff;\"><strong>Direcci\u00f3n:<\/strong> Soi Cheang<br \/>\n<\/span><\/li>\n<li><span style=\"color: #ffffff;\"><strong>Guion:<\/strong> Soi Au Kin-Yee, Chan Tai-Lee, Li Jun, Kwan-Sin Shum. C\u00f3mic: Li Jun<br \/>\n<\/span><\/li>\n<li><span style=\"color: #ffffff;\"><strong>Reparto:<\/strong> Raymond Lam, Sammo Hung, Louis Koo, Philip Ng, Richie Ren, Fish Liew, Pak Hon Chu, Kenny Wong, Cecilia Choi, Tony Wu, Chun-Him Lau, Man Kit Cheung<\/span><\/li>\n<li><span style=\"color: #ffffff;\"><strong>Fotograf\u00eda:<\/strong> Cheng Siu-Keung<\/span><\/li>\n<li><span style=\"color: #ffffff;\"><strong>Compa\u00f1\u00edas:<\/strong> Coproducci\u00f3n Hong Kong-China; Entertaining Power, HG Entertainment Film Company, Union Pictures, One Cool Film Production<\/span><\/li>\n<li><span style=\"color: #ffffff;\"><strong>G\u00e9nero:<\/strong> Acci\u00f3n. Thriller | Yakuza &amp; Triada. Artes marciales. A\u00f1os 80<\/span><\/li>\n<\/ul>","protected":false},"excerpt":{"rendered":"<p>Fecha: Martes, 18 de marzo Hora: 17:30 Lugar: Sala Berlanga Idioma: VOSE + Cortometraje Sorpresa Fuera de Competici\u00f3n COMPRAR ENTRADAS Sinopsis En los a\u00f1os ochenta, el \u00fanico lugar de Hong Kong donde no se aplicaba la ley brit\u00e1nica era la temida Ciudad Amurallada de Kowloon, un enclave entregado a las bandas y al tr\u00e1fico de [&hellip;]<\/p>","protected":false},"author":2,"featured_media":6842,"parent":6959,"menu_order":0,"comment_status":"closed","ping_status":"closed","template":"","meta":{"footnotes":""},"class_list":["post-6841","page","type-page","status-publish","has-post-thumbnail"],"yoast_head":"<!-- This site is optimized with the Yoast SEO plugin v24.3 - https:\/\/yoast.com\/wordpress\/plugins\/seo\/ -->\n<title>Twilight of the Warriors: Walled In | Ciclo Asiavision - Sombra Festival<\/title>\n<meta name=\"robots\" content=\"index, follow, max-snippet:-1, max-image-preview:large, max-video-preview:-1\" \/>\n<link rel=\"canonical\" href=\"https:\/\/sombramadrid.com\/en\/largometrajes-sombra-2025\/twilight-of-the-warriors-walled-in-asiavision\/\" \/>\n<meta property=\"og:locale\" content=\"en_GB\" \/>\n<meta property=\"og:type\" content=\"article\" \/>\n<meta property=\"og:title\" content=\"Twilight of the Warriors: Walled In | Ciclo Asiavision - Sombra Festival\" \/>\n<meta property=\"og:description\" content=\"Fecha: Martes, 18 de marzo Hora: 17:30 Lugar: Sala Berlanga Idioma: VOSE + Cortometraje Sorpresa Fuera de Competici\u00f3n COMPRAR ENTRADAS Sinopsis En los a\u00f1os ochenta, el \u00fanico lugar de Hong Kong donde no se aplicaba la ley brit\u00e1nica era la temida Ciudad Amurallada de Kowloon, un enclave entregado a las bandas y al tr\u00e1fico de [&hellip;]\" \/>\n<meta property=\"og:url\" content=\"https:\/\/sombramadrid.com\/en\/largometrajes-sombra-2025\/twilight-of-the-warriors-walled-in-asiavision\/\" \/>\n<meta property=\"og:site_name\" content=\"Sombra Festival\" \/>\n<meta property=\"article:publisher\" content=\"https:\/\/www.facebook.com\/Sombra-Festival-De-CINE-Fantastico-Europeo-De-Murcia-175337032531429\/\" \/>\n<meta property=\"article:modified_time\" content=\"2025-02-12T14:58:27+00:00\" \/>\n<meta property=\"og:image\" content=\"https:\/\/sombramadrid.com\/wp-content\/uploads\/2025\/01\/twilight_of_the_warriors_walled_in-697638536-large.jpg\" \/>\n\t<meta property=\"og:image:width\" content=\"771\" \/>\n\t<meta property=\"og:image:height\" content=\"1080\" \/>\n\t<meta property=\"og:image:type\" content=\"image\/jpeg\" \/>\n<meta name=\"twitter:card\" content=\"summary_large_image\" \/>\n<meta name=\"twitter:site\" content=\"@SombraFestival\" \/>\n<meta name=\"twitter:label1\" content=\"Est. reading time\" \/>\n\t<meta name=\"twitter:data1\" content=\"2 minutes\" \/>\n<script type=\"application\/ld+json\" class=\"yoast-schema-graph\">{\"@context\":\"https:\/\/schema.org\",\"@graph\":[{\"@type\":\"WebPage\",\"@id\":\"https:\/\/sombramadrid.com\/largometrajes-sombra-2025\/twilight-of-the-warriors-walled-in-asiavision\/\",\"url\":\"https:\/\/sombramadrid.com\/largometrajes-sombra-2025\/twilight-of-the-warriors-walled-in-asiavision\/\",\"name\":\"Twilight of the Warriors: Walled In | Ciclo Asiavision - Sombra Festival\",\"isPartOf\":{\"@id\":\"https:\/\/sombramadrid.com\/#website\"},\"primaryImageOfPage\":{\"@id\":\"https:\/\/sombramadrid.com\/largometrajes-sombra-2025\/twilight-of-the-warriors-walled-in-asiavision\/#primaryimage\"},\"image\":{\"@id\":\"https:\/\/sombramadrid.com\/largometrajes-sombra-2025\/twilight-of-the-warriors-walled-in-asiavision\/#primaryimage\"},\"thumbnailUrl\":\"https:\/\/sombramadrid.com\/wp-content\/uploads\/2025\/01\/twilight_of_the_warriors_walled_in-697638536-large.jpg\",\"datePublished\":\"2025-02-04T19:46:43+00:00\",\"dateModified\":\"2025-02-12T14:58:27+00:00\",\"breadcrumb\":{\"@id\":\"https:\/\/sombramadrid.com\/largometrajes-sombra-2025\/twilight-of-the-warriors-walled-in-asiavision\/#breadcrumb\"},\"inLanguage\":\"en-GB\",\"potentialAction\":[{\"@type\":\"ReadAction\",\"target\":[\"https:\/\/sombramadrid.com\/largometrajes-sombra-2025\/twilight-of-the-warriors-walled-in-asiavision\/\"]}]},{\"@type\":\"ImageObject\",\"inLanguage\":\"en-GB\",\"@id\":\"https:\/\/sombramadrid.com\/largometrajes-sombra-2025\/twilight-of-the-warriors-walled-in-asiavision\/#primaryimage\",\"url\":\"https:\/\/sombramadrid.com\/wp-content\/uploads\/2025\/01\/twilight_of_the_warriors_walled_in-697638536-large.jpg\",\"contentUrl\":\"https:\/\/sombramadrid.com\/wp-content\/uploads\/2025\/01\/twilight_of_the_warriors_walled_in-697638536-large.jpg\",\"width\":771,\"height\":1080},{\"@type\":\"BreadcrumbList\",\"@id\":\"https:\/\/sombramadrid.com\/largometrajes-sombra-2025\/twilight-of-the-warriors-walled-in-asiavision\/#breadcrumb\",\"itemListElement\":[{\"@type\":\"ListItem\",\"position\":1,\"name\":\"Portada\",\"item\":\"https:\/\/sombramadrid.com\/\"},{\"@type\":\"ListItem\",\"position\":2,\"name\":\"Largometrajes Sombra 2025\",\"item\":\"https:\/\/sombramadrid.com\/largometrajes-sombra-2025\/\"},{\"@type\":\"ListItem\",\"position\":3,\"name\":\"Twilight of the Warriors: Walled In | Ciclo Asiavision\"}]},{\"@type\":\"WebSite\",\"@id\":\"https:\/\/sombramadrid.com\/#website\",\"url\":\"https:\/\/sombramadrid.com\/\",\"name\":\"Sombra Festival\",\"description\":\"XIII Festival de Cine Fant\u00e1stico Europeo de Murcia, 8-17 MARZO 2024\",\"publisher\":{\"@id\":\"https:\/\/sombramadrid.com\/#organization\"},\"potentialAction\":[{\"@type\":\"SearchAction\",\"target\":{\"@type\":\"EntryPoint\",\"urlTemplate\":\"https:\/\/sombramadrid.com\/?s={search_term_string}\"},\"query-input\":{\"@type\":\"PropertyValueSpecification\",\"valueRequired\":true,\"valueName\":\"search_term_string\"}}],\"inLanguage\":\"en-GB\"},{\"@type\":\"Organization\",\"@id\":\"https:\/\/sombramadrid.com\/#organization\",\"name\":\"SOMBRA, IX FESTIVAL DE CINE FANTASTICO EUROPEO DE MURCIA\",\"url\":\"https:\/\/sombramadrid.com\/\",\"logo\":{\"@type\":\"ImageObject\",\"inLanguage\":\"en-GB\",\"@id\":\"https:\/\/sombramadrid.com\/#\/schema\/logo\/image\/\",\"url\":\"https:\/\/sombramadrid.com\/wp-content\/uploads\/2019\/10\/Sombra-LogoIdentificador-Negativo.jpg\",\"contentUrl\":\"https:\/\/sombramadrid.com\/wp-content\/uploads\/2019\/10\/Sombra-LogoIdentificador-Negativo.jpg\",\"width\":400,\"height\":400,\"caption\":\"SOMBRA, IX FESTIVAL DE CINE FANTASTICO EUROPEO DE MURCIA\"},\"image\":{\"@id\":\"https:\/\/sombramadrid.com\/#\/schema\/logo\/image\/\"},\"sameAs\":[\"https:\/\/www.facebook.com\/Sombra-Festival-De-CINE-Fantastico-Europeo-De-Murcia-175337032531429\/\",\"https:\/\/x.com\/SombraFestival\",\"https:\/\/www.instagram.com\/sombrafestival\/\",\"https:\/\/www.youtube.com\/channel\/UCBdSJni9V30Tq4cGf4Lj0Ug?view_as=subscriber\"]}]}<\/script>\n<!-- \/ Yoast SEO plugin. -->","yoast_head_json":{"title":"Twilight of the Warriors: Walled In | Ciclo Asiavision - Sombra Festival","robots":{"index":"index","follow":"follow","max-snippet":"max-snippet:-1","max-image-preview":"max-image-preview:large","max-video-preview":"max-video-preview:-1"},"canonical":"https:\/\/sombramadrid.com\/en\/largometrajes-sombra-2025\/twilight-of-the-warriors-walled-in-asiavision\/","og_locale":"en_GB","og_type":"article","og_title":"Twilight of the Warriors: Walled In | Ciclo Asiavision - Sombra Festival","og_description":"Fecha: Martes, 18 de marzo Hora: 17:30 Lugar: Sala Berlanga Idioma: VOSE + Cortometraje Sorpresa Fuera de Competici\u00f3n COMPRAR ENTRADAS Sinopsis En los a\u00f1os ochenta, el \u00fanico lugar de Hong Kong donde no se aplicaba la ley brit\u00e1nica era la temida Ciudad Amurallada de Kowloon, un enclave entregado a las bandas y al tr\u00e1fico de [&hellip;]","og_url":"https:\/\/sombramadrid.com\/en\/largometrajes-sombra-2025\/twilight-of-the-warriors-walled-in-asiavision\/","og_site_name":"Sombra Festival","article_publisher":"https:\/\/www.facebook.com\/Sombra-Festival-De-CINE-Fantastico-Europeo-De-Murcia-175337032531429\/","article_modified_time":"2025-02-12T14:58:27+00:00","og_image":[{"width":771,"height":1080,"url":"https:\/\/sombramadrid.com\/wp-content\/uploads\/2025\/01\/twilight_of_the_warriors_walled_in-697638536-large.jpg","type":"image\/jpeg"}],"twitter_card":"summary_large_image","twitter_site":"@SombraFestival","twitter_misc":{"Est. reading time":"2 minutes"},"schema":{"@context":"https:\/\/schema.org","@graph":[{"@type":"WebPage","@id":"https:\/\/sombramadrid.com\/largometrajes-sombra-2025\/twilight-of-the-warriors-walled-in-asiavision\/","url":"https:\/\/sombramadrid.com\/largometrajes-sombra-2025\/twilight-of-the-warriors-walled-in-asiavision\/","name":"Twilight of the Warriors: Walled In | Ciclo Asiavision - Sombra Festival","isPartOf":{"@id":"https:\/\/sombramadrid.com\/#website"},"primaryImageOfPage":{"@id":"https:\/\/sombramadrid.com\/largometrajes-sombra-2025\/twilight-of-the-warriors-walled-in-asiavision\/#primaryimage"},"image":{"@id":"https:\/\/sombramadrid.com\/largometrajes-sombra-2025\/twilight-of-the-warriors-walled-in-asiavision\/#primaryimage"},"thumbnailUrl":"https:\/\/sombramadrid.com\/wp-content\/uploads\/2025\/01\/twilight_of_the_warriors_walled_in-697638536-large.jpg","datePublished":"2025-02-04T19:46:43+00:00","dateModified":"2025-02-12T14:58:27+00:00","breadcrumb":{"@id":"https:\/\/sombramadrid.com\/largometrajes-sombra-2025\/twilight-of-the-warriors-walled-in-asiavision\/#breadcrumb"},"inLanguage":"en-GB","potentialAction":[{"@type":"ReadAction","target":["https:\/\/sombramadrid.com\/largometrajes-sombra-2025\/twilight-of-the-warriors-walled-in-asiavision\/"]}]},{"@type":"ImageObject","inLanguage":"en-GB","@id":"https:\/\/sombramadrid.com\/largometrajes-sombra-2025\/twilight-of-the-warriors-walled-in-asiavision\/#primaryimage","url":"https:\/\/sombramadrid.com\/wp-content\/uploads\/2025\/01\/twilight_of_the_warriors_walled_in-697638536-large.jpg","contentUrl":"https:\/\/sombramadrid.com\/wp-content\/uploads\/2025\/01\/twilight_of_the_warriors_walled_in-697638536-large.jpg","width":771,"height":1080},{"@type":"BreadcrumbList","@id":"https:\/\/sombramadrid.com\/largometrajes-sombra-2025\/twilight-of-the-warriors-walled-in-asiavision\/#breadcrumb","itemListElement":[{"@type":"ListItem","position":1,"name":"Portada","item":"https:\/\/sombramadrid.com\/"},{"@type":"ListItem","position":2,"name":"Largometrajes Sombra 2025","item":"https:\/\/sombramadrid.com\/largometrajes-sombra-2025\/"},{"@type":"ListItem","position":3,"name":"Twilight of the Warriors: Walled In | Ciclo Asiavision"}]},{"@type":"WebSite","@id":"https:\/\/sombramadrid.com\/#website","url":"https:\/\/sombramadrid.com\/","name":"Sombra Festival","description":"XIII Festival de Cine Fant\u00e1stico Europeo de Murcia, 8-17 MARZO 2024","publisher":{"@id":"https:\/\/sombramadrid.com\/#organization"},"potentialAction":[{"@type":"SearchAction","target":{"@type":"EntryPoint","urlTemplate":"https:\/\/sombramadrid.com\/?s={search_term_string}"},"query-input":{"@type":"PropertyValueSpecification","valueRequired":true,"valueName":"search_term_string"}}],"inLanguage":"en-GB"},{"@type":"Organization","@id":"https:\/\/sombramadrid.com\/#organization","name":"SOMBRA, IX FESTIVAL DE CINE FANTASTICO EUROPEO DE MURCIA","url":"https:\/\/sombramadrid.com\/","logo":{"@type":"ImageObject","inLanguage":"en-GB","@id":"https:\/\/sombramadrid.com\/#\/schema\/logo\/image\/","url":"https:\/\/sombramadrid.com\/wp-content\/uploads\/2019\/10\/Sombra-LogoIdentificador-Negativo.jpg","contentUrl":"https:\/\/sombramadrid.com\/wp-content\/uploads\/2019\/10\/Sombra-LogoIdentificador-Negativo.jpg","width":400,"height":400,"caption":"SOMBRA, IX FESTIVAL DE CINE FANTASTICO EUROPEO DE MURCIA"},"image":{"@id":"https:\/\/sombramadrid.com\/#\/schema\/logo\/image\/"},"sameAs":["https:\/\/www.facebook.com\/Sombra-Festival-De-CINE-Fantastico-Europeo-De-Murcia-175337032531429\/","https:\/\/x.com\/SombraFestival","https:\/\/www.instagram.com\/sombrafestival\/","https:\/\/www.youtube.com\/channel\/UCBdSJni9V30Tq4cGf4Lj0Ug?view_as=subscriber"]}]}},"_links":{"self":[{"href":"https:\/\/sombramadrid.com\/en\/wp-json\/wp\/v2\/pages\/6841","targetHints":{"allow":["GET"]}}],"collection":[{"href":"https:\/\/sombramadrid.com\/en\/wp-json\/wp\/v2\/pages"}],"about":[{"href":"https:\/\/sombramadrid.com\/en\/wp-json\/wp\/v2\/types\/page"}],"author":[{"embeddable":true,"href":"https:\/\/sombramadrid.com\/en\/wp-json\/wp\/v2\/users\/2"}],"replies":[{"embeddable":true,"href":"https:\/\/sombramadrid.com\/en\/wp-json\/wp\/v2\/comments?post=6841"}],"version-history":[{"count":13,"href":"https:\/\/sombramadrid.com\/en\/wp-json\/wp\/v2\/pages\/6841\/revisions"}],"predecessor-version":[{"id":7456,"href":"https:\/\/sombramadrid.com\/en\/wp-json\/wp\/v2\/pages\/6841\/revisions\/7456"}],"up":[{"embeddable":true,"href":"https:\/\/sombramadrid.com\/en\/wp-json\/wp\/v2\/pages\/6959"}],"wp:featuredmedia":[{"embeddable":true,"href":"https:\/\/sombramadrid.com\/en\/wp-json\/wp\/v2\/media\/6842"}],"wp:attachment":[{"href":"https:\/\/sombramadrid.com\/en\/wp-json\/wp\/v2\/media?parent=6841"}],"curies":[{"name":"wp","href":"https:\/\/api.w.org\/{rel}","templated":true}]}}