{"id":6834,"date":"2025-02-04T20:53:50","date_gmt":"2025-02-04T19:53:50","guid":{"rendered":"https:\/\/sombramadrid.com\/?page_id=6834"},"modified":"2025-02-12T15:55:51","modified_gmt":"2025-02-12T14:55:51","slug":"the-curse-of-the-necklace-pre-estreno","status":"publish","type":"page","link":"https:\/\/sombramadrid.com\/en\/largometrajes-sombra-2025\/the-curse-of-the-necklace-pre-estreno\/","title":{"rendered":"The Curse of the Necklace | Sesi\u00f3n Especial fuera de Competici\u00f3n"},"content":{"rendered":"<ul>\n<li><strong>Fecha:<\/strong> S\u00e1bado, 22 de marzo<\/li>\n<li><strong>Hora:<\/strong> 17:30<\/li>\n<li><strong>Lugar:<\/strong> Sala Berlanga<\/li>\n<li><strong>Idioma:<\/strong> VOSE<\/li>\n<\/ul>\n<p><span style=\"color: #ffff00;\"><strong>Preestreno<\/strong><\/span><\/p>\n<p style=\"text-align: center;\"><a href=\"https:\/\/cine.entradas.com\/cine\/madrid\/sala-berlanga\/evento\/3067\"><span class=\"td_btn td_btn_lg td_default_btn\">COMPRAR ENTRADAS<\/span><\/a><\/p>\n<h3>Sinopsis<\/h3>\n<p>La familia Davis atraviesa tiempos dif\u00edciles en la d\u00e9cada de 1960. Laura Davis se separa de su marido Frank debido a un temperamento impredecible alimentado por el alcohol. Cuando vuelve a trabajar como enfermera, sus hijas, Ellen, de 11 a\u00f1os, y Judy, de 16, se enfrentan a los cambios en la din\u00e1mica familiar. La trama se complica cuando Frank intenta recuperar a Laura con un hermoso collar antiguo, que resulta ser un conducto para el alma atormentada de un ni\u00f1o malvado de hace mucho tiempo, poniendo a Laura y a sus hijas en grave peligro.<\/p>\n<p><img loading=\"lazy\" decoding=\"async\" class=\"size-large wp-image-6835 aligncenter\" src=\"https:\/\/sombramadrid.com\/wp-content\/uploads\/2025\/01\/the_curse_of_the_necklace-169055771-large-757x1024.jpg\" alt=\"\" width=\"696\" height=\"941\" srcset=\"https:\/\/sombramadrid.com\/wp-content\/uploads\/2025\/01\/the_curse_of_the_necklace-169055771-large-757x1024.jpg 757w, https:\/\/sombramadrid.com\/wp-content\/uploads\/2025\/01\/the_curse_of_the_necklace-169055771-large-222x300.jpg 222w, https:\/\/sombramadrid.com\/wp-content\/uploads\/2025\/01\/the_curse_of_the_necklace-169055771-large-768x1039.jpg 768w, https:\/\/sombramadrid.com\/wp-content\/uploads\/2025\/01\/the_curse_of_the_necklace-169055771-large-9x12.jpg 9w, https:\/\/sombramadrid.com\/wp-content\/uploads\/2025\/01\/the_curse_of_the_necklace-169055771-large-311x420.jpg 311w, https:\/\/sombramadrid.com\/wp-content\/uploads\/2025\/01\/the_curse_of_the_necklace-169055771-large-696x941.jpg 696w, https:\/\/sombramadrid.com\/wp-content\/uploads\/2025\/01\/the_curse_of_the_necklace-169055771-large.jpg 800w\" sizes=\"auto, (max-width: 696px) 100vw, 696px\" \/><\/p>\n<ul>\n<li><strong>T\u00edtulo original: <\/strong>The Curse of the Necklace<\/li>\n<li><strong>A\u00f1o:<\/strong> 2024<\/li>\n<li><strong>Pa\u00eds:<\/strong> Estados Unidos<\/li>\n<li><strong>Direcci\u00f3n:<\/strong> Juan Pablo Arias Munoz<\/li>\n<li><strong>Guion:<\/strong> John Ducey<\/li>\n<li><strong>Reparto:<\/strong> Violet McGraw, Madeleine McGraw, Sarah Lind, Henry Thomas, Roma Maffia, Felix Solis, Christina Moore, Jacob Moran<\/li>\n<li><strong>M\u00fasica:<\/strong> Jamie Christopherson<\/li>\n<li><strong>Fotograf\u00eda:<\/strong> Reuben Steinberg<\/li>\n<li><strong>Compa\u00f1\u00edas:<\/strong> ESX Entertainment. Distribuidora: Warner Bros.<\/li>\n<li><strong>G\u00e9nero:<\/strong> Terror. Drama | Sobrenatural. Alcoholismo. A\u00f1os 60<\/li>\n<\/ul>","protected":false},"excerpt":{"rendered":"<p>Fecha: S\u00e1bado, 22 de marzo Hora: 17:30 Lugar: Sala Berlanga Idioma: VOSE Preestreno COMPRAR ENTRADAS Sinopsis La familia Davis atraviesa tiempos dif\u00edciles en la d\u00e9cada de 1960. Laura Davis se separa de su marido Frank debido a un temperamento impredecible alimentado por el alcohol. Cuando vuelve a trabajar como enfermera, sus hijas, Ellen, de 11 [&hellip;]<\/p>","protected":false},"author":2,"featured_media":6835,"parent":6959,"menu_order":0,"comment_status":"closed","ping_status":"closed","template":"","meta":{"footnotes":""},"class_list":["post-6834","page","type-page","status-publish","has-post-thumbnail"],"yoast_head":"<!-- This site is optimized with the Yoast SEO plugin v24.3 - https:\/\/yoast.com\/wordpress\/plugins\/seo\/ -->\n<title>The Curse of the Necklace | Sesi\u00f3n Especial fuera de Competici\u00f3n - Sombra Festival<\/title>\n<meta name=\"robots\" content=\"index, follow, max-snippet:-1, max-image-preview:large, max-video-preview:-1\" \/>\n<link rel=\"canonical\" href=\"https:\/\/sombramadrid.com\/en\/largometrajes-sombra-2025\/the-curse-of-the-necklace-pre-estreno\/\" \/>\n<meta property=\"og:locale\" content=\"en_GB\" \/>\n<meta property=\"og:type\" content=\"article\" \/>\n<meta property=\"og:title\" content=\"The Curse of the Necklace | Sesi\u00f3n Especial fuera de Competici\u00f3n - Sombra Festival\" \/>\n<meta property=\"og:description\" content=\"Fecha: S\u00e1bado, 22 de marzo Hora: 17:30 Lugar: Sala Berlanga Idioma: VOSE Preestreno COMPRAR ENTRADAS Sinopsis La familia Davis atraviesa tiempos dif\u00edciles en la d\u00e9cada de 1960. Laura Davis se separa de su marido Frank debido a un temperamento impredecible alimentado por el alcohol. Cuando vuelve a trabajar como enfermera, sus hijas, Ellen, de 11 [&hellip;]\" \/>\n<meta property=\"og:url\" content=\"https:\/\/sombramadrid.com\/en\/largometrajes-sombra-2025\/the-curse-of-the-necklace-pre-estreno\/\" \/>\n<meta property=\"og:site_name\" content=\"Sombra Festival\" \/>\n<meta property=\"article:publisher\" content=\"https:\/\/www.facebook.com\/Sombra-Festival-De-CINE-Fantastico-Europeo-De-Murcia-175337032531429\/\" \/>\n<meta property=\"article:modified_time\" content=\"2025-02-12T14:55:51+00:00\" \/>\n<meta property=\"og:image\" content=\"https:\/\/sombramadrid.com\/wp-content\/uploads\/2025\/01\/the_curse_of_the_necklace-169055771-large.jpg\" \/>\n\t<meta property=\"og:image:width\" content=\"800\" \/>\n\t<meta property=\"og:image:height\" content=\"1082\" \/>\n\t<meta property=\"og:image:type\" content=\"image\/jpeg\" \/>\n<meta name=\"twitter:card\" content=\"summary_large_image\" \/>\n<meta name=\"twitter:site\" content=\"@SombraFestival\" \/>\n<meta name=\"twitter:label1\" content=\"Est. reading time\" \/>\n\t<meta name=\"twitter:data1\" content=\"2 minutes\" \/>\n<script type=\"application\/ld+json\" class=\"yoast-schema-graph\">{\"@context\":\"https:\/\/schema.org\",\"@graph\":[{\"@type\":\"WebPage\",\"@id\":\"https:\/\/sombramadrid.com\/largometrajes-sombra-2025\/the-curse-of-the-necklace-pre-estreno\/\",\"url\":\"https:\/\/sombramadrid.com\/largometrajes-sombra-2025\/the-curse-of-the-necklace-pre-estreno\/\",\"name\":\"The Curse of the Necklace | Sesi\u00f3n Especial fuera de Competici\u00f3n - Sombra Festival\",\"isPartOf\":{\"@id\":\"https:\/\/sombramadrid.com\/#website\"},\"primaryImageOfPage\":{\"@id\":\"https:\/\/sombramadrid.com\/largometrajes-sombra-2025\/the-curse-of-the-necklace-pre-estreno\/#primaryimage\"},\"image\":{\"@id\":\"https:\/\/sombramadrid.com\/largometrajes-sombra-2025\/the-curse-of-the-necklace-pre-estreno\/#primaryimage\"},\"thumbnailUrl\":\"https:\/\/sombramadrid.com\/wp-content\/uploads\/2025\/01\/the_curse_of_the_necklace-169055771-large.jpg\",\"datePublished\":\"2025-02-04T19:53:50+00:00\",\"dateModified\":\"2025-02-12T14:55:51+00:00\",\"breadcrumb\":{\"@id\":\"https:\/\/sombramadrid.com\/largometrajes-sombra-2025\/the-curse-of-the-necklace-pre-estreno\/#breadcrumb\"},\"inLanguage\":\"en-GB\",\"potentialAction\":[{\"@type\":\"ReadAction\",\"target\":[\"https:\/\/sombramadrid.com\/largometrajes-sombra-2025\/the-curse-of-the-necklace-pre-estreno\/\"]}]},{\"@type\":\"ImageObject\",\"inLanguage\":\"en-GB\",\"@id\":\"https:\/\/sombramadrid.com\/largometrajes-sombra-2025\/the-curse-of-the-necklace-pre-estreno\/#primaryimage\",\"url\":\"https:\/\/sombramadrid.com\/wp-content\/uploads\/2025\/01\/the_curse_of_the_necklace-169055771-large.jpg\",\"contentUrl\":\"https:\/\/sombramadrid.com\/wp-content\/uploads\/2025\/01\/the_curse_of_the_necklace-169055771-large.jpg\",\"width\":800,\"height\":1082},{\"@type\":\"BreadcrumbList\",\"@id\":\"https:\/\/sombramadrid.com\/largometrajes-sombra-2025\/the-curse-of-the-necklace-pre-estreno\/#breadcrumb\",\"itemListElement\":[{\"@type\":\"ListItem\",\"position\":1,\"name\":\"Portada\",\"item\":\"https:\/\/sombramadrid.com\/\"},{\"@type\":\"ListItem\",\"position\":2,\"name\":\"Largometrajes Sombra 2025\",\"item\":\"https:\/\/sombramadrid.com\/largometrajes-sombra-2025\/\"},{\"@type\":\"ListItem\",\"position\":3,\"name\":\"The Curse of the Necklace | Sesi\u00f3n Especial fuera de Competici\u00f3n\"}]},{\"@type\":\"WebSite\",\"@id\":\"https:\/\/sombramadrid.com\/#website\",\"url\":\"https:\/\/sombramadrid.com\/\",\"name\":\"Sombra Festival\",\"description\":\"XIII Festival de Cine Fant\u00e1stico Europeo de Murcia, 8-17 MARZO 2024\",\"publisher\":{\"@id\":\"https:\/\/sombramadrid.com\/#organization\"},\"potentialAction\":[{\"@type\":\"SearchAction\",\"target\":{\"@type\":\"EntryPoint\",\"urlTemplate\":\"https:\/\/sombramadrid.com\/?s={search_term_string}\"},\"query-input\":{\"@type\":\"PropertyValueSpecification\",\"valueRequired\":true,\"valueName\":\"search_term_string\"}}],\"inLanguage\":\"en-GB\"},{\"@type\":\"Organization\",\"@id\":\"https:\/\/sombramadrid.com\/#organization\",\"name\":\"SOMBRA, IX FESTIVAL DE CINE FANTASTICO EUROPEO DE MURCIA\",\"url\":\"https:\/\/sombramadrid.com\/\",\"logo\":{\"@type\":\"ImageObject\",\"inLanguage\":\"en-GB\",\"@id\":\"https:\/\/sombramadrid.com\/#\/schema\/logo\/image\/\",\"url\":\"https:\/\/sombramadrid.com\/wp-content\/uploads\/2019\/10\/Sombra-LogoIdentificador-Negativo.jpg\",\"contentUrl\":\"https:\/\/sombramadrid.com\/wp-content\/uploads\/2019\/10\/Sombra-LogoIdentificador-Negativo.jpg\",\"width\":400,\"height\":400,\"caption\":\"SOMBRA, IX FESTIVAL DE CINE FANTASTICO EUROPEO DE MURCIA\"},\"image\":{\"@id\":\"https:\/\/sombramadrid.com\/#\/schema\/logo\/image\/\"},\"sameAs\":[\"https:\/\/www.facebook.com\/Sombra-Festival-De-CINE-Fantastico-Europeo-De-Murcia-175337032531429\/\",\"https:\/\/x.com\/SombraFestival\",\"https:\/\/www.instagram.com\/sombrafestival\/\",\"https:\/\/www.youtube.com\/channel\/UCBdSJni9V30Tq4cGf4Lj0Ug?view_as=subscriber\"]}]}<\/script>\n<!-- \/ Yoast SEO plugin. -->","yoast_head_json":{"title":"The Curse of the Necklace | Sesi\u00f3n Especial fuera de Competici\u00f3n - Sombra Festival","robots":{"index":"index","follow":"follow","max-snippet":"max-snippet:-1","max-image-preview":"max-image-preview:large","max-video-preview":"max-video-preview:-1"},"canonical":"https:\/\/sombramadrid.com\/en\/largometrajes-sombra-2025\/the-curse-of-the-necklace-pre-estreno\/","og_locale":"en_GB","og_type":"article","og_title":"The Curse of the Necklace | Sesi\u00f3n Especial fuera de Competici\u00f3n - Sombra Festival","og_description":"Fecha: S\u00e1bado, 22 de marzo Hora: 17:30 Lugar: Sala Berlanga Idioma: VOSE Preestreno COMPRAR ENTRADAS Sinopsis La familia Davis atraviesa tiempos dif\u00edciles en la d\u00e9cada de 1960. Laura Davis se separa de su marido Frank debido a un temperamento impredecible alimentado por el alcohol. Cuando vuelve a trabajar como enfermera, sus hijas, Ellen, de 11 [&hellip;]","og_url":"https:\/\/sombramadrid.com\/en\/largometrajes-sombra-2025\/the-curse-of-the-necklace-pre-estreno\/","og_site_name":"Sombra Festival","article_publisher":"https:\/\/www.facebook.com\/Sombra-Festival-De-CINE-Fantastico-Europeo-De-Murcia-175337032531429\/","article_modified_time":"2025-02-12T14:55:51+00:00","og_image":[{"width":800,"height":1082,"url":"https:\/\/sombramadrid.com\/wp-content\/uploads\/2025\/01\/the_curse_of_the_necklace-169055771-large.jpg","type":"image\/jpeg"}],"twitter_card":"summary_large_image","twitter_site":"@SombraFestival","twitter_misc":{"Est. reading time":"2 minutes"},"schema":{"@context":"https:\/\/schema.org","@graph":[{"@type":"WebPage","@id":"https:\/\/sombramadrid.com\/largometrajes-sombra-2025\/the-curse-of-the-necklace-pre-estreno\/","url":"https:\/\/sombramadrid.com\/largometrajes-sombra-2025\/the-curse-of-the-necklace-pre-estreno\/","name":"The Curse of the Necklace | Sesi\u00f3n Especial fuera de Competici\u00f3n - Sombra Festival","isPartOf":{"@id":"https:\/\/sombramadrid.com\/#website"},"primaryImageOfPage":{"@id":"https:\/\/sombramadrid.com\/largometrajes-sombra-2025\/the-curse-of-the-necklace-pre-estreno\/#primaryimage"},"image":{"@id":"https:\/\/sombramadrid.com\/largometrajes-sombra-2025\/the-curse-of-the-necklace-pre-estreno\/#primaryimage"},"thumbnailUrl":"https:\/\/sombramadrid.com\/wp-content\/uploads\/2025\/01\/the_curse_of_the_necklace-169055771-large.jpg","datePublished":"2025-02-04T19:53:50+00:00","dateModified":"2025-02-12T14:55:51+00:00","breadcrumb":{"@id":"https:\/\/sombramadrid.com\/largometrajes-sombra-2025\/the-curse-of-the-necklace-pre-estreno\/#breadcrumb"},"inLanguage":"en-GB","potentialAction":[{"@type":"ReadAction","target":["https:\/\/sombramadrid.com\/largometrajes-sombra-2025\/the-curse-of-the-necklace-pre-estreno\/"]}]},{"@type":"ImageObject","inLanguage":"en-GB","@id":"https:\/\/sombramadrid.com\/largometrajes-sombra-2025\/the-curse-of-the-necklace-pre-estreno\/#primaryimage","url":"https:\/\/sombramadrid.com\/wp-content\/uploads\/2025\/01\/the_curse_of_the_necklace-169055771-large.jpg","contentUrl":"https:\/\/sombramadrid.com\/wp-content\/uploads\/2025\/01\/the_curse_of_the_necklace-169055771-large.jpg","width":800,"height":1082},{"@type":"BreadcrumbList","@id":"https:\/\/sombramadrid.com\/largometrajes-sombra-2025\/the-curse-of-the-necklace-pre-estreno\/#breadcrumb","itemListElement":[{"@type":"ListItem","position":1,"name":"Portada","item":"https:\/\/sombramadrid.com\/"},{"@type":"ListItem","position":2,"name":"Largometrajes Sombra 2025","item":"https:\/\/sombramadrid.com\/largometrajes-sombra-2025\/"},{"@type":"ListItem","position":3,"name":"The Curse of the Necklace | Sesi\u00f3n Especial fuera de Competici\u00f3n"}]},{"@type":"WebSite","@id":"https:\/\/sombramadrid.com\/#website","url":"https:\/\/sombramadrid.com\/","name":"Sombra Festival","description":"XIII Festival de Cine Fant\u00e1stico Europeo de Murcia, 8-17 MARZO 2024","publisher":{"@id":"https:\/\/sombramadrid.com\/#organization"},"potentialAction":[{"@type":"SearchAction","target":{"@type":"EntryPoint","urlTemplate":"https:\/\/sombramadrid.com\/?s={search_term_string}"},"query-input":{"@type":"PropertyValueSpecification","valueRequired":true,"valueName":"search_term_string"}}],"inLanguage":"en-GB"},{"@type":"Organization","@id":"https:\/\/sombramadrid.com\/#organization","name":"SOMBRA, IX FESTIVAL DE CINE FANTASTICO EUROPEO DE MURCIA","url":"https:\/\/sombramadrid.com\/","logo":{"@type":"ImageObject","inLanguage":"en-GB","@id":"https:\/\/sombramadrid.com\/#\/schema\/logo\/image\/","url":"https:\/\/sombramadrid.com\/wp-content\/uploads\/2019\/10\/Sombra-LogoIdentificador-Negativo.jpg","contentUrl":"https:\/\/sombramadrid.com\/wp-content\/uploads\/2019\/10\/Sombra-LogoIdentificador-Negativo.jpg","width":400,"height":400,"caption":"SOMBRA, IX FESTIVAL DE CINE FANTASTICO EUROPEO DE MURCIA"},"image":{"@id":"https:\/\/sombramadrid.com\/#\/schema\/logo\/image\/"},"sameAs":["https:\/\/www.facebook.com\/Sombra-Festival-De-CINE-Fantastico-Europeo-De-Murcia-175337032531429\/","https:\/\/x.com\/SombraFestival","https:\/\/www.instagram.com\/sombrafestival\/","https:\/\/www.youtube.com\/channel\/UCBdSJni9V30Tq4cGf4Lj0Ug?view_as=subscriber"]}]}},"_links":{"self":[{"href":"https:\/\/sombramadrid.com\/en\/wp-json\/wp\/v2\/pages\/6834","targetHints":{"allow":["GET"]}}],"collection":[{"href":"https:\/\/sombramadrid.com\/en\/wp-json\/wp\/v2\/pages"}],"about":[{"href":"https:\/\/sombramadrid.com\/en\/wp-json\/wp\/v2\/types\/page"}],"author":[{"embeddable":true,"href":"https:\/\/sombramadrid.com\/en\/wp-json\/wp\/v2\/users\/2"}],"replies":[{"embeddable":true,"href":"https:\/\/sombramadrid.com\/en\/wp-json\/wp\/v2\/comments?post=6834"}],"version-history":[{"count":9,"href":"https:\/\/sombramadrid.com\/en\/wp-json\/wp\/v2\/pages\/6834\/revisions"}],"predecessor-version":[{"id":7448,"href":"https:\/\/sombramadrid.com\/en\/wp-json\/wp\/v2\/pages\/6834\/revisions\/7448"}],"up":[{"embeddable":true,"href":"https:\/\/sombramadrid.com\/en\/wp-json\/wp\/v2\/pages\/6959"}],"wp:featuredmedia":[{"embeddable":true,"href":"https:\/\/sombramadrid.com\/en\/wp-json\/wp\/v2\/media\/6835"}],"wp:attachment":[{"href":"https:\/\/sombramadrid.com\/en\/wp-json\/wp\/v2\/media?parent=6834"}],"curies":[{"name":"wp","href":"https:\/\/api.w.org\/{rel}","templated":true}]}}