{"id":6831,"date":"2025-02-04T20:55:06","date_gmt":"2025-02-04T19:55:06","guid":{"rendered":"https:\/\/sombramadrid.com\/?page_id=6831"},"modified":"2025-03-14T09:56:24","modified_gmt":"2025-03-14T08:56:24","slug":"jose-lifante-mi-aventura-en-el-cine-sesion-especial-fuera-de-concurso","status":"publish","type":"page","link":"https:\/\/sombramadrid.com\/en\/largometrajes-sombra-2025\/jose-lifante-mi-aventura-en-el-cine-sesion-especial-fuera-de-concurso\/","title":{"rendered":"Jos\u00e9 Lifante, mi aventura en el cine | Sesi\u00f3n Especial Fuera de Concurso"},"content":{"rendered":"<ul>\n<li><strong>Fecha:<\/strong> S\u00e1bado, 22 de marzo<\/li>\n<li><strong>Hora:<\/strong> 12:00<\/li>\n<li><strong>Lugar:<\/strong> Cine Embajadores (Sala 2)<\/li>\n<li><strong>Idioma:<\/strong> VO<\/li>\n<\/ul>\n<p><a href=\"https:\/\/sombramadrid.com\/en\/actividades-sombra-2025\/presentacion-paul-naschy-scrapbook\/\"><span style=\"color: #ffff00;\"><strong>+ Presentaci\u00f3n Paul Naschy Scrapbook, con David Garc\u00eda Sari\u00f1ena y Sergio Molina.<\/strong><\/span><\/a><\/p>\n<p style=\"text-align: center;\"><a href=\"https:\/\/ticketandroll.com\/evento\/jose-linfante-mi-aventura-en-el-cine-cines-embajadores-sala-2\"><span class=\"td_btn td_btn_lg td_default_btn\">COMPRAR ENTRADAS<\/span><\/a><\/p>\n<p><iframe loading=\"lazy\" title=\"Trailer del documental &quot;Jose Lifante, mi aventura en el cine&quot;\" width=\"696\" height=\"392\" src=\"https:\/\/www.youtube.com\/embed\/8NO1sCJB7Mw?feature=oembed\" frameborder=\"0\" allow=\"accelerometer; autoplay; clipboard-write; encrypted-media; gyroscope; picture-in-picture; web-share\" referrerpolicy=\"strict-origin-when-cross-origin\" allowfullscreen><\/iframe><\/p>\n<h3>Sinopsis<\/h3>\n<p>Testimonio en primera persona de la vida y obra de uno de los actores de reparto m\u00e1s importantes y prol\u00edficos del cine espa\u00f1ol.<\/p>\n<p><img loading=\"lazy\" decoding=\"async\" class=\"size-full wp-image-6832 aligncenter\" src=\"https:\/\/sombramadrid.com\/wp-content\/uploads\/2025\/01\/jose_lifante_mi_aventura_en_el_cine-443019576-large.jpg\" alt=\"\" width=\"717\" height=\"1024\" srcset=\"https:\/\/sombramadrid.com\/wp-content\/uploads\/2025\/01\/jose_lifante_mi_aventura_en_el_cine-443019576-large.jpg 717w, https:\/\/sombramadrid.com\/wp-content\/uploads\/2025\/01\/jose_lifante_mi_aventura_en_el_cine-443019576-large-210x300.jpg 210w, https:\/\/sombramadrid.com\/wp-content\/uploads\/2025\/01\/jose_lifante_mi_aventura_en_el_cine-443019576-large-8x12.jpg 8w, https:\/\/sombramadrid.com\/wp-content\/uploads\/2025\/01\/jose_lifante_mi_aventura_en_el_cine-443019576-large-294x420.jpg 294w, https:\/\/sombramadrid.com\/wp-content\/uploads\/2025\/01\/jose_lifante_mi_aventura_en_el_cine-443019576-large-696x994.jpg 696w\" sizes=\"auto, (max-width: 717px) 100vw, 717px\" \/><\/p>\n<ul>\n<li><strong>T\u00edtulo original: <\/strong>Jos\u00e9 Lifante, mi aventura en el cine<\/li>\n<li><strong>A\u00f1o:<\/strong> 2024<\/li>\n<li><strong>Duraci\u00f3n:<\/strong> 80 min.<\/li>\n<li><strong>Pa\u00eds:<\/strong> Espa\u00f1a<\/li>\n<li><strong>Direcci\u00f3n:<\/strong> David Garc\u00eda Sari\u00f1ena<\/li>\n<li><strong>Guion:<\/strong> David Garc\u00eda Sari\u00f1ena<\/li>\n<li><strong>Reparto:<\/strong> Jose Lifante<\/li>\n<li><strong>M\u00fasica:<\/strong> Juan Pedro Cabanas<\/li>\n<li><strong>Fotograf\u00eda:<\/strong> Mario Tallos<\/li>\n<li><strong>Compa\u00f1\u00edas:<\/strong> Loniego Films, Monster World Production<\/li>\n<li><strong>G\u00e9nero:<\/strong> Documental | Documental sobre cine. Biogr\u00e1fico<\/li>\n<\/ul>","protected":false},"excerpt":{"rendered":"<p>Fecha: S\u00e1bado, 22 de marzo Hora: 12:00 Lugar: Cine Embajadores (Sala 2) Idioma: VO + Presentaci\u00f3n Paul Naschy Scrapbook, con David Garc\u00eda Sari\u00f1ena y Sergio Molina. COMPRAR ENTRADAS Sinopsis Testimonio en primera persona de la vida y obra de uno de los actores de reparto m\u00e1s importantes y prol\u00edficos del cine espa\u00f1ol. T\u00edtulo original: Jos\u00e9 [&hellip;]<\/p>","protected":false},"author":2,"featured_media":6983,"parent":6959,"menu_order":0,"comment_status":"closed","ping_status":"closed","template":"","meta":{"footnotes":""},"class_list":["post-6831","page","type-page","status-publish","has-post-thumbnail"],"yoast_head":"<!-- This site is optimized with the Yoast SEO plugin v24.3 - https:\/\/yoast.com\/wordpress\/plugins\/seo\/ -->\n<title>Jos\u00e9 Lifante, mi aventura en el cine | Sesi\u00f3n Especial Fuera de Concurso - Sombra Festival<\/title>\n<meta name=\"robots\" content=\"index, follow, max-snippet:-1, max-image-preview:large, max-video-preview:-1\" \/>\n<link rel=\"canonical\" href=\"https:\/\/sombramadrid.com\/en\/largometrajes-sombra-2025\/jose-lifante-mi-aventura-en-el-cine-sesion-especial-fuera-de-concurso\/\" \/>\n<meta property=\"og:locale\" content=\"en_GB\" \/>\n<meta property=\"og:type\" content=\"article\" \/>\n<meta property=\"og:title\" content=\"Jos\u00e9 Lifante, mi aventura en el cine | Sesi\u00f3n Especial Fuera de Concurso - Sombra Festival\" \/>\n<meta property=\"og:description\" content=\"Fecha: S\u00e1bado, 22 de marzo Hora: 12:00 Lugar: Cine Embajadores (Sala 2) Idioma: VO + Presentaci\u00f3n Paul Naschy Scrapbook, con David Garc\u00eda Sari\u00f1ena y Sergio Molina. COMPRAR ENTRADAS Sinopsis Testimonio en primera persona de la vida y obra de uno de los actores de reparto m\u00e1s importantes y prol\u00edficos del cine espa\u00f1ol. T\u00edtulo original: Jos\u00e9 [&hellip;]\" \/>\n<meta property=\"og:url\" content=\"https:\/\/sombramadrid.com\/en\/largometrajes-sombra-2025\/jose-lifante-mi-aventura-en-el-cine-sesion-especial-fuera-de-concurso\/\" \/>\n<meta property=\"og:site_name\" content=\"Sombra Festival\" \/>\n<meta property=\"article:publisher\" content=\"https:\/\/www.facebook.com\/Sombra-Festival-De-CINE-Fantastico-Europeo-De-Murcia-175337032531429\/\" \/>\n<meta property=\"article:modified_time\" content=\"2025-03-14T08:56:24+00:00\" \/>\n<meta property=\"og:image\" content=\"https:\/\/sombramadrid.com\/wp-content\/uploads\/2025\/02\/jose-lifante.jpg\" \/>\n\t<meta property=\"og:image:width\" content=\"696\" \/>\n\t<meta property=\"og:image:height\" content=\"1004\" \/>\n\t<meta property=\"og:image:type\" content=\"image\/jpeg\" \/>\n<meta name=\"twitter:card\" content=\"summary_large_image\" \/>\n<meta name=\"twitter:site\" content=\"@SombraFestival\" \/>\n<meta name=\"twitter:label1\" content=\"Est. reading time\" \/>\n\t<meta name=\"twitter:data1\" content=\"1 minute\" \/>\n<script type=\"application\/ld+json\" class=\"yoast-schema-graph\">{\"@context\":\"https:\/\/schema.org\",\"@graph\":[{\"@type\":\"WebPage\",\"@id\":\"https:\/\/sombramadrid.com\/largometrajes-sombra-2025\/jose-lifante-mi-aventura-en-el-cine-sesion-especial-fuera-de-concurso\/\",\"url\":\"https:\/\/sombramadrid.com\/largometrajes-sombra-2025\/jose-lifante-mi-aventura-en-el-cine-sesion-especial-fuera-de-concurso\/\",\"name\":\"Jos\u00e9 Lifante, mi aventura en el cine | Sesi\u00f3n Especial Fuera de Concurso - Sombra Festival\",\"isPartOf\":{\"@id\":\"https:\/\/sombramadrid.com\/#website\"},\"primaryImageOfPage\":{\"@id\":\"https:\/\/sombramadrid.com\/largometrajes-sombra-2025\/jose-lifante-mi-aventura-en-el-cine-sesion-especial-fuera-de-concurso\/#primaryimage\"},\"image\":{\"@id\":\"https:\/\/sombramadrid.com\/largometrajes-sombra-2025\/jose-lifante-mi-aventura-en-el-cine-sesion-especial-fuera-de-concurso\/#primaryimage\"},\"thumbnailUrl\":\"https:\/\/sombramadrid.com\/wp-content\/uploads\/2025\/02\/jose-lifante.jpg\",\"datePublished\":\"2025-02-04T19:55:06+00:00\",\"dateModified\":\"2025-03-14T08:56:24+00:00\",\"breadcrumb\":{\"@id\":\"https:\/\/sombramadrid.com\/largometrajes-sombra-2025\/jose-lifante-mi-aventura-en-el-cine-sesion-especial-fuera-de-concurso\/#breadcrumb\"},\"inLanguage\":\"en-GB\",\"potentialAction\":[{\"@type\":\"ReadAction\",\"target\":[\"https:\/\/sombramadrid.com\/largometrajes-sombra-2025\/jose-lifante-mi-aventura-en-el-cine-sesion-especial-fuera-de-concurso\/\"]}]},{\"@type\":\"ImageObject\",\"inLanguage\":\"en-GB\",\"@id\":\"https:\/\/sombramadrid.com\/largometrajes-sombra-2025\/jose-lifante-mi-aventura-en-el-cine-sesion-especial-fuera-de-concurso\/#primaryimage\",\"url\":\"https:\/\/sombramadrid.com\/wp-content\/uploads\/2025\/02\/jose-lifante.jpg\",\"contentUrl\":\"https:\/\/sombramadrid.com\/wp-content\/uploads\/2025\/02\/jose-lifante.jpg\",\"width\":696,\"height\":1004},{\"@type\":\"BreadcrumbList\",\"@id\":\"https:\/\/sombramadrid.com\/largometrajes-sombra-2025\/jose-lifante-mi-aventura-en-el-cine-sesion-especial-fuera-de-concurso\/#breadcrumb\",\"itemListElement\":[{\"@type\":\"ListItem\",\"position\":1,\"name\":\"Portada\",\"item\":\"https:\/\/sombramadrid.com\/\"},{\"@type\":\"ListItem\",\"position\":2,\"name\":\"Largometrajes Sombra 2025\",\"item\":\"https:\/\/sombramadrid.com\/largometrajes-sombra-2025\/\"},{\"@type\":\"ListItem\",\"position\":3,\"name\":\"Jos\u00e9 Lifante, mi aventura en el cine | Sesi\u00f3n Especial Fuera de Concurso\"}]},{\"@type\":\"WebSite\",\"@id\":\"https:\/\/sombramadrid.com\/#website\",\"url\":\"https:\/\/sombramadrid.com\/\",\"name\":\"Sombra Festival\",\"description\":\"XIII Festival de Cine Fant\u00e1stico Europeo de Murcia, 8-17 MARZO 2024\",\"publisher\":{\"@id\":\"https:\/\/sombramadrid.com\/#organization\"},\"potentialAction\":[{\"@type\":\"SearchAction\",\"target\":{\"@type\":\"EntryPoint\",\"urlTemplate\":\"https:\/\/sombramadrid.com\/?s={search_term_string}\"},\"query-input\":{\"@type\":\"PropertyValueSpecification\",\"valueRequired\":true,\"valueName\":\"search_term_string\"}}],\"inLanguage\":\"en-GB\"},{\"@type\":\"Organization\",\"@id\":\"https:\/\/sombramadrid.com\/#organization\",\"name\":\"SOMBRA, IX FESTIVAL DE CINE FANTASTICO EUROPEO DE MURCIA\",\"url\":\"https:\/\/sombramadrid.com\/\",\"logo\":{\"@type\":\"ImageObject\",\"inLanguage\":\"en-GB\",\"@id\":\"https:\/\/sombramadrid.com\/#\/schema\/logo\/image\/\",\"url\":\"https:\/\/sombramadrid.com\/wp-content\/uploads\/2019\/10\/Sombra-LogoIdentificador-Negativo.jpg\",\"contentUrl\":\"https:\/\/sombramadrid.com\/wp-content\/uploads\/2019\/10\/Sombra-LogoIdentificador-Negativo.jpg\",\"width\":400,\"height\":400,\"caption\":\"SOMBRA, IX FESTIVAL DE CINE FANTASTICO EUROPEO DE MURCIA\"},\"image\":{\"@id\":\"https:\/\/sombramadrid.com\/#\/schema\/logo\/image\/\"},\"sameAs\":[\"https:\/\/www.facebook.com\/Sombra-Festival-De-CINE-Fantastico-Europeo-De-Murcia-175337032531429\/\",\"https:\/\/x.com\/SombraFestival\",\"https:\/\/www.instagram.com\/sombrafestival\/\",\"https:\/\/www.youtube.com\/channel\/UCBdSJni9V30Tq4cGf4Lj0Ug?view_as=subscriber\"]}]}<\/script>\n<!-- \/ Yoast SEO plugin. -->","yoast_head_json":{"title":"Jos\u00e9 Lifante, mi aventura en el cine | Sesi\u00f3n Especial Fuera de Concurso - Sombra Festival","robots":{"index":"index","follow":"follow","max-snippet":"max-snippet:-1","max-image-preview":"max-image-preview:large","max-video-preview":"max-video-preview:-1"},"canonical":"https:\/\/sombramadrid.com\/en\/largometrajes-sombra-2025\/jose-lifante-mi-aventura-en-el-cine-sesion-especial-fuera-de-concurso\/","og_locale":"en_GB","og_type":"article","og_title":"Jos\u00e9 Lifante, mi aventura en el cine | Sesi\u00f3n Especial Fuera de Concurso - Sombra Festival","og_description":"Fecha: S\u00e1bado, 22 de marzo Hora: 12:00 Lugar: Cine Embajadores (Sala 2) Idioma: VO + Presentaci\u00f3n Paul Naschy Scrapbook, con David Garc\u00eda Sari\u00f1ena y Sergio Molina. COMPRAR ENTRADAS Sinopsis Testimonio en primera persona de la vida y obra de uno de los actores de reparto m\u00e1s importantes y prol\u00edficos del cine espa\u00f1ol. T\u00edtulo original: Jos\u00e9 [&hellip;]","og_url":"https:\/\/sombramadrid.com\/en\/largometrajes-sombra-2025\/jose-lifante-mi-aventura-en-el-cine-sesion-especial-fuera-de-concurso\/","og_site_name":"Sombra Festival","article_publisher":"https:\/\/www.facebook.com\/Sombra-Festival-De-CINE-Fantastico-Europeo-De-Murcia-175337032531429\/","article_modified_time":"2025-03-14T08:56:24+00:00","og_image":[{"width":696,"height":1004,"url":"https:\/\/sombramadrid.com\/wp-content\/uploads\/2025\/02\/jose-lifante.jpg","type":"image\/jpeg"}],"twitter_card":"summary_large_image","twitter_site":"@SombraFestival","twitter_misc":{"Est. reading time":"1 minute"},"schema":{"@context":"https:\/\/schema.org","@graph":[{"@type":"WebPage","@id":"https:\/\/sombramadrid.com\/largometrajes-sombra-2025\/jose-lifante-mi-aventura-en-el-cine-sesion-especial-fuera-de-concurso\/","url":"https:\/\/sombramadrid.com\/largometrajes-sombra-2025\/jose-lifante-mi-aventura-en-el-cine-sesion-especial-fuera-de-concurso\/","name":"Jos\u00e9 Lifante, mi aventura en el cine | Sesi\u00f3n Especial Fuera de Concurso - Sombra Festival","isPartOf":{"@id":"https:\/\/sombramadrid.com\/#website"},"primaryImageOfPage":{"@id":"https:\/\/sombramadrid.com\/largometrajes-sombra-2025\/jose-lifante-mi-aventura-en-el-cine-sesion-especial-fuera-de-concurso\/#primaryimage"},"image":{"@id":"https:\/\/sombramadrid.com\/largometrajes-sombra-2025\/jose-lifante-mi-aventura-en-el-cine-sesion-especial-fuera-de-concurso\/#primaryimage"},"thumbnailUrl":"https:\/\/sombramadrid.com\/wp-content\/uploads\/2025\/02\/jose-lifante.jpg","datePublished":"2025-02-04T19:55:06+00:00","dateModified":"2025-03-14T08:56:24+00:00","breadcrumb":{"@id":"https:\/\/sombramadrid.com\/largometrajes-sombra-2025\/jose-lifante-mi-aventura-en-el-cine-sesion-especial-fuera-de-concurso\/#breadcrumb"},"inLanguage":"en-GB","potentialAction":[{"@type":"ReadAction","target":["https:\/\/sombramadrid.com\/largometrajes-sombra-2025\/jose-lifante-mi-aventura-en-el-cine-sesion-especial-fuera-de-concurso\/"]}]},{"@type":"ImageObject","inLanguage":"en-GB","@id":"https:\/\/sombramadrid.com\/largometrajes-sombra-2025\/jose-lifante-mi-aventura-en-el-cine-sesion-especial-fuera-de-concurso\/#primaryimage","url":"https:\/\/sombramadrid.com\/wp-content\/uploads\/2025\/02\/jose-lifante.jpg","contentUrl":"https:\/\/sombramadrid.com\/wp-content\/uploads\/2025\/02\/jose-lifante.jpg","width":696,"height":1004},{"@type":"BreadcrumbList","@id":"https:\/\/sombramadrid.com\/largometrajes-sombra-2025\/jose-lifante-mi-aventura-en-el-cine-sesion-especial-fuera-de-concurso\/#breadcrumb","itemListElement":[{"@type":"ListItem","position":1,"name":"Portada","item":"https:\/\/sombramadrid.com\/"},{"@type":"ListItem","position":2,"name":"Largometrajes Sombra 2025","item":"https:\/\/sombramadrid.com\/largometrajes-sombra-2025\/"},{"@type":"ListItem","position":3,"name":"Jos\u00e9 Lifante, mi aventura en el cine | Sesi\u00f3n Especial Fuera de Concurso"}]},{"@type":"WebSite","@id":"https:\/\/sombramadrid.com\/#website","url":"https:\/\/sombramadrid.com\/","name":"Sombra Festival","description":"XIII Festival de Cine Fant\u00e1stico Europeo de Murcia, 8-17 MARZO 2024","publisher":{"@id":"https:\/\/sombramadrid.com\/#organization"},"potentialAction":[{"@type":"SearchAction","target":{"@type":"EntryPoint","urlTemplate":"https:\/\/sombramadrid.com\/?s={search_term_string}"},"query-input":{"@type":"PropertyValueSpecification","valueRequired":true,"valueName":"search_term_string"}}],"inLanguage":"en-GB"},{"@type":"Organization","@id":"https:\/\/sombramadrid.com\/#organization","name":"SOMBRA, IX FESTIVAL DE CINE FANTASTICO EUROPEO DE MURCIA","url":"https:\/\/sombramadrid.com\/","logo":{"@type":"ImageObject","inLanguage":"en-GB","@id":"https:\/\/sombramadrid.com\/#\/schema\/logo\/image\/","url":"https:\/\/sombramadrid.com\/wp-content\/uploads\/2019\/10\/Sombra-LogoIdentificador-Negativo.jpg","contentUrl":"https:\/\/sombramadrid.com\/wp-content\/uploads\/2019\/10\/Sombra-LogoIdentificador-Negativo.jpg","width":400,"height":400,"caption":"SOMBRA, IX FESTIVAL DE CINE FANTASTICO EUROPEO DE MURCIA"},"image":{"@id":"https:\/\/sombramadrid.com\/#\/schema\/logo\/image\/"},"sameAs":["https:\/\/www.facebook.com\/Sombra-Festival-De-CINE-Fantastico-Europeo-De-Murcia-175337032531429\/","https:\/\/x.com\/SombraFestival","https:\/\/www.instagram.com\/sombrafestival\/","https:\/\/www.youtube.com\/channel\/UCBdSJni9V30Tq4cGf4Lj0Ug?view_as=subscriber"]}]}},"_links":{"self":[{"href":"https:\/\/sombramadrid.com\/en\/wp-json\/wp\/v2\/pages\/6831","targetHints":{"allow":["GET"]}}],"collection":[{"href":"https:\/\/sombramadrid.com\/en\/wp-json\/wp\/v2\/pages"}],"about":[{"href":"https:\/\/sombramadrid.com\/en\/wp-json\/wp\/v2\/types\/page"}],"author":[{"embeddable":true,"href":"https:\/\/sombramadrid.com\/en\/wp-json\/wp\/v2\/users\/2"}],"replies":[{"embeddable":true,"href":"https:\/\/sombramadrid.com\/en\/wp-json\/wp\/v2\/comments?post=6831"}],"version-history":[{"count":10,"href":"https:\/\/sombramadrid.com\/en\/wp-json\/wp\/v2\/pages\/6831\/revisions"}],"predecessor-version":[{"id":7582,"href":"https:\/\/sombramadrid.com\/en\/wp-json\/wp\/v2\/pages\/6831\/revisions\/7582"}],"up":[{"embeddable":true,"href":"https:\/\/sombramadrid.com\/en\/wp-json\/wp\/v2\/pages\/6959"}],"wp:featuredmedia":[{"embeddable":true,"href":"https:\/\/sombramadrid.com\/en\/wp-json\/wp\/v2\/media\/6983"}],"wp:attachment":[{"href":"https:\/\/sombramadrid.com\/en\/wp-json\/wp\/v2\/media?parent=6831"}],"curies":[{"name":"wp","href":"https:\/\/api.w.org\/{rel}","templated":true}]}}