{"id":6825,"date":"2025-02-04T20:52:23","date_gmt":"2025-02-04T19:52:23","guid":{"rendered":"https:\/\/sombramadrid.com\/?page_id=6825"},"modified":"2025-02-12T15:56:39","modified_gmt":"2025-02-12T14:56:39","slug":"historias-de-halloween-seccion-oficial-a-concurso","status":"publish","type":"page","link":"https:\/\/sombramadrid.com\/en\/largometrajes-sombra-2025\/historias-de-halloween-seccion-oficial-a-concurso\/","title":{"rendered":"Historias de Halloween | Secci\u00f3n Oficial a Concurso"},"content":{"rendered":"<ul>\n<li><strong>Fecha:<\/strong> Jueves, 20 de marzo<\/li>\n<li><strong>Hora:<\/strong> 18:00<\/li>\n<li><strong>Lugar:<\/strong> Sala Berlanga<\/li>\n<li><strong>Idioma:<\/strong> VO<\/li>\n<\/ul>\n<p><span style=\"color: #ffff00;\"><strong>Premiere Madrid<\/strong><\/span><\/p>\n<p style=\"text-align: left;\"><span style=\"color: #ffff00;\"><strong>+ <a href=\"https:\/\/sombramadrid.com\/en\/cortometrajes-2025\/refugios-cortometraje-fuera-de-competicion\/\">Refugios<\/a> (Cortometraje Fuera de Competici\u00f3n)<\/strong><\/span><\/p>\n<p style=\"text-align: center;\"><a href=\"https:\/\/cine.entradas.com\/cine\/madrid\/sala-berlanga\/evento\/3064\"><span class=\"td_btn td_btn_lg td_default_btn\">COMPRAR ENTRADAS<\/span><\/a><\/p>\n<p><iframe loading=\"lazy\" title=\"Tr\u00e1iler &quot;Historias de Halloween&quot;\" width=\"696\" height=\"392\" src=\"https:\/\/www.youtube.com\/embed\/Tmd316eXPi8?feature=oembed\" frameborder=\"0\" allow=\"accelerometer; autoplay; clipboard-write; encrypted-media; gyroscope; picture-in-picture; web-share\" referrerpolicy=\"strict-origin-when-cross-origin\" allowfullscreen><\/iframe><\/p>\n<h3>Sinopsis<\/h3>\n<p>Luis es un ni\u00f1o con una vida social fundamentada en la tecnolog\u00eda, videojuegos y amigos online. El d\u00eda de Halloween, por insistencia de su madre, sale a la calle a hacer truco o trato sin \u00e9xito. Sin embargo, su bagaje le llevar\u00e1 a conocer a Ander, un hombre misterioso que regenta un anticuario, y juntos, a trav\u00e9s de diferentes c\u00f3mics, se adentrar\u00e1n en historias terror\u00edficas.<\/p>\n<p><img loading=\"lazy\" decoding=\"async\" class=\"alignnone size-large wp-image-6826\" src=\"https:\/\/sombramadrid.com\/wp-content\/uploads\/2025\/01\/historias_de_halloween-881290163-large-721x1024.jpg\" alt=\"\" width=\"696\" height=\"988\" srcset=\"https:\/\/sombramadrid.com\/wp-content\/uploads\/2025\/01\/historias_de_halloween-881290163-large-721x1024.jpg 721w, https:\/\/sombramadrid.com\/wp-content\/uploads\/2025\/01\/historias_de_halloween-881290163-large-211x300.jpg 211w, https:\/\/sombramadrid.com\/wp-content\/uploads\/2025\/01\/historias_de_halloween-881290163-large-768x1091.jpg 768w, https:\/\/sombramadrid.com\/wp-content\/uploads\/2025\/01\/historias_de_halloween-881290163-large-8x12.jpg 8w, https:\/\/sombramadrid.com\/wp-content\/uploads\/2025\/01\/historias_de_halloween-881290163-large-296x420.jpg 296w, https:\/\/sombramadrid.com\/wp-content\/uploads\/2025\/01\/historias_de_halloween-881290163-large-696x988.jpg 696w, https:\/\/sombramadrid.com\/wp-content\/uploads\/2025\/01\/historias_de_halloween-881290163-large.jpg 845w\" sizes=\"auto, (max-width: 696px) 100vw, 696px\" \/><\/p>\n<ul>\n<li><strong>T\u00edtulo original: <\/strong>Historias de Halloween<\/li>\n<li><strong>A\u00f1o:<\/strong> 2024<\/li>\n<li><strong>Duraci\u00f3n:<\/strong> 80 min<\/li>\n<li><strong>Pa\u00eds:<\/strong> Espa\u00f1a<\/li>\n<li><strong>Direcci\u00f3n:<\/strong> Kiko Prada<\/li>\n<li><strong>Guion:<\/strong> Kiko Prada<\/li>\n<li><strong>Reparto:<\/strong> Javier Botet, Christian Thomas, Macarena G\u00f3mez, Mar\u00eda Barranco, Mario Mayo, David Pareja, Aida Folch, Luc\u00eda de la Fuente, Carmen del Rosal, Zorion Eguileor&#8230;<\/li>\n<li><strong>M\u00fasica:<\/strong> Javier Gimeno<\/li>\n<li><strong>Fotograf\u00eda:<\/strong> Daniel G. Canal<\/li>\n<li><strong>Compa\u00f1\u00edas:<\/strong> Atl\u00e1ntika Films, The Other Side Films<\/li>\n<li><strong>G\u00e9nero:<\/strong> Terror | Halloween<\/li>\n<\/ul>","protected":false},"excerpt":{"rendered":"<p>Fecha: Jueves, 20 de marzo Hora: 18:00 Lugar: Sala Berlanga Idioma: VO Premiere Madrid + Refugios (Cortometraje Fuera de Competici\u00f3n) COMPRAR ENTRADAS Sinopsis Luis es un ni\u00f1o con una vida social fundamentada en la tecnolog\u00eda, videojuegos y amigos online. El d\u00eda de Halloween, por insistencia de su madre, sale a la calle a hacer truco [&hellip;]<\/p>","protected":false},"author":2,"featured_media":6826,"parent":6959,"menu_order":0,"comment_status":"closed","ping_status":"closed","template":"","meta":{"footnotes":""},"class_list":["post-6825","page","type-page","status-publish","has-post-thumbnail"],"yoast_head":"<!-- This site is optimized with the Yoast SEO plugin v24.3 - https:\/\/yoast.com\/wordpress\/plugins\/seo\/ -->\n<title>Historias de Halloween | Secci\u00f3n Oficial a Concurso - Sombra Festival<\/title>\n<meta name=\"robots\" content=\"index, follow, max-snippet:-1, max-image-preview:large, max-video-preview:-1\" \/>\n<link rel=\"canonical\" href=\"https:\/\/sombramadrid.com\/en\/largometrajes-sombra-2025\/historias-de-halloween-seccion-oficial-a-concurso\/\" \/>\n<meta property=\"og:locale\" content=\"en_GB\" \/>\n<meta property=\"og:type\" content=\"article\" \/>\n<meta property=\"og:title\" content=\"Historias de Halloween | Secci\u00f3n Oficial a Concurso - Sombra Festival\" \/>\n<meta property=\"og:description\" content=\"Fecha: Jueves, 20 de marzo Hora: 18:00 Lugar: Sala Berlanga Idioma: VO Premiere Madrid + Refugios (Cortometraje Fuera de Competici\u00f3n) COMPRAR ENTRADAS Sinopsis Luis es un ni\u00f1o con una vida social fundamentada en la tecnolog\u00eda, videojuegos y amigos online. El d\u00eda de Halloween, por insistencia de su madre, sale a la calle a hacer truco [&hellip;]\" \/>\n<meta property=\"og:url\" content=\"https:\/\/sombramadrid.com\/en\/largometrajes-sombra-2025\/historias-de-halloween-seccion-oficial-a-concurso\/\" \/>\n<meta property=\"og:site_name\" content=\"Sombra Festival\" \/>\n<meta property=\"article:publisher\" content=\"https:\/\/www.facebook.com\/Sombra-Festival-De-CINE-Fantastico-Europeo-De-Murcia-175337032531429\/\" \/>\n<meta property=\"article:modified_time\" content=\"2025-02-12T14:56:39+00:00\" \/>\n<meta property=\"og:image\" content=\"https:\/\/sombramadrid.com\/wp-content\/uploads\/2025\/01\/historias_de_halloween-881290163-large.jpg\" \/>\n\t<meta property=\"og:image:width\" content=\"845\" \/>\n\t<meta property=\"og:image:height\" content=\"1200\" \/>\n\t<meta property=\"og:image:type\" content=\"image\/jpeg\" \/>\n<meta name=\"twitter:card\" content=\"summary_large_image\" \/>\n<meta name=\"twitter:site\" content=\"@SombraFestival\" \/>\n<meta name=\"twitter:label1\" content=\"Est. reading time\" \/>\n\t<meta name=\"twitter:data1\" content=\"2 minutes\" \/>\n<script type=\"application\/ld+json\" class=\"yoast-schema-graph\">{\"@context\":\"https:\/\/schema.org\",\"@graph\":[{\"@type\":\"WebPage\",\"@id\":\"https:\/\/sombramadrid.com\/largometrajes-sombra-2025\/historias-de-halloween-seccion-oficial-a-concurso\/\",\"url\":\"https:\/\/sombramadrid.com\/largometrajes-sombra-2025\/historias-de-halloween-seccion-oficial-a-concurso\/\",\"name\":\"Historias de Halloween | Secci\u00f3n Oficial a Concurso - Sombra Festival\",\"isPartOf\":{\"@id\":\"https:\/\/sombramadrid.com\/#website\"},\"primaryImageOfPage\":{\"@id\":\"https:\/\/sombramadrid.com\/largometrajes-sombra-2025\/historias-de-halloween-seccion-oficial-a-concurso\/#primaryimage\"},\"image\":{\"@id\":\"https:\/\/sombramadrid.com\/largometrajes-sombra-2025\/historias-de-halloween-seccion-oficial-a-concurso\/#primaryimage\"},\"thumbnailUrl\":\"https:\/\/sombramadrid.com\/wp-content\/uploads\/2025\/01\/historias_de_halloween-881290163-large.jpg\",\"datePublished\":\"2025-02-04T19:52:23+00:00\",\"dateModified\":\"2025-02-12T14:56:39+00:00\",\"breadcrumb\":{\"@id\":\"https:\/\/sombramadrid.com\/largometrajes-sombra-2025\/historias-de-halloween-seccion-oficial-a-concurso\/#breadcrumb\"},\"inLanguage\":\"en-GB\",\"potentialAction\":[{\"@type\":\"ReadAction\",\"target\":[\"https:\/\/sombramadrid.com\/largometrajes-sombra-2025\/historias-de-halloween-seccion-oficial-a-concurso\/\"]}]},{\"@type\":\"ImageObject\",\"inLanguage\":\"en-GB\",\"@id\":\"https:\/\/sombramadrid.com\/largometrajes-sombra-2025\/historias-de-halloween-seccion-oficial-a-concurso\/#primaryimage\",\"url\":\"https:\/\/sombramadrid.com\/wp-content\/uploads\/2025\/01\/historias_de_halloween-881290163-large.jpg\",\"contentUrl\":\"https:\/\/sombramadrid.com\/wp-content\/uploads\/2025\/01\/historias_de_halloween-881290163-large.jpg\",\"width\":845,\"height\":1200},{\"@type\":\"BreadcrumbList\",\"@id\":\"https:\/\/sombramadrid.com\/largometrajes-sombra-2025\/historias-de-halloween-seccion-oficial-a-concurso\/#breadcrumb\",\"itemListElement\":[{\"@type\":\"ListItem\",\"position\":1,\"name\":\"Portada\",\"item\":\"https:\/\/sombramadrid.com\/\"},{\"@type\":\"ListItem\",\"position\":2,\"name\":\"Largometrajes Sombra 2025\",\"item\":\"https:\/\/sombramadrid.com\/largometrajes-sombra-2025\/\"},{\"@type\":\"ListItem\",\"position\":3,\"name\":\"Historias de Halloween | Secci\u00f3n Oficial a Concurso\"}]},{\"@type\":\"WebSite\",\"@id\":\"https:\/\/sombramadrid.com\/#website\",\"url\":\"https:\/\/sombramadrid.com\/\",\"name\":\"Sombra Festival\",\"description\":\"XIII Festival de Cine Fant\u00e1stico Europeo de Murcia, 8-17 MARZO 2024\",\"publisher\":{\"@id\":\"https:\/\/sombramadrid.com\/#organization\"},\"potentialAction\":[{\"@type\":\"SearchAction\",\"target\":{\"@type\":\"EntryPoint\",\"urlTemplate\":\"https:\/\/sombramadrid.com\/?s={search_term_string}\"},\"query-input\":{\"@type\":\"PropertyValueSpecification\",\"valueRequired\":true,\"valueName\":\"search_term_string\"}}],\"inLanguage\":\"en-GB\"},{\"@type\":\"Organization\",\"@id\":\"https:\/\/sombramadrid.com\/#organization\",\"name\":\"SOMBRA, IX FESTIVAL DE CINE FANTASTICO EUROPEO DE MURCIA\",\"url\":\"https:\/\/sombramadrid.com\/\",\"logo\":{\"@type\":\"ImageObject\",\"inLanguage\":\"en-GB\",\"@id\":\"https:\/\/sombramadrid.com\/#\/schema\/logo\/image\/\",\"url\":\"https:\/\/sombramadrid.com\/wp-content\/uploads\/2019\/10\/Sombra-LogoIdentificador-Negativo.jpg\",\"contentUrl\":\"https:\/\/sombramadrid.com\/wp-content\/uploads\/2019\/10\/Sombra-LogoIdentificador-Negativo.jpg\",\"width\":400,\"height\":400,\"caption\":\"SOMBRA, IX FESTIVAL DE CINE FANTASTICO EUROPEO DE MURCIA\"},\"image\":{\"@id\":\"https:\/\/sombramadrid.com\/#\/schema\/logo\/image\/\"},\"sameAs\":[\"https:\/\/www.facebook.com\/Sombra-Festival-De-CINE-Fantastico-Europeo-De-Murcia-175337032531429\/\",\"https:\/\/x.com\/SombraFestival\",\"https:\/\/www.instagram.com\/sombrafestival\/\",\"https:\/\/www.youtube.com\/channel\/UCBdSJni9V30Tq4cGf4Lj0Ug?view_as=subscriber\"]}]}<\/script>\n<!-- \/ Yoast SEO plugin. -->","yoast_head_json":{"title":"Historias de Halloween | Secci\u00f3n Oficial a Concurso - Sombra Festival","robots":{"index":"index","follow":"follow","max-snippet":"max-snippet:-1","max-image-preview":"max-image-preview:large","max-video-preview":"max-video-preview:-1"},"canonical":"https:\/\/sombramadrid.com\/en\/largometrajes-sombra-2025\/historias-de-halloween-seccion-oficial-a-concurso\/","og_locale":"en_GB","og_type":"article","og_title":"Historias de Halloween | Secci\u00f3n Oficial a Concurso - Sombra Festival","og_description":"Fecha: Jueves, 20 de marzo Hora: 18:00 Lugar: Sala Berlanga Idioma: VO Premiere Madrid + Refugios (Cortometraje Fuera de Competici\u00f3n) COMPRAR ENTRADAS Sinopsis Luis es un ni\u00f1o con una vida social fundamentada en la tecnolog\u00eda, videojuegos y amigos online. El d\u00eda de Halloween, por insistencia de su madre, sale a la calle a hacer truco [&hellip;]","og_url":"https:\/\/sombramadrid.com\/en\/largometrajes-sombra-2025\/historias-de-halloween-seccion-oficial-a-concurso\/","og_site_name":"Sombra Festival","article_publisher":"https:\/\/www.facebook.com\/Sombra-Festival-De-CINE-Fantastico-Europeo-De-Murcia-175337032531429\/","article_modified_time":"2025-02-12T14:56:39+00:00","og_image":[{"width":845,"height":1200,"url":"https:\/\/sombramadrid.com\/wp-content\/uploads\/2025\/01\/historias_de_halloween-881290163-large.jpg","type":"image\/jpeg"}],"twitter_card":"summary_large_image","twitter_site":"@SombraFestival","twitter_misc":{"Est. reading time":"2 minutes"},"schema":{"@context":"https:\/\/schema.org","@graph":[{"@type":"WebPage","@id":"https:\/\/sombramadrid.com\/largometrajes-sombra-2025\/historias-de-halloween-seccion-oficial-a-concurso\/","url":"https:\/\/sombramadrid.com\/largometrajes-sombra-2025\/historias-de-halloween-seccion-oficial-a-concurso\/","name":"Historias de Halloween | Secci\u00f3n Oficial a Concurso - Sombra Festival","isPartOf":{"@id":"https:\/\/sombramadrid.com\/#website"},"primaryImageOfPage":{"@id":"https:\/\/sombramadrid.com\/largometrajes-sombra-2025\/historias-de-halloween-seccion-oficial-a-concurso\/#primaryimage"},"image":{"@id":"https:\/\/sombramadrid.com\/largometrajes-sombra-2025\/historias-de-halloween-seccion-oficial-a-concurso\/#primaryimage"},"thumbnailUrl":"https:\/\/sombramadrid.com\/wp-content\/uploads\/2025\/01\/historias_de_halloween-881290163-large.jpg","datePublished":"2025-02-04T19:52:23+00:00","dateModified":"2025-02-12T14:56:39+00:00","breadcrumb":{"@id":"https:\/\/sombramadrid.com\/largometrajes-sombra-2025\/historias-de-halloween-seccion-oficial-a-concurso\/#breadcrumb"},"inLanguage":"en-GB","potentialAction":[{"@type":"ReadAction","target":["https:\/\/sombramadrid.com\/largometrajes-sombra-2025\/historias-de-halloween-seccion-oficial-a-concurso\/"]}]},{"@type":"ImageObject","inLanguage":"en-GB","@id":"https:\/\/sombramadrid.com\/largometrajes-sombra-2025\/historias-de-halloween-seccion-oficial-a-concurso\/#primaryimage","url":"https:\/\/sombramadrid.com\/wp-content\/uploads\/2025\/01\/historias_de_halloween-881290163-large.jpg","contentUrl":"https:\/\/sombramadrid.com\/wp-content\/uploads\/2025\/01\/historias_de_halloween-881290163-large.jpg","width":845,"height":1200},{"@type":"BreadcrumbList","@id":"https:\/\/sombramadrid.com\/largometrajes-sombra-2025\/historias-de-halloween-seccion-oficial-a-concurso\/#breadcrumb","itemListElement":[{"@type":"ListItem","position":1,"name":"Portada","item":"https:\/\/sombramadrid.com\/"},{"@type":"ListItem","position":2,"name":"Largometrajes Sombra 2025","item":"https:\/\/sombramadrid.com\/largometrajes-sombra-2025\/"},{"@type":"ListItem","position":3,"name":"Historias de Halloween | Secci\u00f3n Oficial a Concurso"}]},{"@type":"WebSite","@id":"https:\/\/sombramadrid.com\/#website","url":"https:\/\/sombramadrid.com\/","name":"Sombra Festival","description":"XIII Festival de Cine Fant\u00e1stico Europeo de Murcia, 8-17 MARZO 2024","publisher":{"@id":"https:\/\/sombramadrid.com\/#organization"},"potentialAction":[{"@type":"SearchAction","target":{"@type":"EntryPoint","urlTemplate":"https:\/\/sombramadrid.com\/?s={search_term_string}"},"query-input":{"@type":"PropertyValueSpecification","valueRequired":true,"valueName":"search_term_string"}}],"inLanguage":"en-GB"},{"@type":"Organization","@id":"https:\/\/sombramadrid.com\/#organization","name":"SOMBRA, IX FESTIVAL DE CINE FANTASTICO EUROPEO DE MURCIA","url":"https:\/\/sombramadrid.com\/","logo":{"@type":"ImageObject","inLanguage":"en-GB","@id":"https:\/\/sombramadrid.com\/#\/schema\/logo\/image\/","url":"https:\/\/sombramadrid.com\/wp-content\/uploads\/2019\/10\/Sombra-LogoIdentificador-Negativo.jpg","contentUrl":"https:\/\/sombramadrid.com\/wp-content\/uploads\/2019\/10\/Sombra-LogoIdentificador-Negativo.jpg","width":400,"height":400,"caption":"SOMBRA, IX FESTIVAL DE CINE FANTASTICO EUROPEO DE MURCIA"},"image":{"@id":"https:\/\/sombramadrid.com\/#\/schema\/logo\/image\/"},"sameAs":["https:\/\/www.facebook.com\/Sombra-Festival-De-CINE-Fantastico-Europeo-De-Murcia-175337032531429\/","https:\/\/x.com\/SombraFestival","https:\/\/www.instagram.com\/sombrafestival\/","https:\/\/www.youtube.com\/channel\/UCBdSJni9V30Tq4cGf4Lj0Ug?view_as=subscriber"]}]}},"_links":{"self":[{"href":"https:\/\/sombramadrid.com\/en\/wp-json\/wp\/v2\/pages\/6825","targetHints":{"allow":["GET"]}}],"collection":[{"href":"https:\/\/sombramadrid.com\/en\/wp-json\/wp\/v2\/pages"}],"about":[{"href":"https:\/\/sombramadrid.com\/en\/wp-json\/wp\/v2\/types\/page"}],"author":[{"embeddable":true,"href":"https:\/\/sombramadrid.com\/en\/wp-json\/wp\/v2\/users\/2"}],"replies":[{"embeddable":true,"href":"https:\/\/sombramadrid.com\/en\/wp-json\/wp\/v2\/comments?post=6825"}],"version-history":[{"count":9,"href":"https:\/\/sombramadrid.com\/en\/wp-json\/wp\/v2\/pages\/6825\/revisions"}],"predecessor-version":[{"id":7451,"href":"https:\/\/sombramadrid.com\/en\/wp-json\/wp\/v2\/pages\/6825\/revisions\/7451"}],"up":[{"embeddable":true,"href":"https:\/\/sombramadrid.com\/en\/wp-json\/wp\/v2\/pages\/6959"}],"wp:featuredmedia":[{"embeddable":true,"href":"https:\/\/sombramadrid.com\/en\/wp-json\/wp\/v2\/media\/6826"}],"wp:attachment":[{"href":"https:\/\/sombramadrid.com\/en\/wp-json\/wp\/v2\/media?parent=6825"}],"curies":[{"name":"wp","href":"https:\/\/api.w.org\/{rel}","templated":true}]}}