{"id":6766,"date":"2024-03-17T13:31:44","date_gmt":"2024-03-17T12:31:44","guid":{"rendered":"https:\/\/sombramadrid.com\/?page_id=6766"},"modified":"2024-03-17T13:31:44","modified_gmt":"2024-03-17T12:31:44","slug":"palmares-sombra-madrid-2024","status":"publish","type":"page","link":"https:\/\/sombramadrid.com\/en\/palmares-sombra-madrid-2024\/","title":{"rendered":"Palmar\u00e9s Sombra Madrid 2024"},"content":{"rendered":"<h2 style=\"text-align: center;\">PALMAR\u00c9S SOMBRA 2024<\/h2>\n<h3 style=\"text-align: left;\">LARGOMETRAJES<\/h3>\n<ul>\n<li><strong>Mejor Pel\u00edcula:<\/strong> The Uncle<\/li>\n<li><strong>Menci\u00f3n especial:<\/strong> Os Reviento<\/li>\n<li><strong>Mejor Director:<\/strong> David Kapac, Andrija Mardesic &#8211; The Uncle<\/li>\n<li><strong>Mejor Gui\u00f3n:<\/strong> Mathieu Naert &#8211; Vincent Must Die<\/li>\n<li><strong>Mejor fotograf\u00eda:<\/strong> Milos Jacimovic &#8211; The Uncle<\/li>\n<li><strong>Mejor Actor:<\/strong> David pareja &#8211; La mesita del comedor<\/li>\n<li><strong>Mejor Actriz:<\/strong> Ivana Roscic &#8211; The Uncle<\/li>\n<\/ul>\n<h3 style=\"text-align: left;\">CORTOMETRAJES<\/h3>\n<ul>\n<li><strong>Murcia Fant\u00e1stica:<\/strong> Prosopagnosia<\/li>\n<li><strong>Mejor corto secci\u00f3n oficial:<\/strong> Mi zona<\/li>\n<li><strong>Menci\u00f3n especial:<\/strong> Nap<\/li>\n<\/ul>\n<h3 style=\"text-align: left;\">I PREMIO NOCTURNA CONFISLAB al festival Nocturna de Madrid<\/h3>\n<h3>XIII PREMIO NOSFERATU: FERNANDO ABRIL<\/h3>\n<h3>I PREMIO ESPECIAL: FILMOTECA REGIONAL DE MURCIA<\/h3>\n<h3>XIII SERIAL KILLER XAVIER GENS<\/h3>\n<h3>XIII SOMBRA DE HONOR RICHARD STANLEY<\/h3>","protected":false},"excerpt":{"rendered":"<p>PALMAR\u00c9S SOMBRA 2024 LARGOMETRAJES Mejor Pel\u00edcula: The Uncle Menci\u00f3n especial: Os Reviento Mejor Director: David Kapac, Andrija Mardesic &#8211; The Uncle Mejor Gui\u00f3n: Mathieu Naert &#8211; Vincent Must Die Mejor fotograf\u00eda: Milos Jacimovic &#8211; The Uncle Mejor Actor: David pareja &#8211; La mesita del comedor Mejor Actriz: Ivana Roscic &#8211; The Uncle CORTOMETRAJES Murcia Fant\u00e1stica: [&hellip;]<\/p>","protected":false},"author":2,"featured_media":6233,"parent":0,"menu_order":0,"comment_status":"closed","ping_status":"closed","template":"","meta":{"footnotes":""},"class_list":["post-6766","page","type-page","status-publish","has-post-thumbnail"],"yoast_head":"<!-- This site is optimized with the Yoast SEO plugin v24.3 - https:\/\/yoast.com\/wordpress\/plugins\/seo\/ -->\n<title>Palmar\u00e9s Sombra Madrid 2024 - Sombra Festival<\/title>\n<meta name=\"robots\" content=\"index, follow, max-snippet:-1, max-image-preview:large, max-video-preview:-1\" \/>\n<link rel=\"canonical\" href=\"https:\/\/sombramadrid.com\/en\/palmares-sombra-madrid-2024\/\" \/>\n<meta property=\"og:locale\" content=\"en_GB\" \/>\n<meta property=\"og:type\" content=\"article\" \/>\n<meta property=\"og:title\" content=\"Palmar\u00e9s Sombra Madrid 2024 - Sombra Festival\" \/>\n<meta property=\"og:description\" content=\"PALMAR\u00c9S SOMBRA 2024 LARGOMETRAJES Mejor Pel\u00edcula: The Uncle Menci\u00f3n especial: Os Reviento Mejor Director: David Kapac, Andrija Mardesic &#8211; The Uncle Mejor Gui\u00f3n: Mathieu Naert &#8211; Vincent Must Die Mejor fotograf\u00eda: Milos Jacimovic &#8211; The Uncle Mejor Actor: David pareja &#8211; La mesita del comedor Mejor Actriz: Ivana Roscic &#8211; The Uncle CORTOMETRAJES Murcia Fant\u00e1stica: [&hellip;]\" \/>\n<meta property=\"og:url\" content=\"https:\/\/sombramadrid.com\/en\/palmares-sombra-madrid-2024\/\" \/>\n<meta property=\"og:site_name\" content=\"Sombra Festival\" \/>\n<meta property=\"article:publisher\" content=\"https:\/\/www.facebook.com\/Sombra-Festival-De-CINE-Fantastico-Europeo-De-Murcia-175337032531429\/\" \/>\n<meta property=\"og:image\" content=\"https:\/\/sombramadrid.com\/wp-content\/uploads\/2024\/02\/Sombra-cartel-Madrid-.jpg\" \/>\n\t<meta property=\"og:image:width\" content=\"1071\" \/>\n\t<meta property=\"og:image:height\" content=\"1499\" \/>\n\t<meta property=\"og:image:type\" content=\"image\/jpeg\" \/>\n<meta name=\"twitter:card\" content=\"summary_large_image\" \/>\n<meta name=\"twitter:site\" content=\"@SombraFestival\" \/>\n<script type=\"application\/ld+json\" class=\"yoast-schema-graph\">{\"@context\":\"https:\/\/schema.org\",\"@graph\":[{\"@type\":\"WebPage\",\"@id\":\"https:\/\/sombramadrid.com\/palmares-sombra-madrid-2024\/\",\"url\":\"https:\/\/sombramadrid.com\/palmares-sombra-madrid-2024\/\",\"name\":\"Palmar\u00e9s Sombra Madrid 2024 - Sombra Festival\",\"isPartOf\":{\"@id\":\"https:\/\/sombramadrid.com\/#website\"},\"primaryImageOfPage\":{\"@id\":\"https:\/\/sombramadrid.com\/palmares-sombra-madrid-2024\/#primaryimage\"},\"image\":{\"@id\":\"https:\/\/sombramadrid.com\/palmares-sombra-madrid-2024\/#primaryimage\"},\"thumbnailUrl\":\"https:\/\/sombramadrid.com\/wp-content\/uploads\/2024\/02\/Sombra-cartel-Madrid-.jpg\",\"datePublished\":\"2024-03-17T12:31:44+00:00\",\"dateModified\":\"2024-03-17T12:31:44+00:00\",\"breadcrumb\":{\"@id\":\"https:\/\/sombramadrid.com\/palmares-sombra-madrid-2024\/#breadcrumb\"},\"inLanguage\":\"en-GB\",\"potentialAction\":[{\"@type\":\"ReadAction\",\"target\":[\"https:\/\/sombramadrid.com\/palmares-sombra-madrid-2024\/\"]}]},{\"@type\":\"ImageObject\",\"inLanguage\":\"en-GB\",\"@id\":\"https:\/\/sombramadrid.com\/palmares-sombra-madrid-2024\/#primaryimage\",\"url\":\"https:\/\/sombramadrid.com\/wp-content\/uploads\/2024\/02\/Sombra-cartel-Madrid-.jpg\",\"contentUrl\":\"https:\/\/sombramadrid.com\/wp-content\/uploads\/2024\/02\/Sombra-cartel-Madrid-.jpg\",\"width\":1071,\"height\":1499},{\"@type\":\"BreadcrumbList\",\"@id\":\"https:\/\/sombramadrid.com\/palmares-sombra-madrid-2024\/#breadcrumb\",\"itemListElement\":[{\"@type\":\"ListItem\",\"position\":1,\"name\":\"Portada\",\"item\":\"https:\/\/sombramadrid.com\/\"},{\"@type\":\"ListItem\",\"position\":2,\"name\":\"Palmar\u00e9s Sombra Madrid 2024\"}]},{\"@type\":\"WebSite\",\"@id\":\"https:\/\/sombramadrid.com\/#website\",\"url\":\"https:\/\/sombramadrid.com\/\",\"name\":\"Sombra Festival\",\"description\":\"XIII Festival de Cine Fant\u00e1stico Europeo de Murcia, 8-17 MARZO 2024\",\"publisher\":{\"@id\":\"https:\/\/sombramadrid.com\/#organization\"},\"potentialAction\":[{\"@type\":\"SearchAction\",\"target\":{\"@type\":\"EntryPoint\",\"urlTemplate\":\"https:\/\/sombramadrid.com\/?s={search_term_string}\"},\"query-input\":{\"@type\":\"PropertyValueSpecification\",\"valueRequired\":true,\"valueName\":\"search_term_string\"}}],\"inLanguage\":\"en-GB\"},{\"@type\":\"Organization\",\"@id\":\"https:\/\/sombramadrid.com\/#organization\",\"name\":\"SOMBRA, IX FESTIVAL DE CINE FANTASTICO EUROPEO DE MURCIA\",\"url\":\"https:\/\/sombramadrid.com\/\",\"logo\":{\"@type\":\"ImageObject\",\"inLanguage\":\"en-GB\",\"@id\":\"https:\/\/sombramadrid.com\/#\/schema\/logo\/image\/\",\"url\":\"https:\/\/sombramadrid.com\/wp-content\/uploads\/2019\/10\/Sombra-LogoIdentificador-Negativo.jpg\",\"contentUrl\":\"https:\/\/sombramadrid.com\/wp-content\/uploads\/2019\/10\/Sombra-LogoIdentificador-Negativo.jpg\",\"width\":400,\"height\":400,\"caption\":\"SOMBRA, IX FESTIVAL DE CINE FANTASTICO EUROPEO DE MURCIA\"},\"image\":{\"@id\":\"https:\/\/sombramadrid.com\/#\/schema\/logo\/image\/\"},\"sameAs\":[\"https:\/\/www.facebook.com\/Sombra-Festival-De-CINE-Fantastico-Europeo-De-Murcia-175337032531429\/\",\"https:\/\/x.com\/SombraFestival\",\"https:\/\/www.instagram.com\/sombrafestival\/\",\"https:\/\/www.youtube.com\/channel\/UCBdSJni9V30Tq4cGf4Lj0Ug?view_as=subscriber\"]}]}<\/script>\n<!-- \/ Yoast SEO plugin. -->","yoast_head_json":{"title":"Palmar\u00e9s Sombra Madrid 2024 - Sombra Festival","robots":{"index":"index","follow":"follow","max-snippet":"max-snippet:-1","max-image-preview":"max-image-preview:large","max-video-preview":"max-video-preview:-1"},"canonical":"https:\/\/sombramadrid.com\/en\/palmares-sombra-madrid-2024\/","og_locale":"en_GB","og_type":"article","og_title":"Palmar\u00e9s Sombra Madrid 2024 - Sombra Festival","og_description":"PALMAR\u00c9S SOMBRA 2024 LARGOMETRAJES Mejor Pel\u00edcula: The Uncle Menci\u00f3n especial: Os Reviento Mejor Director: David Kapac, Andrija Mardesic &#8211; The Uncle Mejor Gui\u00f3n: Mathieu Naert &#8211; Vincent Must Die Mejor fotograf\u00eda: Milos Jacimovic &#8211; The Uncle Mejor Actor: David pareja &#8211; La mesita del comedor Mejor Actriz: Ivana Roscic &#8211; The Uncle CORTOMETRAJES Murcia Fant\u00e1stica: [&hellip;]","og_url":"https:\/\/sombramadrid.com\/en\/palmares-sombra-madrid-2024\/","og_site_name":"Sombra Festival","article_publisher":"https:\/\/www.facebook.com\/Sombra-Festival-De-CINE-Fantastico-Europeo-De-Murcia-175337032531429\/","og_image":[{"width":1071,"height":1499,"url":"https:\/\/sombramadrid.com\/wp-content\/uploads\/2024\/02\/Sombra-cartel-Madrid-.jpg","type":"image\/jpeg"}],"twitter_card":"summary_large_image","twitter_site":"@SombraFestival","schema":{"@context":"https:\/\/schema.org","@graph":[{"@type":"WebPage","@id":"https:\/\/sombramadrid.com\/palmares-sombra-madrid-2024\/","url":"https:\/\/sombramadrid.com\/palmares-sombra-madrid-2024\/","name":"Palmar\u00e9s Sombra Madrid 2024 - Sombra Festival","isPartOf":{"@id":"https:\/\/sombramadrid.com\/#website"},"primaryImageOfPage":{"@id":"https:\/\/sombramadrid.com\/palmares-sombra-madrid-2024\/#primaryimage"},"image":{"@id":"https:\/\/sombramadrid.com\/palmares-sombra-madrid-2024\/#primaryimage"},"thumbnailUrl":"https:\/\/sombramadrid.com\/wp-content\/uploads\/2024\/02\/Sombra-cartel-Madrid-.jpg","datePublished":"2024-03-17T12:31:44+00:00","dateModified":"2024-03-17T12:31:44+00:00","breadcrumb":{"@id":"https:\/\/sombramadrid.com\/palmares-sombra-madrid-2024\/#breadcrumb"},"inLanguage":"en-GB","potentialAction":[{"@type":"ReadAction","target":["https:\/\/sombramadrid.com\/palmares-sombra-madrid-2024\/"]}]},{"@type":"ImageObject","inLanguage":"en-GB","@id":"https:\/\/sombramadrid.com\/palmares-sombra-madrid-2024\/#primaryimage","url":"https:\/\/sombramadrid.com\/wp-content\/uploads\/2024\/02\/Sombra-cartel-Madrid-.jpg","contentUrl":"https:\/\/sombramadrid.com\/wp-content\/uploads\/2024\/02\/Sombra-cartel-Madrid-.jpg","width":1071,"height":1499},{"@type":"BreadcrumbList","@id":"https:\/\/sombramadrid.com\/palmares-sombra-madrid-2024\/#breadcrumb","itemListElement":[{"@type":"ListItem","position":1,"name":"Portada","item":"https:\/\/sombramadrid.com\/"},{"@type":"ListItem","position":2,"name":"Palmar\u00e9s Sombra Madrid 2024"}]},{"@type":"WebSite","@id":"https:\/\/sombramadrid.com\/#website","url":"https:\/\/sombramadrid.com\/","name":"Sombra Festival","description":"XIII Festival de Cine Fant\u00e1stico Europeo de Murcia, 8-17 MARZO 2024","publisher":{"@id":"https:\/\/sombramadrid.com\/#organization"},"potentialAction":[{"@type":"SearchAction","target":{"@type":"EntryPoint","urlTemplate":"https:\/\/sombramadrid.com\/?s={search_term_string}"},"query-input":{"@type":"PropertyValueSpecification","valueRequired":true,"valueName":"search_term_string"}}],"inLanguage":"en-GB"},{"@type":"Organization","@id":"https:\/\/sombramadrid.com\/#organization","name":"SOMBRA, IX FESTIVAL DE CINE FANTASTICO EUROPEO DE MURCIA","url":"https:\/\/sombramadrid.com\/","logo":{"@type":"ImageObject","inLanguage":"en-GB","@id":"https:\/\/sombramadrid.com\/#\/schema\/logo\/image\/","url":"https:\/\/sombramadrid.com\/wp-content\/uploads\/2019\/10\/Sombra-LogoIdentificador-Negativo.jpg","contentUrl":"https:\/\/sombramadrid.com\/wp-content\/uploads\/2019\/10\/Sombra-LogoIdentificador-Negativo.jpg","width":400,"height":400,"caption":"SOMBRA, IX FESTIVAL DE CINE FANTASTICO EUROPEO DE MURCIA"},"image":{"@id":"https:\/\/sombramadrid.com\/#\/schema\/logo\/image\/"},"sameAs":["https:\/\/www.facebook.com\/Sombra-Festival-De-CINE-Fantastico-Europeo-De-Murcia-175337032531429\/","https:\/\/x.com\/SombraFestival","https:\/\/www.instagram.com\/sombrafestival\/","https:\/\/www.youtube.com\/channel\/UCBdSJni9V30Tq4cGf4Lj0Ug?view_as=subscriber"]}]}},"_links":{"self":[{"href":"https:\/\/sombramadrid.com\/en\/wp-json\/wp\/v2\/pages\/6766","targetHints":{"allow":["GET"]}}],"collection":[{"href":"https:\/\/sombramadrid.com\/en\/wp-json\/wp\/v2\/pages"}],"about":[{"href":"https:\/\/sombramadrid.com\/en\/wp-json\/wp\/v2\/types\/page"}],"author":[{"embeddable":true,"href":"https:\/\/sombramadrid.com\/en\/wp-json\/wp\/v2\/users\/2"}],"replies":[{"embeddable":true,"href":"https:\/\/sombramadrid.com\/en\/wp-json\/wp\/v2\/comments?post=6766"}],"version-history":[{"count":1,"href":"https:\/\/sombramadrid.com\/en\/wp-json\/wp\/v2\/pages\/6766\/revisions"}],"predecessor-version":[{"id":6767,"href":"https:\/\/sombramadrid.com\/en\/wp-json\/wp\/v2\/pages\/6766\/revisions\/6767"}],"wp:featuredmedia":[{"embeddable":true,"href":"https:\/\/sombramadrid.com\/en\/wp-json\/wp\/v2\/media\/6233"}],"wp:attachment":[{"href":"https:\/\/sombramadrid.com\/en\/wp-json\/wp\/v2\/media?parent=6766"}],"curies":[{"name":"wp","href":"https:\/\/api.w.org\/{rel}","templated":true}]}}