{"id":6703,"date":"2024-03-02T16:00:29","date_gmt":"2024-03-02T15:00:29","guid":{"rendered":"https:\/\/sombramadrid.com\/?page_id=6703"},"modified":"2024-03-02T16:00:29","modified_gmt":"2024-03-02T15:00:29","slug":"invitados-jaume-balaguero","status":"publish","type":"page","link":"https:\/\/sombramadrid.com\/en\/invitados-jaume-balaguero\/","title":{"rendered":"Invitados | Jaume Balaguer\u00f3"},"content":{"rendered":"<h2>Jaume Balaguer\u00f3<\/h2>\n<p>Nacido en L\u00e9rida en noviembre de 1968, Jaume Balaguer\u00f3 supo desde joven que sus intereses se orientaban hacia el s\u00e9ptimo arte, estudios que compagin\u00f3 con un grado en Ciencias de la Comunicaci\u00f3n. Su primer largometraje como director fue Los sin nombre, pel\u00edcula premiada con el M\u00e9li\u00e8s de Oro a Mejor Filme Fant\u00e1stico Europeo. La pel\u00edcula le ayud\u00f3 a proyectarse internacionalmente, pero sobre todo a definirse como uno de los precursores del nuevo cine de terror espa\u00f1ol. Suyas son Fr\u00e1giles, con Elena Anaya, Mientras Duermes, o la popular saga de Rec, todas ellas producidas por Filmax.<\/p>\n<p><img loading=\"lazy\" decoding=\"async\" class=\"size-full wp-image-6366 aligncenter\" src=\"https:\/\/sombramadrid.com\/wp-content\/uploads\/2024\/02\/balaguero.jpg\" alt=\"\" width=\"620\" height=\"629\" srcset=\"https:\/\/sombramadrid.com\/wp-content\/uploads\/2024\/02\/balaguero.jpg 620w, https:\/\/sombramadrid.com\/wp-content\/uploads\/2024\/02\/balaguero-296x300.jpg 296w, https:\/\/sombramadrid.com\/wp-content\/uploads\/2024\/02\/balaguero-12x12.jpg 12w, https:\/\/sombramadrid.com\/wp-content\/uploads\/2024\/02\/balaguero-414x420.jpg 414w\" sizes=\"auto, (max-width: 620px) 100vw, 620px\" \/><\/p>\n<p>&nbsp;<\/p>","protected":false},"excerpt":{"rendered":"<p>Jaume Balaguer\u00f3 Nacido en L\u00e9rida en noviembre de 1968, Jaume Balaguer\u00f3 supo desde joven que sus intereses se orientaban hacia el s\u00e9ptimo arte, estudios que compagin\u00f3 con un grado en Ciencias de la Comunicaci\u00f3n. Su primer largometraje como director fue Los sin nombre, pel\u00edcula premiada con el M\u00e9li\u00e8s de Oro a Mejor Filme Fant\u00e1stico Europeo. [&hellip;]<\/p>","protected":false},"author":2,"featured_media":6366,"parent":0,"menu_order":0,"comment_status":"closed","ping_status":"closed","template":"","meta":{"footnotes":""},"class_list":["post-6703","page","type-page","status-publish","has-post-thumbnail"],"yoast_head":"<!-- This site is optimized with the Yoast SEO plugin v24.3 - https:\/\/yoast.com\/wordpress\/plugins\/seo\/ -->\n<title>Invitados | Jaume Balaguer\u00f3 - Sombra Festival<\/title>\n<meta name=\"robots\" content=\"index, follow, max-snippet:-1, max-image-preview:large, max-video-preview:-1\" \/>\n<link rel=\"canonical\" href=\"https:\/\/sombramadrid.com\/en\/invitados-jaume-balaguero\/\" \/>\n<meta property=\"og:locale\" content=\"en_GB\" \/>\n<meta property=\"og:type\" content=\"article\" \/>\n<meta property=\"og:title\" content=\"Invitados | Jaume Balaguer\u00f3 - Sombra Festival\" \/>\n<meta property=\"og:description\" content=\"Jaume Balaguer\u00f3 Nacido en L\u00e9rida en noviembre de 1968, Jaume Balaguer\u00f3 supo desde joven que sus intereses se orientaban hacia el s\u00e9ptimo arte, estudios que compagin\u00f3 con un grado en Ciencias de la Comunicaci\u00f3n. Su primer largometraje como director fue Los sin nombre, pel\u00edcula premiada con el M\u00e9li\u00e8s de Oro a Mejor Filme Fant\u00e1stico Europeo. [&hellip;]\" \/>\n<meta property=\"og:url\" content=\"https:\/\/sombramadrid.com\/en\/invitados-jaume-balaguero\/\" \/>\n<meta property=\"og:site_name\" content=\"Sombra Festival\" \/>\n<meta property=\"article:publisher\" content=\"https:\/\/www.facebook.com\/Sombra-Festival-De-CINE-Fantastico-Europeo-De-Murcia-175337032531429\/\" \/>\n<meta property=\"og:image\" content=\"https:\/\/sombramadrid.com\/wp-content\/uploads\/2024\/02\/balaguero.jpg\" \/>\n\t<meta property=\"og:image:width\" content=\"620\" \/>\n\t<meta property=\"og:image:height\" content=\"629\" \/>\n\t<meta property=\"og:image:type\" content=\"image\/jpeg\" \/>\n<meta name=\"twitter:card\" content=\"summary_large_image\" \/>\n<meta name=\"twitter:site\" content=\"@SombraFestival\" \/>\n<meta name=\"twitter:label1\" content=\"Est. reading time\" \/>\n\t<meta name=\"twitter:data1\" content=\"1 minute\" \/>\n<script type=\"application\/ld+json\" class=\"yoast-schema-graph\">{\"@context\":\"https:\/\/schema.org\",\"@graph\":[{\"@type\":\"WebPage\",\"@id\":\"https:\/\/sombramadrid.com\/invitados-jaume-balaguero\/\",\"url\":\"https:\/\/sombramadrid.com\/invitados-jaume-balaguero\/\",\"name\":\"Invitados | Jaume Balaguer\u00f3 - Sombra Festival\",\"isPartOf\":{\"@id\":\"https:\/\/sombramadrid.com\/#website\"},\"primaryImageOfPage\":{\"@id\":\"https:\/\/sombramadrid.com\/invitados-jaume-balaguero\/#primaryimage\"},\"image\":{\"@id\":\"https:\/\/sombramadrid.com\/invitados-jaume-balaguero\/#primaryimage\"},\"thumbnailUrl\":\"https:\/\/sombramadrid.com\/wp-content\/uploads\/2024\/02\/balaguero.jpg\",\"datePublished\":\"2024-03-02T15:00:29+00:00\",\"dateModified\":\"2024-03-02T15:00:29+00:00\",\"breadcrumb\":{\"@id\":\"https:\/\/sombramadrid.com\/invitados-jaume-balaguero\/#breadcrumb\"},\"inLanguage\":\"en-GB\",\"potentialAction\":[{\"@type\":\"ReadAction\",\"target\":[\"https:\/\/sombramadrid.com\/invitados-jaume-balaguero\/\"]}]},{\"@type\":\"ImageObject\",\"inLanguage\":\"en-GB\",\"@id\":\"https:\/\/sombramadrid.com\/invitados-jaume-balaguero\/#primaryimage\",\"url\":\"https:\/\/sombramadrid.com\/wp-content\/uploads\/2024\/02\/balaguero.jpg\",\"contentUrl\":\"https:\/\/sombramadrid.com\/wp-content\/uploads\/2024\/02\/balaguero.jpg\",\"width\":620,\"height\":629},{\"@type\":\"BreadcrumbList\",\"@id\":\"https:\/\/sombramadrid.com\/invitados-jaume-balaguero\/#breadcrumb\",\"itemListElement\":[{\"@type\":\"ListItem\",\"position\":1,\"name\":\"Portada\",\"item\":\"https:\/\/sombramadrid.com\/\"},{\"@type\":\"ListItem\",\"position\":2,\"name\":\"Invitados | Jaume Balaguer\u00f3\"}]},{\"@type\":\"WebSite\",\"@id\":\"https:\/\/sombramadrid.com\/#website\",\"url\":\"https:\/\/sombramadrid.com\/\",\"name\":\"Sombra Festival\",\"description\":\"XIII Festival de Cine Fant\u00e1stico Europeo de Murcia, 8-17 MARZO 2024\",\"publisher\":{\"@id\":\"https:\/\/sombramadrid.com\/#organization\"},\"potentialAction\":[{\"@type\":\"SearchAction\",\"target\":{\"@type\":\"EntryPoint\",\"urlTemplate\":\"https:\/\/sombramadrid.com\/?s={search_term_string}\"},\"query-input\":{\"@type\":\"PropertyValueSpecification\",\"valueRequired\":true,\"valueName\":\"search_term_string\"}}],\"inLanguage\":\"en-GB\"},{\"@type\":\"Organization\",\"@id\":\"https:\/\/sombramadrid.com\/#organization\",\"name\":\"SOMBRA, IX FESTIVAL DE CINE FANTASTICO EUROPEO DE MURCIA\",\"url\":\"https:\/\/sombramadrid.com\/\",\"logo\":{\"@type\":\"ImageObject\",\"inLanguage\":\"en-GB\",\"@id\":\"https:\/\/sombramadrid.com\/#\/schema\/logo\/image\/\",\"url\":\"https:\/\/sombramadrid.com\/wp-content\/uploads\/2019\/10\/Sombra-LogoIdentificador-Negativo.jpg\",\"contentUrl\":\"https:\/\/sombramadrid.com\/wp-content\/uploads\/2019\/10\/Sombra-LogoIdentificador-Negativo.jpg\",\"width\":400,\"height\":400,\"caption\":\"SOMBRA, IX FESTIVAL DE CINE FANTASTICO EUROPEO DE MURCIA\"},\"image\":{\"@id\":\"https:\/\/sombramadrid.com\/#\/schema\/logo\/image\/\"},\"sameAs\":[\"https:\/\/www.facebook.com\/Sombra-Festival-De-CINE-Fantastico-Europeo-De-Murcia-175337032531429\/\",\"https:\/\/x.com\/SombraFestival\",\"https:\/\/www.instagram.com\/sombrafestival\/\",\"https:\/\/www.youtube.com\/channel\/UCBdSJni9V30Tq4cGf4Lj0Ug?view_as=subscriber\"]}]}<\/script>\n<!-- \/ Yoast SEO plugin. -->","yoast_head_json":{"title":"Invitados | Jaume Balaguer\u00f3 - Sombra Festival","robots":{"index":"index","follow":"follow","max-snippet":"max-snippet:-1","max-image-preview":"max-image-preview:large","max-video-preview":"max-video-preview:-1"},"canonical":"https:\/\/sombramadrid.com\/en\/invitados-jaume-balaguero\/","og_locale":"en_GB","og_type":"article","og_title":"Invitados | Jaume Balaguer\u00f3 - Sombra Festival","og_description":"Jaume Balaguer\u00f3 Nacido en L\u00e9rida en noviembre de 1968, Jaume Balaguer\u00f3 supo desde joven que sus intereses se orientaban hacia el s\u00e9ptimo arte, estudios que compagin\u00f3 con un grado en Ciencias de la Comunicaci\u00f3n. Su primer largometraje como director fue Los sin nombre, pel\u00edcula premiada con el M\u00e9li\u00e8s de Oro a Mejor Filme Fant\u00e1stico Europeo. [&hellip;]","og_url":"https:\/\/sombramadrid.com\/en\/invitados-jaume-balaguero\/","og_site_name":"Sombra Festival","article_publisher":"https:\/\/www.facebook.com\/Sombra-Festival-De-CINE-Fantastico-Europeo-De-Murcia-175337032531429\/","og_image":[{"width":620,"height":629,"url":"https:\/\/sombramadrid.com\/wp-content\/uploads\/2024\/02\/balaguero.jpg","type":"image\/jpeg"}],"twitter_card":"summary_large_image","twitter_site":"@SombraFestival","twitter_misc":{"Est. reading time":"1 minute"},"schema":{"@context":"https:\/\/schema.org","@graph":[{"@type":"WebPage","@id":"https:\/\/sombramadrid.com\/invitados-jaume-balaguero\/","url":"https:\/\/sombramadrid.com\/invitados-jaume-balaguero\/","name":"Invitados | Jaume Balaguer\u00f3 - Sombra Festival","isPartOf":{"@id":"https:\/\/sombramadrid.com\/#website"},"primaryImageOfPage":{"@id":"https:\/\/sombramadrid.com\/invitados-jaume-balaguero\/#primaryimage"},"image":{"@id":"https:\/\/sombramadrid.com\/invitados-jaume-balaguero\/#primaryimage"},"thumbnailUrl":"https:\/\/sombramadrid.com\/wp-content\/uploads\/2024\/02\/balaguero.jpg","datePublished":"2024-03-02T15:00:29+00:00","dateModified":"2024-03-02T15:00:29+00:00","breadcrumb":{"@id":"https:\/\/sombramadrid.com\/invitados-jaume-balaguero\/#breadcrumb"},"inLanguage":"en-GB","potentialAction":[{"@type":"ReadAction","target":["https:\/\/sombramadrid.com\/invitados-jaume-balaguero\/"]}]},{"@type":"ImageObject","inLanguage":"en-GB","@id":"https:\/\/sombramadrid.com\/invitados-jaume-balaguero\/#primaryimage","url":"https:\/\/sombramadrid.com\/wp-content\/uploads\/2024\/02\/balaguero.jpg","contentUrl":"https:\/\/sombramadrid.com\/wp-content\/uploads\/2024\/02\/balaguero.jpg","width":620,"height":629},{"@type":"BreadcrumbList","@id":"https:\/\/sombramadrid.com\/invitados-jaume-balaguero\/#breadcrumb","itemListElement":[{"@type":"ListItem","position":1,"name":"Portada","item":"https:\/\/sombramadrid.com\/"},{"@type":"ListItem","position":2,"name":"Invitados | Jaume Balaguer\u00f3"}]},{"@type":"WebSite","@id":"https:\/\/sombramadrid.com\/#website","url":"https:\/\/sombramadrid.com\/","name":"Sombra Festival","description":"XIII Festival de Cine Fant\u00e1stico Europeo de Murcia, 8-17 MARZO 2024","publisher":{"@id":"https:\/\/sombramadrid.com\/#organization"},"potentialAction":[{"@type":"SearchAction","target":{"@type":"EntryPoint","urlTemplate":"https:\/\/sombramadrid.com\/?s={search_term_string}"},"query-input":{"@type":"PropertyValueSpecification","valueRequired":true,"valueName":"search_term_string"}}],"inLanguage":"en-GB"},{"@type":"Organization","@id":"https:\/\/sombramadrid.com\/#organization","name":"SOMBRA, IX FESTIVAL DE CINE FANTASTICO EUROPEO DE MURCIA","url":"https:\/\/sombramadrid.com\/","logo":{"@type":"ImageObject","inLanguage":"en-GB","@id":"https:\/\/sombramadrid.com\/#\/schema\/logo\/image\/","url":"https:\/\/sombramadrid.com\/wp-content\/uploads\/2019\/10\/Sombra-LogoIdentificador-Negativo.jpg","contentUrl":"https:\/\/sombramadrid.com\/wp-content\/uploads\/2019\/10\/Sombra-LogoIdentificador-Negativo.jpg","width":400,"height":400,"caption":"SOMBRA, IX FESTIVAL DE CINE FANTASTICO EUROPEO DE MURCIA"},"image":{"@id":"https:\/\/sombramadrid.com\/#\/schema\/logo\/image\/"},"sameAs":["https:\/\/www.facebook.com\/Sombra-Festival-De-CINE-Fantastico-Europeo-De-Murcia-175337032531429\/","https:\/\/x.com\/SombraFestival","https:\/\/www.instagram.com\/sombrafestival\/","https:\/\/www.youtube.com\/channel\/UCBdSJni9V30Tq4cGf4Lj0Ug?view_as=subscriber"]}]}},"_links":{"self":[{"href":"https:\/\/sombramadrid.com\/en\/wp-json\/wp\/v2\/pages\/6703","targetHints":{"allow":["GET"]}}],"collection":[{"href":"https:\/\/sombramadrid.com\/en\/wp-json\/wp\/v2\/pages"}],"about":[{"href":"https:\/\/sombramadrid.com\/en\/wp-json\/wp\/v2\/types\/page"}],"author":[{"embeddable":true,"href":"https:\/\/sombramadrid.com\/en\/wp-json\/wp\/v2\/users\/2"}],"replies":[{"embeddable":true,"href":"https:\/\/sombramadrid.com\/en\/wp-json\/wp\/v2\/comments?post=6703"}],"version-history":[{"count":2,"href":"https:\/\/sombramadrid.com\/en\/wp-json\/wp\/v2\/pages\/6703\/revisions"}],"predecessor-version":[{"id":6705,"href":"https:\/\/sombramadrid.com\/en\/wp-json\/wp\/v2\/pages\/6703\/revisions\/6705"}],"wp:featuredmedia":[{"embeddable":true,"href":"https:\/\/sombramadrid.com\/en\/wp-json\/wp\/v2\/media\/6366"}],"wp:attachment":[{"href":"https:\/\/sombramadrid.com\/en\/wp-json\/wp\/v2\/media?parent=6703"}],"curies":[{"name":"wp","href":"https:\/\/api.w.org\/{rel}","templated":true}]}}