{"id":6701,"date":"2024-03-02T15:59:05","date_gmt":"2024-03-02T14:59:05","guid":{"rendered":"https:\/\/sombramadrid.com\/?page_id=6701"},"modified":"2024-03-02T15:59:05","modified_gmt":"2024-03-02T14:59:05","slug":"invitados-richard-stanley","status":"publish","type":"page","link":"https:\/\/sombramadrid.com\/en\/invitados-richard-stanley\/","title":{"rendered":"Invitados | Richard Stanley"},"content":{"rendered":"<h2>Richard Stanley<\/h2>\n<p>Nos ha llevado al Nueva York post-apocal\u00edptico y a conocer al demonio del desierto; le hemos acompa\u00f1ado en su \u00e9picamente completo viaje a la isla del Dr. Moreau y hemos contemplado la noche te\u00f1ida de colores de otros mundos\u2026\u00a0<strong>RICHARD STANLEY<\/strong>\u00a0llega a #SombraMadrid.<\/p>\n<p>Tras m\u00e1s de 20 a\u00f1os alejado de la direcci\u00f3n, Richard Stanley ha vuelto a la palestra nada y nada menos que con una adaptaci\u00f3n del genio\u00a0<strong>Lovecraft<\/strong>:\u00a0<strong>Color out of space<\/strong>. La pel\u00edcula, protagonizada por Nicolas Cage, supone la vuelta Stanley como director de largometrajes tras su salida de \u00abLa isla del doctor Moreau\u00bb.<\/p>\n<p>A principios de los 90, Stanley dirigi\u00f3 dos pel\u00edculas que, con el tiempo, se han convertido en aut\u00e9ntico cine de culto como\u00a0Hardware, preparado para matar\u00a0y\u00a0El demonio del desierto. Tambi\u00e9n ha tenido una importante implicaci\u00f3n en el mundo musical, trabajando con grupos como\u00a0<strong>Fields of the Nephilim<\/strong>,\u00a0<strong>Public Image Limited<\/strong>\u00a0o\u00a0<strong>Marillion<\/strong>; de hecho, en su pel\u00edcula\u00a0Hardware, podemos encontrar cameos de artistas de la talla de\u00a0<strong>Iggy Pop<\/strong>,\u00a0<strong>Carl McCoy<\/strong>\u00a0o\u00a0<strong>Lemmy<\/strong>.<\/p>\n<p><img loading=\"lazy\" decoding=\"async\" class=\"size-full wp-image-6361 aligncenter\" src=\"https:\/\/sombramadrid.com\/wp-content\/uploads\/2024\/02\/Richard-Stanley.jpg\" alt=\"\" width=\"620\" height=\"629\" srcset=\"https:\/\/sombramadrid.com\/wp-content\/uploads\/2024\/02\/Richard-Stanley.jpg 620w, https:\/\/sombramadrid.com\/wp-content\/uploads\/2024\/02\/Richard-Stanley-296x300.jpg 296w, https:\/\/sombramadrid.com\/wp-content\/uploads\/2024\/02\/Richard-Stanley-12x12.jpg 12w, https:\/\/sombramadrid.com\/wp-content\/uploads\/2024\/02\/Richard-Stanley-414x420.jpg 414w\" sizes=\"auto, (max-width: 620px) 100vw, 620px\" \/><\/p>","protected":false},"excerpt":{"rendered":"<p>Richard Stanley Nos ha llevado al Nueva York post-apocal\u00edptico y a conocer al demonio del desierto; le hemos acompa\u00f1ado en su \u00e9picamente completo viaje a la isla del Dr. Moreau y hemos contemplado la noche te\u00f1ida de colores de otros mundos\u2026\u00a0RICHARD STANLEY\u00a0llega a #SombraMadrid. Tras m\u00e1s de 20 a\u00f1os alejado de la direcci\u00f3n, Richard Stanley [&hellip;]<\/p>","protected":false},"author":2,"featured_media":6361,"parent":0,"menu_order":0,"comment_status":"closed","ping_status":"closed","template":"","meta":{"footnotes":""},"class_list":["post-6701","page","type-page","status-publish","has-post-thumbnail"],"yoast_head":"<!-- This site is optimized with the Yoast SEO plugin v24.3 - https:\/\/yoast.com\/wordpress\/plugins\/seo\/ -->\n<title>Invitados | Richard Stanley - Sombra Festival<\/title>\n<meta name=\"robots\" content=\"index, follow, max-snippet:-1, max-image-preview:large, max-video-preview:-1\" \/>\n<link rel=\"canonical\" href=\"https:\/\/sombramadrid.com\/en\/invitados-richard-stanley\/\" \/>\n<meta property=\"og:locale\" content=\"en_GB\" \/>\n<meta property=\"og:type\" content=\"article\" \/>\n<meta property=\"og:title\" content=\"Invitados | Richard Stanley - Sombra Festival\" \/>\n<meta property=\"og:description\" content=\"Richard Stanley Nos ha llevado al Nueva York post-apocal\u00edptico y a conocer al demonio del desierto; le hemos acompa\u00f1ado en su \u00e9picamente completo viaje a la isla del Dr. Moreau y hemos contemplado la noche te\u00f1ida de colores de otros mundos\u2026\u00a0RICHARD STANLEY\u00a0llega a #SombraMadrid. Tras m\u00e1s de 20 a\u00f1os alejado de la direcci\u00f3n, Richard Stanley [&hellip;]\" \/>\n<meta property=\"og:url\" content=\"https:\/\/sombramadrid.com\/en\/invitados-richard-stanley\/\" \/>\n<meta property=\"og:site_name\" content=\"Sombra Festival\" \/>\n<meta property=\"article:publisher\" content=\"https:\/\/www.facebook.com\/Sombra-Festival-De-CINE-Fantastico-Europeo-De-Murcia-175337032531429\/\" \/>\n<meta property=\"og:image\" content=\"https:\/\/sombramadrid.com\/wp-content\/uploads\/2024\/02\/Richard-Stanley.jpg\" \/>\n\t<meta property=\"og:image:width\" content=\"620\" \/>\n\t<meta property=\"og:image:height\" content=\"629\" \/>\n\t<meta property=\"og:image:type\" content=\"image\/jpeg\" \/>\n<meta name=\"twitter:card\" content=\"summary_large_image\" \/>\n<meta name=\"twitter:site\" content=\"@SombraFestival\" \/>\n<meta name=\"twitter:label1\" content=\"Est. reading time\" \/>\n\t<meta name=\"twitter:data1\" content=\"1 minute\" \/>\n<script type=\"application\/ld+json\" class=\"yoast-schema-graph\">{\"@context\":\"https:\/\/schema.org\",\"@graph\":[{\"@type\":\"WebPage\",\"@id\":\"https:\/\/sombramadrid.com\/invitados-richard-stanley\/\",\"url\":\"https:\/\/sombramadrid.com\/invitados-richard-stanley\/\",\"name\":\"Invitados | Richard Stanley - Sombra Festival\",\"isPartOf\":{\"@id\":\"https:\/\/sombramadrid.com\/#website\"},\"primaryImageOfPage\":{\"@id\":\"https:\/\/sombramadrid.com\/invitados-richard-stanley\/#primaryimage\"},\"image\":{\"@id\":\"https:\/\/sombramadrid.com\/invitados-richard-stanley\/#primaryimage\"},\"thumbnailUrl\":\"https:\/\/sombramadrid.com\/wp-content\/uploads\/2024\/02\/Richard-Stanley.jpg\",\"datePublished\":\"2024-03-02T14:59:05+00:00\",\"dateModified\":\"2024-03-02T14:59:05+00:00\",\"breadcrumb\":{\"@id\":\"https:\/\/sombramadrid.com\/invitados-richard-stanley\/#breadcrumb\"},\"inLanguage\":\"en-GB\",\"potentialAction\":[{\"@type\":\"ReadAction\",\"target\":[\"https:\/\/sombramadrid.com\/invitados-richard-stanley\/\"]}]},{\"@type\":\"ImageObject\",\"inLanguage\":\"en-GB\",\"@id\":\"https:\/\/sombramadrid.com\/invitados-richard-stanley\/#primaryimage\",\"url\":\"https:\/\/sombramadrid.com\/wp-content\/uploads\/2024\/02\/Richard-Stanley.jpg\",\"contentUrl\":\"https:\/\/sombramadrid.com\/wp-content\/uploads\/2024\/02\/Richard-Stanley.jpg\",\"width\":620,\"height\":629},{\"@type\":\"BreadcrumbList\",\"@id\":\"https:\/\/sombramadrid.com\/invitados-richard-stanley\/#breadcrumb\",\"itemListElement\":[{\"@type\":\"ListItem\",\"position\":1,\"name\":\"Portada\",\"item\":\"https:\/\/sombramadrid.com\/\"},{\"@type\":\"ListItem\",\"position\":2,\"name\":\"Invitados | Richard Stanley\"}]},{\"@type\":\"WebSite\",\"@id\":\"https:\/\/sombramadrid.com\/#website\",\"url\":\"https:\/\/sombramadrid.com\/\",\"name\":\"Sombra Festival\",\"description\":\"XIII Festival de Cine Fant\u00e1stico Europeo de Murcia, 8-17 MARZO 2024\",\"publisher\":{\"@id\":\"https:\/\/sombramadrid.com\/#organization\"},\"potentialAction\":[{\"@type\":\"SearchAction\",\"target\":{\"@type\":\"EntryPoint\",\"urlTemplate\":\"https:\/\/sombramadrid.com\/?s={search_term_string}\"},\"query-input\":{\"@type\":\"PropertyValueSpecification\",\"valueRequired\":true,\"valueName\":\"search_term_string\"}}],\"inLanguage\":\"en-GB\"},{\"@type\":\"Organization\",\"@id\":\"https:\/\/sombramadrid.com\/#organization\",\"name\":\"SOMBRA, IX FESTIVAL DE CINE FANTASTICO EUROPEO DE MURCIA\",\"url\":\"https:\/\/sombramadrid.com\/\",\"logo\":{\"@type\":\"ImageObject\",\"inLanguage\":\"en-GB\",\"@id\":\"https:\/\/sombramadrid.com\/#\/schema\/logo\/image\/\",\"url\":\"https:\/\/sombramadrid.com\/wp-content\/uploads\/2019\/10\/Sombra-LogoIdentificador-Negativo.jpg\",\"contentUrl\":\"https:\/\/sombramadrid.com\/wp-content\/uploads\/2019\/10\/Sombra-LogoIdentificador-Negativo.jpg\",\"width\":400,\"height\":400,\"caption\":\"SOMBRA, IX FESTIVAL DE CINE FANTASTICO EUROPEO DE MURCIA\"},\"image\":{\"@id\":\"https:\/\/sombramadrid.com\/#\/schema\/logo\/image\/\"},\"sameAs\":[\"https:\/\/www.facebook.com\/Sombra-Festival-De-CINE-Fantastico-Europeo-De-Murcia-175337032531429\/\",\"https:\/\/x.com\/SombraFestival\",\"https:\/\/www.instagram.com\/sombrafestival\/\",\"https:\/\/www.youtube.com\/channel\/UCBdSJni9V30Tq4cGf4Lj0Ug?view_as=subscriber\"]}]}<\/script>\n<!-- \/ Yoast SEO plugin. -->","yoast_head_json":{"title":"Invitados | Richard Stanley - Sombra Festival","robots":{"index":"index","follow":"follow","max-snippet":"max-snippet:-1","max-image-preview":"max-image-preview:large","max-video-preview":"max-video-preview:-1"},"canonical":"https:\/\/sombramadrid.com\/en\/invitados-richard-stanley\/","og_locale":"en_GB","og_type":"article","og_title":"Invitados | Richard Stanley - Sombra Festival","og_description":"Richard Stanley Nos ha llevado al Nueva York post-apocal\u00edptico y a conocer al demonio del desierto; le hemos acompa\u00f1ado en su \u00e9picamente completo viaje a la isla del Dr. Moreau y hemos contemplado la noche te\u00f1ida de colores de otros mundos\u2026\u00a0RICHARD STANLEY\u00a0llega a #SombraMadrid. Tras m\u00e1s de 20 a\u00f1os alejado de la direcci\u00f3n, Richard Stanley [&hellip;]","og_url":"https:\/\/sombramadrid.com\/en\/invitados-richard-stanley\/","og_site_name":"Sombra Festival","article_publisher":"https:\/\/www.facebook.com\/Sombra-Festival-De-CINE-Fantastico-Europeo-De-Murcia-175337032531429\/","og_image":[{"width":620,"height":629,"url":"https:\/\/sombramadrid.com\/wp-content\/uploads\/2024\/02\/Richard-Stanley.jpg","type":"image\/jpeg"}],"twitter_card":"summary_large_image","twitter_site":"@SombraFestival","twitter_misc":{"Est. reading time":"1 minute"},"schema":{"@context":"https:\/\/schema.org","@graph":[{"@type":"WebPage","@id":"https:\/\/sombramadrid.com\/invitados-richard-stanley\/","url":"https:\/\/sombramadrid.com\/invitados-richard-stanley\/","name":"Invitados | Richard Stanley - Sombra Festival","isPartOf":{"@id":"https:\/\/sombramadrid.com\/#website"},"primaryImageOfPage":{"@id":"https:\/\/sombramadrid.com\/invitados-richard-stanley\/#primaryimage"},"image":{"@id":"https:\/\/sombramadrid.com\/invitados-richard-stanley\/#primaryimage"},"thumbnailUrl":"https:\/\/sombramadrid.com\/wp-content\/uploads\/2024\/02\/Richard-Stanley.jpg","datePublished":"2024-03-02T14:59:05+00:00","dateModified":"2024-03-02T14:59:05+00:00","breadcrumb":{"@id":"https:\/\/sombramadrid.com\/invitados-richard-stanley\/#breadcrumb"},"inLanguage":"en-GB","potentialAction":[{"@type":"ReadAction","target":["https:\/\/sombramadrid.com\/invitados-richard-stanley\/"]}]},{"@type":"ImageObject","inLanguage":"en-GB","@id":"https:\/\/sombramadrid.com\/invitados-richard-stanley\/#primaryimage","url":"https:\/\/sombramadrid.com\/wp-content\/uploads\/2024\/02\/Richard-Stanley.jpg","contentUrl":"https:\/\/sombramadrid.com\/wp-content\/uploads\/2024\/02\/Richard-Stanley.jpg","width":620,"height":629},{"@type":"BreadcrumbList","@id":"https:\/\/sombramadrid.com\/invitados-richard-stanley\/#breadcrumb","itemListElement":[{"@type":"ListItem","position":1,"name":"Portada","item":"https:\/\/sombramadrid.com\/"},{"@type":"ListItem","position":2,"name":"Invitados | Richard Stanley"}]},{"@type":"WebSite","@id":"https:\/\/sombramadrid.com\/#website","url":"https:\/\/sombramadrid.com\/","name":"Sombra Festival","description":"XIII Festival de Cine Fant\u00e1stico Europeo de Murcia, 8-17 MARZO 2024","publisher":{"@id":"https:\/\/sombramadrid.com\/#organization"},"potentialAction":[{"@type":"SearchAction","target":{"@type":"EntryPoint","urlTemplate":"https:\/\/sombramadrid.com\/?s={search_term_string}"},"query-input":{"@type":"PropertyValueSpecification","valueRequired":true,"valueName":"search_term_string"}}],"inLanguage":"en-GB"},{"@type":"Organization","@id":"https:\/\/sombramadrid.com\/#organization","name":"SOMBRA, IX FESTIVAL DE CINE FANTASTICO EUROPEO DE MURCIA","url":"https:\/\/sombramadrid.com\/","logo":{"@type":"ImageObject","inLanguage":"en-GB","@id":"https:\/\/sombramadrid.com\/#\/schema\/logo\/image\/","url":"https:\/\/sombramadrid.com\/wp-content\/uploads\/2019\/10\/Sombra-LogoIdentificador-Negativo.jpg","contentUrl":"https:\/\/sombramadrid.com\/wp-content\/uploads\/2019\/10\/Sombra-LogoIdentificador-Negativo.jpg","width":400,"height":400,"caption":"SOMBRA, IX FESTIVAL DE CINE FANTASTICO EUROPEO DE MURCIA"},"image":{"@id":"https:\/\/sombramadrid.com\/#\/schema\/logo\/image\/"},"sameAs":["https:\/\/www.facebook.com\/Sombra-Festival-De-CINE-Fantastico-Europeo-De-Murcia-175337032531429\/","https:\/\/x.com\/SombraFestival","https:\/\/www.instagram.com\/sombrafestival\/","https:\/\/www.youtube.com\/channel\/UCBdSJni9V30Tq4cGf4Lj0Ug?view_as=subscriber"]}]}},"_links":{"self":[{"href":"https:\/\/sombramadrid.com\/en\/wp-json\/wp\/v2\/pages\/6701","targetHints":{"allow":["GET"]}}],"collection":[{"href":"https:\/\/sombramadrid.com\/en\/wp-json\/wp\/v2\/pages"}],"about":[{"href":"https:\/\/sombramadrid.com\/en\/wp-json\/wp\/v2\/types\/page"}],"author":[{"embeddable":true,"href":"https:\/\/sombramadrid.com\/en\/wp-json\/wp\/v2\/users\/2"}],"replies":[{"embeddable":true,"href":"https:\/\/sombramadrid.com\/en\/wp-json\/wp\/v2\/comments?post=6701"}],"version-history":[{"count":1,"href":"https:\/\/sombramadrid.com\/en\/wp-json\/wp\/v2\/pages\/6701\/revisions"}],"predecessor-version":[{"id":6702,"href":"https:\/\/sombramadrid.com\/en\/wp-json\/wp\/v2\/pages\/6701\/revisions\/6702"}],"wp:featuredmedia":[{"embeddable":true,"href":"https:\/\/sombramadrid.com\/en\/wp-json\/wp\/v2\/media\/6361"}],"wp:attachment":[{"href":"https:\/\/sombramadrid.com\/en\/wp-json\/wp\/v2\/media?parent=6701"}],"curies":[{"name":"wp","href":"https:\/\/api.w.org\/{rel}","templated":true}]}}