{"id":6670,"date":"2024-03-01T09:57:46","date_gmt":"2024-03-01T08:57:46","guid":{"rendered":"https:\/\/sombramadrid.com\/?page_id=6670"},"modified":"2024-03-01T09:57:51","modified_gmt":"2024-03-01T08:57:51","slug":"invitados-sofia-alaoui","status":"publish","type":"page","link":"https:\/\/sombramadrid.com\/en\/invitados-sofia-alaoui\/","title":{"rendered":"Invitados | Sofia Alaoui"},"content":{"rendered":"<h2>SOFIA ALAOUI<\/h2>\n<p>Nacida en Casablanca (Marruecos), de padre marroqu\u00ed y madre francesa, creci\u00f3 entre Marruecos y China. Tras graduarse en el instituto en Casablanca se traslad\u00f3 a Par\u00eds para estudiar cine. En 2017 regres\u00f3 a Marruecos para desarrollar su propia productora, Jiango Films. Su \u00faltimo proyecto, SO WHAT IF THE GOATS DIE se rod\u00f3 en las monta\u00f1as del Atlas, con actores no profesionales y di\u00e1logos exclusivamente en tamazight. Gan\u00f3 el Gran Premio del Jurado en el Festival de Sundance en 2020, y el C\u00e9sar al mejor cortometraje de ficci\u00f3n en 2021. Despu\u00e9s dirigi\u00f3 el cortometraje fant\u00e1stico para la 20th Century Fox, THE LAKE, emitido en Hulu. ANIMALIA, su primer largometraje, se estren\u00f3 en el Festival de Sundance, donde se hizo con el Premio Especial del Jurado.<\/p>\n<p><img loading=\"lazy\" decoding=\"async\" class=\"size-full wp-image-6668 aligncenter\" src=\"https:\/\/sombramadrid.com\/wp-content\/uploads\/2024\/03\/SOFIA-ALAOUI.jpg\" alt=\"\" width=\"620\" height=\"629\" srcset=\"https:\/\/sombramadrid.com\/wp-content\/uploads\/2024\/03\/SOFIA-ALAOUI.jpg 620w, https:\/\/sombramadrid.com\/wp-content\/uploads\/2024\/03\/SOFIA-ALAOUI-296x300.jpg 296w, https:\/\/sombramadrid.com\/wp-content\/uploads\/2024\/03\/SOFIA-ALAOUI-12x12.jpg 12w, https:\/\/sombramadrid.com\/wp-content\/uploads\/2024\/03\/SOFIA-ALAOUI-414x420.jpg 414w\" sizes=\"auto, (max-width: 620px) 100vw, 620px\" \/><\/p>","protected":false},"excerpt":{"rendered":"<p>SOFIA ALAOUI Nacida en Casablanca (Marruecos), de padre marroqu\u00ed y madre francesa, creci\u00f3 entre Marruecos y China. Tras graduarse en el instituto en Casablanca se traslad\u00f3 a Par\u00eds para estudiar cine. En 2017 regres\u00f3 a Marruecos para desarrollar su propia productora, Jiango Films. Su \u00faltimo proyecto, SO WHAT IF THE GOATS DIE se rod\u00f3 en [&hellip;]<\/p>","protected":false},"author":2,"featured_media":0,"parent":0,"menu_order":0,"comment_status":"closed","ping_status":"closed","template":"","meta":{"footnotes":""},"class_list":["post-6670","page","type-page","status-publish"],"yoast_head":"<!-- This site is optimized with the Yoast SEO plugin v24.3 - https:\/\/yoast.com\/wordpress\/plugins\/seo\/ -->\n<title>Invitados | Sofia Alaoui - Sombra Festival<\/title>\n<meta name=\"robots\" content=\"index, follow, max-snippet:-1, max-image-preview:large, max-video-preview:-1\" \/>\n<link rel=\"canonical\" href=\"https:\/\/sombramadrid.com\/en\/invitados-sofia-alaoui\/\" \/>\n<meta property=\"og:locale\" content=\"en_GB\" \/>\n<meta property=\"og:type\" content=\"article\" \/>\n<meta property=\"og:title\" content=\"Invitados | Sofia Alaoui - Sombra Festival\" \/>\n<meta property=\"og:description\" content=\"SOFIA ALAOUI Nacida en Casablanca (Marruecos), de padre marroqu\u00ed y madre francesa, creci\u00f3 entre Marruecos y China. Tras graduarse en el instituto en Casablanca se traslad\u00f3 a Par\u00eds para estudiar cine. En 2017 regres\u00f3 a Marruecos para desarrollar su propia productora, Jiango Films. Su \u00faltimo proyecto, SO WHAT IF THE GOATS DIE se rod\u00f3 en [&hellip;]\" \/>\n<meta property=\"og:url\" content=\"https:\/\/sombramadrid.com\/en\/invitados-sofia-alaoui\/\" \/>\n<meta property=\"og:site_name\" content=\"Sombra Festival\" \/>\n<meta property=\"article:publisher\" content=\"https:\/\/www.facebook.com\/Sombra-Festival-De-CINE-Fantastico-Europeo-De-Murcia-175337032531429\/\" \/>\n<meta property=\"article:modified_time\" content=\"2024-03-01T08:57:51+00:00\" \/>\n<meta property=\"og:image\" content=\"https:\/\/sombramadrid.com\/wp-content\/uploads\/2024\/03\/SOFIA-ALAOUI.jpg\" \/>\n<meta name=\"twitter:card\" content=\"summary_large_image\" \/>\n<meta name=\"twitter:site\" content=\"@SombraFestival\" \/>\n<meta name=\"twitter:label1\" content=\"Est. reading time\" \/>\n\t<meta name=\"twitter:data1\" content=\"1 minute\" \/>\n<script type=\"application\/ld+json\" class=\"yoast-schema-graph\">{\"@context\":\"https:\/\/schema.org\",\"@graph\":[{\"@type\":\"WebPage\",\"@id\":\"https:\/\/sombramadrid.com\/invitados-sofia-alaoui\/\",\"url\":\"https:\/\/sombramadrid.com\/invitados-sofia-alaoui\/\",\"name\":\"Invitados | Sofia Alaoui - Sombra Festival\",\"isPartOf\":{\"@id\":\"https:\/\/sombramadrid.com\/#website\"},\"primaryImageOfPage\":{\"@id\":\"https:\/\/sombramadrid.com\/invitados-sofia-alaoui\/#primaryimage\"},\"image\":{\"@id\":\"https:\/\/sombramadrid.com\/invitados-sofia-alaoui\/#primaryimage\"},\"thumbnailUrl\":\"https:\/\/sombramadrid.com\/wp-content\/uploads\/2024\/03\/SOFIA-ALAOUI.jpg\",\"datePublished\":\"2024-03-01T08:57:46+00:00\",\"dateModified\":\"2024-03-01T08:57:51+00:00\",\"breadcrumb\":{\"@id\":\"https:\/\/sombramadrid.com\/invitados-sofia-alaoui\/#breadcrumb\"},\"inLanguage\":\"en-GB\",\"potentialAction\":[{\"@type\":\"ReadAction\",\"target\":[\"https:\/\/sombramadrid.com\/invitados-sofia-alaoui\/\"]}]},{\"@type\":\"ImageObject\",\"inLanguage\":\"en-GB\",\"@id\":\"https:\/\/sombramadrid.com\/invitados-sofia-alaoui\/#primaryimage\",\"url\":\"https:\/\/sombramadrid.com\/wp-content\/uploads\/2024\/03\/SOFIA-ALAOUI.jpg\",\"contentUrl\":\"https:\/\/sombramadrid.com\/wp-content\/uploads\/2024\/03\/SOFIA-ALAOUI.jpg\"},{\"@type\":\"BreadcrumbList\",\"@id\":\"https:\/\/sombramadrid.com\/invitados-sofia-alaoui\/#breadcrumb\",\"itemListElement\":[{\"@type\":\"ListItem\",\"position\":1,\"name\":\"Portada\",\"item\":\"https:\/\/sombramadrid.com\/\"},{\"@type\":\"ListItem\",\"position\":2,\"name\":\"Invitados | Sofia Alaoui\"}]},{\"@type\":\"WebSite\",\"@id\":\"https:\/\/sombramadrid.com\/#website\",\"url\":\"https:\/\/sombramadrid.com\/\",\"name\":\"Sombra Festival\",\"description\":\"XIII Festival de Cine Fant\u00e1stico Europeo de Murcia, 8-17 MARZO 2024\",\"publisher\":{\"@id\":\"https:\/\/sombramadrid.com\/#organization\"},\"potentialAction\":[{\"@type\":\"SearchAction\",\"target\":{\"@type\":\"EntryPoint\",\"urlTemplate\":\"https:\/\/sombramadrid.com\/?s={search_term_string}\"},\"query-input\":{\"@type\":\"PropertyValueSpecification\",\"valueRequired\":true,\"valueName\":\"search_term_string\"}}],\"inLanguage\":\"en-GB\"},{\"@type\":\"Organization\",\"@id\":\"https:\/\/sombramadrid.com\/#organization\",\"name\":\"SOMBRA, IX FESTIVAL DE CINE FANTASTICO EUROPEO DE MURCIA\",\"url\":\"https:\/\/sombramadrid.com\/\",\"logo\":{\"@type\":\"ImageObject\",\"inLanguage\":\"en-GB\",\"@id\":\"https:\/\/sombramadrid.com\/#\/schema\/logo\/image\/\",\"url\":\"https:\/\/sombramadrid.com\/wp-content\/uploads\/2019\/10\/Sombra-LogoIdentificador-Negativo.jpg\",\"contentUrl\":\"https:\/\/sombramadrid.com\/wp-content\/uploads\/2019\/10\/Sombra-LogoIdentificador-Negativo.jpg\",\"width\":400,\"height\":400,\"caption\":\"SOMBRA, IX FESTIVAL DE CINE FANTASTICO EUROPEO DE MURCIA\"},\"image\":{\"@id\":\"https:\/\/sombramadrid.com\/#\/schema\/logo\/image\/\"},\"sameAs\":[\"https:\/\/www.facebook.com\/Sombra-Festival-De-CINE-Fantastico-Europeo-De-Murcia-175337032531429\/\",\"https:\/\/x.com\/SombraFestival\",\"https:\/\/www.instagram.com\/sombrafestival\/\",\"https:\/\/www.youtube.com\/channel\/UCBdSJni9V30Tq4cGf4Lj0Ug?view_as=subscriber\"]}]}<\/script>\n<!-- \/ Yoast SEO plugin. -->","yoast_head_json":{"title":"Invitados | Sofia Alaoui - Sombra Festival","robots":{"index":"index","follow":"follow","max-snippet":"max-snippet:-1","max-image-preview":"max-image-preview:large","max-video-preview":"max-video-preview:-1"},"canonical":"https:\/\/sombramadrid.com\/en\/invitados-sofia-alaoui\/","og_locale":"en_GB","og_type":"article","og_title":"Invitados | Sofia Alaoui - Sombra Festival","og_description":"SOFIA ALAOUI Nacida en Casablanca (Marruecos), de padre marroqu\u00ed y madre francesa, creci\u00f3 entre Marruecos y China. Tras graduarse en el instituto en Casablanca se traslad\u00f3 a Par\u00eds para estudiar cine. En 2017 regres\u00f3 a Marruecos para desarrollar su propia productora, Jiango Films. Su \u00faltimo proyecto, SO WHAT IF THE GOATS DIE se rod\u00f3 en [&hellip;]","og_url":"https:\/\/sombramadrid.com\/en\/invitados-sofia-alaoui\/","og_site_name":"Sombra Festival","article_publisher":"https:\/\/www.facebook.com\/Sombra-Festival-De-CINE-Fantastico-Europeo-De-Murcia-175337032531429\/","article_modified_time":"2024-03-01T08:57:51+00:00","og_image":[{"url":"https:\/\/sombramadrid.com\/wp-content\/uploads\/2024\/03\/SOFIA-ALAOUI.jpg","type":"","width":"","height":""}],"twitter_card":"summary_large_image","twitter_site":"@SombraFestival","twitter_misc":{"Est. reading time":"1 minute"},"schema":{"@context":"https:\/\/schema.org","@graph":[{"@type":"WebPage","@id":"https:\/\/sombramadrid.com\/invitados-sofia-alaoui\/","url":"https:\/\/sombramadrid.com\/invitados-sofia-alaoui\/","name":"Invitados | Sofia Alaoui - Sombra Festival","isPartOf":{"@id":"https:\/\/sombramadrid.com\/#website"},"primaryImageOfPage":{"@id":"https:\/\/sombramadrid.com\/invitados-sofia-alaoui\/#primaryimage"},"image":{"@id":"https:\/\/sombramadrid.com\/invitados-sofia-alaoui\/#primaryimage"},"thumbnailUrl":"https:\/\/sombramadrid.com\/wp-content\/uploads\/2024\/03\/SOFIA-ALAOUI.jpg","datePublished":"2024-03-01T08:57:46+00:00","dateModified":"2024-03-01T08:57:51+00:00","breadcrumb":{"@id":"https:\/\/sombramadrid.com\/invitados-sofia-alaoui\/#breadcrumb"},"inLanguage":"en-GB","potentialAction":[{"@type":"ReadAction","target":["https:\/\/sombramadrid.com\/invitados-sofia-alaoui\/"]}]},{"@type":"ImageObject","inLanguage":"en-GB","@id":"https:\/\/sombramadrid.com\/invitados-sofia-alaoui\/#primaryimage","url":"https:\/\/sombramadrid.com\/wp-content\/uploads\/2024\/03\/SOFIA-ALAOUI.jpg","contentUrl":"https:\/\/sombramadrid.com\/wp-content\/uploads\/2024\/03\/SOFIA-ALAOUI.jpg"},{"@type":"BreadcrumbList","@id":"https:\/\/sombramadrid.com\/invitados-sofia-alaoui\/#breadcrumb","itemListElement":[{"@type":"ListItem","position":1,"name":"Portada","item":"https:\/\/sombramadrid.com\/"},{"@type":"ListItem","position":2,"name":"Invitados | Sofia Alaoui"}]},{"@type":"WebSite","@id":"https:\/\/sombramadrid.com\/#website","url":"https:\/\/sombramadrid.com\/","name":"Sombra Festival","description":"XIII Festival de Cine Fant\u00e1stico Europeo de Murcia, 8-17 MARZO 2024","publisher":{"@id":"https:\/\/sombramadrid.com\/#organization"},"potentialAction":[{"@type":"SearchAction","target":{"@type":"EntryPoint","urlTemplate":"https:\/\/sombramadrid.com\/?s={search_term_string}"},"query-input":{"@type":"PropertyValueSpecification","valueRequired":true,"valueName":"search_term_string"}}],"inLanguage":"en-GB"},{"@type":"Organization","@id":"https:\/\/sombramadrid.com\/#organization","name":"SOMBRA, IX FESTIVAL DE CINE FANTASTICO EUROPEO DE MURCIA","url":"https:\/\/sombramadrid.com\/","logo":{"@type":"ImageObject","inLanguage":"en-GB","@id":"https:\/\/sombramadrid.com\/#\/schema\/logo\/image\/","url":"https:\/\/sombramadrid.com\/wp-content\/uploads\/2019\/10\/Sombra-LogoIdentificador-Negativo.jpg","contentUrl":"https:\/\/sombramadrid.com\/wp-content\/uploads\/2019\/10\/Sombra-LogoIdentificador-Negativo.jpg","width":400,"height":400,"caption":"SOMBRA, IX FESTIVAL DE CINE FANTASTICO EUROPEO DE MURCIA"},"image":{"@id":"https:\/\/sombramadrid.com\/#\/schema\/logo\/image\/"},"sameAs":["https:\/\/www.facebook.com\/Sombra-Festival-De-CINE-Fantastico-Europeo-De-Murcia-175337032531429\/","https:\/\/x.com\/SombraFestival","https:\/\/www.instagram.com\/sombrafestival\/","https:\/\/www.youtube.com\/channel\/UCBdSJni9V30Tq4cGf4Lj0Ug?view_as=subscriber"]}]}},"_links":{"self":[{"href":"https:\/\/sombramadrid.com\/en\/wp-json\/wp\/v2\/pages\/6670","targetHints":{"allow":["GET"]}}],"collection":[{"href":"https:\/\/sombramadrid.com\/en\/wp-json\/wp\/v2\/pages"}],"about":[{"href":"https:\/\/sombramadrid.com\/en\/wp-json\/wp\/v2\/types\/page"}],"author":[{"embeddable":true,"href":"https:\/\/sombramadrid.com\/en\/wp-json\/wp\/v2\/users\/2"}],"replies":[{"embeddable":true,"href":"https:\/\/sombramadrid.com\/en\/wp-json\/wp\/v2\/comments?post=6670"}],"version-history":[{"count":2,"href":"https:\/\/sombramadrid.com\/en\/wp-json\/wp\/v2\/pages\/6670\/revisions"}],"predecessor-version":[{"id":6672,"href":"https:\/\/sombramadrid.com\/en\/wp-json\/wp\/v2\/pages\/6670\/revisions\/6672"}],"wp:attachment":[{"href":"https:\/\/sombramadrid.com\/en\/wp-json\/wp\/v2\/media?parent=6670"}],"curies":[{"name":"wp","href":"https:\/\/api.w.org\/{rel}","templated":true}]}}