{"id":6412,"date":"2024-02-05T18:25:58","date_gmt":"2024-02-05T17:25:58","guid":{"rendered":"https:\/\/sombramadrid.com\/?page_id=6412"},"modified":"2024-02-05T18:39:00","modified_gmt":"2024-02-05T17:39:00","slug":"jurado-largometrajes-2024-adan-latonda","status":"publish","type":"page","link":"https:\/\/sombramadrid.com\/en\/jurado-largometrajes-2024-adan-latonda\/","title":{"rendered":"Jurado Largometrajes 2024: Adan Latonda"},"content":{"rendered":"<h2>Adan Latonda<\/h2>\n<p><strong>Ad\u00e1n Latonda<\/strong> nace en los comienzos de la d\u00e9cada de los 70 y desde entonces se ha dedicado en cuerpo y alma a conseguir su objetivo fundamental, que es disfrutar con su trabajo\u2026 ese es el motivo por el que ha transitado por numerosos campos de las artes que aunque est\u00e1n todas interrelacionadas, no dejan de ser dispares; actor, librero de viejo, m\u00fasico, pianista, doblador, directivo de empresas, t\u00e9cnico de sonido, productor de cine y televisi\u00f3n\u2026 pero quiz\u00e1 entre sus hitos profesionales m\u00e1s notables destacan sus colaboraciones en la secci\u00f3n de Opini\u00f3n de Diario 16 durante cinco a\u00f1os, con foto y firma, o su cargo como corresponsal en Nueva York durante 2 a\u00f1os m\u00e1s para el mismo diario y otros medios como Aceprensa, Cinerama o la revista Vanidad.<\/p>\n<p>Director y fundador de Fonofox en 2004, productora audiovisual con la que en el a\u00f1o 2016 ha sido candidato a los Premios Goya como mejor sonido por \u201cVampyres\u201d de V\u00edctor Matellano, que tambi\u00e9n obtuvo la candidatura a mejor pel\u00edcula. Recientemente ha coproducido y restaurado el audio en su totalidad de \u201cLos Resucitados\u201d, pel\u00edcula m\u00edtica, rodada en los a\u00f1os 90 por Arturo de Bobadilla y protagonizada entre otros por Santiago segura, Paul Naschy o Manuel Tallaf\u0117. Estrenada en Sitges en la edici\u00f3n de este mismo 2017 a\u00f1o y presentada en la recientemente finalizada \u201cSemana de Cine Fant\u00e1stico y de Terror de San Sebasti\u00e1n\u201d. Asimismo ha coproducido la webserie \u201cMu\u00f1ecas\u201d premiada en numerosos festivales. Ya en primera persona ha participado de actor en series y largometrajes nacionales e internacionales, y en varias compa\u00f1\u00edas de teatro. M\u00fasico, pianista y compositor, compartiendo escenario con artistas como Ismael Serrano, Tontxu, Carlos Chaouen, Fran Fern\u00e1ndez, Andr\u00e9s Su\u00e1rez\u2026 es tambi\u00e9n actor y director de doblaje y ha dirigido el doblaje de largometrajes como Francotirador, el buen vecino, el almirante Canaris, Sucedi\u00f3 el 20 de julio, hijo de Babilonia, o series para televisi\u00f3n espa\u00f1ola, Disney Channel, cuatro o Telecinco, como tickety toc, poppets town, Titeuf etc.<\/p>\n<p>Tambi\u00e9n lleva varios a\u00f1os editando sonido, mezclando para televisi\u00f3n y realizando labores de peritaci\u00f3n y transcripci\u00f3n de audiovisuales para juicios, tribunales o investigaci\u00f3n particular. En fin, una amplia experiencia en todos los campos que desde el inicio fueron componiendo la traves\u00eda de su vida, en la que como dec\u00edamos al principio, ha podido disfrutar del viaje\u2026<\/p>\n<p><img loading=\"lazy\" decoding=\"async\" class=\"size-full wp-image-6413 aligncenter\" src=\"https:\/\/sombramadrid.com\/wp-content\/uploads\/2024\/02\/Adan-Latonda.jpeg\" alt=\"\" width=\"493\" height=\"680\" srcset=\"https:\/\/sombramadrid.com\/wp-content\/uploads\/2024\/02\/Adan-Latonda.jpeg 493w, https:\/\/sombramadrid.com\/wp-content\/uploads\/2024\/02\/Adan-Latonda-218x300.jpeg 218w, https:\/\/sombramadrid.com\/wp-content\/uploads\/2024\/02\/Adan-Latonda-9x12.jpeg 9w, https:\/\/sombramadrid.com\/wp-content\/uploads\/2024\/02\/Adan-Latonda-305x420.jpeg 305w\" sizes=\"auto, (max-width: 493px) 100vw, 493px\" \/><\/p>","protected":false},"excerpt":{"rendered":"<p>Adan Latonda Ad\u00e1n Latonda nace en los comienzos de la d\u00e9cada de los 70 y desde entonces se ha dedicado en cuerpo y alma a conseguir su objetivo fundamental, que es disfrutar con su trabajo\u2026 ese es el motivo por el que ha transitado por numerosos campos de las artes que aunque est\u00e1n todas interrelacionadas, [&hellip;]<\/p>","protected":false},"author":2,"featured_media":6413,"parent":0,"menu_order":0,"comment_status":"closed","ping_status":"closed","template":"","meta":{"footnotes":""},"class_list":["post-6412","page","type-page","status-publish","has-post-thumbnail"],"yoast_head":"<!-- This site is optimized with the Yoast SEO plugin v24.3 - https:\/\/yoast.com\/wordpress\/plugins\/seo\/ -->\n<title>Jurado Largometrajes 2024: Adan Latonda - Sombra Festival<\/title>\n<meta name=\"robots\" content=\"index, follow, max-snippet:-1, max-image-preview:large, max-video-preview:-1\" \/>\n<link rel=\"canonical\" href=\"https:\/\/sombramadrid.com\/en\/jurado-largometrajes-2024-adan-latonda\/\" \/>\n<meta property=\"og:locale\" content=\"en_GB\" \/>\n<meta property=\"og:type\" content=\"article\" \/>\n<meta property=\"og:title\" content=\"Jurado Largometrajes 2024: Adan Latonda - Sombra Festival\" \/>\n<meta property=\"og:description\" content=\"Adan Latonda Ad\u00e1n Latonda nace en los comienzos de la d\u00e9cada de los 70 y desde entonces se ha dedicado en cuerpo y alma a conseguir su objetivo fundamental, que es disfrutar con su trabajo\u2026 ese es el motivo por el que ha transitado por numerosos campos de las artes que aunque est\u00e1n todas interrelacionadas, [&hellip;]\" \/>\n<meta property=\"og:url\" content=\"https:\/\/sombramadrid.com\/en\/jurado-largometrajes-2024-adan-latonda\/\" \/>\n<meta property=\"og:site_name\" content=\"Sombra Festival\" \/>\n<meta property=\"article:publisher\" content=\"https:\/\/www.facebook.com\/Sombra-Festival-De-CINE-Fantastico-Europeo-De-Murcia-175337032531429\/\" \/>\n<meta property=\"article:modified_time\" content=\"2024-02-05T17:39:00+00:00\" \/>\n<meta property=\"og:image\" content=\"https:\/\/sombramadrid.com\/wp-content\/uploads\/2024\/02\/Adan-Latonda.jpeg\" \/>\n\t<meta property=\"og:image:width\" content=\"493\" \/>\n\t<meta property=\"og:image:height\" content=\"680\" \/>\n\t<meta property=\"og:image:type\" content=\"image\/jpeg\" \/>\n<meta name=\"twitter:card\" content=\"summary_large_image\" \/>\n<meta name=\"twitter:site\" content=\"@SombraFestival\" \/>\n<meta name=\"twitter:label1\" content=\"Est. reading time\" \/>\n\t<meta name=\"twitter:data1\" content=\"2 minutes\" \/>\n<script type=\"application\/ld+json\" class=\"yoast-schema-graph\">{\"@context\":\"https:\/\/schema.org\",\"@graph\":[{\"@type\":\"WebPage\",\"@id\":\"https:\/\/sombramadrid.com\/jurado-largometrajes-2024-adan-latonda\/\",\"url\":\"https:\/\/sombramadrid.com\/jurado-largometrajes-2024-adan-latonda\/\",\"name\":\"Jurado Largometrajes 2024: Adan Latonda - Sombra Festival\",\"isPartOf\":{\"@id\":\"https:\/\/sombramadrid.com\/#website\"},\"primaryImageOfPage\":{\"@id\":\"https:\/\/sombramadrid.com\/jurado-largometrajes-2024-adan-latonda\/#primaryimage\"},\"image\":{\"@id\":\"https:\/\/sombramadrid.com\/jurado-largometrajes-2024-adan-latonda\/#primaryimage\"},\"thumbnailUrl\":\"https:\/\/sombramadrid.com\/wp-content\/uploads\/2024\/02\/Adan-Latonda.jpeg\",\"datePublished\":\"2024-02-05T17:25:58+00:00\",\"dateModified\":\"2024-02-05T17:39:00+00:00\",\"breadcrumb\":{\"@id\":\"https:\/\/sombramadrid.com\/jurado-largometrajes-2024-adan-latonda\/#breadcrumb\"},\"inLanguage\":\"en-GB\",\"potentialAction\":[{\"@type\":\"ReadAction\",\"target\":[\"https:\/\/sombramadrid.com\/jurado-largometrajes-2024-adan-latonda\/\"]}]},{\"@type\":\"ImageObject\",\"inLanguage\":\"en-GB\",\"@id\":\"https:\/\/sombramadrid.com\/jurado-largometrajes-2024-adan-latonda\/#primaryimage\",\"url\":\"https:\/\/sombramadrid.com\/wp-content\/uploads\/2024\/02\/Adan-Latonda.jpeg\",\"contentUrl\":\"https:\/\/sombramadrid.com\/wp-content\/uploads\/2024\/02\/Adan-Latonda.jpeg\",\"width\":493,\"height\":680},{\"@type\":\"BreadcrumbList\",\"@id\":\"https:\/\/sombramadrid.com\/jurado-largometrajes-2024-adan-latonda\/#breadcrumb\",\"itemListElement\":[{\"@type\":\"ListItem\",\"position\":1,\"name\":\"Portada\",\"item\":\"https:\/\/sombramadrid.com\/\"},{\"@type\":\"ListItem\",\"position\":2,\"name\":\"Jurado Largometrajes 2024: Adan Latonda\"}]},{\"@type\":\"WebSite\",\"@id\":\"https:\/\/sombramadrid.com\/#website\",\"url\":\"https:\/\/sombramadrid.com\/\",\"name\":\"Sombra Festival\",\"description\":\"XIII Festival de Cine Fant\u00e1stico Europeo de Murcia, 8-17 MARZO 2024\",\"publisher\":{\"@id\":\"https:\/\/sombramadrid.com\/#organization\"},\"potentialAction\":[{\"@type\":\"SearchAction\",\"target\":{\"@type\":\"EntryPoint\",\"urlTemplate\":\"https:\/\/sombramadrid.com\/?s={search_term_string}\"},\"query-input\":{\"@type\":\"PropertyValueSpecification\",\"valueRequired\":true,\"valueName\":\"search_term_string\"}}],\"inLanguage\":\"en-GB\"},{\"@type\":\"Organization\",\"@id\":\"https:\/\/sombramadrid.com\/#organization\",\"name\":\"SOMBRA, IX FESTIVAL DE CINE FANTASTICO EUROPEO DE MURCIA\",\"url\":\"https:\/\/sombramadrid.com\/\",\"logo\":{\"@type\":\"ImageObject\",\"inLanguage\":\"en-GB\",\"@id\":\"https:\/\/sombramadrid.com\/#\/schema\/logo\/image\/\",\"url\":\"https:\/\/sombramadrid.com\/wp-content\/uploads\/2019\/10\/Sombra-LogoIdentificador-Negativo.jpg\",\"contentUrl\":\"https:\/\/sombramadrid.com\/wp-content\/uploads\/2019\/10\/Sombra-LogoIdentificador-Negativo.jpg\",\"width\":400,\"height\":400,\"caption\":\"SOMBRA, IX FESTIVAL DE CINE FANTASTICO EUROPEO DE MURCIA\"},\"image\":{\"@id\":\"https:\/\/sombramadrid.com\/#\/schema\/logo\/image\/\"},\"sameAs\":[\"https:\/\/www.facebook.com\/Sombra-Festival-De-CINE-Fantastico-Europeo-De-Murcia-175337032531429\/\",\"https:\/\/x.com\/SombraFestival\",\"https:\/\/www.instagram.com\/sombrafestival\/\",\"https:\/\/www.youtube.com\/channel\/UCBdSJni9V30Tq4cGf4Lj0Ug?view_as=subscriber\"]}]}<\/script>\n<!-- \/ Yoast SEO plugin. -->","yoast_head_json":{"title":"Jurado Largometrajes 2024: Adan Latonda - Sombra Festival","robots":{"index":"index","follow":"follow","max-snippet":"max-snippet:-1","max-image-preview":"max-image-preview:large","max-video-preview":"max-video-preview:-1"},"canonical":"https:\/\/sombramadrid.com\/en\/jurado-largometrajes-2024-adan-latonda\/","og_locale":"en_GB","og_type":"article","og_title":"Jurado Largometrajes 2024: Adan Latonda - Sombra Festival","og_description":"Adan Latonda Ad\u00e1n Latonda nace en los comienzos de la d\u00e9cada de los 70 y desde entonces se ha dedicado en cuerpo y alma a conseguir su objetivo fundamental, que es disfrutar con su trabajo\u2026 ese es el motivo por el que ha transitado por numerosos campos de las artes que aunque est\u00e1n todas interrelacionadas, [&hellip;]","og_url":"https:\/\/sombramadrid.com\/en\/jurado-largometrajes-2024-adan-latonda\/","og_site_name":"Sombra Festival","article_publisher":"https:\/\/www.facebook.com\/Sombra-Festival-De-CINE-Fantastico-Europeo-De-Murcia-175337032531429\/","article_modified_time":"2024-02-05T17:39:00+00:00","og_image":[{"width":493,"height":680,"url":"https:\/\/sombramadrid.com\/wp-content\/uploads\/2024\/02\/Adan-Latonda.jpeg","type":"image\/jpeg"}],"twitter_card":"summary_large_image","twitter_site":"@SombraFestival","twitter_misc":{"Est. reading time":"2 minutes"},"schema":{"@context":"https:\/\/schema.org","@graph":[{"@type":"WebPage","@id":"https:\/\/sombramadrid.com\/jurado-largometrajes-2024-adan-latonda\/","url":"https:\/\/sombramadrid.com\/jurado-largometrajes-2024-adan-latonda\/","name":"Jurado Largometrajes 2024: Adan Latonda - Sombra Festival","isPartOf":{"@id":"https:\/\/sombramadrid.com\/#website"},"primaryImageOfPage":{"@id":"https:\/\/sombramadrid.com\/jurado-largometrajes-2024-adan-latonda\/#primaryimage"},"image":{"@id":"https:\/\/sombramadrid.com\/jurado-largometrajes-2024-adan-latonda\/#primaryimage"},"thumbnailUrl":"https:\/\/sombramadrid.com\/wp-content\/uploads\/2024\/02\/Adan-Latonda.jpeg","datePublished":"2024-02-05T17:25:58+00:00","dateModified":"2024-02-05T17:39:00+00:00","breadcrumb":{"@id":"https:\/\/sombramadrid.com\/jurado-largometrajes-2024-adan-latonda\/#breadcrumb"},"inLanguage":"en-GB","potentialAction":[{"@type":"ReadAction","target":["https:\/\/sombramadrid.com\/jurado-largometrajes-2024-adan-latonda\/"]}]},{"@type":"ImageObject","inLanguage":"en-GB","@id":"https:\/\/sombramadrid.com\/jurado-largometrajes-2024-adan-latonda\/#primaryimage","url":"https:\/\/sombramadrid.com\/wp-content\/uploads\/2024\/02\/Adan-Latonda.jpeg","contentUrl":"https:\/\/sombramadrid.com\/wp-content\/uploads\/2024\/02\/Adan-Latonda.jpeg","width":493,"height":680},{"@type":"BreadcrumbList","@id":"https:\/\/sombramadrid.com\/jurado-largometrajes-2024-adan-latonda\/#breadcrumb","itemListElement":[{"@type":"ListItem","position":1,"name":"Portada","item":"https:\/\/sombramadrid.com\/"},{"@type":"ListItem","position":2,"name":"Jurado Largometrajes 2024: Adan Latonda"}]},{"@type":"WebSite","@id":"https:\/\/sombramadrid.com\/#website","url":"https:\/\/sombramadrid.com\/","name":"Sombra Festival","description":"XIII Festival de Cine Fant\u00e1stico Europeo de Murcia, 8-17 MARZO 2024","publisher":{"@id":"https:\/\/sombramadrid.com\/#organization"},"potentialAction":[{"@type":"SearchAction","target":{"@type":"EntryPoint","urlTemplate":"https:\/\/sombramadrid.com\/?s={search_term_string}"},"query-input":{"@type":"PropertyValueSpecification","valueRequired":true,"valueName":"search_term_string"}}],"inLanguage":"en-GB"},{"@type":"Organization","@id":"https:\/\/sombramadrid.com\/#organization","name":"SOMBRA, IX FESTIVAL DE CINE FANTASTICO EUROPEO DE MURCIA","url":"https:\/\/sombramadrid.com\/","logo":{"@type":"ImageObject","inLanguage":"en-GB","@id":"https:\/\/sombramadrid.com\/#\/schema\/logo\/image\/","url":"https:\/\/sombramadrid.com\/wp-content\/uploads\/2019\/10\/Sombra-LogoIdentificador-Negativo.jpg","contentUrl":"https:\/\/sombramadrid.com\/wp-content\/uploads\/2019\/10\/Sombra-LogoIdentificador-Negativo.jpg","width":400,"height":400,"caption":"SOMBRA, IX FESTIVAL DE CINE FANTASTICO EUROPEO DE MURCIA"},"image":{"@id":"https:\/\/sombramadrid.com\/#\/schema\/logo\/image\/"},"sameAs":["https:\/\/www.facebook.com\/Sombra-Festival-De-CINE-Fantastico-Europeo-De-Murcia-175337032531429\/","https:\/\/x.com\/SombraFestival","https:\/\/www.instagram.com\/sombrafestival\/","https:\/\/www.youtube.com\/channel\/UCBdSJni9V30Tq4cGf4Lj0Ug?view_as=subscriber"]}]}},"_links":{"self":[{"href":"https:\/\/sombramadrid.com\/en\/wp-json\/wp\/v2\/pages\/6412","targetHints":{"allow":["GET"]}}],"collection":[{"href":"https:\/\/sombramadrid.com\/en\/wp-json\/wp\/v2\/pages"}],"about":[{"href":"https:\/\/sombramadrid.com\/en\/wp-json\/wp\/v2\/types\/page"}],"author":[{"embeddable":true,"href":"https:\/\/sombramadrid.com\/en\/wp-json\/wp\/v2\/users\/2"}],"replies":[{"embeddable":true,"href":"https:\/\/sombramadrid.com\/en\/wp-json\/wp\/v2\/comments?post=6412"}],"version-history":[{"count":2,"href":"https:\/\/sombramadrid.com\/en\/wp-json\/wp\/v2\/pages\/6412\/revisions"}],"predecessor-version":[{"id":6415,"href":"https:\/\/sombramadrid.com\/en\/wp-json\/wp\/v2\/pages\/6412\/revisions\/6415"}],"wp:featuredmedia":[{"embeddable":true,"href":"https:\/\/sombramadrid.com\/en\/wp-json\/wp\/v2\/media\/6413"}],"wp:attachment":[{"href":"https:\/\/sombramadrid.com\/en\/wp-json\/wp\/v2\/media?parent=6412"}],"curies":[{"name":"wp","href":"https:\/\/api.w.org\/{rel}","templated":true}]}}