{"id":6087,"date":"2024-02-05T18:19:37","date_gmt":"2024-02-05T17:19:37","guid":{"rendered":"https:\/\/sombrafestival.com\/?page_id=6087"},"modified":"2024-02-05T18:19:37","modified_gmt":"2024-02-05T17:19:37","slug":"jurado-largometrajes-2024-almar-g-sato","status":"publish","type":"page","link":"https:\/\/sombramadrid.com\/en\/jurado-largometrajes-2024-almar-g-sato\/","title":{"rendered":"Jurado Largometrajes 2024: Almar G Sato"},"content":{"rendered":"<h2>Jurado Largometrajes 2024: Almar G Sato<\/h2>\n<p>Actriz de origen japon\u00e9s y espa\u00f1ol que comenz\u00f3 su formaci\u00f3n actoral en 2013 en M\u00e1laga en El trabajo del actor con Eugenio Chicano. Continu\u00f3 su formaci\u00f3n realizando diferentes cursos y entrenamientos actorales por toda Espa\u00f1a compagin\u00e1ndolo con participaciones en varios cortometrajes como <strong>Llueve en Bagdad<\/strong> (2016), <strong>Rei<\/strong> (2017), <strong>Kioko<\/strong> (2017), <strong>Hotel Royal Co<\/strong> (2018), <strong>Jankenpon<\/strong> (2018) o recientemente <strong>N(os) miran<\/strong>\u00a0de Kiko Prada (2022).<\/p>\n<p>Su primer papel en la gran pantalla lleg\u00f3 en 2017 con <strong>Letters to Paul Morrisey<\/strong> de Armand Rovira. Posteriormente ha trabajado en otros proyectos como <strong>Miamor Perdido<\/strong> de Emilio Mart\u00ednez L\u00e1zaro (2018), <strong>Bajo el mismo techo<\/strong> de Juana Mac\u00edas (2019), o <strong>Nato 0<\/strong>\u00a0de Gonzalo Crespo (2020).<\/p>\n<p>Para la televisi\u00f3n tambi\u00e9n ha participado en las series <strong>Felix<\/strong> para Movistar+ (2017), en la serie de Netflix <strong>Si lo hubiera sabido<\/strong> (2022) y en <strong>Servir y Proteger<\/strong> (2022) y <strong>La Caza. Guadiana<\/strong>\u00a0(2023) para RTVE.<\/p>\n<p>Durante 2021 form\u00f3 parte del elenco de la obra de teatro <strong>La Realidad<\/strong>\u00a0dirigida por Dar\u00edo Facal, la cual se represent\u00f3 en el Teatro Calder\u00f3n de Valladolid y en el Corral de Comedias de Alcal\u00e1.<\/p>\n<p>En 2022 Almar G. Sato protagoniz\u00f3 la pel\u00edcula <strong>Mad Heidi<\/strong>, pel\u00edcula basada en la serie de anime \u2018Heidi\u2019, siendo la \u00fanica actriz espa\u00f1ola en el reparto y dando vida a Klara.<\/p>\n<p>Actualmente ha trabajado en la pel\u00edcula <strong>Nueva Tierra<\/strong> de Mario Pagano junto a Iv\u00e1n S\u00e1nchez, Andrea Duro o Imanol Arias entre otros, y ha formado parte del reparto de <strong>Eva &amp; Nicole<\/strong>, la nueva serie para el prime time de Antena 3 producida por Atresmedia TV en colaboraci\u00f3n con la productora de Daniel \u00c9cija, The Good Mood.<\/p>\n<p><img loading=\"lazy\" decoding=\"async\" class=\"size-full wp-image-5764 aligncenter\" src=\"https:\/\/sombramadrid.com\/wp-content\/uploads\/2023\/02\/almargsato.jpg\" alt=\"\" width=\"900\" height=\"900\" srcset=\"https:\/\/sombramadrid.com\/wp-content\/uploads\/2023\/02\/almargsato.jpg 900w, https:\/\/sombramadrid.com\/wp-content\/uploads\/2023\/02\/almargsato-300x300.jpg 300w, https:\/\/sombramadrid.com\/wp-content\/uploads\/2023\/02\/almargsato-150x150.jpg 150w, https:\/\/sombramadrid.com\/wp-content\/uploads\/2023\/02\/almargsato-768x768.jpg 768w, https:\/\/sombramadrid.com\/wp-content\/uploads\/2023\/02\/almargsato-12x12.jpg 12w, https:\/\/sombramadrid.com\/wp-content\/uploads\/2023\/02\/almargsato-696x696.jpg 696w, https:\/\/sombramadrid.com\/wp-content\/uploads\/2023\/02\/almargsato-420x420.jpg 420w\" sizes=\"auto, (max-width: 900px) 100vw, 900px\" \/><\/p>","protected":false},"excerpt":{"rendered":"<p>Jurado Largometrajes 2024: Almar G Sato Actriz de origen japon\u00e9s y espa\u00f1ol que comenz\u00f3 su formaci\u00f3n actoral en 2013 en M\u00e1laga en El trabajo del actor con Eugenio Chicano. Continu\u00f3 su formaci\u00f3n realizando diferentes cursos y entrenamientos actorales por toda Espa\u00f1a compagin\u00e1ndolo con participaciones en varios cortometrajes como Llueve en Bagdad (2016), Rei (2017), Kioko [&hellip;]<\/p>","protected":false},"author":2,"featured_media":5764,"parent":0,"menu_order":0,"comment_status":"closed","ping_status":"closed","template":"","meta":{"footnotes":""},"class_list":["post-6087","page","type-page","status-publish","has-post-thumbnail"],"yoast_head":"<!-- This site is optimized with the Yoast SEO plugin v24.3 - https:\/\/yoast.com\/wordpress\/plugins\/seo\/ -->\n<title>Jurado Largometrajes 2024: Almar G Sato - Sombra Festival<\/title>\n<meta name=\"robots\" content=\"index, follow, max-snippet:-1, max-image-preview:large, max-video-preview:-1\" \/>\n<link rel=\"canonical\" href=\"https:\/\/sombramadrid.com\/en\/jurado-largometrajes-2024-almar-g-sato\/\" \/>\n<meta property=\"og:locale\" content=\"en_GB\" \/>\n<meta property=\"og:type\" content=\"article\" \/>\n<meta property=\"og:title\" content=\"Jurado Largometrajes 2024: Almar G Sato - Sombra Festival\" \/>\n<meta property=\"og:description\" content=\"Jurado Largometrajes 2024: Almar G Sato Actriz de origen japon\u00e9s y espa\u00f1ol que comenz\u00f3 su formaci\u00f3n actoral en 2013 en M\u00e1laga en El trabajo del actor con Eugenio Chicano. Continu\u00f3 su formaci\u00f3n realizando diferentes cursos y entrenamientos actorales por toda Espa\u00f1a compagin\u00e1ndolo con participaciones en varios cortometrajes como Llueve en Bagdad (2016), Rei (2017), Kioko [&hellip;]\" \/>\n<meta property=\"og:url\" content=\"https:\/\/sombramadrid.com\/en\/jurado-largometrajes-2024-almar-g-sato\/\" \/>\n<meta property=\"og:site_name\" content=\"Sombra Festival\" \/>\n<meta property=\"article:publisher\" content=\"https:\/\/www.facebook.com\/Sombra-Festival-De-CINE-Fantastico-Europeo-De-Murcia-175337032531429\/\" \/>\n<meta property=\"og:image\" content=\"https:\/\/sombramadrid.com\/wp-content\/uploads\/2023\/02\/almargsato.jpg\" \/>\n\t<meta property=\"og:image:width\" content=\"900\" \/>\n\t<meta property=\"og:image:height\" content=\"900\" \/>\n\t<meta property=\"og:image:type\" content=\"image\/jpeg\" \/>\n<meta name=\"twitter:card\" content=\"summary_large_image\" \/>\n<meta name=\"twitter:site\" content=\"@SombraFestival\" \/>\n<meta name=\"twitter:label1\" content=\"Est. reading time\" \/>\n\t<meta name=\"twitter:data1\" content=\"1 minute\" \/>\n<script type=\"application\/ld+json\" class=\"yoast-schema-graph\">{\"@context\":\"https:\/\/schema.org\",\"@graph\":[{\"@type\":\"WebPage\",\"@id\":\"https:\/\/sombramadrid.com\/jurado-largometrajes-2024-almar-g-sato\/\",\"url\":\"https:\/\/sombramadrid.com\/jurado-largometrajes-2024-almar-g-sato\/\",\"name\":\"Jurado Largometrajes 2024: Almar G Sato - Sombra Festival\",\"isPartOf\":{\"@id\":\"https:\/\/sombramadrid.com\/#website\"},\"primaryImageOfPage\":{\"@id\":\"https:\/\/sombramadrid.com\/jurado-largometrajes-2024-almar-g-sato\/#primaryimage\"},\"image\":{\"@id\":\"https:\/\/sombramadrid.com\/jurado-largometrajes-2024-almar-g-sato\/#primaryimage\"},\"thumbnailUrl\":\"https:\/\/sombramadrid.com\/wp-content\/uploads\/2023\/02\/almargsato.jpg\",\"datePublished\":\"2024-02-05T17:19:37+00:00\",\"dateModified\":\"2024-02-05T17:19:37+00:00\",\"breadcrumb\":{\"@id\":\"https:\/\/sombramadrid.com\/jurado-largometrajes-2024-almar-g-sato\/#breadcrumb\"},\"inLanguage\":\"en-GB\",\"potentialAction\":[{\"@type\":\"ReadAction\",\"target\":[\"https:\/\/sombramadrid.com\/jurado-largometrajes-2024-almar-g-sato\/\"]}]},{\"@type\":\"ImageObject\",\"inLanguage\":\"en-GB\",\"@id\":\"https:\/\/sombramadrid.com\/jurado-largometrajes-2024-almar-g-sato\/#primaryimage\",\"url\":\"https:\/\/sombramadrid.com\/wp-content\/uploads\/2023\/02\/almargsato.jpg\",\"contentUrl\":\"https:\/\/sombramadrid.com\/wp-content\/uploads\/2023\/02\/almargsato.jpg\",\"width\":900,\"height\":900},{\"@type\":\"BreadcrumbList\",\"@id\":\"https:\/\/sombramadrid.com\/jurado-largometrajes-2024-almar-g-sato\/#breadcrumb\",\"itemListElement\":[{\"@type\":\"ListItem\",\"position\":1,\"name\":\"Portada\",\"item\":\"https:\/\/sombramadrid.com\/\"},{\"@type\":\"ListItem\",\"position\":2,\"name\":\"Jurado Largometrajes 2024: Almar G Sato\"}]},{\"@type\":\"WebSite\",\"@id\":\"https:\/\/sombramadrid.com\/#website\",\"url\":\"https:\/\/sombramadrid.com\/\",\"name\":\"Sombra Festival\",\"description\":\"XIII Festival de Cine Fant\u00e1stico Europeo de Murcia, 8-17 MARZO 2024\",\"publisher\":{\"@id\":\"https:\/\/sombramadrid.com\/#organization\"},\"potentialAction\":[{\"@type\":\"SearchAction\",\"target\":{\"@type\":\"EntryPoint\",\"urlTemplate\":\"https:\/\/sombramadrid.com\/?s={search_term_string}\"},\"query-input\":{\"@type\":\"PropertyValueSpecification\",\"valueRequired\":true,\"valueName\":\"search_term_string\"}}],\"inLanguage\":\"en-GB\"},{\"@type\":\"Organization\",\"@id\":\"https:\/\/sombramadrid.com\/#organization\",\"name\":\"SOMBRA, IX FESTIVAL DE CINE FANTASTICO EUROPEO DE MURCIA\",\"url\":\"https:\/\/sombramadrid.com\/\",\"logo\":{\"@type\":\"ImageObject\",\"inLanguage\":\"en-GB\",\"@id\":\"https:\/\/sombramadrid.com\/#\/schema\/logo\/image\/\",\"url\":\"https:\/\/sombramadrid.com\/wp-content\/uploads\/2019\/10\/Sombra-LogoIdentificador-Negativo.jpg\",\"contentUrl\":\"https:\/\/sombramadrid.com\/wp-content\/uploads\/2019\/10\/Sombra-LogoIdentificador-Negativo.jpg\",\"width\":400,\"height\":400,\"caption\":\"SOMBRA, IX FESTIVAL DE CINE FANTASTICO EUROPEO DE MURCIA\"},\"image\":{\"@id\":\"https:\/\/sombramadrid.com\/#\/schema\/logo\/image\/\"},\"sameAs\":[\"https:\/\/www.facebook.com\/Sombra-Festival-De-CINE-Fantastico-Europeo-De-Murcia-175337032531429\/\",\"https:\/\/x.com\/SombraFestival\",\"https:\/\/www.instagram.com\/sombrafestival\/\",\"https:\/\/www.youtube.com\/channel\/UCBdSJni9V30Tq4cGf4Lj0Ug?view_as=subscriber\"]}]}<\/script>\n<!-- \/ Yoast SEO plugin. -->","yoast_head_json":{"title":"Jurado Largometrajes 2024: Almar G Sato - Sombra Festival","robots":{"index":"index","follow":"follow","max-snippet":"max-snippet:-1","max-image-preview":"max-image-preview:large","max-video-preview":"max-video-preview:-1"},"canonical":"https:\/\/sombramadrid.com\/en\/jurado-largometrajes-2024-almar-g-sato\/","og_locale":"en_GB","og_type":"article","og_title":"Jurado Largometrajes 2024: Almar G Sato - Sombra Festival","og_description":"Jurado Largometrajes 2024: Almar G Sato Actriz de origen japon\u00e9s y espa\u00f1ol que comenz\u00f3 su formaci\u00f3n actoral en 2013 en M\u00e1laga en El trabajo del actor con Eugenio Chicano. Continu\u00f3 su formaci\u00f3n realizando diferentes cursos y entrenamientos actorales por toda Espa\u00f1a compagin\u00e1ndolo con participaciones en varios cortometrajes como Llueve en Bagdad (2016), Rei (2017), Kioko [&hellip;]","og_url":"https:\/\/sombramadrid.com\/en\/jurado-largometrajes-2024-almar-g-sato\/","og_site_name":"Sombra Festival","article_publisher":"https:\/\/www.facebook.com\/Sombra-Festival-De-CINE-Fantastico-Europeo-De-Murcia-175337032531429\/","og_image":[{"width":900,"height":900,"url":"https:\/\/sombramadrid.com\/wp-content\/uploads\/2023\/02\/almargsato.jpg","type":"image\/jpeg"}],"twitter_card":"summary_large_image","twitter_site":"@SombraFestival","twitter_misc":{"Est. reading time":"1 minute"},"schema":{"@context":"https:\/\/schema.org","@graph":[{"@type":"WebPage","@id":"https:\/\/sombramadrid.com\/jurado-largometrajes-2024-almar-g-sato\/","url":"https:\/\/sombramadrid.com\/jurado-largometrajes-2024-almar-g-sato\/","name":"Jurado Largometrajes 2024: Almar G Sato - Sombra Festival","isPartOf":{"@id":"https:\/\/sombramadrid.com\/#website"},"primaryImageOfPage":{"@id":"https:\/\/sombramadrid.com\/jurado-largometrajes-2024-almar-g-sato\/#primaryimage"},"image":{"@id":"https:\/\/sombramadrid.com\/jurado-largometrajes-2024-almar-g-sato\/#primaryimage"},"thumbnailUrl":"https:\/\/sombramadrid.com\/wp-content\/uploads\/2023\/02\/almargsato.jpg","datePublished":"2024-02-05T17:19:37+00:00","dateModified":"2024-02-05T17:19:37+00:00","breadcrumb":{"@id":"https:\/\/sombramadrid.com\/jurado-largometrajes-2024-almar-g-sato\/#breadcrumb"},"inLanguage":"en-GB","potentialAction":[{"@type":"ReadAction","target":["https:\/\/sombramadrid.com\/jurado-largometrajes-2024-almar-g-sato\/"]}]},{"@type":"ImageObject","inLanguage":"en-GB","@id":"https:\/\/sombramadrid.com\/jurado-largometrajes-2024-almar-g-sato\/#primaryimage","url":"https:\/\/sombramadrid.com\/wp-content\/uploads\/2023\/02\/almargsato.jpg","contentUrl":"https:\/\/sombramadrid.com\/wp-content\/uploads\/2023\/02\/almargsato.jpg","width":900,"height":900},{"@type":"BreadcrumbList","@id":"https:\/\/sombramadrid.com\/jurado-largometrajes-2024-almar-g-sato\/#breadcrumb","itemListElement":[{"@type":"ListItem","position":1,"name":"Portada","item":"https:\/\/sombramadrid.com\/"},{"@type":"ListItem","position":2,"name":"Jurado Largometrajes 2024: Almar G Sato"}]},{"@type":"WebSite","@id":"https:\/\/sombramadrid.com\/#website","url":"https:\/\/sombramadrid.com\/","name":"Sombra Festival","description":"XIII Festival de Cine Fant\u00e1stico Europeo de Murcia, 8-17 MARZO 2024","publisher":{"@id":"https:\/\/sombramadrid.com\/#organization"},"potentialAction":[{"@type":"SearchAction","target":{"@type":"EntryPoint","urlTemplate":"https:\/\/sombramadrid.com\/?s={search_term_string}"},"query-input":{"@type":"PropertyValueSpecification","valueRequired":true,"valueName":"search_term_string"}}],"inLanguage":"en-GB"},{"@type":"Organization","@id":"https:\/\/sombramadrid.com\/#organization","name":"SOMBRA, IX FESTIVAL DE CINE FANTASTICO EUROPEO DE MURCIA","url":"https:\/\/sombramadrid.com\/","logo":{"@type":"ImageObject","inLanguage":"en-GB","@id":"https:\/\/sombramadrid.com\/#\/schema\/logo\/image\/","url":"https:\/\/sombramadrid.com\/wp-content\/uploads\/2019\/10\/Sombra-LogoIdentificador-Negativo.jpg","contentUrl":"https:\/\/sombramadrid.com\/wp-content\/uploads\/2019\/10\/Sombra-LogoIdentificador-Negativo.jpg","width":400,"height":400,"caption":"SOMBRA, IX FESTIVAL DE CINE FANTASTICO EUROPEO DE MURCIA"},"image":{"@id":"https:\/\/sombramadrid.com\/#\/schema\/logo\/image\/"},"sameAs":["https:\/\/www.facebook.com\/Sombra-Festival-De-CINE-Fantastico-Europeo-De-Murcia-175337032531429\/","https:\/\/x.com\/SombraFestival","https:\/\/www.instagram.com\/sombrafestival\/","https:\/\/www.youtube.com\/channel\/UCBdSJni9V30Tq4cGf4Lj0Ug?view_as=subscriber"]}]}},"_links":{"self":[{"href":"https:\/\/sombramadrid.com\/en\/wp-json\/wp\/v2\/pages\/6087","targetHints":{"allow":["GET"]}}],"collection":[{"href":"https:\/\/sombramadrid.com\/en\/wp-json\/wp\/v2\/pages"}],"about":[{"href":"https:\/\/sombramadrid.com\/en\/wp-json\/wp\/v2\/types\/page"}],"author":[{"embeddable":true,"href":"https:\/\/sombramadrid.com\/en\/wp-json\/wp\/v2\/users\/2"}],"replies":[{"embeddable":true,"href":"https:\/\/sombramadrid.com\/en\/wp-json\/wp\/v2\/comments?post=6087"}],"version-history":[{"count":2,"href":"https:\/\/sombramadrid.com\/en\/wp-json\/wp\/v2\/pages\/6087\/revisions"}],"predecessor-version":[{"id":6410,"href":"https:\/\/sombramadrid.com\/en\/wp-json\/wp\/v2\/pages\/6087\/revisions\/6410"}],"wp:featuredmedia":[{"embeddable":true,"href":"https:\/\/sombramadrid.com\/en\/wp-json\/wp\/v2\/media\/5764"}],"wp:attachment":[{"href":"https:\/\/sombramadrid.com\/en\/wp-json\/wp\/v2\/media?parent=6087"}],"curies":[{"name":"wp","href":"https:\/\/api.w.org\/{rel}","templated":true}]}}